{"id":58631,"date":"2026-04-07T18:36:40","date_gmt":"2026-04-07T18:36:40","guid":{"rendered":"https:\/\/teka.com\/en-int\/ewh-50-d-slim_42080060"},"modified":"2026-03-14T03:53:44","modified_gmt":"2026-03-14T04:53:44","slug":"ewh-50-d-slim_42080060","status":"publish","type":"product","link":"https:\/\/www.teka.com\/fr-ma\/produit\/ewh-50-d-slim_42080060\/","title":{"rendered":"EWH 50 D SLIM"},"content":{"rendered":"<ul>\n<li>Installation horizontal ou vertical<\/li>\n<li>R\u00e9servoir \u00e9maill\u00e9<\/li>\n<li>R\u00e9sistance c\u00e9ramique<\/li>\n<li>Thermostat : 30~-75~<\/li>\n<li>Valve de pression &gt; 5 bar<\/li>\n<li>Pression Maximale 0.75 Mpa<\/li>\n<li>Thermom\u00e8tre<\/li>\n<li>Valve de s\u00e9curit\u00e9<\/li>\n<li>Interrupteur automatique de protection contre les courts-circuits<\/li>\n<li>Protection contre le sur chauffage<\/li>\n<li>Puissance: 2000 W<\/li>\n<li>Deux niveaux de puissance : 1200\/800W<\/li>\n<li>\u00c9paisseur de l\u2019isolation: 20 mm<\/li>\n<li>Capacit\u00e9 : 50 litres<\/li>\n<\/ul>\n","protected":false},"featured_media":0,"parent":0,"template":"","product_cat":[4512],"product_cleaning_system":[],"product_3rd_basket":[],"product_drawers":[],"product_type_of_installation":[146182,146205],"product_edition":[],"product_serie":[],"product_features":[],"finishes":[],"product_bundles":[],"product_energy_efficiency":[146228],"product_video_training":[],"class_list":["post-58631","product","type-product","status-publish","hentry","product_cat-chauffe-eau","usp-waterheaters-02","usp-waterheaters-03","usp-waterheaters-04","usp-waterheaters-05","usp-waterheaters-06","color-blanc","product_icons-dry-heating-protection","product_icons-elcb-earth-leakage-circuit-breaker","product_icons-humidity-control","product_icons-overheating-protection","product_icons-slim-heater","product_icons-type-of-installation","product_type_of_installation-vertical","product_type_of_installation-horizontal","product_energy_efficiency-b-ue-icon-new"],"acf":[],"yoast_head":"<!-- This site is optimized with the Yoast SEO plugin v27.2 - https:\/\/yoast.com\/product\/yoast-seo-wordpress\/ -->\n<title>EWH 50 D SLIM | Teka Morocco<\/title>\n<meta name=\"robots\" content=\"index, follow, max-snippet:-1, max-image-preview:large, max-video-preview:-1\" \/>\n<link rel=\"canonical\" href=\"https:\/\/www.teka.com\/fr-ma\/produit\/ewh-50-d-slim_42080060\/\" \/>\n<meta property=\"og:locale\" content=\"en_US\" \/>\n<meta property=\"og:type\" content=\"article\" \/>\n<meta property=\"og:title\" content=\"EWH 50 D SLIM | Teka Morocco\" \/>\n<meta property=\"og:description\" content=\"Installation horizontal ou vertical R\u00e9servoir \u00e9maill\u00e9 R\u00e9sistance c\u00e9ramique Thermostat : 30~-75~ Valve de pression &gt; 5 bar Pression Maximale 0.75 Mpa Thermom\u00e8tre Valve de s\u00e9curit\u00e9 Interrupteur automatique de protection contre les courts-circuits Protection contre le sur chauffage Puissance: 2000 W Deux niveaux de puissance : 1200\/800W \u00c9paisseur de l\u2019isolation: 20 mm Capacit\u00e9 : 50 litres\" \/>\n<meta property=\"og:url\" content=\"https:\/\/www.teka.com\/fr-ma\/produit\/ewh-50-d-slim_42080060\/\" \/>\n<meta property=\"og:site_name\" content=\"Teka Morocco\" \/>\n<meta name=\"twitter:card\" content=\"summary_large_image\" \/>\n<script type=\"application\/ld+json\" class=\"yoast-schema-graph\">{\"@context\":\"https:\/\/schema.org\",\"@graph\":[{\"@type\":\"WebPage\",\"@id\":\"https:\/\/www.teka.com\/fr-ma\/produit\/ewh-50-d-slim_42080060\/\",\"url\":\"https:\/\/www.teka.com\/fr-ma\/produit\/ewh-50-d-slim_42080060\/\",\"name\":\"EWH 50 D SLIM | Teka Morocco\",\"isPartOf\":{\"@id\":\"https:\/\/www.teka.com\/fr-ma\/#website\"},\"datePublished\":\"2026-04-07T18:36:40+00:00\",\"inLanguage\":\"en-US\",\"potentialAction\":[{\"@type\":\"ReadAction\",\"target\":[\"https:\/\/www.teka.com\/fr-ma\/produit\/ewh-50-d-slim_42080060\/\"]}]},{\"@type\":\"WebSite\",\"@id\":\"https:\/\/www.teka.com\/fr-ma\/#website\",\"url\":\"https:\/\/www.teka.com\/fr-ma\/\",\"name\":\"Teka Morocco\",\"description\":\"\",\"potentialAction\":[{\"@type\":\"SearchAction\",\"target\":{\"@type\":\"EntryPoint\",\"urlTemplate\":\"https:\/\/www.teka.com\/fr-ma\/?s={search_term_string}\"},\"query-input\":{\"@type\":\"PropertyValueSpecification\",\"valueRequired\":true,\"valueName\":\"search_term_string\"}}],\"inLanguage\":\"en-US\"}]}<\/script>\n<!-- \/ Yoast SEO plugin. -->","yoast_head_json":{"title":"EWH 50 D SLIM | Teka Morocco","robots":{"index":"index","follow":"follow","max-snippet":"max-snippet:-1","max-image-preview":"max-image-preview:large","max-video-preview":"max-video-preview:-1"},"canonical":"https:\/\/www.teka.com\/fr-ma\/produit\/ewh-50-d-slim_42080060\/","og_locale":"en_US","og_type":"article","og_title":"EWH 50 D SLIM | Teka Morocco","og_description":"Installation horizontal ou vertical R\u00e9servoir \u00e9maill\u00e9 R\u00e9sistance c\u00e9ramique Thermostat : 30~-75~ Valve de pression &gt; 5 bar Pression Maximale 0.75 Mpa Thermom\u00e8tre Valve de s\u00e9curit\u00e9 Interrupteur automatique de protection contre les courts-circuits Protection contre le sur chauffage Puissance: 2000 W Deux niveaux de puissance : 1200\/800W \u00c9paisseur de l\u2019isolation: 20 mm Capacit\u00e9 : 50 litres","og_url":"https:\/\/www.teka.com\/fr-ma\/produit\/ewh-50-d-slim_42080060\/","og_site_name":"Teka Morocco","twitter_card":"summary_large_image","schema":{"@context":"https:\/\/schema.org","@graph":[{"@type":"WebPage","@id":"https:\/\/www.teka.com\/fr-ma\/produit\/ewh-50-d-slim_42080060\/","url":"https:\/\/www.teka.com\/fr-ma\/produit\/ewh-50-d-slim_42080060\/","name":"EWH 50 D SLIM | Teka Morocco","isPartOf":{"@id":"https:\/\/www.teka.com\/fr-ma\/#website"},"datePublished":"2026-04-07T18:36:40+00:00","inLanguage":"en-US","potentialAction":[{"@type":"ReadAction","target":["https:\/\/www.teka.com\/fr-ma\/produit\/ewh-50-d-slim_42080060\/"]}]},{"@type":"WebSite","@id":"https:\/\/www.teka.com\/fr-ma\/#website","url":"https:\/\/www.teka.com\/fr-ma\/","name":"Teka Morocco","description":"","potentialAction":[{"@type":"SearchAction","target":{"@type":"EntryPoint","urlTemplate":"https:\/\/www.teka.com\/fr-ma\/?s={search_term_string}"},"query-input":{"@type":"PropertyValueSpecification","valueRequired":true,"valueName":"search_term_string"}}],"inLanguage":"en-US"}]}},"_links":{"self":[{"href":"https:\/\/www.teka.com\/fr-ma\/wp-json\/wp\/v2\/product\/58631","targetHints":{"allow":["GET"]}}],"collection":[{"href":"https:\/\/www.teka.com\/fr-ma\/wp-json\/wp\/v2\/product"}],"about":[{"href":"https:\/\/www.teka.com\/fr-ma\/wp-json\/wp\/v2\/types\/product"}],"wp:attachment":[{"href":"https:\/\/www.teka.com\/fr-ma\/wp-json\/wp\/v2\/media?parent=58631"}],"wp:term":[{"taxonomy":"product_cat","embeddable":true,"href":"https:\/\/www.teka.com\/fr-ma\/wp-json\/wp\/v2\/product_cat?post=58631"},{"taxonomy":"product_cleaning_system","embeddable":true,"href":"https:\/\/www.teka.com\/fr-ma\/wp-json\/wp\/v2\/product_cleaning_system?post=58631"},{"taxonomy":"product_3rd_basket","embeddable":true,"href":"https:\/\/www.teka.com\/fr-ma\/wp-json\/wp\/v2\/product_3rd_basket?post=58631"},{"taxonomy":"product_drawers","embeddable":true,"href":"https:\/\/www.teka.com\/fr-ma\/wp-json\/wp\/v2\/product_drawers?post=58631"},{"taxonomy":"product_type_of_installation","embeddable":true,"href":"https:\/\/www.teka.com\/fr-ma\/wp-json\/wp\/v2\/product_type_of_installation?post=58631"},{"taxonomy":"product_edition","embeddable":true,"href":"https:\/\/www.teka.com\/fr-ma\/wp-json\/wp\/v2\/product_edition?post=58631"},{"taxonomy":"product_serie","embeddable":true,"href":"https:\/\/www.teka.com\/fr-ma\/wp-json\/wp\/v2\/product_serie?post=58631"},{"taxonomy":"product_features","embeddable":true,"href":"https:\/\/www.teka.com\/fr-ma\/wp-json\/wp\/v2\/product_features?post=58631"},{"taxonomy":"finishes","embeddable":true,"href":"https:\/\/www.teka.com\/fr-ma\/wp-json\/wp\/v2\/finishes?post=58631"},{"taxonomy":"product_bundles","embeddable":true,"href":"https:\/\/www.teka.com\/fr-ma\/wp-json\/wp\/v2\/product_bundles?post=58631"},{"taxonomy":"product_energy_efficiency","embeddable":true,"href":"https:\/\/www.teka.com\/fr-ma\/wp-json\/wp\/v2\/product_energy_efficiency?post=58631"},{"taxonomy":"product_video_training","embeddable":true,"href":"https:\/\/www.teka.com\/fr-ma\/wp-json\/wp\/v2\/product_video_training?post=58631"}],"curies":[{"name":"wp","href":"https:\/\/api.w.org\/{rel}","templated":true}]}}