{"id":59167,"date":"2026-05-08T02:06:04","date_gmt":"2026-05-08T02:06:04","guid":{"rendered":"https:\/\/teka.com\/en-int\/hlb-85-g1-p-bm-maestropizza_111000056"},"modified":"2026-05-07T06:20:37","modified_gmt":"2026-05-07T07:20:37","slug":"hlb-85-g1-p-bm-maestropizza_111000056","status":"publish","type":"product","link":"https:\/\/www.teka.com\/fr-ma\/produit\/hlb-85-g1-p-bm-maestropizza_111000056\/","title":{"rendered":"HLB 85-G1 P BM MaestroPizza"},"content":{"rendered":"<ul>\n<li>Con\u00e7u en Italie par Italdesign Giugiaro<\/li>\n<li>Finition exclusive en noir mat<\/li>\n<li>D\u00e9tails m\u00e9talliques en cuivre<\/li>\n<li>8 fonctions de cuisson<\/li>\n<li>Syst\u00e8me d&#8217;autonettoyage par pyrolyse et syst\u00e8me automatique HydroClean<\/li>\n<\/ul>\n","protected":false},"featured_media":0,"parent":0,"template":"","product_cat":[4496],"product_cleaning_system":[3971,4155],"product_3rd_basket":[],"product_drawers":[],"product_type_of_installation":[],"product_edition":[],"product_serie":[],"product_features":[],"finishes":[],"product_bundles":[],"product_energy_efficiency":[146720],"product_video_training":[146790,146794,146800,146814],"class_list":["post-59167","product","type-product","status-publish","hentry","product_cat-fours","usp-maestropizza-06","usp-maestropizza-02","usp-maestropizza-04","usp-maestropizza-05","usp-infinityg1-01","usp-infinityg1-02","usp-infinityg1-03","color-black-matt","product_ambient-infinityg1","product_icons-hydroclean","product_icons-70l","product_icons-softclose","product_cleaning_system-hydroclean","product_cleaning_system-pyrolyse","product_energy_efficiency-a-plus-icon","product_video_training-trainingovens-01","product_video_training-trainingovens-02","product_video_training-trainingovens-05","product_video_training-trainingovens-12"],"acf":[],"yoast_head":"<!-- This site is optimized with the Yoast SEO plugin v27.5 - https:\/\/yoast.com\/product\/yoast-seo-wordpress\/ -->\n<title>HLB 85-G1 P BM MaestroPizza | Teka Morocco<\/title>\n<meta name=\"robots\" content=\"index, follow, max-snippet:-1, max-image-preview:large, max-video-preview:-1\" \/>\n<link rel=\"canonical\" href=\"https:\/\/www.teka.com\/fr-ma\/produit\/hlb-85-g1-p-bm-maestropizza_111000056\/\" \/>\n<meta property=\"og:locale\" content=\"en_US\" \/>\n<meta property=\"og:type\" content=\"article\" \/>\n<meta property=\"og:title\" content=\"HLB 85-G1 P BM MaestroPizza | Teka Morocco\" \/>\n<meta property=\"og:description\" content=\"Con\u00e7u en Italie par Italdesign Giugiaro Finition exclusive en noir mat D\u00e9tails m\u00e9talliques en cuivre 8 fonctions de cuisson Syst\u00e8me d&#8217;autonettoyage par pyrolyse et syst\u00e8me automatique HydroClean\" \/>\n<meta property=\"og:url\" content=\"https:\/\/www.teka.com\/fr-ma\/produit\/hlb-85-g1-p-bm-maestropizza_111000056\/\" \/>\n<meta property=\"og:site_name\" content=\"Teka Morocco\" \/>\n<meta name=\"twitter:card\" content=\"summary_large_image\" \/>\n<script type=\"application\/ld+json\" class=\"yoast-schema-graph\">{\"@context\":\"https:\\\/\\\/schema.org\",\"@graph\":[{\"@type\":\"WebPage\",\"@id\":\"https:\\\/\\\/www.teka.com\\\/fr-ma\\\/produit\\\/hlb-85-g1-p-bm-maestropizza_111000056\\\/\",\"url\":\"https:\\\/\\\/www.teka.com\\\/fr-ma\\\/produit\\\/hlb-85-g1-p-bm-maestropizza_111000056\\\/\",\"name\":\"HLB 85-G1 P BM MaestroPizza | Teka Morocco\",\"isPartOf\":{\"@id\":\"https:\\\/\\\/www.teka.com\\\/fr-ma\\\/#website\"},\"datePublished\":\"2026-05-08T02:06:04+00:00\",\"inLanguage\":\"en-US\",\"potentialAction\":[{\"@type\":\"ReadAction\",\"target\":[\"https:\\\/\\\/www.teka.com\\\/fr-ma\\\/produit\\\/hlb-85-g1-p-bm-maestropizza_111000056\\\/\"]}]},{\"@type\":\"WebSite\",\"@id\":\"https:\\\/\\\/www.teka.com\\\/fr-ma\\\/#website\",\"url\":\"https:\\\/\\\/www.teka.com\\\/fr-ma\\\/\",\"name\":\"Teka Morocco\",\"description\":\"\",\"potentialAction\":[{\"@type\":\"SearchAction\",\"target\":{\"@type\":\"EntryPoint\",\"urlTemplate\":\"https:\\\/\\\/www.teka.com\\\/fr-ma\\\/?s={search_term_string}\"},\"query-input\":{\"@type\":\"PropertyValueSpecification\",\"valueRequired\":true,\"valueName\":\"search_term_string\"}}],\"inLanguage\":\"en-US\"}]}<\/script>\n<!-- \/ Yoast SEO plugin. -->","yoast_head_json":{"title":"HLB 85-G1 P BM MaestroPizza | Teka Morocco","robots":{"index":"index","follow":"follow","max-snippet":"max-snippet:-1","max-image-preview":"max-image-preview:large","max-video-preview":"max-video-preview:-1"},"canonical":"https:\/\/www.teka.com\/fr-ma\/produit\/hlb-85-g1-p-bm-maestropizza_111000056\/","og_locale":"en_US","og_type":"article","og_title":"HLB 85-G1 P BM MaestroPizza | Teka Morocco","og_description":"Con\u00e7u en Italie par Italdesign Giugiaro Finition exclusive en noir mat D\u00e9tails m\u00e9talliques en cuivre 8 fonctions de cuisson Syst\u00e8me d&#8217;autonettoyage par pyrolyse et syst\u00e8me automatique HydroClean","og_url":"https:\/\/www.teka.com\/fr-ma\/produit\/hlb-85-g1-p-bm-maestropizza_111000056\/","og_site_name":"Teka Morocco","twitter_card":"summary_large_image","schema":{"@context":"https:\/\/schema.org","@graph":[{"@type":"WebPage","@id":"https:\/\/www.teka.com\/fr-ma\/produit\/hlb-85-g1-p-bm-maestropizza_111000056\/","url":"https:\/\/www.teka.com\/fr-ma\/produit\/hlb-85-g1-p-bm-maestropizza_111000056\/","name":"HLB 85-G1 P BM MaestroPizza | Teka Morocco","isPartOf":{"@id":"https:\/\/www.teka.com\/fr-ma\/#website"},"datePublished":"2026-05-08T02:06:04+00:00","inLanguage":"en-US","potentialAction":[{"@type":"ReadAction","target":["https:\/\/www.teka.com\/fr-ma\/produit\/hlb-85-g1-p-bm-maestropizza_111000056\/"]}]},{"@type":"WebSite","@id":"https:\/\/www.teka.com\/fr-ma\/#website","url":"https:\/\/www.teka.com\/fr-ma\/","name":"Teka Morocco","description":"","potentialAction":[{"@type":"SearchAction","target":{"@type":"EntryPoint","urlTemplate":"https:\/\/www.teka.com\/fr-ma\/?s={search_term_string}"},"query-input":{"@type":"PropertyValueSpecification","valueRequired":true,"valueName":"search_term_string"}}],"inLanguage":"en-US"}]}},"_links":{"self":[{"href":"https:\/\/www.teka.com\/fr-ma\/wp-json\/wp\/v2\/product\/59167","targetHints":{"allow":["GET"]}}],"collection":[{"href":"https:\/\/www.teka.com\/fr-ma\/wp-json\/wp\/v2\/product"}],"about":[{"href":"https:\/\/www.teka.com\/fr-ma\/wp-json\/wp\/v2\/types\/product"}],"wp:attachment":[{"href":"https:\/\/www.teka.com\/fr-ma\/wp-json\/wp\/v2\/media?parent=59167"}],"wp:term":[{"taxonomy":"product_cat","embeddable":true,"href":"https:\/\/www.teka.com\/fr-ma\/wp-json\/wp\/v2\/product_cat?post=59167"},{"taxonomy":"product_cleaning_system","embeddable":true,"href":"https:\/\/www.teka.com\/fr-ma\/wp-json\/wp\/v2\/product_cleaning_system?post=59167"},{"taxonomy":"product_3rd_basket","embeddable":true,"href":"https:\/\/www.teka.com\/fr-ma\/wp-json\/wp\/v2\/product_3rd_basket?post=59167"},{"taxonomy":"product_drawers","embeddable":true,"href":"https:\/\/www.teka.com\/fr-ma\/wp-json\/wp\/v2\/product_drawers?post=59167"},{"taxonomy":"product_type_of_installation","embeddable":true,"href":"https:\/\/www.teka.com\/fr-ma\/wp-json\/wp\/v2\/product_type_of_installation?post=59167"},{"taxonomy":"product_edition","embeddable":true,"href":"https:\/\/www.teka.com\/fr-ma\/wp-json\/wp\/v2\/product_edition?post=59167"},{"taxonomy":"product_serie","embeddable":true,"href":"https:\/\/www.teka.com\/fr-ma\/wp-json\/wp\/v2\/product_serie?post=59167"},{"taxonomy":"product_features","embeddable":true,"href":"https:\/\/www.teka.com\/fr-ma\/wp-json\/wp\/v2\/product_features?post=59167"},{"taxonomy":"finishes","embeddable":true,"href":"https:\/\/www.teka.com\/fr-ma\/wp-json\/wp\/v2\/finishes?post=59167"},{"taxonomy":"product_bundles","embeddable":true,"href":"https:\/\/www.teka.com\/fr-ma\/wp-json\/wp\/v2\/product_bundles?post=59167"},{"taxonomy":"product_energy_efficiency","embeddable":true,"href":"https:\/\/www.teka.com\/fr-ma\/wp-json\/wp\/v2\/product_energy_efficiency?post=59167"},{"taxonomy":"product_video_training","embeddable":true,"href":"https:\/\/www.teka.com\/fr-ma\/wp-json\/wp\/v2\/product_video_training?post=59167"}],"curies":[{"name":"wp","href":"https:\/\/api.w.org\/{rel}","templated":true}]}}