{"id":21989,"date":"2018-09-11T07:58:22","date_gmt":"2018-09-11T07:58:22","guid":{"rendered":"http:\/\/teka.com\/?page_id=21989"},"modified":"2026-01-30T11:10:40","modified_gmt":"2026-01-30T11:10:40","slug":"about-us","status":"publish","type":"page","link":"https:\/\/www.teka.com\/it-it\/about-us\/","title":{"rendered":"Chi Siamo | Teka Italia"},"content":{"rendered":"<p>[et_pb_section fb_built=&#8221;1&#8243; module_id=&#8221;teka-top&#8221; _builder_version=&#8221;3.19&#8243; background_image=&#8221;https:\/\/www.teka.com\/it-it\/wp-content\/uploads\/sites\/137\/2019\/12\/teka-group-about-us-header-image.jpg&#8221; global_module=&#8221;23211&#8243; collapsed=&#8221;on&#8221; global_colors_info=&#8221;{}&#8221;][et_pb_row column_structure=&#8221;1_2,1_2&#8243; _builder_version=&#8221;4.16&#8243; background_size=&#8221;initial&#8221; background_position=&#8221;top_left&#8221; background_repeat=&#8221;repeat&#8221; global_colors_info=&#8221;{}&#8221;][et_pb_column type=&#8221;1_2&#8243; _builder_version=&#8221;4.16&#8243; custom_padding=&#8221;|||&#8221; global_colors_info=&#8221;{}&#8221; custom_padding__hover=&#8221;|||&#8221;][et_pb_text admin_label=&#8221;Header Title&#8221; _builder_version=&#8221;4.27.5&#8243; background_layout=&#8221;dark&#8221; global_colors_info=&#8221;{}&#8221;]<\/p>\n<p>&nbsp;<\/p>\n<p>&nbsp;<\/p>\n<h3><strong>Gruppo Teka, <\/strong><br \/>di origine tedesca.<\/h3>\n<p>[\/et_pb_text][\/et_pb_column][et_pb_column type=&#8221;1_2&#8243; _builder_version=&#8221;4.16&#8243; custom_padding=&#8221;|||&#8221; global_colors_info=&#8221;{}&#8221; custom_padding__hover=&#8221;|||&#8221;][\/et_pb_column][\/et_pb_row][\/et_pb_section][et_pb_section fb_built=&#8221;1&#8243; module_id=&#8221;teka-menu&#8221; _builder_version=&#8221;4.27.5&#8243; background_color=&#8221;#0e0e0e&#8221; global_module=&#8221;23212&#8243; collapsed=&#8221;on&#8221; global_colors_info=&#8221;{}&#8221;][et_pb_row _builder_version=&#8221;4.16&#8243; background_size=&#8221;initial&#8221; background_position=&#8221;top_left&#8221; background_repeat=&#8221;repeat&#8221; collapsed=&#8221;off&#8221; global_colors_info=&#8221;{}&#8221;][et_pb_column type=&#8221;4_4&#8243; _builder_version=&#8221;4.16&#8243; custom_padding=&#8221;|||&#8221; global_colors_info=&#8221;{}&#8221; custom_padding__hover=&#8221;|||&#8221;][et_pb_sidebar area=&#8221;et_pb_widget_area_7&#8243; disabled_on=&#8221;on|on|&#8221; admin_label=&#8221;Sidebar&#8221; _builder_version=&#8221;4.27.4&#8243; background_layout=&#8221;dark&#8221; global_colors_info=&#8221;{}&#8221;][\/et_pb_sidebar][et_pb_sidebar area=&#8221;et_pb_widget_area_9&#8243; disabled_on=&#8221;on||on&#8221; admin_label=&#8221;Sidebar Tablet&#8221; _builder_version=&#8221;4.27.5&#8243; background_layout=&#8221;dark&#8221; global_colors_info=&#8221;{}&#8221;][\/et_pb_sidebar][et_pb_sidebar area=&#8221;et_pb_widget_area_8&#8243; disabled_on=&#8221;|on|on&#8221; admin_label=&#8221;Sidebar Mobile&#8221; _builder_version=&#8221;4.27.5&#8243; background_layout=&#8221;dark&#8221; global_colors_info=&#8221;{}&#8221;][\/et_pb_sidebar][\/et_pb_column][\/et_pb_row][\/et_pb_section][et_pb_section fb_built=&#8221;1&#8243; module_id=&#8221;about-us&#8221; _builder_version=&#8221;4.16&#8243; global_colors_info=&#8221;{}&#8221;][et_pb_row _builder_version=&#8221;4.16&#8243; background_size=&#8221;initial&#8221; background_position=&#8221;top_left&#8221; background_repeat=&#8221;repeat&#8221; module_alignment=&#8221;center&#8221; custom_padding=&#8221;32px|0px|32px|0px|false|false&#8221; use_custom_width=&#8221;on&#8221; global_colors_info=&#8221;{}&#8221;][et_pb_column type=&#8221;4_4&#8243; _builder_version=&#8221;4.16&#8243; custom_padding=&#8221;|||&#8221; global_colors_info=&#8221;{}&#8221; custom_padding__hover=&#8221;|||&#8221;][et_pb_text _builder_version=&#8221;4.27.5&#8243; hover_enabled=&#8221;0&#8243; global_colors_info=&#8221;{}&#8221; sticky_enabled=&#8221;0&#8243;]<\/p>\n<h1 style=\"text-align: center;\">Creiamo <strong>momenti indimenticabili<\/strong><\/h1>\n<p>[\/et_pb_text][\/et_pb_column][\/et_pb_row][et_pb_row _builder_version=&#8221;4.16&#8243; background_size=&#8221;initial&#8221; background_position=&#8221;top_left&#8221; background_repeat=&#8221;repeat&#8221; custom_padding=&#8221;24.9375px|0px|24px|0px|false|false&#8221; global_colors_info=&#8221;{}&#8221;][et_pb_column type=&#8221;4_4&#8243; _builder_version=&#8221;4.16&#8243; custom_padding=&#8221;|||&#8221; global_colors_info=&#8221;{}&#8221; custom_padding__hover=&#8221;|||&#8221;][et_pb_text _builder_version=&#8221;4.27.4&#8243; max_width=&#8221;80%&#8221; module_alignment=&#8221;center&#8221; global_colors_info=&#8221;{}&#8221;]<\/p>\n<h6 style=\"text-align: center;\">In tutto ci\u00f2 che facciamo, <strong> uniamo qualit\u00e0, praticit\u00e0<\/strong> ed <strong>efficienza<\/strong> per ottenere la soluzione migliore per la tua casa. Il nostro obiettivo principale \u00e8 offrirti esperienze significative da condividere con i tuoi cari.<\/h6>\n<p>[\/et_pb_text][\/et_pb_column][\/et_pb_row][et_pb_row _builder_version=&#8221;4.16&#8243; background_size=&#8221;initial&#8221; background_position=&#8221;top_left&#8221; background_repeat=&#8221;repeat&#8221; custom_padding=&#8221;24px|0px|24.9375px|0px|false|false&#8221; global_colors_info=&#8221;{}&#8221;][et_pb_column type=&#8221;4_4&#8243; _builder_version=&#8221;4.16&#8243; custom_padding=&#8221;|||&#8221; global_colors_info=&#8221;{}&#8221; custom_padding__hover=&#8221;|||&#8221;][et_pb_divider color=&#8221;#b7b7b7&#8243; _builder_version=&#8221;4.16&#8243; global_colors_info=&#8221;{}&#8221;]<br \/>\n[\/et_pb_divider][et_pb_text _builder_version=&#8221;4.27.4&#8243; global_colors_info=&#8221;{}&#8221;]<\/p>\n<h2 style=\"text-align: center;\">Cucinate la <strong>vostra vita<\/strong><\/h2>\n<p>[\/et_pb_text][\/et_pb_column][\/et_pb_row][et_pb_row column_structure=&#8221;1_2,1_2&#8243; _builder_version=&#8221;4.16&#8243; background_size=&#8221;initial&#8221; background_position=&#8221;top_left&#8221; background_repeat=&#8221;repeat&#8221; global_colors_info=&#8221;{}&#8221;][et_pb_column type=&#8221;1_2&#8243; _builder_version=&#8221;4.16&#8243; custom_padding=&#8221;|||&#8221; global_colors_info=&#8221;{}&#8221; custom_padding__hover=&#8221;|||&#8221;][et_pb_text _builder_version=&#8221;4.27.5&#8243; global_colors_info=&#8221;{}&#8221;]<\/p>\n<p data-start=\"163\" data-end=\"358\">La cucina \u00e8 il cuore della casa. In Teka progettiamo elettrodomestici che ne diventano l\u2019anima, perch\u00e9 \u00e8 qui che si cucina la vita e si vivono alcuni dei momenti pi\u00f9 belli della nostra esistenza.<\/p>\n<p data-start=\"360\" data-end=\"606\">Per noi la cucina \u00e8 molto pi\u00f9 di un semplice luogo dove preparare i pasti. \u00c8 uno spazio in cui ridere, sognare, contribuire, parlare, prendere decisioni, condividere notizie, fare progetti di vita e, in definitiva, vivere momenti indimenticabili.<\/p>\n<p data-start=\"608\" data-end=\"801\">Per questo progettiamo e produciamo elettrodomestici che offrono soluzioni e innovazioni reali per la cucina, pensate per adattarsi al tuo stile di vita e integrarsi in armonia con la tua casa.<\/p>\n<p data-start=\"803\" data-end=\"945\">Ogni giorno lavoriamo per comprendere meglio le tue esigenze e offrirti nuove soluzioni che ti aiutino a scoprire nuove possibilit\u00e0 in cucina.<\/p>\n<p>[\/et_pb_text][\/et_pb_column][et_pb_column type=&#8221;1_2&#8243; _builder_version=&#8221;4.16&#8243; custom_padding=&#8221;|||&#8221; global_colors_info=&#8221;{}&#8221; custom_padding__hover=&#8221;|||&#8221;][et_pb_text _builder_version=&#8221;4.27.5&#8243; global_colors_info=&#8221;{}&#8221;]<\/p>\n<p data-start=\"947\" data-end=\"1337\">Il nostro marchio, nato in Germania, si fonda su qualit\u00e0, tecnologia e innovazione. I prodotti Teka sono conosciuti in tutto il mondo per affidabilit\u00e0, efficienza e precisione.<\/p>\n<p>Oggi, dopo quasi 100 anni di storia, Teka continua a lavorare senza sosta per offrire a tutti i suoi prodotti le migliori funzionalit\u00e0 e il miglior design, con l\u2019obiettivo di raggiungere l\u2019eccellenza in ogni fase.<\/p>\n<p data-start=\"1339\" data-end=\"1638\">I nostri valori, profondamente radicati nell\u2019azienda, sono chiari: onest\u00e0, generosit\u00e0 e originalit\u00e0. Questo significa lavorare per te ed essere sempre al tuo fianco, aiutandoti a risolvere le esigenze quotidiane con soluzioni di qualit\u00e0 eccellente. La soddisfazione del cliente \u00e8 la nostra priorit\u00e0.<\/p>\n<p data-start=\"1640\" data-end=\"1788\">Fin dall\u2019inizio ci impegniamo a offrire prodotti della migliore qualit\u00e0, design moderni e originali e le innovazioni pi\u00f9 avanzate, a un prezzo equo.<\/p>\n<p>[\/et_pb_text][\/et_pb_column][\/et_pb_row][\/et_pb_section][et_pb_section fb_built=&#8221;1&#8243; module_id=&#8221;about-teka-teka-bottom&#8221; _builder_version=&#8221;4.16&#8243; custom_margin=&#8221;0px|||&#8221; custom_padding=&#8221;0px|||&#8221; global_colors_info=&#8221;{}&#8221;][et_pb_row _builder_version=&#8221;4.16&#8243; background_size=&#8221;initial&#8221; background_position=&#8221;top_left&#8221; background_repeat=&#8221;repeat&#8221; global_colors_info=&#8221;{}&#8221;][et_pb_column type=&#8221;4_4&#8243; _builder_version=&#8221;4.16&#8243; custom_padding=&#8221;|||&#8221; global_colors_info=&#8221;{}&#8221; custom_padding__hover=&#8221;|||&#8221;][et_pb_text _builder_version=&#8221;4.27.5&#8243; global_colors_info=&#8221;{}&#8221;]<\/p>\n<h2 style=\"text-align: center;\"> I nostri\u00a0<strong>valori<\/strong><\/h2>\n<p>[\/et_pb_text][\/et_pb_column][\/et_pb_row][et_pb_row column_structure=&#8221;1_3,1_3,1_3&#8243; _builder_version=&#8221;4.16&#8243; background_size=&#8221;initial&#8221; background_position=&#8221;top_left&#8221; background_repeat=&#8221;repeat&#8221; global_colors_info=&#8221;{}&#8221;][et_pb_column type=&#8221;1_3&#8243; _builder_version=&#8221;4.16&#8243; custom_padding=&#8221;|||&#8221; global_colors_info=&#8221;{}&#8221; custom_padding__hover=&#8221;|||&#8221;][et_pb_text admin_label=&#8221;Imagen + titulo&#8221; module_class=&#8221;our-values-img&#8221; _builder_version=&#8221;4.27.5&#8243; background_image=&#8221;https:\/\/www.teka.com\/it-it\/wp-content\/uploads\/sites\/137\/2018\/12\/teka-honesty-270&#215;270.jpg&#8221; text_orientation=&#8221;center&#8221; background_layout=&#8221;dark&#8221; global_colors_info=&#8221;{}&#8221;]<\/p>\n<h3>Onest\u00e0<\/h3>\n<p>[\/et_pb_text][et_pb_image src=&#8221;https:\/\/www.teka.com\/it-it\/wp-content\/uploads\/sites\/137\/2018\/11\/teka-honesty.jpg&#8221; align=&#8221;center&#8221; align_tablet=&#8221;center&#8221; align_phone=&#8221;&#8221; align_last_edited=&#8221;on|desktop&#8221; disabled_on=&#8221;on|on|on&#8221; _builder_version=&#8221;4.16&#8243; disabled=&#8221;on&#8221; global_colors_info=&#8221;{}&#8221;]<br \/>\n[\/et_pb_image][et_pb_text admin_label=&#8221;Honesty &#8211; Text&#8221; module_class=&#8221;sobre-teka-ingredientes&#8221; _builder_version=&#8221;4.27.5&#8243; global_colors_info=&#8221;{}&#8221;]<\/p>\n<p style=\"text-align: center;\"><strong>Sempre al tuo fianco<\/strong><\/p>\n<p style=\"text-align: center;\">Entriamo in relazione con i nostri clienti attraverso un dialogo responsabile, chiaro e trasparente. Teka \u00e8 al tuo fianco, comprende le tue esigenze e ti aiuta a scoprire nuove possibilit\u00e0 nella tua cucina.<\/p>\n<p>[\/et_pb_text][\/et_pb_column][et_pb_column type=&#8221;1_3&#8243; _builder_version=&#8221;4.16&#8243; custom_padding=&#8221;|||&#8221; global_colors_info=&#8221;{}&#8221; custom_padding__hover=&#8221;|||&#8221;][et_pb_text admin_label=&#8221;Imagen + titulo&#8221; module_class=&#8221;our-values-img&#8221; _builder_version=&#8221;4.27.4&#8243; background_image=&#8221;https:\/\/www.teka.com\/it-it\/wp-content\/uploads\/sites\/137\/2018\/12\/teka-generosity-270&#215;270.jpg&#8221; text_orientation=&#8221;center&#8221; background_layout=&#8221;dark&#8221; global_colors_info=&#8221;{}&#8221;]<\/p>\n<h3>Generosit\u00e0<\/h3>\n<p>[\/et_pb_text][et_pb_image src=&#8221;https:\/\/www.teka.com\/it-it\/wp-content\/uploads\/sites\/137\/2018\/11\/teka-generosity.jpg&#8221; align=&#8221;center&#8221; align_tablet=&#8221;center&#8221; align_phone=&#8221;&#8221; align_last_edited=&#8221;on|desktop&#8221; disabled_on=&#8221;on|on|on&#8221; _builder_version=&#8221;4.16&#8243; disabled=&#8221;on&#8221; global_colors_info=&#8221;{}&#8221;]<br \/>\n[\/et_pb_image][et_pb_text admin_label=&#8221;Generosity &#8211; Text&#8221; module_class=&#8221;sobre-teka-ingredientes&#8221; _builder_version=&#8221;4.27.5&#8243; global_colors_info=&#8221;{}&#8221;]<\/p>\n<p style=\"text-align: center;\"><strong>Andiamo oltre<\/strong><\/p>\n<p style=\"text-align: center;\">Ci concentriamo sull\u2019autenticit\u00e0 e sull\u2019essenziale: il nostro obiettivo \u00e8 trasformare la funzionalit\u00e0 in umanit\u00e0. Per questo ci impegniamo a offrire tecnologia d\u2019eccellenza, innovazione e design originale a prezzi equi.<\/p>\n<p style=\"text-align: center;\">Uniamo le storie delle case alla nostra tradizione di soluzioni di qualit\u00e0 superiore, aggiungendo un tocco di anima alla tua cucina. Creiamo cos\u00ec l\u2019atmosfera ideale per vivere momenti significativi, rendendo la vita degna di essere vissuta.<\/p>\n<p>[\/et_pb_text][\/et_pb_column][et_pb_column type=&#8221;1_3&#8243; _builder_version=&#8221;4.16&#8243; custom_padding=&#8221;|||&#8221; global_colors_info=&#8221;{}&#8221; custom_padding__hover=&#8221;|||&#8221;][et_pb_text admin_label=&#8221;Imagen + titulo&#8221; module_class=&#8221;our-values-img&#8221; _builder_version=&#8221;4.27.4&#8243; background_image=&#8221;https:\/\/www.teka.com\/it-it\/wp-content\/uploads\/sites\/137\/2018\/12\/teka-originality-270&#215;270.jpg&#8221; text_orientation=&#8221;center&#8221; background_layout=&#8221;dark&#8221; global_colors_info=&#8221;{}&#8221;]<\/p>\n<h3>Originalit\u00e0<\/h3>\n<p>[\/et_pb_text][et_pb_image src=&#8221;https:\/\/www.teka.com\/it-it\/wp-content\/uploads\/sites\/137\/2018\/11\/teka-originality.jpg&#8221; align=&#8221;center&#8221; align_tablet=&#8221;center&#8221; align_phone=&#8221;&#8221; align_last_edited=&#8221;on|desktop&#8221; disabled_on=&#8221;on|on|on&#8221; _builder_version=&#8221;4.16&#8243; disabled=&#8221;on&#8221; global_colors_info=&#8221;{}&#8221;]<br \/>\n[\/et_pb_image][et_pb_text admin_label=&#8221;Originality &#8211; Text&#8221; module_class=&#8221;sobre-teka-ingredientes&#8221; _builder_version=&#8221;4.27.5&#8243; global_colors_info=&#8221;{}&#8221;]<\/p>\n<p style=\"text-align: center;\"><strong>Una scelta autentica<\/strong><\/p>\n<p style=\"text-align: center;\">Suscitiamo emozioni e preferenze attraverso il nostro modo unico di fare le cose. Il nostro obiettivo \u00e8 entrare in contatto con le persone, offrendo esperienze che vanno oltre le caratteristiche dei prodotti e l\u2019innovazione.<\/p>\n<p style=\"text-align: center;\">Per noi l\u2019ispirazione \u00e8 la strada giusta per diventare il marchio preferito dei nostri clienti: un\u2019alternativa autentica, creata appositamente per loro.<\/p>\n<p>[\/et_pb_text][\/et_pb_column][\/et_pb_row][\/et_pb_section]<\/p>\n","protected":false},"excerpt":{"rendered":"<p>&nbsp; &nbsp; Gruppo Teka, di origine tedesca.Creiamo momenti indimenticabiliIn tutto ci\u00f2 che facciamo, uniamo qualit\u00e0, praticit\u00e0 ed efficienza per ottenere la soluzione migliore per la tua casa. Il nostro obiettivo principale \u00e8 offrirti esperienze significative da condividere con i tuoi cari. Cucinate la vostra vitaLa cucina \u00e8 il cuore della casa. In Teka progettiamo elettrodomestici [&hellip;]<\/p>\n","protected":false},"author":9,"featured_media":0,"parent":0,"menu_order":0,"comment_status":"closed","ping_status":"closed","template":"","meta":{"_acf_changed":false,"_et_pb_use_builder":"on","_et_pb_old_content":"","_et_gb_content_width":"","footnotes":""},"class_list":["post-21989","page","type-page","status-publish","hentry"],"acf":[],"yoast_head":"<!-- This site is optimized with the Yoast SEO plugin v27.5 - https:\/\/yoast.com\/product\/yoast-seo-wordpress\/ -->\n<title>Teka: Chi Siamo | Teka Italia<\/title>\n<meta name=\"description\" content=\"Il nostro marchio, nato in Germania, si basa su qualit\u00e0, tecnologia e innovazione.\" \/>\n<meta name=\"robots\" content=\"index, follow, max-snippet:-1, max-image-preview:large, max-video-preview:-1\" \/>\n<link rel=\"canonical\" href=\"https:\/\/www.teka.com\/it-it\/about-us\/\" \/>\n<meta property=\"og:locale\" content=\"it_IT\" \/>\n<meta property=\"og:type\" content=\"article\" \/>\n<meta property=\"og:title\" content=\"Teka: Chi Siamo | Teka Italia\" \/>\n<meta property=\"og:description\" content=\"Il nostro marchio, nato in Germania, si basa su qualit\u00e0, tecnologia e innovazione.\" \/>\n<meta property=\"og:url\" content=\"https:\/\/www.teka.com\/it-it\/about-us\/\" \/>\n<meta property=\"og:site_name\" content=\"Teka Italia\" \/>\n<meta property=\"article:modified_time\" content=\"2026-01-30T11:10:40+00:00\" \/>\n<meta name=\"twitter:card\" content=\"summary_large_image\" \/>\n<meta name=\"twitter:label1\" content=\"Tempo di lettura stimato\" \/>\n\t<meta name=\"twitter:data1\" content=\"3 minuti\" \/>\n<script type=\"application\/ld+json\" class=\"yoast-schema-graph\">{\"@context\":\"https:\\\/\\\/schema.org\",\"@graph\":[{\"@type\":\"WebPage\",\"@id\":\"https:\\\/\\\/www.teka.com\\\/it-it\\\/about-us\\\/\",\"url\":\"https:\\\/\\\/www.teka.com\\\/it-it\\\/about-us\\\/\",\"name\":\"Teka: Chi Siamo | Teka Italia\",\"isPartOf\":{\"@id\":\"https:\\\/\\\/www.teka.com\\\/it-it\\\/#website\"},\"datePublished\":\"2018-09-11T07:58:22+00:00\",\"dateModified\":\"2026-01-30T11:10:40+00:00\",\"description\":\"Il nostro marchio, nato in Germania, si basa su qualit\u00e0, tecnologia e innovazione.\",\"inLanguage\":\"it-IT\",\"potentialAction\":[{\"@type\":\"ReadAction\",\"target\":[\"https:\\\/\\\/www.teka.com\\\/it-it\\\/about-us\\\/\"]}]},{\"@type\":\"WebSite\",\"@id\":\"https:\\\/\\\/www.teka.com\\\/it-it\\\/#website\",\"url\":\"https:\\\/\\\/www.teka.com\\\/it-it\\\/\",\"name\":\"Teka Italia\",\"description\":\"\",\"potentialAction\":[{\"@type\":\"SearchAction\",\"target\":{\"@type\":\"EntryPoint\",\"urlTemplate\":\"https:\\\/\\\/www.teka.com\\\/it-it\\\/?s={search_term_string}\"},\"query-input\":{\"@type\":\"PropertyValueSpecification\",\"valueRequired\":true,\"valueName\":\"search_term_string\"}}],\"inLanguage\":\"it-IT\"}]}<\/script>\n<!-- \/ Yoast SEO plugin. -->","yoast_head_json":{"title":"Teka: Chi Siamo | Teka Italia","description":"Il nostro marchio, nato in Germania, si basa su qualit\u00e0, tecnologia e innovazione.","robots":{"index":"index","follow":"follow","max-snippet":"max-snippet:-1","max-image-preview":"max-image-preview:large","max-video-preview":"max-video-preview:-1"},"canonical":"https:\/\/www.teka.com\/it-it\/about-us\/","og_locale":"it_IT","og_type":"article","og_title":"Teka: Chi Siamo | Teka Italia","og_description":"Il nostro marchio, nato in Germania, si basa su qualit\u00e0, tecnologia e innovazione.","og_url":"https:\/\/www.teka.com\/it-it\/about-us\/","og_site_name":"Teka Italia","article_modified_time":"2026-01-30T11:10:40+00:00","twitter_card":"summary_large_image","twitter_misc":{"Tempo di lettura stimato":"3 minuti"},"schema":{"@context":"https:\/\/schema.org","@graph":[{"@type":"WebPage","@id":"https:\/\/www.teka.com\/it-it\/about-us\/","url":"https:\/\/www.teka.com\/it-it\/about-us\/","name":"Teka: Chi Siamo | Teka Italia","isPartOf":{"@id":"https:\/\/www.teka.com\/it-it\/#website"},"datePublished":"2018-09-11T07:58:22+00:00","dateModified":"2026-01-30T11:10:40+00:00","description":"Il nostro marchio, nato in Germania, si basa su qualit\u00e0, tecnologia e innovazione.","inLanguage":"it-IT","potentialAction":[{"@type":"ReadAction","target":["https:\/\/www.teka.com\/it-it\/about-us\/"]}]},{"@type":"WebSite","@id":"https:\/\/www.teka.com\/it-it\/#website","url":"https:\/\/www.teka.com\/it-it\/","name":"Teka Italia","description":"","potentialAction":[{"@type":"SearchAction","target":{"@type":"EntryPoint","urlTemplate":"https:\/\/www.teka.com\/it-it\/?s={search_term_string}"},"query-input":{"@type":"PropertyValueSpecification","valueRequired":true,"valueName":"search_term_string"}}],"inLanguage":"it-IT"}]}},"_links":{"self":[{"href":"https:\/\/www.teka.com\/it-it\/wp-json\/wp\/v2\/pages\/21989","targetHints":{"allow":["GET"]}}],"collection":[{"href":"https:\/\/www.teka.com\/it-it\/wp-json\/wp\/v2\/pages"}],"about":[{"href":"https:\/\/www.teka.com\/it-it\/wp-json\/wp\/v2\/types\/page"}],"author":[{"embeddable":true,"href":"https:\/\/www.teka.com\/it-it\/wp-json\/wp\/v2\/users\/9"}],"replies":[{"embeddable":true,"href":"https:\/\/www.teka.com\/it-it\/wp-json\/wp\/v2\/comments?post=21989"}],"version-history":[{"count":52,"href":"https:\/\/www.teka.com\/it-it\/wp-json\/wp\/v2\/pages\/21989\/revisions"}],"predecessor-version":[{"id":148659,"href":"https:\/\/www.teka.com\/it-it\/wp-json\/wp\/v2\/pages\/21989\/revisions\/148659"}],"wp:attachment":[{"href":"https:\/\/www.teka.com\/it-it\/wp-json\/wp\/v2\/media?parent=21989"}],"curies":[{"name":"wp","href":"https:\/\/api.w.org\/{rel}","templated":true}]}}