{"id":23564,"date":"2018-09-24T15:55:57","date_gmt":"2018-09-24T15:55:57","guid":{"rendered":"http:\/\/teka.com\/?page_id=23564"},"modified":"2026-02-11T10:12:22","modified_gmt":"2026-02-11T10:12:22","slug":"garanzia-convenzionale-aggiuntiva","status":"publish","type":"page","link":"https:\/\/www.teka.com\/it-it\/supporto\/garanzia-convenzionale-aggiuntiva\/","title":{"rendered":"Garanzia convenzionale aggiuntiva"},"content":{"rendered":"<p>[et_pb_section fb_built=&#8221;1&#8243; _builder_version=&#8221;4.16&#8243; global_colors_info=&#8221;{}&#8221;][et_pb_row _builder_version=&#8221;4.16&#8243; global_colors_info=&#8221;{}&#8221;][et_pb_column type=&#8221;4_4&#8243; _builder_version=&#8221;4.16&#8243; custom_padding=&#8221;|||&#8221; global_colors_info=&#8221;{}&#8221; custom_padding__hover=&#8221;|||&#8221;][et_pb_text _builder_version=&#8221;4.27.4&#8243; text_orientation=&#8221;center&#8221; global_colors_info=&#8221;{}&#8221;]<\/p>\n<h1 style=\"text-align: center;\"><strong>Condizioni di garanzia convenzionale aggiuntiva<\/strong><\/h1>\n<p>[\/et_pb_text][\/et_pb_column][\/et_pb_row][et_pb_row _builder_version=&#8221;4.16&#8243; global_colors_info=&#8221;{}&#8221;][et_pb_column type=&#8221;4_4&#8243; _builder_version=&#8221;4.16&#8243; custom_padding=&#8221;|||&#8221; global_colors_info=&#8221;{}&#8221; custom_padding__hover=&#8221;|||&#8221;][et_pb_text _builder_version=&#8221;4.27.5&#8243; _module_preset=&#8221;default&#8221; header_4_font_size=&#8221;16.01px&#8221; custom_css_free_form=&#8221;p {||    padding-bottom: 1em;||}&#8221; locked=&#8221;off&#8221; global_colors_info=&#8221;{}&#8221;]<\/p>\n<p>I prodotti importati da Midea Italia s.r.l. a socio unico con sede a Milano, 20158, Viale Luigi Bodio 29\/37 (di seguito \u201cMidea\u201d) e contraddistinti dal marchio \u201cTEKA\u201d sono coperti dalla garanzia legale per i difetti di conformit\u00e0, che \u00e8 prevista agli articoli 128 &#8211; 135 del Codice del Consumo e di cui \u00e8 responsabile il venditore relativamente ai beni venduti nei propri punti vendita. Per il periodo di due anni dal momento dell\u2019acquisto il consumatore pu\u00f2 in qualsiasi momento beneficiare della garanzia legale che copre i difetti di conformit\u00e0 esistenti al momento della consegna, e sempre che il difetto di conformit\u00e0 sia denunciato al venditore entro i termini di legge. Sulla base di accordi con i propri venditori, Midea presta i servizi di assistenza tecnica per i prodotti coperti da garanzia legale attraverso la sua rete di centri di assistenza autorizzati (di seguito \u201cCAT\u201d).<\/p>\n<p>Inoltre, Midea offre una garanzia convenzionale aggiuntiva della durata di due anni dalla data di acquisto su tutti i prodotti a marchio TEKA (di seguito i \u201cProdotti\u201d) commercializzati da Midea, anche attraverso propri distributori o rivenditori, nel territorio della Repubblica Italiana (con esclusione del territorio della citt\u00e0 di Venezia e delle isole minori), nel territorio della Repubblica di San Marino e nel territorio della Citt\u00e0 del Vaticano (di seguito, il \u201cTerritorio\u201d), quando i Prodotti risultano: (i) installati e posti in opera nel Territorio stesso e quando (ii) corredati del presente certificato di garanzia convenzionale (di seguito \u201cCGC\u201d); ci\u00f2 alle seguenti condizioni.<\/p>\n<p>Il presente documento contiene le condizioni di garanzia riconosciute da Midea con riferimento ai Prodotti commercializzati ed installati nel Territorio e corredati dal CGC. Le presenti condizioni di garanzia convenzionale sono rispettose dei diritti riconosciuti al consumatore del D.Lgs. n.206\/2005 e seguenti modifiche e integrazioni (di seguito, il \u201cCodice del Consumo\u201d) e dagli articoli del Codice civile in materia e, in ogni caso, non limitano n\u00e9 escludono o pregiudicano il diritto del consumatore a beneficiare della garanzia legale di conformit\u00e0 di cui \u00e8 responsabile il venditore.<\/p>\n<p>La garanzia convenzionale offerta da Midea (di seguito la \u201cGaranzia Convenzionale\u201d) \u00e8 efficace e applicabile nei soli confronti e a solo favore dei soggetti acquirenti dei Prodotti aventi le caratteristiche e la qualit\u00e0 di consumatore, cos\u00ec come definito e statuito dal Codice del Consumo (di seguito, i \u201cConsumatori\u201d). La Garanzia Convenzionale non \u00e8 quindi efficace, \u00e8 esclusa e non \u00e8 invocabile dagli acquirenti dei Prodotti che non siano Consumatori e\/o che utilizzano i Prodotti nell\u2019ambito della propria attivit\u00e0 professionale e\/o imprenditoriale e\/o commerciale.<\/p>\n<p>La Garanzia Convenzionale ha validit\u00e0 di 24 mesi a partire dalla data di acquisto del Prodotto. In ogni caso e indipendentemente dalla data di acquisto del Prodotto, la Garanzia Convenzionale perde ogni efficacia e pertanto non \u00e8 pi\u00f9 fruibile trascorsi 72 mesi dalla data di produzione del Prodotto; determinata dai numeri di serie apposti sullo stesso Prodotto.<\/p>\n<p>La Garanzia Convenzionale sar\u00e0 considerata efficace e valida unicamente se saranno contestualmente e complessivamente rispettate le seguenti condizioni:<\/p>\n<ul style=\"list-style-type: decimal; padding-left: 25px; padding-bottom: 0em\">\n<li style=\"margin-bottom: 14px;\">Il Prodotto sia corredato di un CGC originale, consegnato all\u2019acquirente al momento della consegna del Prodotto. Il CGC dovr\u00e0 essere esibito al momento della richiesta di intervento e al personale del CAT all\u2019atto dell\u2019intervento per riparazione.<\/li>\n<li style=\"margin-bottom: 14px;\">Sia disponibile un documento fiscale idoneo attestante: (i) la data di acquisto del Prodotto, (ii) la ragione sociale e la corretta identificazione del venditore e, (iii) il tipo e il modello di Prodotto acquistato, (iv) la qualit\u00e0 di Consumatore. Il documento fiscale di acquisto dovr\u00e0 essere esibito al momento della richiesta di intervento e al personale del CAT all\u2019atto dell\u2019intervento di riparazione.<\/li>\n<li style=\"margin-bottom: 14px;\">Le etichette apposte sul Prodotto ed indicanti il modello e le caratteristiche dell\u2019apparecchiatura, nonch\u00e9 i numeri seriali del Prodotto stesso dovranno risultare intonse, non alterate o resi illeggibili.<\/li>\n<li style=\"margin-bottom: 14px;\">Il Prodotto dovr\u00e0 risultare installato da installatore professionale munito di tutte le licenze e certificazioni di legge, posto in opera ed utilizzato nel rispetto di tutte normative vigenti nel Territorio di installazione e nell\u2019osservanza di quanto disposto dai manuali di installazione e utilizzo allegati al Prodotto stesso.<\/li>\n<\/ul>\n<ul style=\"list-style-type: disc; padding-left: 45px; padding-bottom: 1em;\">\n<li style=\"margin-bottom: 14px;\">Midea non \u00e8 responsabile dell\u2019eventuale smarrimento del presente CGC e non \u00e8 tenuta al rilascio di duplicati.<\/li>\n<li style=\"margin-bottom: 14px;\">La Garanzia Convenzionale, quando efficace, consiste nella riparazione ovvero nella sostituzione gratuita dei componenti del Prodotto che presentassero vizi o difetti di fabbricazione.<\/li>\n<li style=\"margin-bottom: 14px;\">Midea potr\u00e0 disporre la sostituzione del Prodotto con altro nuovo, o nel caso di indisponibilit\u00e0 di tale Prodotto, con altro equivalente.<\/li>\n<li style=\"margin-bottom: 14px;\">La sostituzione del Prodotto non modifica o estende la validit\u00e0 della Garanzia Convenzionale, che decorre sempre dalla data di acquisto del Prodotto originario.<\/li>\n<li style=\"margin-bottom: 14px;\">Le prestazioni in garanzia sono erogate da Midea tramite una rete di CAT autorizzati dalla stessa.<\/li>\n<li style=\"margin-bottom: 14px;\">La validit\u00e0 della garanzia \u00e8 subordinata all\u2019accertamento della sussistenza di vizi o difetti dei componenti costituenti il Prodotto, operato da un CAT autorizzato.<\/li>\n<li style=\"margin-bottom: 14px;\">Trascorsi i termini di garanzia, sono a carico del cliente tutti i costi relativi ai ricambi e alla manodopera necessari per la riparazione del Prodotto.<\/li>\n<\/ul>\n<p><strong>Esclusioni:<\/strong><\/p>\n<p>A titolo esemplificativo ma non esaustivo, si elencano alcuni casi di inefficacia e di esclusione della copertura della Garanzia Convenzionale:<\/p>\n<\/p>\n<ul style=\"list-style-type: none; padding-left: 25px;\">\n<li style=\"margin-bottom: 14px;\">a) La Garanzia Convenzionale non \u00e8 efficace e non offre copertura per interventi di ordinaria manutenzione e controlli periodici quali: pulizia filtri, o sostituzione degli stessi, pulizia degli scambiatori di calore e altre attivit\u00e0 di verifica e settaggio del Prodotto o adeguamento o modifiche di spine elettriche o cavi.<\/li>\n<li style=\"margin-bottom: 14px;\">b) La Garanzia Convenzionale non \u00e8 efficace e non offre copertura nel caso in cui venga accertata la mancata o irregolare effettuazione della manutenzione periodica, secondo le prescrizioni e le indicazioni riportate nel libretto di istruzioni e nel manuale d\u2019uso del Prodotto.<\/li>\n<li style=\"margin-bottom: 14px;\">c) La Garanzia Convenzionale non \u00e8 efficace e non offre copertura nel caso in cui il Prodotto sia utilizzato per scopi non domestici, comunque, sia utilizzato nell\u2019ambito di attivit\u00e0 commerciale e\/o imprenditoriale e\/o professionale.<\/li>\n<li style=\"margin-bottom: 14px;\">d) La Garanzia Convenzionale \u00e8 inefficace e non offre copertura in caso di smarrimento di parti, accessori e componenti del Prodotto.<\/li>\n<li style=\"margin-bottom: 14px;\">e) La Garanzia Convenzionale \u00e8 inefficace e non offre copertura per danni diretti o indiretti e guasti conseguenti a collegamenti del Prodotto a tensioni diverse da quelle indicate nel libretto di istruzione e nel manuale d\u2019uso del Prodotto e in ogni caso al di fuori dei valori di targa previsti per il Prodotto, oppure a improvvisi mutamenti di tensione di rete cui il Prodotto \u00e8 collegato, cos\u00ec come in caso di guasti causati da infiltrazione di liquidi, fuoco, scariche induttive\/elettrostatiche o scariche provocate da fulmini, sovratensioni o altri fenomeni esterni al Prodotto.<\/li>\n<li style=\"margin-bottom: 14px;\">f) La Garanzia Convenzionale \u00e8 inefficace e non offre copertura per danni diretti o indiretti causati da utilizzo improprio, o negligente del Prodotti ovvero in caso di installazione o conservazione del Prodotto al di fuori delle condizioni ambientali previste per il suo corretto funzionamento, come indicato dal manuale d\u2019uso che accompagna il Prodotto.<\/li>\n<li style=\"margin-bottom: 14px;\">g) La Garanzia Convenzionale \u00e8 inefficace e non offre copertura per i difetti che derivano dall\u2019imperfetta installazione del Prodotto o, in ogni caso, quando il Prodotto non \u00e8 stato installato da installatore professionale munito di tutte le licenze e certificazioni di legge.<\/li>\n<li style=\"margin-bottom: 14px;\">h) La Garanzia Convenzionale \u00e8 inefficace e non offre copertura in caso di utilizzo del Prodotto non conforme rispetto a quanto indicato dal manuale d\u2019uso che accompagna il Prodotto.<\/li>\n<li style=\"margin-bottom: 14px;\">i) La Garanzia Convenzionale \u00e8 inefficace e non offre copertura per danni conseguenti a perdite e fuoriuscite di acqua o altri liquidi imputabili a difetto dei componenti costitutivi il prodotto.<\/li>\n<li style=\"margin-bottom: 14px;\">j) La Garanzia Convenzionale \u00e8 inefficace e non offre copertura per danni diretti o indiretti causati da incuria, eventi atmosferici, caduta di materiali, accumulo di ghiaccio nelle unit\u00e0 del Prodotto, accumulo di impurit\u00e0 o residui nelle tubazioni di collegamento e allacciamento del Prodotto, contatto del Prodotto con liquidi o umidit\u00e0.<\/li>\n<li style=\"margin-bottom: 14px;\">k) La Garanzia Convenzionale \u00e8 inefficace e non offre copertura per danni diretti o indiretti causati da manomissioni operate da personale non autorizzato e da utilizzo di componenti, ricambi o materiali di consumo non approvati da Midea come idonei.<\/li>\n<li style=\"margin-bottom: 14px;\">l) La Garanzia Convenzionale \u00e8 inefficace e non offre copertura per danni derivanti dal trasporto e dalla movimentazione del Prodotto, anche se contestati al vettore al momento della consegna.<\/li>\n<li style=\"margin-bottom: 14px;\">m) La Garanzia Convenzionale \u00e8 inefficace e non offre copertura su tutte parti soggette ad usura a seguito dell\u2019utilizzo, quali batterie, filtri, guarnizioni, pulsanti, porte e sportelli, manopole, lampade, maniglie, parti plastiche, accessori e componenti simili che non risultino affetti da vizi o difetti di fabbricazione riscontrati nei primi 7 giorni dalla data di acquisto o di consegna del Prodotto.<\/li>\n<li style=\"margin-bottom: 14px;\">n) La Garanzia Convenzionale \u00e8 inefficace e non offre copertura per danni o risarcimenti ad alimenti, indumenti e similari inseriti nel prodotto, a seguito di malfunzionamento o guasto dello stesso.<\/li>\n<li style=\"margin-bottom: 14px;\">o) La Garanzia Convenzionale \u00e8 inefficace e non offre copertura per costi per strumenti o servizi necessari all\u2019accesso al Prodotto, o per il trasporto di parti o componenti del Prodotto nella posizione di installazione in caso di non agevole accesso garantito allo stesso.<\/li>\n<li style=\"margin-bottom: 14px;\">p) La Garanzia Convenzionale \u00e8 inefficace e non offre copertura per difetti imputabili a obsolescenza tecnologica o altre componenti software\/hardware fornite da parti terze rispetto a Midea.<\/li>\n<\/ul>\n<p>[\/et_pb_text][\/et_pb_column][\/et_pb_row][\/et_pb_section]<\/p>\n","protected":false},"excerpt":{"rendered":"<p>Condizioni di garanzia convenzionale aggiuntivaI prodotti importati da Midea Italia s.r.l. a socio unico con sede a Milano, 20158, Viale Luigi Bodio 29\/37 (di seguito \u201cMidea\u201d) e contraddistinti dal marchio \u201cTEKA\u201d sono coperti dalla garanzia legale per i difetti di conformit\u00e0, che \u00e8 prevista agli articoli 128 &#8211; 135 del Codice del Consumo e di [&hellip;]<\/p>\n","protected":false},"author":9,"featured_media":145982,"parent":5193,"menu_order":0,"comment_status":"closed","ping_status":"closed","template":"","meta":{"_acf_changed":false,"_et_pb_use_builder":"on","_et_pb_old_content":"","_et_gb_content_width":"","footnotes":""},"class_list":["post-23564","page","type-page","status-publish","has-post-thumbnail","hentry"],"acf":[],"yoast_head":"<!-- This site is optimized with the Yoast SEO plugin v27.5 - https:\/\/yoast.com\/product\/yoast-seo-wordpress\/ -->\n<title>Condizioni di garanzia convenzionale aggiuntiva | Teka Italia<\/title>\n<meta name=\"description\" content=\"Scopri i termini e le condizioni di garanzia di Teka, la copertura e le esclusioni. Per qualsiasi domanda, contattaci.\" \/>\n<meta name=\"robots\" content=\"index, follow, max-snippet:-1, max-image-preview:large, max-video-preview:-1\" \/>\n<link rel=\"canonical\" href=\"https:\/\/www.teka.com\/it-it\/supporto\/garanzia-convenzionale-aggiuntiva\/\" \/>\n<meta property=\"og:locale\" content=\"it_IT\" \/>\n<meta property=\"og:type\" content=\"article\" \/>\n<meta property=\"og:title\" content=\"Condizioni di garanzia convenzionale aggiuntiva | Teka Italia\" \/>\n<meta property=\"og:description\" content=\"Scopri i termini e le condizioni di garanzia di Teka, la copertura e le esclusioni. Per qualsiasi domanda, contattaci.\" \/>\n<meta property=\"og:url\" content=\"https:\/\/www.teka.com\/it-it\/supporto\/garanzia-convenzionale-aggiuntiva\/\" \/>\n<meta property=\"og:site_name\" content=\"Teka Italia\" \/>\n<meta property=\"article:modified_time\" content=\"2026-02-11T10:12:22+00:00\" \/>\n<meta property=\"og:image\" content=\"https:\/\/www.teka.com\/it-it\/wp-content\/uploads\/sites\/137\/2025\/06\/Teka-Global-SAT-Original-Spare-Parts-Main-Banner.webp\" \/>\n\t<meta property=\"og:image:width\" content=\"500\" \/>\n\t<meta property=\"og:image:height\" content=\"427\" \/>\n\t<meta property=\"og:image:type\" content=\"image\/webp\" \/>\n<meta name=\"twitter:card\" content=\"summary_large_image\" \/>\n<meta name=\"twitter:label1\" content=\"Tempo di lettura stimato\" \/>\n\t<meta name=\"twitter:data1\" content=\"9 minuti\" \/>\n<script type=\"application\/ld+json\" class=\"yoast-schema-graph\">{\"@context\":\"https:\\\/\\\/schema.org\",\"@graph\":[{\"@type\":\"WebPage\",\"@id\":\"https:\\\/\\\/www.teka.com\\\/it-it\\\/supporto\\\/garanzia-convenzionale-aggiuntiva\\\/\",\"url\":\"https:\\\/\\\/www.teka.com\\\/it-it\\\/supporto\\\/garanzia-convenzionale-aggiuntiva\\\/\",\"name\":\"Condizioni di garanzia convenzionale aggiuntiva | Teka Italia\",\"isPartOf\":{\"@id\":\"https:\\\/\\\/www.teka.com\\\/it-it\\\/#website\"},\"primaryImageOfPage\":{\"@id\":\"https:\\\/\\\/www.teka.com\\\/it-it\\\/supporto\\\/garanzia-convenzionale-aggiuntiva\\\/#primaryimage\"},\"image\":{\"@id\":\"https:\\\/\\\/www.teka.com\\\/it-it\\\/supporto\\\/garanzia-convenzionale-aggiuntiva\\\/#primaryimage\"},\"thumbnailUrl\":\"https:\\\/\\\/www.teka.com\\\/it-it\\\/wp-content\\\/uploads\\\/sites\\\/137\\\/2025\\\/06\\\/Teka-Global-SAT-Original-Spare-Parts-Main-Banner.webp\",\"datePublished\":\"2018-09-24T15:55:57+00:00\",\"dateModified\":\"2026-02-11T10:12:22+00:00\",\"description\":\"Scopri i termini e le condizioni di garanzia di Teka, la copertura e le esclusioni. Per qualsiasi domanda, contattaci.\",\"breadcrumb\":{\"@id\":\"https:\\\/\\\/www.teka.com\\\/it-it\\\/supporto\\\/garanzia-convenzionale-aggiuntiva\\\/#breadcrumb\"},\"inLanguage\":\"it-IT\",\"potentialAction\":[{\"@type\":\"ReadAction\",\"target\":[\"https:\\\/\\\/www.teka.com\\\/it-it\\\/supporto\\\/garanzia-convenzionale-aggiuntiva\\\/\"]}]},{\"@type\":\"ImageObject\",\"inLanguage\":\"it-IT\",\"@id\":\"https:\\\/\\\/www.teka.com\\\/it-it\\\/supporto\\\/garanzia-convenzionale-aggiuntiva\\\/#primaryimage\",\"url\":\"https:\\\/\\\/www.teka.com\\\/it-it\\\/wp-content\\\/uploads\\\/sites\\\/137\\\/2025\\\/06\\\/Teka-Global-SAT-Original-Spare-Parts-Main-Banner.webp\",\"contentUrl\":\"https:\\\/\\\/www.teka.com\\\/it-it\\\/wp-content\\\/uploads\\\/sites\\\/137\\\/2025\\\/06\\\/Teka-Global-SAT-Original-Spare-Parts-Main-Banner.webp\",\"width\":500,\"height\":427},{\"@type\":\"BreadcrumbList\",\"@id\":\"https:\\\/\\\/www.teka.com\\\/it-it\\\/supporto\\\/garanzia-convenzionale-aggiuntiva\\\/#breadcrumb\",\"itemListElement\":[{\"@type\":\"ListItem\",\"position\":1,\"name\":\"Supporto\",\"item\":\"https:\\\/\\\/www.teka.com\\\/it-it\\\/supporto\\\/\"},{\"@type\":\"ListItem\",\"position\":2,\"name\":\"Garanzia convenzionale aggiuntiva\"}]},{\"@type\":\"WebSite\",\"@id\":\"https:\\\/\\\/www.teka.com\\\/it-it\\\/#website\",\"url\":\"https:\\\/\\\/www.teka.com\\\/it-it\\\/\",\"name\":\"Teka Italia\",\"description\":\"\",\"potentialAction\":[{\"@type\":\"SearchAction\",\"target\":{\"@type\":\"EntryPoint\",\"urlTemplate\":\"https:\\\/\\\/www.teka.com\\\/it-it\\\/?s={search_term_string}\"},\"query-input\":{\"@type\":\"PropertyValueSpecification\",\"valueRequired\":true,\"valueName\":\"search_term_string\"}}],\"inLanguage\":\"it-IT\"}]}<\/script>\n<!-- \/ Yoast SEO plugin. -->","yoast_head_json":{"title":"Condizioni di garanzia convenzionale aggiuntiva | Teka Italia","description":"Scopri i termini e le condizioni di garanzia di Teka, la copertura e le esclusioni. Per qualsiasi domanda, contattaci.","robots":{"index":"index","follow":"follow","max-snippet":"max-snippet:-1","max-image-preview":"max-image-preview:large","max-video-preview":"max-video-preview:-1"},"canonical":"https:\/\/www.teka.com\/it-it\/supporto\/garanzia-convenzionale-aggiuntiva\/","og_locale":"it_IT","og_type":"article","og_title":"Condizioni di garanzia convenzionale aggiuntiva | Teka Italia","og_description":"Scopri i termini e le condizioni di garanzia di Teka, la copertura e le esclusioni. Per qualsiasi domanda, contattaci.","og_url":"https:\/\/www.teka.com\/it-it\/supporto\/garanzia-convenzionale-aggiuntiva\/","og_site_name":"Teka Italia","article_modified_time":"2026-02-11T10:12:22+00:00","og_image":[{"width":500,"height":427,"url":"https:\/\/www.teka.com\/it-it\/wp-content\/uploads\/sites\/137\/2025\/06\/Teka-Global-SAT-Original-Spare-Parts-Main-Banner.webp","type":"image\/webp"}],"twitter_card":"summary_large_image","twitter_misc":{"Tempo di lettura stimato":"9 minuti"},"schema":{"@context":"https:\/\/schema.org","@graph":[{"@type":"WebPage","@id":"https:\/\/www.teka.com\/it-it\/supporto\/garanzia-convenzionale-aggiuntiva\/","url":"https:\/\/www.teka.com\/it-it\/supporto\/garanzia-convenzionale-aggiuntiva\/","name":"Condizioni di garanzia convenzionale aggiuntiva | Teka Italia","isPartOf":{"@id":"https:\/\/www.teka.com\/it-it\/#website"},"primaryImageOfPage":{"@id":"https:\/\/www.teka.com\/it-it\/supporto\/garanzia-convenzionale-aggiuntiva\/#primaryimage"},"image":{"@id":"https:\/\/www.teka.com\/it-it\/supporto\/garanzia-convenzionale-aggiuntiva\/#primaryimage"},"thumbnailUrl":"https:\/\/www.teka.com\/it-it\/wp-content\/uploads\/sites\/137\/2025\/06\/Teka-Global-SAT-Original-Spare-Parts-Main-Banner.webp","datePublished":"2018-09-24T15:55:57+00:00","dateModified":"2026-02-11T10:12:22+00:00","description":"Scopri i termini e le condizioni di garanzia di Teka, la copertura e le esclusioni. Per qualsiasi domanda, contattaci.","breadcrumb":{"@id":"https:\/\/www.teka.com\/it-it\/supporto\/garanzia-convenzionale-aggiuntiva\/#breadcrumb"},"inLanguage":"it-IT","potentialAction":[{"@type":"ReadAction","target":["https:\/\/www.teka.com\/it-it\/supporto\/garanzia-convenzionale-aggiuntiva\/"]}]},{"@type":"ImageObject","inLanguage":"it-IT","@id":"https:\/\/www.teka.com\/it-it\/supporto\/garanzia-convenzionale-aggiuntiva\/#primaryimage","url":"https:\/\/www.teka.com\/it-it\/wp-content\/uploads\/sites\/137\/2025\/06\/Teka-Global-SAT-Original-Spare-Parts-Main-Banner.webp","contentUrl":"https:\/\/www.teka.com\/it-it\/wp-content\/uploads\/sites\/137\/2025\/06\/Teka-Global-SAT-Original-Spare-Parts-Main-Banner.webp","width":500,"height":427},{"@type":"BreadcrumbList","@id":"https:\/\/www.teka.com\/it-it\/supporto\/garanzia-convenzionale-aggiuntiva\/#breadcrumb","itemListElement":[{"@type":"ListItem","position":1,"name":"Supporto","item":"https:\/\/www.teka.com\/it-it\/supporto\/"},{"@type":"ListItem","position":2,"name":"Garanzia convenzionale aggiuntiva"}]},{"@type":"WebSite","@id":"https:\/\/www.teka.com\/it-it\/#website","url":"https:\/\/www.teka.com\/it-it\/","name":"Teka Italia","description":"","potentialAction":[{"@type":"SearchAction","target":{"@type":"EntryPoint","urlTemplate":"https:\/\/www.teka.com\/it-it\/?s={search_term_string}"},"query-input":{"@type":"PropertyValueSpecification","valueRequired":true,"valueName":"search_term_string"}}],"inLanguage":"it-IT"}]}},"_links":{"self":[{"href":"https:\/\/www.teka.com\/it-it\/wp-json\/wp\/v2\/pages\/23564","targetHints":{"allow":["GET"]}}],"collection":[{"href":"https:\/\/www.teka.com\/it-it\/wp-json\/wp\/v2\/pages"}],"about":[{"href":"https:\/\/www.teka.com\/it-it\/wp-json\/wp\/v2\/types\/page"}],"author":[{"embeddable":true,"href":"https:\/\/www.teka.com\/it-it\/wp-json\/wp\/v2\/users\/9"}],"replies":[{"embeddable":true,"href":"https:\/\/www.teka.com\/it-it\/wp-json\/wp\/v2\/comments?post=23564"}],"version-history":[{"count":51,"href":"https:\/\/www.teka.com\/it-it\/wp-json\/wp\/v2\/pages\/23564\/revisions"}],"predecessor-version":[{"id":149699,"href":"https:\/\/www.teka.com\/it-it\/wp-json\/wp\/v2\/pages\/23564\/revisions\/149699"}],"up":[{"embeddable":true,"href":"https:\/\/www.teka.com\/it-it\/wp-json\/wp\/v2\/pages\/5193"}],"wp:featuredmedia":[{"embeddable":true,"href":"https:\/\/www.teka.com\/it-it\/wp-json\/wp\/v2\/media\/145982"}],"wp:attachment":[{"href":"https:\/\/www.teka.com\/it-it\/wp-json\/wp\/v2\/media?parent=23564"}],"curies":[{"name":"wp","href":"https:\/\/api.w.org\/{rel}","templated":true}]}}