{"id":56196,"date":"2026-04-07T19:50:50","date_gmt":"2026-04-07T19:50:50","guid":{"rendered":"https:\/\/teka.com\/nl-be\/diamond-rs15-1b-1d-86-auto_115100011"},"modified":"2026-03-14T05:44:25","modified_gmt":"2026-03-14T06:44:25","slug":"diamond-rs15-1b-1d-86-auto_115100011","status":"publish","type":"product","link":"https:\/\/www.teka.com\/nl-nl\/product\/diamond-rs15-1b-1d-86-auto_115100011\/","title":{"rendered":"Diamond RS15 1B 1D 86 AUTO"},"content":{"rendered":"<ul>\n<li>Diamond Series<\/li>\n<li>Spoelbak van roestvrij staal en glas<\/li>\n<li>E\u00e9n spoelbak en \u00e9\u00e9n afdruipgedeelte<\/li>\n<li>Gehard veiligheidsglas met afgeschuinde randen<\/li>\n<li>Inbouw installatie<\/li>\n<li>Gemakkelijk te reinigen radius R15 hoeken<\/li>\n<li>3\u00bd&quot; SQ automatische korfafvoer met sifon<\/li>\n<li>Decoratieve SQ afdekking<\/li>\n<li>SilentSmart, 50% minder geluid<\/li>\n<li>200 mm diepe kom<\/li>\n<li>50 cm onderkast geschikt<\/li>\n<\/ul>\n","protected":false},"featured_media":0,"parent":0,"template":"","product_cat":[3320],"product_cleaning_system":[],"product_3rd_basket":[],"product_drawers":[],"product_type_of_installation":[381041],"product_edition":[],"product_serie":[],"product_features":[],"finishes":[],"product_bundles":[],"product_energy_efficiency":[],"product_video_training":[],"class_list":["post-56196","product","type-product","status-publish","hentry","product_cat-spoelbakken","usp-sinks-02","usp-sinks-04","usp-sinks-05","usp-sinks-06","usp-diamond-01","color-zwart-glas","product_type_of_appliance-crystal","product_ambient-urban-colors-01","product_ambient-urban-colors-02","product_ambient-urban-colors-03","product_icons-lifetime-warrantysilentsmart","product_icons-200mm","product_icons-hygiene","product_icons-r15","product_type_of_installation-ingebouwd"],"acf":[],"yoast_head":"<!-- This site is optimized with the Yoast SEO plugin v27.2 - https:\/\/yoast.com\/product\/yoast-seo-wordpress\/ -->\n<title>Diamond RS15 1B 1D 86 AUTO | Teka Netherlands<\/title>\n<meta name=\"robots\" content=\"index, follow, max-snippet:-1, max-image-preview:large, max-video-preview:-1\" \/>\n<link rel=\"canonical\" href=\"https:\/\/www.teka.com\/nl-nl\/product\/diamond-rs15-1b-1d-86-auto_115100011\/\" \/>\n<meta property=\"og:locale\" content=\"nl_NL\" \/>\n<meta property=\"og:type\" content=\"article\" \/>\n<meta property=\"og:title\" content=\"Diamond RS15 1B 1D 86 AUTO | Teka Netherlands\" \/>\n<meta property=\"og:description\" content=\"Diamond Series Spoelbak van roestvrij staal en glas E\u00e9n spoelbak en \u00e9\u00e9n afdruipgedeelte Gehard veiligheidsglas met afgeschuinde randen Inbouw installatie Gemakkelijk te reinigen radius R15 hoeken 3\u00bd&quot; SQ automatische korfafvoer met sifon Decoratieve SQ afdekking SilentSmart, 50% minder geluid 200 mm diepe kom 50 cm onderkast geschikt\" \/>\n<meta property=\"og:url\" content=\"https:\/\/www.teka.com\/nl-nl\/product\/diamond-rs15-1b-1d-86-auto_115100011\/\" \/>\n<meta property=\"og:site_name\" content=\"Teka Netherlands\" \/>\n<meta name=\"twitter:card\" content=\"summary_large_image\" \/>\n<script type=\"application\/ld+json\" class=\"yoast-schema-graph\">{\"@context\":\"https:\/\/schema.org\",\"@graph\":[{\"@type\":\"WebPage\",\"@id\":\"https:\/\/www.teka.com\/nl-nl\/product\/diamond-rs15-1b-1d-86-auto_115100011\/\",\"url\":\"https:\/\/www.teka.com\/nl-nl\/product\/diamond-rs15-1b-1d-86-auto_115100011\/\",\"name\":\"Diamond RS15 1B 1D 86 AUTO | Teka Netherlands\",\"isPartOf\":{\"@id\":\"https:\/\/www.teka.com\/nl-nl\/#website\"},\"datePublished\":\"2026-04-07T19:50:50+00:00\",\"inLanguage\":\"nl-NL\",\"potentialAction\":[{\"@type\":\"ReadAction\",\"target\":[\"https:\/\/www.teka.com\/nl-nl\/product\/diamond-rs15-1b-1d-86-auto_115100011\/\"]}]},{\"@type\":\"WebSite\",\"@id\":\"https:\/\/www.teka.com\/nl-nl\/#website\",\"url\":\"https:\/\/www.teka.com\/nl-nl\/\",\"name\":\"Teka Netherlands\",\"description\":\"\",\"potentialAction\":[{\"@type\":\"SearchAction\",\"target\":{\"@type\":\"EntryPoint\",\"urlTemplate\":\"https:\/\/www.teka.com\/nl-nl\/?s={search_term_string}\"},\"query-input\":{\"@type\":\"PropertyValueSpecification\",\"valueRequired\":true,\"valueName\":\"search_term_string\"}}],\"inLanguage\":\"nl-NL\"}]}<\/script>\n<!-- \/ Yoast SEO plugin. -->","yoast_head_json":{"title":"Diamond RS15 1B 1D 86 AUTO | Teka Netherlands","robots":{"index":"index","follow":"follow","max-snippet":"max-snippet:-1","max-image-preview":"max-image-preview:large","max-video-preview":"max-video-preview:-1"},"canonical":"https:\/\/www.teka.com\/nl-nl\/product\/diamond-rs15-1b-1d-86-auto_115100011\/","og_locale":"nl_NL","og_type":"article","og_title":"Diamond RS15 1B 1D 86 AUTO | Teka Netherlands","og_description":"Diamond Series Spoelbak van roestvrij staal en glas E\u00e9n spoelbak en \u00e9\u00e9n afdruipgedeelte Gehard veiligheidsglas met afgeschuinde randen Inbouw installatie Gemakkelijk te reinigen radius R15 hoeken 3\u00bd&quot; SQ automatische korfafvoer met sifon Decoratieve SQ afdekking SilentSmart, 50% minder geluid 200 mm diepe kom 50 cm onderkast geschikt","og_url":"https:\/\/www.teka.com\/nl-nl\/product\/diamond-rs15-1b-1d-86-auto_115100011\/","og_site_name":"Teka Netherlands","twitter_card":"summary_large_image","schema":{"@context":"https:\/\/schema.org","@graph":[{"@type":"WebPage","@id":"https:\/\/www.teka.com\/nl-nl\/product\/diamond-rs15-1b-1d-86-auto_115100011\/","url":"https:\/\/www.teka.com\/nl-nl\/product\/diamond-rs15-1b-1d-86-auto_115100011\/","name":"Diamond RS15 1B 1D 86 AUTO | Teka Netherlands","isPartOf":{"@id":"https:\/\/www.teka.com\/nl-nl\/#website"},"datePublished":"2026-04-07T19:50:50+00:00","inLanguage":"nl-NL","potentialAction":[{"@type":"ReadAction","target":["https:\/\/www.teka.com\/nl-nl\/product\/diamond-rs15-1b-1d-86-auto_115100011\/"]}]},{"@type":"WebSite","@id":"https:\/\/www.teka.com\/nl-nl\/#website","url":"https:\/\/www.teka.com\/nl-nl\/","name":"Teka Netherlands","description":"","potentialAction":[{"@type":"SearchAction","target":{"@type":"EntryPoint","urlTemplate":"https:\/\/www.teka.com\/nl-nl\/?s={search_term_string}"},"query-input":{"@type":"PropertyValueSpecification","valueRequired":true,"valueName":"search_term_string"}}],"inLanguage":"nl-NL"}]}},"_links":{"self":[{"href":"https:\/\/www.teka.com\/nl-nl\/wp-json\/wp\/v2\/product\/56196","targetHints":{"allow":["GET"]}}],"collection":[{"href":"https:\/\/www.teka.com\/nl-nl\/wp-json\/wp\/v2\/product"}],"about":[{"href":"https:\/\/www.teka.com\/nl-nl\/wp-json\/wp\/v2\/types\/product"}],"wp:attachment":[{"href":"https:\/\/www.teka.com\/nl-nl\/wp-json\/wp\/v2\/media?parent=56196"}],"wp:term":[{"taxonomy":"product_cat","embeddable":true,"href":"https:\/\/www.teka.com\/nl-nl\/wp-json\/wp\/v2\/product_cat?post=56196"},{"taxonomy":"product_cleaning_system","embeddable":true,"href":"https:\/\/www.teka.com\/nl-nl\/wp-json\/wp\/v2\/product_cleaning_system?post=56196"},{"taxonomy":"product_3rd_basket","embeddable":true,"href":"https:\/\/www.teka.com\/nl-nl\/wp-json\/wp\/v2\/product_3rd_basket?post=56196"},{"taxonomy":"product_drawers","embeddable":true,"href":"https:\/\/www.teka.com\/nl-nl\/wp-json\/wp\/v2\/product_drawers?post=56196"},{"taxonomy":"product_type_of_installation","embeddable":true,"href":"https:\/\/www.teka.com\/nl-nl\/wp-json\/wp\/v2\/product_type_of_installation?post=56196"},{"taxonomy":"product_edition","embeddable":true,"href":"https:\/\/www.teka.com\/nl-nl\/wp-json\/wp\/v2\/product_edition?post=56196"},{"taxonomy":"product_serie","embeddable":true,"href":"https:\/\/www.teka.com\/nl-nl\/wp-json\/wp\/v2\/product_serie?post=56196"},{"taxonomy":"product_features","embeddable":true,"href":"https:\/\/www.teka.com\/nl-nl\/wp-json\/wp\/v2\/product_features?post=56196"},{"taxonomy":"finishes","embeddable":true,"href":"https:\/\/www.teka.com\/nl-nl\/wp-json\/wp\/v2\/finishes?post=56196"},{"taxonomy":"product_bundles","embeddable":true,"href":"https:\/\/www.teka.com\/nl-nl\/wp-json\/wp\/v2\/product_bundles?post=56196"},{"taxonomy":"product_energy_efficiency","embeddable":true,"href":"https:\/\/www.teka.com\/nl-nl\/wp-json\/wp\/v2\/product_energy_efficiency?post=56196"},{"taxonomy":"product_video_training","embeddable":true,"href":"https:\/\/www.teka.com\/nl-nl\/wp-json\/wp\/v2\/product_video_training?post=56196"}],"curies":[{"name":"wp","href":"https:\/\/api.w.org\/{rel}","templated":true}]}}