{"id":21989,"date":"2018-09-11T07:58:22","date_gmt":"2018-09-11T07:58:22","guid":{"rendered":"http:\/\/teka.com\/?page_id=21989"},"modified":"2019-06-12T15:20:29","modified_gmt":"2019-06-12T15:20:29","slug":"about-us","status":"publish","type":"page","link":"https:\/\/www.teka.com\/pl-pl\/about-us\/","title":{"rendered":"O nas"},"content":{"rendered":"<p>[et_pb_section bb_built=&#8221;1&#8243; module_id=&#8221;teka-top&#8221; _builder_version=&#8221;3.19&#8243; background_image=&#8221;https:\/\/www.teka.com\/pl-pl\/wp-content\/uploads\/sites\/15\/2018\/11\/teka-slider-about-us-desktop.jpg&#8221; next_background_color=&#8221;#0e0e0e&#8221; global_module=&#8221;23211&#8243;][et_pb_row global_parent=&#8221;23211&#8243; _builder_version=&#8221;3.19&#8243; background_size=&#8221;initial&#8221; background_position=&#8221;top_left&#8221; background_repeat=&#8221;repeat&#8221;][et_pb_column type=&#8221;1_2&#8243;][et_pb_text admin_label=&#8221;Header Title&#8221; global_parent=&#8221;23211&#8243; _builder_version=&#8221;3.19&#8243; background_layout=&#8221;dark&#8221;]<\/p>\n<p>\u00a0<\/p>\n<p>\u00a0<\/p>\n<p>\u00a0<\/p>\n<h3><strong>Grupa Teka<\/strong>,<br \/>niemieckie korzenie.<\/h3>\n<p>\u00a0<\/p>\n<p>\u00a0<\/p>\n<p>\u00a0<\/p>\n<p>\u00a0<\/p>\n<p>\u00a0<\/p>\n<p>[\/et_pb_text][\/et_pb_column][et_pb_column type=&#8221;1_2&#8243;][\/et_pb_column][\/et_pb_row][\/et_pb_section][et_pb_section bb_built=&#8221;1&#8243; specialty=&#8221;off&#8221; prev_background_color=&#8221;#ffffff&#8221; _builder_version=&#8221;3.19&#8243; module_id=&#8221;teka-menu&#8221; background_color=&#8221;#0e0e0e&#8221; next_background_color=&#8221;#ffffff&#8221; global_module=&#8221;23212&#8243;][et_pb_row global_parent=&#8221;23212&#8243; background_position=&#8221;top_left&#8221; background_repeat=&#8221;repeat&#8221; background_size=&#8221;initial&#8221; _builder_version=&#8221;3.19&#8243;][et_pb_column type=&#8221;4_4&#8243;][et_pb_sidebar global_parent=&#8221;23212&#8243; _builder_version=&#8221;3.19&#8243; area=&#8221;et_pb_widget_area_7&#8243; background_layout=&#8221;dark&#8221; disabled=&#8221;off&#8221; disabled_on=&#8221;on|on|&#8221; \/][et_pb_sidebar admin_label=&#8221;Sidebar Tablet&#8221; global_parent=&#8221;23212&#8243; _builder_version=&#8221;3.19&#8243; area=&#8221;et_pb_widget_area_9&#8243; background_layout=&#8221;dark&#8221; disabled=&#8221;off&#8221; disabled_on=&#8221;on||on&#8221; \/][et_pb_sidebar admin_label=&#8221;Sidebar Mobile&#8221; global_parent=&#8221;23212&#8243; _builder_version=&#8221;3.19&#8243; area=&#8221;et_pb_widget_area_8&#8243; background_layout=&#8221;dark&#8221; disabled=&#8221;off&#8221; disabled_on=&#8221;|on|on&#8221; \/][\/et_pb_column][\/et_pb_row][\/et_pb_section][et_pb_section bb_built=&#8221;1&#8243; module_id=&#8221;about-us&#8221; _builder_version=&#8221;3.19&#8243; prev_background_color=&#8221;#0e0e0e&#8221; next_background_color=&#8221;#000000&#8243;][et_pb_row use_custom_width=&#8221;on&#8221; custom_padding=&#8221;32px|0px|32px|0px|false|false&#8221; _builder_version=&#8221;3.19&#8243; background_size=&#8221;initial&#8221; background_position=&#8221;top_left&#8221; background_repeat=&#8221;repeat&#8221; module_alignment=&#8221;center&#8221;][et_pb_column type=&#8221;4_4&#8243;][et_pb_text _builder_version=&#8221;3.19&#8243;]<\/p>\n<h1 style=\"text-align: center\"><span class=\"s1\">Tworzenie <b>wyj\u0105tkowych chwil<\/b><\/span><\/h1>\n<p>[\/et_pb_text][\/et_pb_column][\/et_pb_row][et_pb_row custom_padding=&#8221;24.9375px|0px|24px|0px|false|false&#8221; _builder_version=&#8221;3.19&#8243; background_size=&#8221;initial&#8221; background_position=&#8221;top_left&#8221; background_repeat=&#8221;repeat&#8221;][et_pb_column type=&#8221;4_4&#8243;][et_pb_text _builder_version=&#8221;3.19&#8243; max_width=&#8221;80%&#8221; module_alignment=&#8221;center&#8221;]<\/p>\n<p class=\"p1\" style=\"text-align: center\"><span class=\"s1\">We wszystkim, co robimy, \u0142\u0105czymy <strong>jako\u015b\u0107, u\u017cyteczno\u015b\u0107 i wydajno\u015b\u0107<\/strong>, aby osi\u0105gn\u0105\u0107 najlepsze rozwi\u0105zania dla Twojego domu. Naszym g\u0142\u00f3wnym celem jest tworzenie <b>niezapomnianych chwil<\/b>, kt\u00f3re mo\u017cesz dzieli\u0107 z najbli\u017cszymi.<\/span><\/p>\n<p>[\/et_pb_text][\/et_pb_column][\/et_pb_row][et_pb_row custom_padding=&#8221;24px|0px|24.9375px|0px|false|false&#8221; _builder_version=&#8221;3.0.48&#8243; background_size=&#8221;initial&#8221; background_position=&#8221;top_left&#8221; background_repeat=&#8221;repeat&#8221;][et_pb_column type=&#8221;4_4&#8243;][et_pb_divider color=&#8221;#b7b7b7&#8243; _builder_version=&#8221;3.19&#8243;]<\/p>\n<p>[\/et_pb_divider][et_pb_text _builder_version=&#8221;3.19&#8243;]<\/p>\n<h2 style=\"text-align: center\"><span class=\"s1\">Tw\u00f3j w\u0142asny przepis <strong>na<\/strong><b>\u00a0\u017cycie<\/b><\/span><\/h2>\n<p>[\/et_pb_text][\/et_pb_column][\/et_pb_row][et_pb_row _builder_version=&#8221;3.19&#8243; background_size=&#8221;initial&#8221; background_position=&#8221;top_left&#8221; background_repeat=&#8221;repeat&#8221;][et_pb_column type=&#8221;1_2&#8243;][et_pb_text _builder_version=&#8221;3.19&#8243;]<\/p>\n<p class=\"p1\"><span class=\"s1\">Kuchnia jest sercem Twojego domu. W Teka projektujemy urz\u0105dzenia b\u0119d\u0105ce dusz\u0105 Twojej kuchni. To w\u0142a\u015bnie tutaj gotuje si\u0119 \u017cycie i dziej\u0105 si\u0119 najlepsze chwile naszego \u017cycia.<\/span><\/p>\n<p class=\"p1\"><span class=\"s1\">Kuchnia to dla nas wi\u0119cej ni\u017c pomieszczenie, w kt\u00f3rym przygotowywane s\u0105 posi\u0142ki. To miejsce, gdzie mo\u017cna si\u0119 \u015bmia\u0107, marzy\u0107, wsp\u00f3\u0142tworzy\u0107, rozmawia\u0107, podejmowa\u0107 decyzje, dzieli\u0107 si\u0119 wiadomo\u015bciami, snu\u0107 plany \u017cycia. Jednym s\u0142owem to w kuchni prze\u017cywamy niezapomniane chwile.<\/span><\/p>\n<p class=\"p1\"><span class=\"s1\">Z tego w\u0142a\u015bnie powodu projektujemy i produkujemy urz\u0105dzenia, aby dostarcza\u0107 rozwi\u0105zania i prawdziwe innowacje do kuchni. Rozwi\u0105zania, kt\u00f3re pasuj\u0105 do Twojego stylu \u017cycia i harmonizuj\u0105 z Twoim domem.<\/span><\/p>\n<p class=\"p1\"><span class=\"s1\">Ka\u017cdego dnia pracujemy, aby lepiej zrozumie\u0107 Twoje potrzeby i wprowadzi\u0107 nowe rozwi\u0105zania, aby pom\u00f3c Ci odkrywa\u0107 nowe mo\u017cliwo\u015bci w kuchni.<\/span><\/p>\n<p>[\/et_pb_text][\/et_pb_column][et_pb_column type=&#8221;1_2&#8243;][et_pb_text _builder_version=&#8221;3.19&#8243;]<\/p>\n<p class=\"p1\"><span class=\"s1\">Nasza marka, stworzona w Niemczech, opiera si\u0119 na jako\u015bci, technologii oraz innowacji. Produkty Teka znane s\u0105 na ca\u0142ym \u015bwiecie ze swojej niezawodno\u015bci, wydajno\u015bci i precyzji. Dzi\u015b, po prawie 100 latach historii, Teka stale pracuje nad tym, aby nada\u0107 wszystkim produktom najwy\u017csz\u0105\u00a0 funkcjonalno\u015b\u0107 i najlepsze wzornictwo, nieustannie d\u0105\u017c\u0105c do doskona\u0142o\u015b\u0107.<\/span><\/p>\n<p class=\"p1\"><span class=\"s1\">Nasze warto\u015bci, g\u0142\u0119boko zakorzenione w naszej firmie, s\u0105 jasne: uczciwo\u015b\u0107<\/span><span class=\"s1\">, hojno\u015b\u0107 i oryginalno\u015b\u0107. Oznacza to, \u017ce pracujemy dla Ciebie, zawsze stoj\u0105c po Twojej stronie, gotowi pomaga\u0107 Ci pokonywa\u0107 codzienne problemy dzi\u0119ki rozwi\u0105zaniom \u015bwiatowej jako\u015bci. Zadowolenie Klienta jest nasz\u0105 g\u0142\u00f3wn\u0105 trosk\u0105.<\/span><\/p>\n<p class=\"p1\"><span class=\"s1\">Od samego pocz\u0105tku d\u0105\u017cyli\u015bmy do uzyskania najwy\u017cszej jako\u015bci produkt\u00f3w, najnowocze\u015bniejszych i oryginalnych wzor\u00f3w oraz najlepszych innowacji za uczciw\u0105 cen\u0119.<\/span><\/p>\n<p>[\/et_pb_text][\/et_pb_column][\/et_pb_row][\/et_pb_section][et_pb_section bb_built=&#8221;1&#8243; module_id=&#8221;about-teka-teka-bottom&#8221; _builder_version=&#8221;3.19&#8243; custom_margin=&#8221;0px|||&#8221; custom_padding=&#8221;0px|||&#8221; prev_background_color=&#8221;#000000&#8243;][et_pb_row _builder_version=&#8221;3.19&#8243; background_size=&#8221;initial&#8221; background_position=&#8221;top_left&#8221; background_repeat=&#8221;repeat&#8221;][et_pb_column type=&#8221;4_4&#8243;][et_pb_text _builder_version=&#8221;3.19&#8243;]<\/p>\n<h2 style=\"text-align: center\">Nasze <strong>warto\u015bci<\/strong><\/h2>\n<p>[\/et_pb_text][\/et_pb_column][\/et_pb_row][et_pb_row _builder_version=&#8221;3.19&#8243; background_size=&#8221;initial&#8221; background_position=&#8221;top_left&#8221; background_repeat=&#8221;repeat&#8221;][et_pb_column type=&#8221;1_3&#8243;][et_pb_text admin_label=&#8221;Imagen + titulo&#8221; _builder_version=&#8221;3.19&#8243; background_image=&#8221;https:\/\/www.teka.com\/pl-pl\/wp-content\/uploads\/sites\/15\/2018\/12\/teka-honesty-270&#215;270.jpg&#8221; text_orientation=&#8221;center&#8221; background_layout=&#8221;dark&#8221; module_class=&#8221;our-values-img&#8221;]<\/p>\n<h3 style=\"text-align: center\">Uczciwo\u015b\u0107<\/h3>\n<p>[\/et_pb_text][et_pb_image src=&#8221;https:\/\/www.teka.com\/pl-pl\/wp-content\/uploads\/sites\/15\/2018\/11\/teka-honesty.jpg&#8221; align=&#8221;center&#8221; _builder_version=&#8221;3.17.6&#8243; disabled_on=&#8221;on|on|on&#8221; disabled=&#8221;on&#8221;]<\/p>\n<p>[\/et_pb_image][et_pb_text admin_label=&#8221;Honesty &#8211; Text&#8221; module_class=&#8221;sobre-teka-ingredientes&#8221; _builder_version=&#8221;3.19&#8243;]<\/p>\n<p class=\"p1\" style=\"text-align: center\"><strong><span class=\"s1\">Jeste\u015bmy po Twojej stronie<\/span><\/strong><\/p>\n<p style=\"text-align: center\">Nawi\u0105zujemy z naszymi Klientami odpowiedzialny, jasny i przejrzysty dialog. Teka jest blisko Ciebie, rozumie Twoje potrzeby i umo\u017cliwia Ci odkrywanie nowych mo\u017cliwo\u015bci w kuchni.<\/p>\n<p>[\/et_pb_text][\/et_pb_column][et_pb_column type=&#8221;1_3&#8243;][et_pb_text admin_label=&#8221;Imagen + titulo&#8221; _builder_version=&#8221;3.19&#8243; background_image=&#8221;https:\/\/www.teka.com\/pl-pl\/wp-content\/uploads\/sites\/15\/2018\/12\/teka-generosity-270&#215;270.jpg&#8221; text_orientation=&#8221;center&#8221; background_layout=&#8221;dark&#8221; module_class=&#8221;our-values-img&#8221;]<\/p>\n<h3 style=\"text-align: center\">Hojno\u015b\u0107<\/h3>\n<p>[\/et_pb_text][et_pb_image src=&#8221;https:\/\/www.teka.com\/pl-pl\/wp-content\/uploads\/sites\/15\/2018\/11\/teka-generosity.jpg&#8221; align=&#8221;center&#8221; _builder_version=&#8221;3.17.6&#8243; disabled_on=&#8221;on|on|on&#8221; disabled=&#8221;on&#8221;]<\/p>\n<p>[\/et_pb_image][et_pb_text admin_label=&#8221;Generosity &#8211; Text&#8221; module_class=&#8221;sobre-teka-ingredientes&#8221; _builder_version=&#8221;3.19&#8243;]<\/p>\n<p style=\"text-align: center\"><strong>Oferujemy wi\u0119cej<\/strong><\/p>\n<p class=\"p1\" style=\"text-align: center\"><span class=\"s1\">Koncentrujemy si\u0119 na tym, co prawdziwe oraz istotne: naszym celem jest przekszta\u0142cenie tego, co funkcjonalne, w czynnik ludzki. Dlatego oferujemy wyj\u0105tkow\u0105 technologi\u0119, innowacyjno\u015b\u0107 i oryginalne wzornictwo po uczciwych cenach.<\/span><\/p>\n<p class=\"p1\" style=\"text-align: center\"><span class=\"s1\">\u0141\u0105czymy domowe historie z naszym dziedzictwem najlepszych rozwi\u0105za\u0144, nadaj\u0105c kuchni odpowiedni klimat. Z drugiej strony tworzymy idealn\u0105 atmosfer\u0119, by\u015b m\u00f3g\u0142 prze\u017cywa\u0107 niezapomniane chwile, dla kt\u00f3rych warto \u017cy\u0107.<\/span><\/p>\n<p>[\/et_pb_text][\/et_pb_column][et_pb_column type=&#8221;1_3&#8243;][et_pb_text admin_label=&#8221;Imagen + titulo&#8221; _builder_version=&#8221;3.19&#8243; background_image=&#8221;https:\/\/www.teka.com\/pl-pl\/wp-content\/uploads\/sites\/15\/2018\/12\/teka-originality-270&#215;270.jpg&#8221; text_orientation=&#8221;center&#8221; background_layout=&#8221;dark&#8221; module_class=&#8221;our-values-img&#8221;]<\/p>\n<h3 style=\"text-align: center\">Oryginalno\u015b\u0107<\/h3>\n<p>[\/et_pb_text][et_pb_image src=&#8221;https:\/\/www.teka.com\/pl-pl\/wp-content\/uploads\/sites\/15\/2018\/11\/teka-originality.jpg&#8221; align=&#8221;center&#8221; _builder_version=&#8221;3.17.6&#8243; disabled_on=&#8221;on|on|on&#8221; disabled=&#8221;on&#8221;]<\/p>\n<p>[\/et_pb_image][et_pb_text admin_label=&#8221;Originality &#8211; Text&#8221; module_class=&#8221;sobre-teka-ingredientes&#8221; _builder_version=&#8221;3.19&#8243;]<\/p>\n<p style=\"text-align: center\"><strong>Twoja alternatywa<\/strong><\/p>\n<p class=\"p1\" style=\"text-align: center\"><span class=\"s1\">\u00a0Wywo\u0142ujemy emocje oraz preferencje dzi\u0119ki wyj\u0105tkowemu sposobowi tworzenia. Naszym celem jest nawi\u0105zywanie dialogu z lud\u017ami poprzez tworzenie niezapomnianych prze\u017cy\u0107 dzi\u0119ki funkcjonalnym oraz innowacyjnym produkt\u00f3w daleko wykraczaj\u0105cym poza standardy.\u00a0 <\/span><\/p>\n<p class=\"p1\" style=\"text-align: center\"><span class=\"s1\">Dla nas inspiracja jest w\u0142a\u015bciw\u0105 drog\u0105, by Teka sta\u0142a si\u0119 Twoj\u0105 ulubion\u0105 mark\u0105, idealn\u0105 alternatyw\u0105 stworzon\u0105 dla Ciebie.<\/span><\/p>\n<p>[\/et_pb_text][\/et_pb_column][\/et_pb_row][\/et_pb_section]<\/p>\n","protected":false},"excerpt":{"rendered":"<p>\u00a0 \u00a0 \u00a0 Grupa Teka,niemieckie korzenie. \u00a0 \u00a0 \u00a0 \u00a0 \u00a0 Tworzenie wyj\u0105tkowych chwil We wszystkim, co robimy, \u0142\u0105czymy jako\u015b\u0107, u\u017cyteczno\u015b\u0107 i wydajno\u015b\u0107, aby osi\u0105gn\u0105\u0107 najlepsze rozwi\u0105zania dla Twojego domu. Naszym g\u0142\u00f3wnym celem jest tworzenie niezapomnianych chwil, kt\u00f3re mo\u017cesz dzieli\u0107 z najbli\u017cszymi. Tw\u00f3j w\u0142asny przepis na\u00a0\u017cycie Kuchnia jest sercem Twojego domu. W Teka projektujemy urz\u0105dzenia [&hellip;]<\/p>\n","protected":false},"author":9,"featured_media":0,"parent":0,"menu_order":0,"comment_status":"closed","ping_status":"closed","template":"","meta":{"_acf_changed":false,"_et_pb_use_builder":"on","_et_pb_old_content":"","_et_gb_content_width":"","footnotes":""},"class_list":["post-21989","page","type-page","status-publish","hentry"],"acf":[],"yoast_head":"<!-- This site is optimized with the Yoast SEO plugin v27.5 - https:\/\/yoast.com\/product\/yoast-seo-wordpress\/ -->\n<title>Teka: Cook your way to life | Grupa Teka i jej warto\u015bci<\/title>\n<meta name=\"description\" content=\"Our trademark, born in Germany, relies on quality, technology and innovation. Teka products are known worldwide for their reliability, efficiency and...\" \/>\n<meta name=\"robots\" content=\"index, follow, max-snippet:-1, max-image-preview:large, max-video-preview:-1\" \/>\n<link rel=\"canonical\" href=\"https:\/\/www.teka.com\/pl-pl\/about-us\/\" \/>\n<meta property=\"og:locale\" content=\"pl_PL\" \/>\n<meta property=\"og:type\" content=\"article\" \/>\n<meta property=\"og:title\" content=\"Teka: Cook your way to life | Grupa Teka i jej warto\u015bci\" \/>\n<meta property=\"og:description\" content=\"Our trademark, born in Germany, relies on quality, technology and innovation. Teka products are known worldwide for their reliability, efficiency and...\" \/>\n<meta property=\"og:url\" content=\"https:\/\/www.teka.com\/pl-pl\/about-us\/\" \/>\n<meta property=\"og:site_name\" content=\"Teka Polska\" \/>\n<meta property=\"article:modified_time\" content=\"2019-06-12T15:20:29+00:00\" \/>\n<meta name=\"twitter:card\" content=\"summary_large_image\" \/>\n<meta name=\"twitter:label1\" content=\"Szacowany czas czytania\" \/>\n\t<meta name=\"twitter:data1\" content=\"6 minut\" \/>\n<script type=\"application\/ld+json\" class=\"yoast-schema-graph\">{\"@context\":\"https:\\\/\\\/schema.org\",\"@graph\":[{\"@type\":\"WebPage\",\"@id\":\"https:\\\/\\\/www.teka.com\\\/pl-pl\\\/about-us\\\/\",\"url\":\"https:\\\/\\\/www.teka.com\\\/pl-pl\\\/about-us\\\/\",\"name\":\"Teka: Cook your way to life | Grupa Teka i jej warto\u015bci\",\"isPartOf\":{\"@id\":\"https:\\\/\\\/www.teka.com\\\/pl-pl\\\/#website\"},\"datePublished\":\"2018-09-11T07:58:22+00:00\",\"dateModified\":\"2019-06-12T15:20:29+00:00\",\"description\":\"Our trademark, born in Germany, relies on quality, technology and innovation. Teka products are known worldwide for their reliability, efficiency and...\",\"inLanguage\":\"pl-PL\",\"potentialAction\":[{\"@type\":\"ReadAction\",\"target\":[\"https:\\\/\\\/www.teka.com\\\/pl-pl\\\/about-us\\\/\"]}]},{\"@type\":\"WebSite\",\"@id\":\"https:\\\/\\\/www.teka.com\\\/pl-pl\\\/#website\",\"url\":\"https:\\\/\\\/www.teka.com\\\/pl-pl\\\/\",\"name\":\"Teka Polska\",\"description\":\"Tw\u00f3j przepis na \u017cycie\",\"potentialAction\":[{\"@type\":\"SearchAction\",\"target\":{\"@type\":\"EntryPoint\",\"urlTemplate\":\"https:\\\/\\\/www.teka.com\\\/pl-pl\\\/?s={search_term_string}\"},\"query-input\":{\"@type\":\"PropertyValueSpecification\",\"valueRequired\":true,\"valueName\":\"search_term_string\"}}],\"inLanguage\":\"pl-PL\"}]}<\/script>\n<!-- \/ Yoast SEO plugin. -->","yoast_head_json":{"title":"Teka: Cook your way to life | Grupa Teka i jej warto\u015bci","description":"Our trademark, born in Germany, relies on quality, technology and innovation. Teka products are known worldwide for their reliability, efficiency and...","robots":{"index":"index","follow":"follow","max-snippet":"max-snippet:-1","max-image-preview":"max-image-preview:large","max-video-preview":"max-video-preview:-1"},"canonical":"https:\/\/www.teka.com\/pl-pl\/about-us\/","og_locale":"pl_PL","og_type":"article","og_title":"Teka: Cook your way to life | Grupa Teka i jej warto\u015bci","og_description":"Our trademark, born in Germany, relies on quality, technology and innovation. Teka products are known worldwide for their reliability, efficiency and...","og_url":"https:\/\/www.teka.com\/pl-pl\/about-us\/","og_site_name":"Teka Polska","article_modified_time":"2019-06-12T15:20:29+00:00","twitter_card":"summary_large_image","twitter_misc":{"Szacowany czas czytania":"6 minut"},"schema":{"@context":"https:\/\/schema.org","@graph":[{"@type":"WebPage","@id":"https:\/\/www.teka.com\/pl-pl\/about-us\/","url":"https:\/\/www.teka.com\/pl-pl\/about-us\/","name":"Teka: Cook your way to life | Grupa Teka i jej warto\u015bci","isPartOf":{"@id":"https:\/\/www.teka.com\/pl-pl\/#website"},"datePublished":"2018-09-11T07:58:22+00:00","dateModified":"2019-06-12T15:20:29+00:00","description":"Our trademark, born in Germany, relies on quality, technology and innovation. Teka products are known worldwide for their reliability, efficiency and...","inLanguage":"pl-PL","potentialAction":[{"@type":"ReadAction","target":["https:\/\/www.teka.com\/pl-pl\/about-us\/"]}]},{"@type":"WebSite","@id":"https:\/\/www.teka.com\/pl-pl\/#website","url":"https:\/\/www.teka.com\/pl-pl\/","name":"Teka Polska","description":"Tw\u00f3j przepis na \u017cycie","potentialAction":[{"@type":"SearchAction","target":{"@type":"EntryPoint","urlTemplate":"https:\/\/www.teka.com\/pl-pl\/?s={search_term_string}"},"query-input":{"@type":"PropertyValueSpecification","valueRequired":true,"valueName":"search_term_string"}}],"inLanguage":"pl-PL"}]}},"_links":{"self":[{"href":"https:\/\/www.teka.com\/pl-pl\/wp-json\/wp\/v2\/pages\/21989","targetHints":{"allow":["GET"]}}],"collection":[{"href":"https:\/\/www.teka.com\/pl-pl\/wp-json\/wp\/v2\/pages"}],"about":[{"href":"https:\/\/www.teka.com\/pl-pl\/wp-json\/wp\/v2\/types\/page"}],"author":[{"embeddable":true,"href":"https:\/\/www.teka.com\/pl-pl\/wp-json\/wp\/v2\/users\/9"}],"replies":[{"embeddable":true,"href":"https:\/\/www.teka.com\/pl-pl\/wp-json\/wp\/v2\/comments?post=21989"}],"version-history":[{"count":74,"href":"https:\/\/www.teka.com\/pl-pl\/wp-json\/wp\/v2\/pages\/21989\/revisions"}],"predecessor-version":[{"id":53390,"href":"https:\/\/www.teka.com\/pl-pl\/wp-json\/wp\/v2\/pages\/21989\/revisions\/53390"}],"wp:attachment":[{"href":"https:\/\/www.teka.com\/pl-pl\/wp-json\/wp\/v2\/media?parent=21989"}],"curies":[{"name":"wp","href":"https:\/\/api.w.org\/{rel}","templated":true}]}}