{"id":21991,"date":"2018-09-11T08:07:27","date_gmt":"2018-09-11T08:07:27","guid":{"rendered":"http:\/\/teka.com\/?page_id=21991"},"modified":"2019-06-12T15:28:44","modified_gmt":"2019-06-12T15:28:44","slug":"swiatowa-obecnosc","status":"publish","type":"page","link":"https:\/\/www.teka.com\/pl-pl\/about-us\/swiatowa-obecnosc\/","title":{"rendered":"\u015awiatowa obecno\u015b\u0107"},"content":{"rendered":"<p>[et_pb_section bb_built=&#8221;1&#8243; module_id=&#8221;teka-top&#8221; _builder_version=&#8221;3.19&#8243; background_image=&#8221;https:\/\/www.teka.com\/pl-pl\/wp-content\/uploads\/sites\/15\/2018\/11\/prueba.jpg&#8221; next_background_color=&#8221;#0e0e0e&#8221; global_module=&#8221;23211&#8243;][et_pb_row global_parent=&#8221;23211&#8243; _builder_version=&#8221;3.19&#8243; background_size=&#8221;initial&#8221; background_position=&#8221;top_left&#8221; background_repeat=&#8221;repeat&#8221;][et_pb_column type=&#8221;1_2&#8243;][et_pb_text admin_label=&#8221;Header Title&#8221; global_parent=&#8221;23211&#8243; _builder_version=&#8221;3.19&#8243; background_layout=&#8221;dark&#8221;]<\/p>\n<h3><strong>Grupa Teka<\/strong>,<br \/>niemieckie korzenie.<\/h3>\n<p>[\/et_pb_text][\/et_pb_column][et_pb_column type=&#8221;1_2&#8243;][\/et_pb_column][\/et_pb_row][\/et_pb_section][et_pb_section bb_built=&#8221;1&#8243; specialty=&#8221;off&#8221; prev_background_color=&#8221;#ffffff&#8221; _builder_version=&#8221;3.19&#8243; module_id=&#8221;teka-menu&#8221; background_color=&#8221;#0e0e0e&#8221; next_background_color=&#8221;#222222&#8243; global_module=&#8221;23212&#8243;][et_pb_row global_parent=&#8221;23212&#8243; background_position=&#8221;top_left&#8221; background_repeat=&#8221;repeat&#8221; background_size=&#8221;initial&#8221; _builder_version=&#8221;3.19&#8243;][et_pb_column type=&#8221;4_4&#8243;][et_pb_sidebar global_parent=&#8221;23212&#8243; _builder_version=&#8221;3.19&#8243; area=&#8221;et_pb_widget_area_7&#8243; background_layout=&#8221;dark&#8221; disabled=&#8221;off&#8221; disabled_on=&#8221;on|on|&#8221; \/][et_pb_sidebar admin_label=&#8221;Sidebar Tablet&#8221; global_parent=&#8221;23212&#8243; _builder_version=&#8221;3.19&#8243; area=&#8221;et_pb_widget_area_9&#8243; background_layout=&#8221;dark&#8221; disabled=&#8221;off&#8221; disabled_on=&#8221;on||on&#8221; \/][et_pb_sidebar admin_label=&#8221;Sidebar Mobile&#8221; global_parent=&#8221;23212&#8243; _builder_version=&#8221;3.19&#8243; area=&#8221;et_pb_widget_area_8&#8243; background_layout=&#8221;dark&#8221; disabled=&#8221;off&#8221; disabled_on=&#8221;|on|on&#8221; \/][\/et_pb_column][\/et_pb_row][\/et_pb_section][et_pb_section bb_built=&#8221;1&#8243; module_id=&#8221;presencia-internacional&#8221; _builder_version=&#8221;3.19&#8243; background_color=&#8221;#222222&#8243; prev_background_color=&#8221;#0e0e0e&#8221;][et_pb_row custom_width_percent=&#8221;90%&#8221; module_id=&#8221;worldwide-top&#8221; _builder_version=&#8221;3.14&#8243;][et_pb_column type=&#8221;1_3&#8243;][et_pb_text _builder_version=&#8221;3.19&#8243; background_layout=&#8221;dark&#8221;]<\/p>\n<h1>\u015awiatowa <strong>obecno\u015b\u0107<\/strong><\/h1>\n<p>[\/et_pb_text][\/et_pb_column][et_pb_column type=&#8221;2_3&#8243;][et_pb_text _builder_version=&#8221;3.19&#8243; background_layout=&#8221;dark&#8221;]<\/p>\n<p class=\"p1\"><span class=\"s1\">Teka jest obecna na pi\u0119ciu kontynentach, a jej produkty s\u0105 dost\u0119pne w ponad 120 krajach.<\/span><\/p>\n<p class=\"p1\"><span class=\"s1\">Firma posiada 15 fabryk w ca\u0142ej Europie, Azji i Ameryce, produkuj\u0105c ponad 15 milion\u00f3w urz\u0105dze\u0144 rocznie.<\/span><\/p>\n<p>[\/et_pb_text][\/et_pb_column][\/et_pb_row][et_pb_row module_id=&#8221;worldwide-map&#8221; _builder_version=&#8221;3.19&#8243; disabled=&#8221;off&#8221; disabled_on=&#8221;off|off|off&#8221;][et_pb_column type=&#8221;4_4&#8243;][et_pb_code _builder_version=&#8221;3.19&#8243; disabled=&#8221;on&#8221; disabled_on=&#8221;on|on|on&#8221;]<!-- [et_pb_line_break_holder] -->var worldwidePoints = {<!-- [et_pb_line_break_holder] --><!-- [et_pb_line_break_holder] --> 'Teka Spain&#8217;: {<!-- [et_pb_line_break_holder] --> 'address&#8217;: 'Calle Cajo 17<!\u2013- [et_pb_br_holder] -\u2013>Santander, Espa\u00f1a&#8217;,<!-- [et_pb_line_break_holder] --> 'mail&#8217;: 'mail@teka.com&#8217;,<!-- [et_pb_line_break_holder] --> 'top&#8217;: 267,<!-- [et_pb_line_break_holder] --> 'left&#8217;: 461<!-- [et_pb_line_break_holder] --> },<!-- [et_pb_line_break_holder] --><!-- [et_pb_line_break_holder] --> 'Teka Portugal&#8217;: {<!-- [et_pb_line_break_holder] --> 'address&#8217;: 'Calle Cajo 17<!\u2013- [et_pb_br_holder] -\u2013>Santander, Espa\u00f1a&#8217;,<!-- [et_pb_line_break_holder] --> 'mail&#8217;: 'mail@teka.com&#8217;,<!-- [et_pb_line_break_holder] --> 'top&#8217;: 281,<!-- [et_pb_line_break_holder] --> 'left&#8217;: 451<!-- [et_pb_line_break_holder] --> },<!-- [et_pb_line_break_holder] --><!-- [et_pb_line_break_holder] --> 'Teka Italia&#8217;: {<!-- [et_pb_line_break_holder] --> 'address&#8217;: 'Calle Cajo 17<!\u2013- [et_pb_br_holder] -\u2013>Santander, Italy&#8217;,<!-- [et_pb_line_break_holder] --> 'top&#8217;: 267,<!-- [et_pb_line_break_holder] --> 'left&#8217;: 512<!-- [et_pb_line_break_holder] --> },<!-- [et_pb_line_break_holder] --><!-- [et_pb_line_break_holder] -->&#8217;Teka Canada&#8217;:{<!-- [et_pb_line_break_holder] -->&#8217;address&#8217;: 'Lorem ipsum <!\u2013- [et_pb_br_holder] -\u2013> Canada&#8217;,<!-- [et_pb_line_break_holder] -->&#8217;mail&#8217;: 'example@teka.com&#8217;,<!-- [et_pb_line_break_holder] -->&#8217;top&#8217;: 220,<!-- [et_pb_line_break_holder] -->&#8217;left&#8217;: 170<!-- [et_pb_line_break_holder] -->},<!-- [et_pb_line_break_holder] --><!-- [et_pb_line_break_holder] -->&#8217;Teka Chile&#8217;:{<!-- [et_pb_line_break_holder] -->&#8217;address&#8217;: 'Lorem ipsum <!\u2013- [et_pb_br_holder] -\u2013> Chile&#8217;,<!-- [et_pb_line_break_holder] -->&#8217;mail&#8217;: 'example@teka.com&#8217;,<!-- [et_pb_line_break_holder] -->&#8217;top&#8217;: 520,<!-- [et_pb_line_break_holder] -->&#8217;left&#8217;: 265<!-- [et_pb_line_break_holder] -->},<!-- [et_pb_line_break_holder] --><!-- [et_pb_line_break_holder] -->&#8217;Teka Colombia&#8217;:{<!-- [et_pb_line_break_holder] -->&#8217;address&#8217;: 'Lorem ipsum <!\u2013- [et_pb_br_holder] -\u2013> Colombia&#8217;,<!-- [et_pb_line_break_holder] -->&#8217;mail&#8217;: 'example@teka.com&#8217;,<!-- [et_pb_line_break_holder] -->&#8217;top&#8217;: 390,<!-- [et_pb_line_break_holder] -->&#8217;left&#8217;: 260<!-- [et_pb_line_break_holder] -->},<!-- [et_pb_line_break_holder] -->};<!-- [et_pb_line_break_holder] -->[\/et_pb_code][\/et_pb_column][\/et_pb_row][\/et_pb_section]<\/p>\n","protected":false},"excerpt":{"rendered":"<p>Grupa Teka,niemieckie korzenie. \u015awiatowa obecno\u015b\u0107 Teka jest obecna na pi\u0119ciu kontynentach, a jej produkty s\u0105 dost\u0119pne w ponad 120 krajach. Firma posiada 15 fabryk w ca\u0142ej Europie, Azji i Ameryce, produkuj\u0105c ponad 15 milion\u00f3w urz\u0105dze\u0144 rocznie.<\/p>\n","protected":false},"author":9,"featured_media":0,"parent":21989,"menu_order":3,"comment_status":"closed","ping_status":"closed","template":"","meta":{"_acf_changed":false,"_et_pb_use_builder":"on","_et_pb_old_content":"","_et_gb_content_width":"","footnotes":""},"class_list":["post-21991","page","type-page","status-publish","hentry"],"acf":[],"yoast_head":"<!-- This site is optimized with the Yoast SEO plugin v27.2 - https:\/\/yoast.com\/product\/yoast-seo-wordpress\/ -->\n<title>\u015awiatowa obecno\u015b\u0107 | Teka na \u015bwiecie<\/title>\n<meta name=\"robots\" content=\"index, follow, max-snippet:-1, max-image-preview:large, max-video-preview:-1\" \/>\n<link rel=\"canonical\" href=\"https:\/\/www.teka.com\/pl-pl\/about-us\/swiatowa-obecnosc\/\" \/>\n<meta property=\"og:locale\" content=\"pl_PL\" \/>\n<meta property=\"og:type\" content=\"article\" \/>\n<meta property=\"og:title\" content=\"\u015awiatowa obecno\u015b\u0107 | Teka na \u015bwiecie\" \/>\n<meta property=\"og:description\" content=\"Grupa Teka,niemieckie korzenie. \u015awiatowa obecno\u015b\u0107 Teka jest obecna na pi\u0119ciu kontynentach, a jej produkty s\u0105 dost\u0119pne w ponad 120 krajach. Firma posiada 15 fabryk w ca\u0142ej Europie, Azji i Ameryce, produkuj\u0105c ponad 15 milion\u00f3w urz\u0105dze\u0144 rocznie.\" \/>\n<meta property=\"og:url\" content=\"https:\/\/www.teka.com\/pl-pl\/about-us\/swiatowa-obecnosc\/\" \/>\n<meta property=\"og:site_name\" content=\"Teka Polska\" \/>\n<meta property=\"article:modified_time\" content=\"2019-06-12T15:28:44+00:00\" \/>\n<meta name=\"twitter:card\" content=\"summary_large_image\" \/>\n<meta name=\"twitter:label1\" content=\"Szacowany czas czytania\" \/>\n\t<meta name=\"twitter:data1\" content=\"2 minuty\" \/>\n<script type=\"application\/ld+json\" class=\"yoast-schema-graph\">{\"@context\":\"https:\/\/schema.org\",\"@graph\":[{\"@type\":\"WebPage\",\"@id\":\"https:\/\/www.teka.com\/pl-pl\/about-us\/swiatowa-obecnosc\/\",\"url\":\"https:\/\/www.teka.com\/pl-pl\/about-us\/swiatowa-obecnosc\/\",\"name\":\"\u015awiatowa obecno\u015b\u0107 | Teka na \u015bwiecie\",\"isPartOf\":{\"@id\":\"https:\/\/www.teka.com\/pl-pl\/#website\"},\"datePublished\":\"2018-09-11T08:07:27+00:00\",\"dateModified\":\"2019-06-12T15:28:44+00:00\",\"breadcrumb\":{\"@id\":\"https:\/\/www.teka.com\/pl-pl\/about-us\/swiatowa-obecnosc\/#breadcrumb\"},\"inLanguage\":\"pl-PL\",\"potentialAction\":[{\"@type\":\"ReadAction\",\"target\":[\"https:\/\/www.teka.com\/pl-pl\/about-us\/swiatowa-obecnosc\/\"]}]},{\"@type\":\"BreadcrumbList\",\"@id\":\"https:\/\/www.teka.com\/pl-pl\/about-us\/swiatowa-obecnosc\/#breadcrumb\",\"itemListElement\":[{\"@type\":\"ListItem\",\"position\":1,\"name\":\"O nas\",\"item\":\"https:\/\/www.teka.com\/pl-pl\/about-us\/\"},{\"@type\":\"ListItem\",\"position\":2,\"name\":\"\u015awiatowa obecno\u015b\u0107\"}]},{\"@type\":\"WebSite\",\"@id\":\"https:\/\/www.teka.com\/pl-pl\/#website\",\"url\":\"https:\/\/www.teka.com\/pl-pl\/\",\"name\":\"Teka Polska\",\"description\":\"Tw\u00f3j przepis na \u017cycie\",\"potentialAction\":[{\"@type\":\"SearchAction\",\"target\":{\"@type\":\"EntryPoint\",\"urlTemplate\":\"https:\/\/www.teka.com\/pl-pl\/?s={search_term_string}\"},\"query-input\":{\"@type\":\"PropertyValueSpecification\",\"valueRequired\":true,\"valueName\":\"search_term_string\"}}],\"inLanguage\":\"pl-PL\"}]}<\/script>\n<!-- \/ Yoast SEO plugin. -->","yoast_head_json":{"title":"\u015awiatowa obecno\u015b\u0107 | Teka na \u015bwiecie","robots":{"index":"index","follow":"follow","max-snippet":"max-snippet:-1","max-image-preview":"max-image-preview:large","max-video-preview":"max-video-preview:-1"},"canonical":"https:\/\/www.teka.com\/pl-pl\/about-us\/swiatowa-obecnosc\/","og_locale":"pl_PL","og_type":"article","og_title":"\u015awiatowa obecno\u015b\u0107 | Teka na \u015bwiecie","og_description":"Grupa Teka,niemieckie korzenie. \u015awiatowa obecno\u015b\u0107 Teka jest obecna na pi\u0119ciu kontynentach, a jej produkty s\u0105 dost\u0119pne w ponad 120 krajach. Firma posiada 15 fabryk w ca\u0142ej Europie, Azji i Ameryce, produkuj\u0105c ponad 15 milion\u00f3w urz\u0105dze\u0144 rocznie.","og_url":"https:\/\/www.teka.com\/pl-pl\/about-us\/swiatowa-obecnosc\/","og_site_name":"Teka Polska","article_modified_time":"2019-06-12T15:28:44+00:00","twitter_card":"summary_large_image","twitter_misc":{"Szacowany czas czytania":"2 minuty"},"schema":{"@context":"https:\/\/schema.org","@graph":[{"@type":"WebPage","@id":"https:\/\/www.teka.com\/pl-pl\/about-us\/swiatowa-obecnosc\/","url":"https:\/\/www.teka.com\/pl-pl\/about-us\/swiatowa-obecnosc\/","name":"\u015awiatowa obecno\u015b\u0107 | Teka na \u015bwiecie","isPartOf":{"@id":"https:\/\/www.teka.com\/pl-pl\/#website"},"datePublished":"2018-09-11T08:07:27+00:00","dateModified":"2019-06-12T15:28:44+00:00","breadcrumb":{"@id":"https:\/\/www.teka.com\/pl-pl\/about-us\/swiatowa-obecnosc\/#breadcrumb"},"inLanguage":"pl-PL","potentialAction":[{"@type":"ReadAction","target":["https:\/\/www.teka.com\/pl-pl\/about-us\/swiatowa-obecnosc\/"]}]},{"@type":"BreadcrumbList","@id":"https:\/\/www.teka.com\/pl-pl\/about-us\/swiatowa-obecnosc\/#breadcrumb","itemListElement":[{"@type":"ListItem","position":1,"name":"O nas","item":"https:\/\/www.teka.com\/pl-pl\/about-us\/"},{"@type":"ListItem","position":2,"name":"\u015awiatowa obecno\u015b\u0107"}]},{"@type":"WebSite","@id":"https:\/\/www.teka.com\/pl-pl\/#website","url":"https:\/\/www.teka.com\/pl-pl\/","name":"Teka Polska","description":"Tw\u00f3j przepis na \u017cycie","potentialAction":[{"@type":"SearchAction","target":{"@type":"EntryPoint","urlTemplate":"https:\/\/www.teka.com\/pl-pl\/?s={search_term_string}"},"query-input":{"@type":"PropertyValueSpecification","valueRequired":true,"valueName":"search_term_string"}}],"inLanguage":"pl-PL"}]}},"_links":{"self":[{"href":"https:\/\/www.teka.com\/pl-pl\/wp-json\/wp\/v2\/pages\/21991","targetHints":{"allow":["GET"]}}],"collection":[{"href":"https:\/\/www.teka.com\/pl-pl\/wp-json\/wp\/v2\/pages"}],"about":[{"href":"https:\/\/www.teka.com\/pl-pl\/wp-json\/wp\/v2\/types\/page"}],"author":[{"embeddable":true,"href":"https:\/\/www.teka.com\/pl-pl\/wp-json\/wp\/v2\/users\/9"}],"replies":[{"embeddable":true,"href":"https:\/\/www.teka.com\/pl-pl\/wp-json\/wp\/v2\/comments?post=21991"}],"version-history":[{"count":34,"href":"https:\/\/www.teka.com\/pl-pl\/wp-json\/wp\/v2\/pages\/21991\/revisions"}],"predecessor-version":[{"id":23218,"href":"https:\/\/www.teka.com\/pl-pl\/wp-json\/wp\/v2\/pages\/21991\/revisions\/23218"}],"up":[{"embeddable":true,"href":"https:\/\/www.teka.com\/pl-pl\/wp-json\/wp\/v2\/pages\/21989"}],"wp:attachment":[{"href":"https:\/\/www.teka.com\/pl-pl\/wp-json\/wp\/v2\/media?parent=21991"}],"curies":[{"name":"wp","href":"https:\/\/api.w.org\/{rel}","templated":true}]}}