{"id":21992,"date":"2018-09-11T08:07:26","date_gmt":"2018-09-11T08:07:26","guid":{"rendered":"http:\/\/teka.com\/?page_id=21992"},"modified":"2025-04-30T14:58:16","modified_gmt":"2025-04-30T14:58:16","slug":"historia","status":"publish","type":"page","link":"https:\/\/www.teka.com\/pl-pl\/about-us\/historia\/","title":{"rendered":"Historia"},"content":{"rendered":"<p>[et_pb_section fb_built=&#8221;1&#8243; module_id=&#8221;teka-top&#8221; _builder_version=&#8221;3.19&#8243; background_image=&#8221;https:\/\/www.teka.com\/pl-pl\/wp-content\/uploads\/sites\/15\/2018\/11\/prueba.jpg&#8221; global_module=&#8221;23211&#8243; global_colors_info=&#8221;{}&#8221;][et_pb_row _builder_version=&#8221;4.16&#8243; background_size=&#8221;initial&#8221; background_position=&#8221;top_left&#8221; background_repeat=&#8221;repeat&#8221; global_colors_info=&#8221;{}&#8221; column_structure=&#8221;1_2,1_2&#8243;][et_pb_column type=&#8221;1_2&#8243; _builder_version=&#8221;4.16&#8243; custom_padding=&#8221;|||&#8221; global_colors_info=&#8221;{}&#8221; custom_padding__hover=&#8221;|||&#8221;][et_pb_text admin_label=&#8221;Header Title&#8221; _builder_version=&#8221;4.16&#8243; background_layout=&#8221;dark&#8221; global_colors_info=&#8221;{}&#8221;]<\/p>\n<h3><strong>Grupa Teka<\/strong>,<br \/>niemieckie korzenie.<\/h3>\n<p>[\/et_pb_text][\/et_pb_column][et_pb_column type=&#8221;1_2&#8243; _builder_version=&#8221;4.16&#8243; custom_padding=&#8221;|||&#8221; global_colors_info=&#8221;{}&#8221; custom_padding__hover=&#8221;|||&#8221;][\/et_pb_column][\/et_pb_row][\/et_pb_section][et_pb_section fb_built=&#8221;1&#8243; module_id=&#8221;teka-menu&#8221; _builder_version=&#8221;3.19&#8243; background_color=&#8221;#0e0e0e&#8221; global_module=&#8221;23212&#8243; collapsed=&#8221;off&#8221; global_colors_info=&#8221;{}&#8221;][et_pb_row _builder_version=&#8221;4.16&#8243; background_size=&#8221;initial&#8221; background_position=&#8221;top_left&#8221; background_repeat=&#8221;repeat&#8221; global_colors_info=&#8221;{}&#8221;][et_pb_column type=&#8221;4_4&#8243; _builder_version=&#8221;4.16&#8243; custom_padding=&#8221;|||&#8221; global_colors_info=&#8221;{}&#8221; custom_padding__hover=&#8221;|||&#8221;][et_pb_sidebar area=&#8221;et_pb_widget_area_7&#8243; disabled_on=&#8221;on|on|&#8221; _builder_version=&#8221;4.16&#8243; background_layout=&#8221;dark&#8221; global_colors_info=&#8221;{}&#8221;][\/et_pb_sidebar][et_pb_sidebar area=&#8221;et_pb_widget_area_9&#8243; disabled_on=&#8221;on||on&#8221; admin_label=&#8221;Sidebar Tablet&#8221; _builder_version=&#8221;4.16&#8243; background_layout=&#8221;dark&#8221; global_colors_info=&#8221;{}&#8221;][\/et_pb_sidebar][et_pb_sidebar area=&#8221;et_pb_widget_area_8&#8243; disabled_on=&#8221;|on|on&#8221; admin_label=&#8221;Sidebar Mobile&#8221; _builder_version=&#8221;4.16&#8243; background_layout=&#8221;dark&#8221; global_colors_info=&#8221;{}&#8221;][\/et_pb_sidebar][\/et_pb_column][\/et_pb_row][\/et_pb_section][et_pb_section fb_built=&#8221;1&#8243; module_id=&#8221;about-us&#8221; _builder_version=&#8221;4.16&#8243; global_colors_info=&#8221;{}&#8221;][et_pb_row _builder_version=&#8221;4.16&#8243; background_size=&#8221;initial&#8221; background_position=&#8221;top_left&#8221; background_repeat=&#8221;repeat&#8221; global_colors_info=&#8221;{}&#8221;][et_pb_column type=&#8221;4_4&#8243; _builder_version=&#8221;4.16&#8243; custom_padding=&#8221;|||&#8221; global_colors_info=&#8221;{}&#8221; custom_padding__hover=&#8221;|||&#8221;][et_pb_text _builder_version=&#8221;4.16&#8243; max_width=&#8221;80%&#8221; module_alignment=&#8221;center&#8221; global_colors_info=&#8221;{}&#8221;]<\/p>\n<h1 style=\"text-align: center\">Nasza<strong> historia<\/strong><\/h1>\n<h6 style=\"text-align: center\">Teka liczy ponad <strong>90 lat<\/strong>: od pocz\u0105tku swojej dzia\u0142alno\u015bci, kt\u00f3r\u0105 stanowi\u0142a produkcja maszyn rolniczych, do dnia dzisiejszego, kiedy to sta\u0142a si\u0119 jedn\u0105 z najwa\u017cniejszych marek urz\u0105dze\u0144 na ca\u0142ym \u015bwiecie.<\/h6>\n<p>[\/et_pb_text][\/et_pb_column][\/et_pb_row][et_pb_row column_structure=&#8221;1_2,1_2&#8243; module_class=&#8221;custom_row&#8221; _builder_version=&#8221;4.16&#8243; background_size=&#8221;initial&#8221; background_position=&#8221;top_left&#8221; background_repeat=&#8221;repeat&#8221; global_colors_info=&#8221;{}&#8221;][et_pb_column type=&#8221;1_2&#8243; module_class=&#8221;second-on-mobile&#8221; _builder_version=&#8221;4.16&#8243; custom_padding=&#8221;|||&#8221; global_colors_info=&#8221;{}&#8221; custom_padding__hover=&#8221;|||&#8221;][et_pb_image src=&#8221;https:\/\/www.teka.com\/pl-pl\/wp-content\/uploads\/sites\/15\/2018\/11\/black-and-white-buildings-city-1024&#215;768.jpg&#8221; align_tablet=&#8221;center&#8221; align_phone=&#8221;center&#8221; align_last_edited=&#8221;on|desktop&#8221; _builder_version=&#8221;4.16&#8243; global_colors_info=&#8221;{}&#8221;][\/et_pb_image][\/et_pb_column][et_pb_column type=&#8221;1_2&#8243; module_class=&#8221;first-on-mobile&#8221; _builder_version=&#8221;4.16&#8243; custom_padding=&#8221;|||&#8221; global_colors_info=&#8221;{}&#8221; custom_padding__hover=&#8221;|||&#8221;][et_pb_text _builder_version=&#8221;4.16&#8243; global_colors_info=&#8221;{}&#8221;]<\/p>\n<h2 style=\"text-align: center\"><strong>1924-1957<\/strong><\/h2>\n<p class=\"p1\"><span class=\"s1\">Historia Teka rozpocz\u0119\u0142a si\u0119 w 1924 roku, kiedy Karl Thielman za\u0142o\u017cy\u0142 w Niemczech firm\u0119 produkuj\u0105c\u0105 maszyny rolnicze, skupiaj\u0105c si\u0119 na tym sektorze przez pierwsze lata dzia\u0142alno\u015bci. <\/span><\/p>\n<p class=\"p1\"><span class=\"s1\">Wkr\u00f3tce potem zaj\u0105\u0142 si\u0119 obr\u00f3bk\u0105 stali nierdzewnej, co by\u0142o fundamentalnym posuni\u0119ciem w historii firmy. <\/span><\/p>\n<p class=\"p1\"><span class=\"s1\">W roku 1957 Helmut Klein do\u0142\u0105czy\u0142 do firmy jako partner. Wtedy to powsta\u0142a marka Teka, znak towarowy z\u0142o\u017cony z inicja\u0142\u00f3w obu jej za\u0142o\u017cycieli, Thielmanna oraz Kleina. <\/span><\/p>\n<p>[\/et_pb_text][\/et_pb_column][\/et_pb_row][et_pb_row column_structure=&#8221;1_2,1_2&#8243; _builder_version=&#8221;4.16&#8243; background_size=&#8221;initial&#8221; background_position=&#8221;top_left&#8221; background_repeat=&#8221;repeat&#8221; global_colors_info=&#8221;{}&#8221;][et_pb_column type=&#8221;1_2&#8243; _builder_version=&#8221;4.16&#8243; custom_padding=&#8221;|||&#8221; global_colors_info=&#8221;{}&#8221; custom_padding__hover=&#8221;|||&#8221;][et_pb_text _builder_version=&#8221;4.16&#8243; global_colors_info=&#8221;{}&#8221;]<\/p>\n<h2 style=\"text-align: center\"><strong>1958-1969<\/strong><\/h2>\n<p class=\"p1\"><span class=\"s1\">Od tego momentu zacz\u0119to sprzedawa\u0107 produkty pod mark\u0105 Teka. Na pocz\u0105tku produkowano jedynie zlewozmywaki. W nast\u0119pnych latach sukces produkt\u00f3w sprawi\u0142, \u017ce Teka poszerzy\u0142a asortyment rozpoczynaj\u0105c produkcj\u0119 kuchenek, piekarnik\u00f3w oraz okap\u00f3w.<\/span><\/p>\n<p class=\"p1\"><span class=\"s1\">W 1964 roku Teka rozpocz\u0119\u0142a dzia\u0142alno\u015b\u0107 w Hiszpanii, sk\u0105d zacz\u0119\u0142a mi\u0119dzynarodow\u0105 ekspansj\u0119 w kolejnych latach, najpierw w Europie, a nast\u0119pnie na pozosta\u0142ych kontynentach. Przez ca\u0142y ten czas gama produkt\u00f3w ros\u0142a, zyskuj\u0105c og\u00f3lno\u015bwiatowe uznanie, dzi\u0119ki nowoczesnemu wzornictwu oraz wysokiej jako\u015bci wyko\u0144czenia.<\/span><\/p>\n<p>[\/et_pb_text][\/et_pb_column][et_pb_column type=&#8221;1_2&#8243; _builder_version=&#8221;4.16&#8243; custom_padding=&#8221;|||&#8221; global_colors_info=&#8221;{}&#8221; custom_padding__hover=&#8221;|||&#8221;][et_pb_image src=&#8221;https:\/\/www.teka.com\/wp-content\/uploads\/sites\/3\/2018\/10\/shutterstock_1164436954_low_nwm.jpg&#8221; align_tablet=&#8221;center&#8221; align_phone=&#8221;center&#8221; align_last_edited=&#8221;on|desktop&#8221; _builder_version=&#8221;4.16&#8243; global_colors_info=&#8221;{}&#8221;][\/et_pb_image][\/et_pb_column][\/et_pb_row][et_pb_row column_structure=&#8221;1_2,1_2&#8243; module_class=&#8221;custom_row&#8221; _builder_version=&#8221;4.16&#8243; background_size=&#8221;initial&#8221; background_position=&#8221;top_left&#8221; background_repeat=&#8221;repeat&#8221; global_colors_info=&#8221;{}&#8221;][et_pb_column type=&#8221;1_2&#8243; module_class=&#8221;second-on-mobile&#8221; _builder_version=&#8221;4.16&#8243; custom_padding=&#8221;|||&#8221; global_colors_info=&#8221;{}&#8221; custom_padding__hover=&#8221;|||&#8221;][et_pb_image src=&#8221;https:\/\/www.teka.com\/pl-pl\/wp-content\/uploads\/sites\/15\/2018\/11\/teka-china-1024&#215;768.jpg&#8221; align_tablet=&#8221;center&#8221; align_phone=&#8221;center&#8221; align_last_edited=&#8221;on|desktop&#8221; _builder_version=&#8221;4.16&#8243; global_colors_info=&#8221;{}&#8221;][\/et_pb_image][\/et_pb_column][et_pb_column type=&#8221;1_2&#8243; module_class=&#8221;first-on-mobile&#8221; _builder_version=&#8221;4.16&#8243; custom_padding=&#8221;|||&#8221; global_colors_info=&#8221;{}&#8221; custom_padding__hover=&#8221;|||&#8221;][et_pb_text _builder_version=&#8221;4.16&#8243; global_colors_info=&#8221;{}&#8221;]<\/p>\n<h2 style=\"text-align: center\"><strong>1970-2015<\/strong><\/h2>\n<p class=\"p1\"><span class=\"s1\">Od lat 70. wielki sukces marki na rynkach europejskich spowodowa\u0142, \u017ce Teka rozpocz\u0119\u0142a szerok\u0105 ekspansj\u0119 na poziomie mi\u0119dzynarodowym. Najpierw na pozosta\u0142ych rynkach europejskich, a p\u00f3\u017aniej w Ameryce, Azji, Afryce oraz na Bliskim Wschodzie.<\/span><\/p>\n<p class=\"p1\"><span class=\"s1\">W tym okresie marka sta\u0142a si\u0119 jednym z najwi\u0119kszych sponsor\u00f3w sportowych na \u015bwiecie, patronuj\u0105c klubowi Real Madrid, zar\u00f3wno pi\u0142karskiemu, jak i koszykarskiemu. Teka jest w\u0142a\u015bcicielem klubu pi\u0142ki r\u0119cznej oraz klubu kolarskiego, bra\u0142a udzia\u0142 w rajdzie Pary\u017c-Dakar, a nawet w Zimowych Igrzyskach Olimpijskich. <\/span><\/p>\n<p>[\/et_pb_text][\/et_pb_column][\/et_pb_row][et_pb_row column_structure=&#8221;1_2,1_2&#8243; _builder_version=&#8221;4.16&#8243; background_size=&#8221;initial&#8221; background_position=&#8221;top_left&#8221; background_repeat=&#8221;repeat&#8221; global_colors_info=&#8221;{}&#8221;][et_pb_column type=&#8221;1_2&#8243; _builder_version=&#8221;4.16&#8243; custom_padding=&#8221;|||&#8221; global_colors_info=&#8221;{}&#8221; custom_padding__hover=&#8221;|||&#8221;][et_pb_text _builder_version=&#8221;4.27.4&#8243; hover_enabled=&#8221;0&#8243; global_colors_info=&#8221;{}&#8221; sticky_enabled=&#8221;0&#8243;]<\/p>\n<h2 style=\"text-align: center\"><strong> 2016-2020<\/strong><\/h2>\n<p class=\"p1\"><span class=\"s1\">W 2016 roku Teka wprowadzi\u0142a do oferty lini\u0119 Wish, obejmuj\u0105c\u0105 ca\u0142y asortyment, co stanowi\u0142o najwi\u0119ksz\u0105 inwestycj\u0119 w historii firmy, kt\u00f3ra pozwoli\u0142a na modernizacj\u0119 zak\u0142ad\u00f3w produkcyjnych oraz od\u015bwie\u017cenie wzornictwa. <br \/><\/span><\/p>\n<p class=\"p1\"><span class=\"s1\">W 2018 roku Teka okre\u015bli\u0142a nowe pozycjonowanie marki oraz zaprezentowa\u0142a nowe motto &#8222;Cook your way to life&#8221; (Tw\u00f3j w\u0142asny przepis na \u017cycie).\u00a0 Firma rozpocz\u0119\u0142a najwi\u0119ksz\u0105 kampani\u0119 reklamow\u0105, jak\u0105 kiedykolwiek przeprowadzono w historii Teka, z kr\u00f3tkim filmem w re\u017cyserii nominowanej do nagrody Goya Mariny Seresesky i z muzyk\u0105 Glenna Jamesa Hansarda &#8211; zdobywcy Oscara za najlepsz\u0105 oryginaln\u0105 piosenk\u0119 w filmie. W ramach tej kampanii Teka wsp\u00f3\u0142pracuje z Fundaci\u00f3n Alzheimer Espa\u00f1a (Hiszpa\u0144ska Fundacja\u00a0Pomocy Ludziom Dotkni\u0119tym Chorob\u0105\u00a0Alzheimera). Wideo osi\u0105gn\u0119\u0142o 13 milion\u00f3w wy\u015bwietle\u0144 w ci\u0105gu miesi\u0105ca, ustanawiaj\u0105c rekord w bran\u017cy.<\/span><\/p>\n<p class=\"p2\"><span class=\"s1\">Dzi\u015b popularno\u015b\u0107 produkt\u00f3w Teka obiega ca\u0142y \u015bwiat, marka zdobywa nagrody i osi\u0105ga sukcesy, jak w przypadku rynku hiszpa\u0144skiego, gdzie po\u0142owa gospodarstw domowych jest wyposa\u017cona w urz\u0105dzenia Teka.<\/span><\/p>\n<p class=\"p2\"><span class=\"s1\">W 2019 roku Teka zaktualizowa\u0142a swoje logo, aby w pe\u0142ni dostosowa\u0107 wizerunek marki do zmian wprowadzonych przez nowe has\u0142o i pozycjonowanie.<\/span><\/p>\n<p>[\/et_pb_text][\/et_pb_column][et_pb_column type=&#8221;1_2&#8243; _builder_version=&#8221;4.16&#8243; custom_padding=&#8221;|||&#8221; global_colors_info=&#8221;{}&#8221; custom_padding__hover=&#8221;|||&#8221;][et_pb_image src=&#8221;https:\/\/www.teka.com\/pl-pl\/wp-content\/uploads\/sites\/15\/2018\/11\/teka-hobs-iknob-IT-6450-1024&#215;768.jpg&#8221; align=&#8221;center&#8221; align_tablet=&#8221;center&#8221; align_phone=&#8221;center&#8221; align_last_edited=&#8221;on|desktop&#8221; _builder_version=&#8221;4.16&#8243; global_colors_info=&#8221;{}&#8221;][\/et_pb_image][\/et_pb_column][\/et_pb_row][et_pb_row column_structure=&#8221;1_2,1_2&#8243; module_class=&#8221;custom_row&#8221; _builder_version=&#8221;4.16&#8243; background_size=&#8221;initial&#8221; background_position=&#8221;top_left&#8221; background_repeat=&#8221;repeat&#8221; global_colors_info=&#8221;{}&#8221;][et_pb_column type=&#8221;1_2&#8243; module_class=&#8221;second-on-mobile&#8221; _builder_version=&#8221;4.16&#8243; custom_padding=&#8221;|||&#8221; global_colors_info=&#8221;{}&#8221; custom_padding__hover=&#8221;|||&#8221;][et_pb_image src=&#8221;https:\/\/www.teka.com\/pl-pl\/wp-content\/uploads\/sites\/15\/2025\/04\/INFINITY_G1_IMG.jpg&#8221; title_text=&#8221;INFINITY_G1_IMG&#8221; align_tablet=&#8221;center&#8221; align_phone=&#8221;center&#8221; align_last_edited=&#8221;on|desktop&#8221; _builder_version=&#8221;4.27.4&#8243; global_colors_info=&#8221;{}&#8221;][\/et_pb_image][\/et_pb_column][et_pb_column type=&#8221;1_2&#8243; module_class=&#8221;first-on-mobile&#8221; _builder_version=&#8221;4.16&#8243; custom_padding=&#8221;|||&#8221; global_colors_info=&#8221;{}&#8221; custom_padding__hover=&#8221;|||&#8221;][et_pb_text _builder_version=&#8221;4.27.4&#8243; hover_enabled=&#8221;0&#8243; global_colors_info=&#8221;{}&#8221; sticky_enabled=&#8221;0&#8243;]<\/p>\n<h2 style=\"text-align: center\"><strong>Dzi\u015b<\/strong><\/h2>\n<p class=\"p1\"><span class=\"s1\">Teka wprowadza now\u0105 koncepcj\u0119 wzornictwa: Infinity Design. Pod has\u0142em \u201eKa\u017cdy zas\u0142uguje na \u015bwietny design\u201d marka prezentuje nowy projekt, aby wprowadzi\u0107 najlepszy design do ka\u017cdego domu.<\/span><\/p>\n<p class=\"p1\"><span class=\"s1\">Teka zacz\u0119\u0142a sponsorowa\u0107 i wsp\u00f3\u0142pracowa\u0107 z r\u00f3\u017cnymi muzeami sztuki na ca\u0142ym \u015bwiecie, takimi jak Thyssen-Bornemisza w Madrycie, Museo de Arte Moderno w Buenos Aires (MAMBA), Museo Europeo de Arte Moderno (MEAM) lub Museo Franz Meier w Ciudad de M\u00e9xico. <\/span><\/p>\n<p class=\"p1\"><span class=\"s1\">W 2022 roku Teka przeprowadzi\u0142a najwi\u0119ksz\u0105 jak dot\u0105d kampani\u0119, wprowadzaj\u0105c na rynek piekarnik SteakMaster. Kampania odnotowa\u0142a ponad 25 milion\u00f3w wy\u015bwietle\u0144. <\/span><\/p>\n<p class=\"p1\"><span class=\"s1\">Teka wprowadza Infinity G1 w 2023 roku, ekskluzywn\u0105 edycj\u0119 sprz\u0119tu gospodarstwa domowego zaprojektowan\u0105 przez Giugiaro ItalDesign Giugiaro, renomowane w\u0142oskie studio znane na ca\u0142ym \u015bwiecie z projektowania Ferrari, Lamborghini, Audi lub najbardziej cenionych samochod\u00f3w Volkswagena.<\/span><\/p>\n<p>[\/et_pb_text][\/et_pb_column][\/et_pb_row][\/et_pb_section]<\/p>\n","protected":false},"excerpt":{"rendered":"<p>Grupa Teka,niemieckie korzenie.Nasza historia Teka liczy ponad 90 lat: od pocz\u0105tku swojej dzia\u0142alno\u015bci, kt\u00f3r\u0105 stanowi\u0142a produkcja maszyn rolniczych, do dnia dzisiejszego, kiedy to sta\u0142a si\u0119 jedn\u0105 z najwa\u017cniejszych marek urz\u0105dze\u0144 na ca\u0142ym \u015bwiecie. 1924-1957 Historia Teka rozpocz\u0119\u0142a si\u0119 w 1924 roku, kiedy Karl Thielman za\u0142o\u017cy\u0142 w Niemczech firm\u0119 produkuj\u0105c\u0105 maszyny rolnicze, skupiaj\u0105c si\u0119 na tym [&hellip;]<\/p>\n","protected":false},"author":9,"featured_media":0,"parent":21989,"menu_order":2,"comment_status":"closed","ping_status":"closed","template":"","meta":{"_acf_changed":false,"_et_pb_use_builder":"on","_et_pb_old_content":"","_et_gb_content_width":"","footnotes":""},"class_list":["post-21992","page","type-page","status-publish","hentry"],"acf":[],"yoast_head":"<!-- This site is optimized with the Yoast SEO plugin v27.5 - https:\/\/yoast.com\/product\/yoast-seo-wordpress\/ -->\n<title>Historia marki Teka | O Teka<\/title>\n<meta name=\"description\" content=\"Teka has a history of more than 90 years, since the beginning of its activity manufacturing agricultura machinery, until now, becoming one of the most important appliances brand around the world.\" \/>\n<meta name=\"robots\" content=\"index, follow, max-snippet:-1, max-image-preview:large, max-video-preview:-1\" \/>\n<link rel=\"canonical\" href=\"https:\/\/www.teka.com\/pl-pl\/about-us\/historia\/\" \/>\n<meta property=\"og:locale\" content=\"pl_PL\" \/>\n<meta property=\"og:type\" content=\"article\" \/>\n<meta property=\"og:title\" content=\"Historia marki Teka | O Teka\" \/>\n<meta property=\"og:description\" content=\"Teka has a history of more than 90 years, since the beginning of its activity manufacturing agricultura machinery, until now, becoming one of the most important appliances brand around the world.\" \/>\n<meta property=\"og:url\" content=\"https:\/\/www.teka.com\/pl-pl\/about-us\/historia\/\" \/>\n<meta property=\"og:site_name\" content=\"Teka Polska\" \/>\n<meta property=\"article:modified_time\" content=\"2025-04-30T14:58:16+00:00\" \/>\n<meta name=\"twitter:card\" content=\"summary_large_image\" \/>\n<meta name=\"twitter:label1\" content=\"Szacowany czas czytania\" \/>\n\t<meta name=\"twitter:data1\" content=\"5 minut\" \/>\n<script type=\"application\/ld+json\" class=\"yoast-schema-graph\">{\"@context\":\"https:\\\/\\\/schema.org\",\"@graph\":[{\"@type\":\"WebPage\",\"@id\":\"https:\\\/\\\/www.teka.com\\\/pl-pl\\\/about-us\\\/historia\\\/\",\"url\":\"https:\\\/\\\/www.teka.com\\\/pl-pl\\\/about-us\\\/historia\\\/\",\"name\":\"Historia marki Teka | O Teka\",\"isPartOf\":{\"@id\":\"https:\\\/\\\/www.teka.com\\\/pl-pl\\\/#website\"},\"datePublished\":\"2018-09-11T08:07:26+00:00\",\"dateModified\":\"2025-04-30T14:58:16+00:00\",\"description\":\"Teka has a history of more than 90 years, since the beginning of its activity manufacturing agricultura machinery, until now, becoming one of the most important appliances brand around the world.\",\"breadcrumb\":{\"@id\":\"https:\\\/\\\/www.teka.com\\\/pl-pl\\\/about-us\\\/historia\\\/#breadcrumb\"},\"inLanguage\":\"pl-PL\",\"potentialAction\":[{\"@type\":\"ReadAction\",\"target\":[\"https:\\\/\\\/www.teka.com\\\/pl-pl\\\/about-us\\\/historia\\\/\"]}]},{\"@type\":\"BreadcrumbList\",\"@id\":\"https:\\\/\\\/www.teka.com\\\/pl-pl\\\/about-us\\\/historia\\\/#breadcrumb\",\"itemListElement\":[{\"@type\":\"ListItem\",\"position\":1,\"name\":\"O nas\",\"item\":\"https:\\\/\\\/www.teka.com\\\/pl-pl\\\/about-us\\\/\"},{\"@type\":\"ListItem\",\"position\":2,\"name\":\"Historia\"}]},{\"@type\":\"WebSite\",\"@id\":\"https:\\\/\\\/www.teka.com\\\/pl-pl\\\/#website\",\"url\":\"https:\\\/\\\/www.teka.com\\\/pl-pl\\\/\",\"name\":\"Teka Polska\",\"description\":\"Tw\u00f3j przepis na \u017cycie\",\"potentialAction\":[{\"@type\":\"SearchAction\",\"target\":{\"@type\":\"EntryPoint\",\"urlTemplate\":\"https:\\\/\\\/www.teka.com\\\/pl-pl\\\/?s={search_term_string}\"},\"query-input\":{\"@type\":\"PropertyValueSpecification\",\"valueRequired\":true,\"valueName\":\"search_term_string\"}}],\"inLanguage\":\"pl-PL\"}]}<\/script>\n<!-- \/ Yoast SEO plugin. -->","yoast_head_json":{"title":"Historia marki Teka | O Teka","description":"Teka has a history of more than 90 years, since the beginning of its activity manufacturing agricultura machinery, until now, becoming one of the most important appliances brand around the world.","robots":{"index":"index","follow":"follow","max-snippet":"max-snippet:-1","max-image-preview":"max-image-preview:large","max-video-preview":"max-video-preview:-1"},"canonical":"https:\/\/www.teka.com\/pl-pl\/about-us\/historia\/","og_locale":"pl_PL","og_type":"article","og_title":"Historia marki Teka | O Teka","og_description":"Teka has a history of more than 90 years, since the beginning of its activity manufacturing agricultura machinery, until now, becoming one of the most important appliances brand around the world.","og_url":"https:\/\/www.teka.com\/pl-pl\/about-us\/historia\/","og_site_name":"Teka Polska","article_modified_time":"2025-04-30T14:58:16+00:00","twitter_card":"summary_large_image","twitter_misc":{"Szacowany czas czytania":"5 minut"},"schema":{"@context":"https:\/\/schema.org","@graph":[{"@type":"WebPage","@id":"https:\/\/www.teka.com\/pl-pl\/about-us\/historia\/","url":"https:\/\/www.teka.com\/pl-pl\/about-us\/historia\/","name":"Historia marki Teka | O Teka","isPartOf":{"@id":"https:\/\/www.teka.com\/pl-pl\/#website"},"datePublished":"2018-09-11T08:07:26+00:00","dateModified":"2025-04-30T14:58:16+00:00","description":"Teka has a history of more than 90 years, since the beginning of its activity manufacturing agricultura machinery, until now, becoming one of the most important appliances brand around the world.","breadcrumb":{"@id":"https:\/\/www.teka.com\/pl-pl\/about-us\/historia\/#breadcrumb"},"inLanguage":"pl-PL","potentialAction":[{"@type":"ReadAction","target":["https:\/\/www.teka.com\/pl-pl\/about-us\/historia\/"]}]},{"@type":"BreadcrumbList","@id":"https:\/\/www.teka.com\/pl-pl\/about-us\/historia\/#breadcrumb","itemListElement":[{"@type":"ListItem","position":1,"name":"O nas","item":"https:\/\/www.teka.com\/pl-pl\/about-us\/"},{"@type":"ListItem","position":2,"name":"Historia"}]},{"@type":"WebSite","@id":"https:\/\/www.teka.com\/pl-pl\/#website","url":"https:\/\/www.teka.com\/pl-pl\/","name":"Teka Polska","description":"Tw\u00f3j przepis na \u017cycie","potentialAction":[{"@type":"SearchAction","target":{"@type":"EntryPoint","urlTemplate":"https:\/\/www.teka.com\/pl-pl\/?s={search_term_string}"},"query-input":{"@type":"PropertyValueSpecification","valueRequired":true,"valueName":"search_term_string"}}],"inLanguage":"pl-PL"}]}},"_links":{"self":[{"href":"https:\/\/www.teka.com\/pl-pl\/wp-json\/wp\/v2\/pages\/21992","targetHints":{"allow":["GET"]}}],"collection":[{"href":"https:\/\/www.teka.com\/pl-pl\/wp-json\/wp\/v2\/pages"}],"about":[{"href":"https:\/\/www.teka.com\/pl-pl\/wp-json\/wp\/v2\/types\/page"}],"author":[{"embeddable":true,"href":"https:\/\/www.teka.com\/pl-pl\/wp-json\/wp\/v2\/users\/9"}],"replies":[{"embeddable":true,"href":"https:\/\/www.teka.com\/pl-pl\/wp-json\/wp\/v2\/comments?post=21992"}],"version-history":[{"count":40,"href":"https:\/\/www.teka.com\/pl-pl\/wp-json\/wp\/v2\/pages\/21992\/revisions"}],"predecessor-version":[{"id":126753,"href":"https:\/\/www.teka.com\/pl-pl\/wp-json\/wp\/v2\/pages\/21992\/revisions\/126753"}],"up":[{"embeddable":true,"href":"https:\/\/www.teka.com\/pl-pl\/wp-json\/wp\/v2\/pages\/21989"}],"wp:attachment":[{"href":"https:\/\/www.teka.com\/pl-pl\/wp-json\/wp\/v2\/media?parent=21992"}],"curies":[{"name":"wp","href":"https:\/\/api.w.org\/{rel}","templated":true}]}}