{"id":23564,"date":"2018-09-24T15:55:57","date_gmt":"2018-09-24T15:55:57","guid":{"rendered":"http:\/\/teka.com\/?page_id=23564"},"modified":"2023-05-25T07:41:08","modified_gmt":"2023-05-25T07:41:08","slug":"ogolne-zasady-gwarancji","status":"publish","type":"page","link":"https:\/\/www.teka.com\/pl-pl\/wsparcie\/ogolne-zasady-gwarancji\/","title":{"rendered":"Og\u00f3lne Zasady Gwarancji"},"content":{"rendered":"<p>[et_pb_section fb_built=&#8221;1&#8243; module_id=&#8221;legal-container&#8221; _builder_version=&#8221;3.22&#8243;][et_pb_row _builder_version=&#8221;3.25&#8243;][et_pb_column type=&#8221;4_4&#8243; _builder_version=&#8221;3.25&#8243; custom_padding=&#8221;|||&#8221; custom_padding__hover=&#8221;|||&#8221;][et_pb_text _builder_version=&#8221;4.9.2&#8243;]<\/p>\n<h1>Og\u00f3lne Zasady <strong>Gwarancji<\/strong><\/h1>\n<p>[\/et_pb_text][et_pb_text _builder_version=&#8221;4.9.2&#8243; hover_enabled=&#8221;0&#8243; sticky_enabled=&#8221;0&#8243;]<\/p>\n<h1>\u00a0<\/h1>\n<h2><strong>Og\u00f3lne Zasady\u00a0Gwarancji<\/strong><\/h2>\n<p>&nbsp;<\/p>\n<p>Dzi\u0119kujemy za zakup urz\u0105dze\u0144 z oferty TEKA. Wierzymy, \u017ce przez lata eksploatacji b\u0119d\u0105 Pa\u0144stwo zadowoleni z dokonanego wyboru. Teka Polska Sp. z o.o. z siedzib\u0105 w Warszawie, adres: ul. \u017bwirki i Wigury 14, 02-092 Warszawa, S\u0105d Rejonowy dla m.st. Warszawy, XIV Wydzia\u0142 Gospodarczy Krajowego Rejestru S\u0105dowego, nr KRS: 0000059916, NIP: 526-10-02-584, kapita\u0142 zak\u0142adowy 10 000\u00a0000 z\u0142, (dalej: \u201eTEKA\u201d) udziela gwarancji jako\u015bci na wprowadzone do obrotu na terenie Rzeczpospolitej Polskiej produkty marki TEKA (dalej: \u201eUrz\u0105dzenie\u201d) osobom fizycznym, kt\u00f3re naby\u0142y te urz\u0105dzenia.<\/p>\n<p><strong>I. Zakres ochrony gwarancyjnej<\/strong><\/p>\n<ol>\n<li><strong>Gwarant<\/strong>: Teka Polska Sp. z o.o. z siedzib\u0105 w Warszawie, adres: ul. \u017bwirki i Wigury 14, 02-092 Warszawa, S\u0105d Rejonowy dla m.st. Warszawy, XIV Wydzia\u0142 Gospodarczy Krajowego Rejestru S\u0105dowego, nr KRS: 0000059916, NIP: 526-10-02-584, kapita\u0142 zak\u0142adowy 10 000\u00a0000 z\u0142.<\/li>\n<li>Gwarant udziela konsumentowi (zwanemu dalej U\u017cytkownikiem) gwarancji na Produkt zakupiony i u\u017cytkowany w warunkach domowych (Gwarancja nie jest udzielana na Produkty, kt\u00f3re b\u0119d\u0105 wykorzystywane profesjonalnie, komercyjnie, przemys\u0142owo, zawodowo), pochodz\u0105cy z dystrybucji Gwaranta. Gwarancja jest udzielana na warunkach okre\u015blonych w niniejszych warunkach gwarancji.<\/li>\n<li>Odpowiedzialno\u015b\u0107 z tytu\u0142u gwarancji obejmuje tylko wady materia\u0142owe lub wykonawcze powsta\u0142e z przyczyn tkwi\u0105cych w Produkcie w momencie jego wydania U\u017cytkownikowi, ujawnione w okresie gwarancji.<\/li>\n<li>Z tytu\u0142u gwarancji U\u017cytkownik uzyskuje prawo do bezp\u0142atnej naprawy Produktu, o ile wada ujawni\u0142a si\u0119 w okresie gwarancji. Spos\u00f3b naprawy Produktu (metoda wykonania naprawy) zale\u017cy od decyzji Gwaranta. W przypadku stwierdzenia przez Gwaranta braku mo\u017cliwo\u015bci naprawy Gwarant zastrzega sobie prawo wymiany wadliwego elementu albo ca\u0142ego Produktu na wolny od wad, a w przypadku gdy dany Produkt jest ju\u017c niedost\u0119pny do zwrotu konsumentowi jego warto\u015bci zakupu.<\/li>\n<li>Gwarancja jako\u015bci nie przewiduje warunk\u00f3w naprawy albo wymiany mniej korzystnych dla konsumenta ani\u017celi \u015brodki ochrony prawnej w tym zakresie, nale\u017cne konsumentowi z tytu\u0142u niezgodno\u015bci rzeczy sprzedanej z umow\u0105.<\/li>\n<li>Gwarancja obejmuje tylko obszar Rzeczypospolitej Polskiej.<\/li>\n<\/ol>\n<p>&nbsp;<\/p>\n<p><strong>II. Okres ochrony gwarancyjnej<\/strong><\/p>\n<p><strong>\u00a0<\/strong><\/p>\n<ol>\n<li>Urz\u0105dzenia AGD:\n<ul>\n<li>TEKA udziela ochrony gwarancyjnej na okres 24 miesi\u0119cy, licz\u0105c od daty zakupu wskazanej na dowodzie zakupu Urz\u0105dzenia.<\/li>\n<li>Udzielona gwarancja nie obejmuje Urz\u0105dze\u0144, kt\u00f3re zosta\u0142y zakupione p\u00f3\u017aniej ni\u017c 36 miesi\u0119cy licz\u0105c od daty produkcji oznaczonej na tabliczce znamionowej urz\u0105dzenia.<\/li>\n<\/ul>\n<\/li>\n<\/ol>\n<p>&nbsp;<\/p>\n<ol start=\"2\">\n<li>Urz\u0105dzenia Sanitarne:<\/li>\n<\/ol>\n<ul>\n<li>Zlewozmywaki:\n<ul>\n<li><strong>Do\u017cywotnia<\/strong> gwarancja na zlewozmywaki i komory gospodarcze ze stali nierdzewnej (Lifetime warranty) \u2013 jest to gwarancja na ca\u0142y okres u\u017cytkowania Produktu przez pierwszego U\u017cytkownika Produktu, i tylko dla niego,<\/li>\n<li><strong>25 lat<\/strong> na zlewozmywaki z kompozytu (tj. z tegranit plus, tequarc) na wspomniany okres u\u017cytkowania Produktu przez pierwszego U\u017cytkownika Produktu, i tylko dla niego,<\/li>\n<\/ul>\n<\/li>\n<\/ul>\n<p><strong>\u00a0 \u00a0\u00a0\u00a0\u00a0<\/strong><\/p>\n<ul>\n<li>Baterie kuchenne, \u00a0\u0142azienkowe oraz zestawy natryskowe:<\/li>\n<\/ul>\n<p>&nbsp;<\/p>\n<ul>\n<li><strong>25 lat<\/strong> na trwa\u0142o\u015b\u0107 odlewu korpusu w bateriach kuchennych, \u0142azienkowych oraz zestawach natryskowych<\/li>\n<li><strong>5 lat<\/strong> na baterie kuchenne i \u0142azienkowe, z wy\u0142\u0105czeniem powierzchni malowanych, element\u00f3w ruchomych w bateriach (tj. wylewek, w\u0119\u017cy), na kt\u00f3re gwarancja wynosi 24 miesi\u0105ce,<\/li>\n<li><strong>2 lata<\/strong> na baterie termostatyczne,<\/li>\n<li><strong>2 lata<\/strong> na zestawy natryskowe,<\/li>\n<\/ul>\n<p>&nbsp;<\/p>\n<ul>\n<li>M\u0142ynki na odpady:<\/li>\n<\/ul>\n<p>&nbsp;<\/p>\n<ul>\n<li><strong>3 lata<\/strong> na m\u0142ynek TR 750,<\/li>\n<li><strong>2 lata<\/strong> na pozosta\u0142e modele m\u0142ynk\u00f3w,<\/li>\n<\/ul>\n<p>&nbsp;<\/p>\n<p>licz\u0105c od daty zakupu zaznaczonej na dowodzie zakupu.<\/p>\n<p>&nbsp;<\/p>\n<p><strong>III. Zasady zg\u0142oszenia reklamacji<\/strong><\/p>\n<ol>\n<li>Ujawnione wady Urz\u0105dzenia w okresie ochrony gwarancyjnej b\u0119d\u0105 usuwane zgodnie i\u00a0na\u00a0podstawie niniejszych zasad pod warunkiem przedstawienia dowodu zakupu przedmiotowego Urz\u0105dzenia i spe\u0142nienia pozosta\u0142ych okre\u015blonych w Gwarancji warunk\u00f3w.<\/li>\n<li>Urz\u0105dzenia wymagaj\u0105ce pod\u0142\u0105czenia do instalacji elektrycznej i gazowej, (p\u0142yty gazowe, p\u0142yty elektryczne, piekarniki) musz\u0105 zosta\u0107 pod\u0142\u0105czone przez osob\u0119 posiadaj\u0105c\u0105 stosowne wa\u017cne uprawnienia techniczne a U\u017cytkownik zobowi\u0105zany jest okaza\u0107 dow\u00f3d na przeprowadzon\u0105 instalacj\u0119 wraz z danymi i numerem uprawnie\u0144 osoby, kt\u00f3ra Urz\u0105dzanie zainstalowa\u0142a.<\/li>\n<li>TEKA do\u0142o\u017cy wszelkich stara\u0144, aby ujawnione wady zosta\u0142y usuni\u0119te w terminie do 21 dni od skutecznego z\u0142o\u017cenia reklamacji przez U\u017cytkownika poprzez infolini\u0119 TEKA pod numerem telefonu +48 85 555 50 50. (Op\u0142ata jak za po\u0142\u0105czenie lokalne lub wed\u0142ug stawek operatora sieci kom\u00f3rkowej)<\/li>\n<li>W przypadku konieczno\u015bci sprowadzenia niezb\u0119dnych cz\u0119\u015bci zamiennych czy podzespo\u0142\u00f3w w celu realizacji zg\u0142oszonej reklamacji czas realizacji na skuteczne usuni\u0119cie wady mo\u017ce ulec wyd\u0142u\u017ceniu.<\/li>\n<li>TEKA zastrzega, \u017ce w przypadkach wyst\u0105pienia Wady nieistotnej, kt\u00f3ra nie wp\u0142ywa na\u00a0podstawow\u0105 funkcjonalno\u015b\u0107 Urz\u0105dzenia, termin realizacji mo\u017ce ulec wyd\u0142u\u017ceniu.<\/li>\n<li>Urz\u0105dzenia do zabudowy i w funkcjonuj\u0105ce w zabudowie meblowej, powinny zosta\u0107 udost\u0119pnione do\u00a0naprawy przez U\u017cytkownika lub Sprzedawc\u0119 w spos\u00f3b umo\u017cliwiaj\u0105cy przedstawicielowi autoryzowanego serwisu TEKA wykonanie stosownych czynno\u015bci serwisowych.<\/li>\n<\/ol>\n<p>&nbsp;<\/p>\n<p><strong>IV. Wy\u0142\u0105czenia gwarancyjne<\/strong><\/p>\n<ol>\n<li>Warunki korzystania z niniejszej gwarancji:<\/li>\n<\/ol>\n<p>&nbsp;<\/p>\n<ol>\n<li>a) eksploatacja i konserwacja Urz\u0105dzenia zgodnie z jego przeznaczeniem, na\u00a0zasadach opisanych w instrukcji obs\u0142ugi;<\/li>\n<li>b) u\u017cytkowanie w warunkach gospodarstwa domowego;<\/li>\n<li>c) utrzymanie w stanie czytelnym oznacze\u0144 fabrycznych producenta, tj. tabliczki znamionowej z numerami seryjnymi.<\/li>\n<\/ol>\n<p>&nbsp;<\/p>\n<ol start=\"2\">\n<li>Wy\u0142\u0105cza si\u0119:<\/li>\n<li>a) <u>Usterki powsta\u0142e z przyczyn innych ni\u017c ewentualne wady tkwi\u0105ce w urz\u0105dzeniu<\/u>,<\/li>\n<li>b) Czynno\u015bci spoczywaj\u0105ce na U\u017cytkowniku dotycz\u0105ce instalacji, konfiguracji i\u00a0eksploatacji Urz\u0105dzenia,<\/li>\n<li>c) usterki urz\u0105dzenia, kt\u00f3re zgodnie z instrukcj\u0105 obs\u0142ugi reklamowanego urz\u0105dzenia u\u017cytkownik mo\u017ce usun\u0105\u0107 sam,<\/li>\n<li>d) uszkodzenia i wady urz\u0105dzenia wynik\u0142e na skutek:<\/li>\n<\/ol>\n<p>&#8211; niezgodnego z instrukcj\u0105 obs\u0142ugi u\u017cytkowania, przechowywania lub konserwacji urz\u0105dzenia, oraz niezgodnego monta\u017cu z instrukcj\u0105 instalacji<\/p>\n<p>&#8211; dzia\u0142ania instalacji domowej niespe\u0142niaj\u0105cej wymog\u00f3w technicznych dla urz\u0105dze\u0144 okre\u015blonych w instrukcji obs\u0142ugi<\/p>\n<p>&#8211; stosowania przy eksploatacji urz\u0105dze\u0144 materia\u0142\u00f3w eksploatacyjnych, jak proszki do prania i zmywania, s\u00f3l regeneracyjna, nab\u0142yszczacze, \u015brodki czyszcz\u0105ce i konserwuj\u0105ce, nieodpowiednie naczynia, nieprzeznaczonych dla urz\u0105dze\u0144 tego typu (zgodnie z instrukcj\u0105 obs\u0142ugi)<\/p>\n<p>&#8211; nieprzestrzegania zalece\u0144 producenta (podanych w instrukcji obs\u0142ugi) w zakresie pracy urz\u0105dzenia z wod\u0105 o odpowiednim stopniu twardo\u015bci i czysto\u015bci, niezgodnego z instrukcj\u0105 instalacji ci\u015bnienia, temperatury i przep\u0142ywu<\/p>\n<p>&#8211; samowolnych, dokonywanych przez u\u017cytkownika lub osoby trzecie inne ni\u017c Serwis napraw, przer\u00f3bek, modyfikacji lub zmian konstrukcyjnych urz\u0105dzenia, usuni\u0119cia plomb,<\/p>\n<ol>\n<li>g) zmiany spowodowane up\u0142ywem czasu, jak np. odbarwienia, kt\u00f3re nie maj\u0105 wp\u0142ywu na funkcjonalno\u015b\u0107 Urz\u0105dzenia,<\/li>\n<li>h) Elementy naturalnie zu\u017cywaj\u0105ce si\u0119 i\/lub wykonane z nast\u0119puj\u0105cych materia\u0142\u00f3w:\n<ul>\n<li>Elementy wykonane z tworzywa sztucznego (tj. komplety odp\u0142ywowe, syfony, sitka, wsporniki, filtry),<\/li>\n<li>Elementy szklane i drewniane,<\/li>\n<li>Elementy z gumy (tj. uszczelki, uszczelki ),<\/li>\n<li>Elementy o\u015bwietlenia (tj. \u017car\u00f3wki, LED)<\/li>\n<\/ul>\n<\/li>\n<\/ol>\n<p>&nbsp;<\/p>\n<ol>\n<li>Wk\u0142ady ociekowe (tj. wk\u0142ady sitowe, deski do krojenia).<\/li>\n<li>urz\u0105dzenia eksploatowane poza warunkami indywidualnego gospodarstwa domowego<\/li>\n<\/ol>\n<p>&nbsp;<\/p>\n<p><strong>Uwaga!<\/strong><\/p>\n<ol>\n<li>U\u017cytkownik wykonuje we w\u0142asnym zakresie i na sw\u00f3j koszt czynno\u015bci zwi\u0105zane w szczeg\u00f3lno\u015bci z:\n<ol>\n<li>zdemontowaniem fabrycznych blokad \/ os\u0142on zabezpieczaj\u0105cych Produkt na czas transportu,<\/li>\n<li>zainstalowaniem Produktu, pod\u0142\u0105czeniem Produktu do instalacji,<\/li>\n<li>codzienn\u0105 obs\u0142ug\u0105 Produktu, wynikaj\u0105c\u0105 m.in. z Instrukcji Obs\u0142ugi za\u0142\u0105czonej do Produktu (np. konserwacj\u0105, czyszczeniem, regulacj\u0105).<\/li>\n<\/ol>\n<\/li>\n<li>Zaleca si\u0119 sprawdzenie stanu Produktu przy jego zakupie i odbiorze, a najp\u00f3\u017aniej przed jego zamontowaniem, a w przypadku dostrze\u017cenia jakichkolwiek wad zaleca si\u0119 niezw\u0142oczne powiadomi\u0107 Gwaranta o stwierdzonych wadach Produktu (zaleca si\u0119 nie montowa\u0107 wadliwego Produktu).<\/li>\n<li>W przypadku stwierdzenia wady Produktu, przed dokonaniem zg\u0142oszenia reklamacyjnego zaleca si\u0119 upewni\u0107 si\u0119, czy wszystkie czynno\u015bci okre\u015blone w szczeg\u00f3lno\u015bci w Instrukcji Obs\u0142ugi za\u0142\u0105czonej do Produktu zosta\u0142y wykonane w spos\u00f3b prawid\u0142owy.<\/li>\n<li>Zg\u0142oszenia reklamacji zaleca si\u0119 dokona\u0107 niezw\u0142ocznie, najlepiej w terminie 7 dni od daty stwierdzenia wady Produktu. Zg\u0142oszenia reklamacji mo\u017cna dokona\u0107 m.in. za po\u015brednictwem strony internetowej Gwaranta (<a href=\"https:\/\/www.teka.com\/\">https:\/\/www.teka.com<\/a>) lub infolinii (85\u00a0555 50 50, info@teka.com.pl).<\/li>\n<li>Maj\u0105c na uwadze bezpiecze\u0144stwo U\u017cytkownika zaleca si\u0119 nie korzysta\u0107 z wadliwego Produktu.<\/li>\n<li>Zanieczyszczenia znajduj\u0105ce si\u0119 w wodzie (np. piasek, drobne kamienie) mog\u0105 sta\u0107 si\u0119 przyczyn\u0105 uszkodzenia Produktu. W zwi\u0105zku z tym, zalecane jest montowanie filtr\u00f3w b\u0105d\u017a zawor\u00f3w z filtrami bezpo\u015brednio przed Produktem i ich regularne czyszczenie.<\/li>\n<li>Gwarant okre\u015bla miejsce usuwania wady Produktu (miejsce zainstalowania Produktu lub siedziba autoryzowanego serwisu Gwaranta). Przy czynno\u015bciach gwarancyjnych wykonywanych w miejscu zainstalowania Produktu, U\u017cytkownik powinien zapewni\u0107 Gwarantowi swobodny dost\u0119p do Produktu (m.in. usun\u0105\u0107 zabudowy, os\u0142ony, opr\u00f3\u017cni\u0107 zawarto\u015b\u0107 urz\u0105dzenia, itp.).<\/li>\n<li>Wadliwe Produkty lub ich cz\u0119\u015bci, kt\u00f3re Gwarant wymieni\u0142 na wolne od wad, staj\u0105 si\u0119 w\u0142asno\u015bci\u0105 Gwaranta.<\/li>\n<li>W przypadku wymiany Produktu na Wolny od wad, okres gwarancyjny na nowy produkt wynosi 24 m-ce.<\/li>\n<\/ol>\n<p>&nbsp;<\/p>\n<p><strong>V. Postanowienia ko\u0144cowe:<\/strong><\/p>\n<p>Niniejsze warunki gwarancji maj\u0105 zastosowanie do Urz\u0105dze\u0144 zakupionych od dnia 01.05.2023\u00a0r.<\/p>\n<p>Gwarant o\u015bwiadcza, \u017ce gwarancja nie wy\u0142\u0105cza, nie ogranicza ani nie zawiesza uprawnie\u0144 kupuj\u0105cego wynikaj\u0105cych z przepis\u00f3w o r\u0119kojmi za wady rzeczy sprzedanej.<\/p>\n<p>[\/et_pb_text][\/et_pb_column][\/et_pb_row][\/et_pb_section]<\/p>\n","protected":false},"excerpt":{"rendered":"<p>Og\u00f3lne Zasady Gwarancji\u00a0 Og\u00f3lne Zasady\u00a0Gwarancji &nbsp; Dzi\u0119kujemy za zakup urz\u0105dze\u0144 z oferty TEKA. Wierzymy, \u017ce przez lata eksploatacji b\u0119d\u0105 Pa\u0144stwo zadowoleni z dokonanego wyboru. Teka Polska Sp. z o.o. z siedzib\u0105 w Warszawie, adres: ul. \u017bwirki i Wigury 14, 02-092 Warszawa, S\u0105d Rejonowy dla m.st. Warszawy, XIV Wydzia\u0142 Gospodarczy Krajowego Rejestru S\u0105dowego, nr KRS: 0000059916, [&hellip;]<\/p>\n","protected":false},"author":9,"featured_media":0,"parent":5193,"menu_order":0,"comment_status":"closed","ping_status":"closed","template":"","meta":{"_acf_changed":false,"_et_pb_use_builder":"on","_et_pb_old_content":"","_et_gb_content_width":"","footnotes":""},"class_list":["post-23564","page","type-page","status-publish","hentry"],"acf":[],"yoast_head":"<!-- This site is optimized with the Yoast SEO plugin v27.5 - https:\/\/yoast.com\/product\/yoast-seo-wordpress\/ -->\n<title>Teka Polska | Consulta las condiciones de garantia<\/title>\n<meta name=\"robots\" content=\"index, follow, max-snippet:-1, max-image-preview:large, max-video-preview:-1\" \/>\n<link rel=\"canonical\" href=\"https:\/\/www.teka.com\/pl-pl\/wsparcie\/ogolne-zasady-gwarancji\/\" \/>\n<meta property=\"og:locale\" content=\"pl_PL\" \/>\n<meta property=\"og:type\" content=\"article\" \/>\n<meta property=\"og:title\" content=\"Teka Polska | Consulta las condiciones de garantia\" \/>\n<meta property=\"og:description\" content=\"Og\u00f3lne Zasady Gwarancji\u00a0 Og\u00f3lne Zasady\u00a0Gwarancji &nbsp; Dzi\u0119kujemy za zakup urz\u0105dze\u0144 z oferty TEKA. Wierzymy, \u017ce przez lata eksploatacji b\u0119d\u0105 Pa\u0144stwo zadowoleni z dokonanego wyboru. Teka Polska Sp. z o.o. z siedzib\u0105 w Warszawie, adres: ul. \u017bwirki i Wigury 14, 02-092 Warszawa, S\u0105d Rejonowy dla m.st. Warszawy, XIV Wydzia\u0142 Gospodarczy Krajowego Rejestru S\u0105dowego, nr KRS: 0000059916, [&hellip;]\" \/>\n<meta property=\"og:url\" content=\"https:\/\/www.teka.com\/pl-pl\/wsparcie\/ogolne-zasady-gwarancji\/\" \/>\n<meta property=\"og:site_name\" content=\"Teka Polska\" \/>\n<meta property=\"article:modified_time\" content=\"2023-05-25T07:41:08+00:00\" \/>\n<meta name=\"twitter:card\" content=\"summary_large_image\" \/>\n<meta name=\"twitter:label1\" content=\"Szacowany czas czytania\" \/>\n\t<meta name=\"twitter:data1\" content=\"8 minut\" \/>\n<script type=\"application\/ld+json\" class=\"yoast-schema-graph\">{\"@context\":\"https:\\\/\\\/schema.org\",\"@graph\":[{\"@type\":\"WebPage\",\"@id\":\"https:\\\/\\\/www.teka.com\\\/pl-pl\\\/wsparcie\\\/ogolne-zasady-gwarancji\\\/\",\"url\":\"https:\\\/\\\/www.teka.com\\\/pl-pl\\\/wsparcie\\\/ogolne-zasady-gwarancji\\\/\",\"name\":\"Teka Polska | Consulta las condiciones de garantia\",\"isPartOf\":{\"@id\":\"https:\\\/\\\/www.teka.com\\\/pl-pl\\\/#website\"},\"datePublished\":\"2018-09-24T15:55:57+00:00\",\"dateModified\":\"2023-05-25T07:41:08+00:00\",\"breadcrumb\":{\"@id\":\"https:\\\/\\\/www.teka.com\\\/pl-pl\\\/wsparcie\\\/ogolne-zasady-gwarancji\\\/#breadcrumb\"},\"inLanguage\":\"pl-PL\",\"potentialAction\":[{\"@type\":\"ReadAction\",\"target\":[\"https:\\\/\\\/www.teka.com\\\/pl-pl\\\/wsparcie\\\/ogolne-zasady-gwarancji\\\/\"]}]},{\"@type\":\"BreadcrumbList\",\"@id\":\"https:\\\/\\\/www.teka.com\\\/pl-pl\\\/wsparcie\\\/ogolne-zasady-gwarancji\\\/#breadcrumb\",\"itemListElement\":[{\"@type\":\"ListItem\",\"position\":1,\"name\":\"Wsparcie\",\"item\":\"https:\\\/\\\/www.teka.com\\\/pl-pl\\\/wsparcie\\\/\"},{\"@type\":\"ListItem\",\"position\":2,\"name\":\"Og\u00f3lne Zasady Gwarancji\"}]},{\"@type\":\"WebSite\",\"@id\":\"https:\\\/\\\/www.teka.com\\\/pl-pl\\\/#website\",\"url\":\"https:\\\/\\\/www.teka.com\\\/pl-pl\\\/\",\"name\":\"Teka Polska\",\"description\":\"Tw\u00f3j przepis na \u017cycie\",\"potentialAction\":[{\"@type\":\"SearchAction\",\"target\":{\"@type\":\"EntryPoint\",\"urlTemplate\":\"https:\\\/\\\/www.teka.com\\\/pl-pl\\\/?s={search_term_string}\"},\"query-input\":{\"@type\":\"PropertyValueSpecification\",\"valueRequired\":true,\"valueName\":\"search_term_string\"}}],\"inLanguage\":\"pl-PL\"}]}<\/script>\n<!-- \/ Yoast SEO plugin. -->","yoast_head_json":{"title":"Teka Polska | Consulta las condiciones de garantia","robots":{"index":"index","follow":"follow","max-snippet":"max-snippet:-1","max-image-preview":"max-image-preview:large","max-video-preview":"max-video-preview:-1"},"canonical":"https:\/\/www.teka.com\/pl-pl\/wsparcie\/ogolne-zasady-gwarancji\/","og_locale":"pl_PL","og_type":"article","og_title":"Teka Polska | Consulta las condiciones de garantia","og_description":"Og\u00f3lne Zasady Gwarancji\u00a0 Og\u00f3lne Zasady\u00a0Gwarancji &nbsp; Dzi\u0119kujemy za zakup urz\u0105dze\u0144 z oferty TEKA. Wierzymy, \u017ce przez lata eksploatacji b\u0119d\u0105 Pa\u0144stwo zadowoleni z dokonanego wyboru. Teka Polska Sp. z o.o. z siedzib\u0105 w Warszawie, adres: ul. \u017bwirki i Wigury 14, 02-092 Warszawa, S\u0105d Rejonowy dla m.st. Warszawy, XIV Wydzia\u0142 Gospodarczy Krajowego Rejestru S\u0105dowego, nr KRS: 0000059916, [&hellip;]","og_url":"https:\/\/www.teka.com\/pl-pl\/wsparcie\/ogolne-zasady-gwarancji\/","og_site_name":"Teka Polska","article_modified_time":"2023-05-25T07:41:08+00:00","twitter_card":"summary_large_image","twitter_misc":{"Szacowany czas czytania":"8 minut"},"schema":{"@context":"https:\/\/schema.org","@graph":[{"@type":"WebPage","@id":"https:\/\/www.teka.com\/pl-pl\/wsparcie\/ogolne-zasady-gwarancji\/","url":"https:\/\/www.teka.com\/pl-pl\/wsparcie\/ogolne-zasady-gwarancji\/","name":"Teka Polska | Consulta las condiciones de garantia","isPartOf":{"@id":"https:\/\/www.teka.com\/pl-pl\/#website"},"datePublished":"2018-09-24T15:55:57+00:00","dateModified":"2023-05-25T07:41:08+00:00","breadcrumb":{"@id":"https:\/\/www.teka.com\/pl-pl\/wsparcie\/ogolne-zasady-gwarancji\/#breadcrumb"},"inLanguage":"pl-PL","potentialAction":[{"@type":"ReadAction","target":["https:\/\/www.teka.com\/pl-pl\/wsparcie\/ogolne-zasady-gwarancji\/"]}]},{"@type":"BreadcrumbList","@id":"https:\/\/www.teka.com\/pl-pl\/wsparcie\/ogolne-zasady-gwarancji\/#breadcrumb","itemListElement":[{"@type":"ListItem","position":1,"name":"Wsparcie","item":"https:\/\/www.teka.com\/pl-pl\/wsparcie\/"},{"@type":"ListItem","position":2,"name":"Og\u00f3lne Zasady Gwarancji"}]},{"@type":"WebSite","@id":"https:\/\/www.teka.com\/pl-pl\/#website","url":"https:\/\/www.teka.com\/pl-pl\/","name":"Teka Polska","description":"Tw\u00f3j przepis na \u017cycie","potentialAction":[{"@type":"SearchAction","target":{"@type":"EntryPoint","urlTemplate":"https:\/\/www.teka.com\/pl-pl\/?s={search_term_string}"},"query-input":{"@type":"PropertyValueSpecification","valueRequired":true,"valueName":"search_term_string"}}],"inLanguage":"pl-PL"}]}},"_links":{"self":[{"href":"https:\/\/www.teka.com\/pl-pl\/wp-json\/wp\/v2\/pages\/23564","targetHints":{"allow":["GET"]}}],"collection":[{"href":"https:\/\/www.teka.com\/pl-pl\/wp-json\/wp\/v2\/pages"}],"about":[{"href":"https:\/\/www.teka.com\/pl-pl\/wp-json\/wp\/v2\/types\/page"}],"author":[{"embeddable":true,"href":"https:\/\/www.teka.com\/pl-pl\/wp-json\/wp\/v2\/users\/9"}],"replies":[{"embeddable":true,"href":"https:\/\/www.teka.com\/pl-pl\/wp-json\/wp\/v2\/comments?post=23564"}],"version-history":[{"count":18,"href":"https:\/\/www.teka.com\/pl-pl\/wp-json\/wp\/v2\/pages\/23564\/revisions"}],"predecessor-version":[{"id":124803,"href":"https:\/\/www.teka.com\/pl-pl\/wp-json\/wp\/v2\/pages\/23564\/revisions\/124803"}],"up":[{"embeddable":true,"href":"https:\/\/www.teka.com\/pl-pl\/wp-json\/wp\/v2\/pages\/5193"}],"wp:attachment":[{"href":"https:\/\/www.teka.com\/pl-pl\/wp-json\/wp\/v2\/media?parent=23564"}],"curies":[{"name":"wp","href":"https:\/\/api.w.org\/{rel}","templated":true}]}}