{"id":5195,"date":"2018-08-09T09:59:32","date_gmt":"2018-08-09T09:59:32","guid":{"rendered":"http:\/\/teka.com\/?page_id=5195"},"modified":"2019-06-12T15:41:57","modified_gmt":"2019-06-12T15:41:57","slug":"safety-warnings","status":"publish","type":"page","link":"https:\/\/www.teka.com\/pl-pl\/wsparcie\/safety-warnings\/","title":{"rendered":"Safety Warnings"},"content":{"rendered":"<p>[et_pb_section bb_built=&#8221;1&#8243; next_background_color=&#8221;#000000&#8243; _builder_version=&#8221;3.10.1&#8243; module_id=&#8221;aviso-de-seguridad-top&#8221;][et_pb_row _builder_version=&#8221;3.10.1&#8243; use_custom_width=&#8221;on&#8221; custom_width_px=&#8221;470px&#8221;][et_pb_column type=&#8221;4_4&#8243;][et_pb_text admin_label=&#8221;Title&#8221; _builder_version=&#8221;3.19&#8243;]<\/p>\n<h1 style=\"text-align: center\">Bezpiecze\u0144stwo:<strong> akcje serwisowe<\/strong><\/h1>\n<p>[\/et_pb_text][et_pb_text admin_label=&#8221;Text&#8221; _builder_version=&#8221;3.19&#8243;]<\/p>\n<p style=\"text-align: center\">Teka zobowi\u0105zuje si\u0119 przestrzega\u0107 najwy\u017cszych standard\u00f3w bezpiecze\u0144stwa, jako\u015bci oraz niezawodno\u015bci we wszystkich swoich produktach.<\/p>\n<p>[\/et_pb_text][\/et_pb_column][\/et_pb_row][\/et_pb_section][et_pb_section bb_built=&#8221;1&#8243; specialty=&#8221;off&#8221; prev_background_color=&#8221;#000000&#8243; _builder_version=&#8221;3.10.1&#8243; custom_margin=&#8221;0px|||&#8221; next_background_color=&#8221;#000000&#8243; module_id=&#8221;aviso-de-seguridad-two&#8221;][et_pb_row _builder_version=&#8221;3.10.1&#8243; background_color=&#8221;#f2f2f2&#8243; custom_padding=&#8221;75px|60px|75px|60px&#8221;][et_pb_column type=&#8221;1_2&#8243;][et_pb_image _builder_version=&#8221;3.10.1&#8243; src=&#8221;https:\/\/www.teka.com\/wp-content\/uploads\/sites\/3\/2018\/08\/aviso-seguridad.jpg&#8221; align=&#8221;center&#8221; \/][\/et_pb_column][et_pb_column type=&#8221;1_2&#8243;][et_pb_text admin_label=&#8221;Preventive Review Campaign&#8221; _builder_version=&#8221;3.14&#8243;]<\/p>\n<h2><strong>Preventive Review<\/strong> Campaign<\/h2>\n<p>The company has initiated a preventive, voluntary and free user Review campaign of the MWE 225 microwaves manufactured in July 2015, aiming at the wellbeing and satisfaction of its customers.<\/p>\n<p>[\/et_pb_text][et_pb_security _builder_version=&#8221;3.14&#8243; posts_number=&#8221;-1&#8243; show_categories=&#8221;off&#8221; show_pagination=&#8221;off&#8221; title_font_size_tablet=&#8221;51&#8243; title_line_height_tablet=&#8221;2&#8243; caption_font_size_tablet=&#8221;51&#8243; caption_line_height_tablet=&#8221;2&#8243; pagination_font_size_tablet=&#8221;51&#8243; pagination_line_height_tablet=&#8221;2&#8243; show_title=&#8221;off&#8221; \/][\/et_pb_column][\/et_pb_row][\/et_pb_section][et_pb_section bb_built=&#8221;1&#8243; fullwidth=&#8221;off&#8221; specialty=&#8221;off&#8221; prev_background_color=&#8221;#000000&#8243;][et_pb_row][et_pb_column type=&#8221;4_4&#8243;][et_pb_accordion _builder_version=&#8221;3.10.1&#8243; disabled_on=&#8221;on|on|on&#8221; disabled=&#8221;on&#8221;][et_pb_accordion_item _builder_version=&#8221;3.10.1&#8243; title=&#8221;Revisi\u00f3n gratuita de Microondas MWE 225 FI&#8221; use_background_color_gradient=&#8221;off&#8221; background_color_gradient_start=&#8221;#2b87da&#8221; background_color_gradient_end=&#8221;#29c4a9&#8243; background_color_gradient_type=&#8221;linear&#8221; background_color_gradient_direction=&#8221;180deg&#8221; background_color_gradient_direction_radial=&#8221;center&#8221; background_color_gradient_start_position=&#8221;0%&#8221; background_color_gradient_end_position=&#8221;100%&#8221; background_color_gradient_overlays_image=&#8221;off&#8221; parallax=&#8221;off&#8221; parallax_method=&#8221;on&#8221; background_size=&#8221;cover&#8221; background_position=&#8221;center&#8221; background_repeat=&#8221;no-repeat&#8221; background_blend=&#8221;normal&#8221; allow_player_pause=&#8221;off&#8221; background_video_pause_outside_viewport=&#8221;on&#8221; text_shadow_style=&#8221;none&#8221; box_shadow_style=&#8221;none&#8221; \/][et_pb_accordion_item _builder_version=&#8221;3.10.1&#8243; title=&#8221;Revisi\u00f3n gratuita de Campana vertical de aspiraci\u00f3n perimetral QUADRO DLV 998&#8243; use_background_color_gradient=&#8221;off&#8221; background_color_gradient_start=&#8221;#2b87da&#8221; background_color_gradient_end=&#8221;#29c4a9&#8243; background_color_gradient_type=&#8221;linear&#8221; background_color_gradient_direction=&#8221;180deg&#8221; background_color_gradient_direction_radial=&#8221;center&#8221; background_color_gradient_start_position=&#8221;0%&#8221; background_color_gradient_end_position=&#8221;100%&#8221; background_color_gradient_overlays_image=&#8221;off&#8221; parallax=&#8221;off&#8221; parallax_method=&#8221;on&#8221; background_size=&#8221;cover&#8221; background_position=&#8221;center&#8221; background_repeat=&#8221;no-repeat&#8221; background_blend=&#8221;normal&#8221; allow_player_pause=&#8221;off&#8221; background_video_pause_outside_viewport=&#8221;on&#8221; text_shadow_style=&#8221;none&#8221; box_shadow_style=&#8221;none&#8221; \/][et_pb_accordion_item _builder_version=&#8221;3.10.1&#8243; title=&#8221;Revisi\u00f3n gratuita de Frigor\u00edfico side by side No Frost POLAR NFE 900 X&#8221; use_background_color_gradient=&#8221;off&#8221; background_color_gradient_start=&#8221;#2b87da&#8221; background_color_gradient_end=&#8221;#29c4a9&#8243; background_color_gradient_type=&#8221;linear&#8221; background_color_gradient_direction=&#8221;180deg&#8221; background_color_gradient_direction_radial=&#8221;center&#8221; background_color_gradient_start_position=&#8221;0%&#8221; background_color_gradient_end_position=&#8221;100%&#8221; background_color_gradient_overlays_image=&#8221;off&#8221; parallax=&#8221;off&#8221; parallax_method=&#8221;on&#8221; background_size=&#8221;cover&#8221; background_position=&#8221;center&#8221; background_repeat=&#8221;no-repeat&#8221; background_blend=&#8221;normal&#8221; allow_player_pause=&#8221;off&#8221; background_video_pause_outside_viewport=&#8221;on&#8221; text_shadow_style=&#8221;none&#8221; box_shadow_style=&#8221;none&#8221; \/][\/et_pb_accordion][et_pb_security _builder_version=&#8221;3.14&#8243; posts_number=&#8221;-1&#8243; show_categories=&#8221;off&#8221; show_pagination=&#8221;off&#8221; title_font_size_tablet=&#8221;51&#8243; title_line_height_tablet=&#8221;2&#8243; caption_font_size_tablet=&#8221;51&#8243; caption_line_height_tablet=&#8221;2&#8243; pagination_font_size_tablet=&#8221;51&#8243; pagination_line_height_tablet=&#8221;2&#8243; \/][\/et_pb_column][\/et_pb_row][\/et_pb_section]<\/p>\n","protected":false},"excerpt":{"rendered":"<p>Bezpiecze\u0144stwo: akcje serwisowe Teka zobowi\u0105zuje si\u0119 przestrzega\u0107 najwy\u017cszych standard\u00f3w bezpiecze\u0144stwa, jako\u015bci oraz niezawodno\u015bci we wszystkich swoich produktach. Preventive Review Campaign The company has initiated a preventive, voluntary and free user Review campaign of the MWE 225 microwaves manufactured in July 2015, aiming at the wellbeing and satisfaction of its customers. [et_pb_security _builder_version=&#8221;3.14&#8243; posts_number=&#8221;-1&#8243; show_categories=&#8221;off&#8221; show_pagination=&#8221;off&#8221; [&hellip;]<\/p>\n","protected":false},"author":1,"featured_media":0,"parent":5193,"menu_order":0,"comment_status":"closed","ping_status":"closed","template":"","meta":{"_acf_changed":false,"_et_pb_use_builder":"on","_et_pb_old_content":"","_et_gb_content_width":"","footnotes":""},"class_list":["post-5195","page","type-page","status-publish","hentry"],"acf":[],"yoast_head":"<!-- This site is optimized with the Yoast SEO plugin v27.2 - https:\/\/yoast.com\/product\/yoast-seo-wordpress\/ -->\n<title>Safety Warnings | Teka Polska<\/title>\n<meta name=\"robots\" content=\"index, follow, max-snippet:-1, max-image-preview:large, max-video-preview:-1\" \/>\n<link rel=\"canonical\" href=\"https:\/\/www.teka.com\/pl-pl\/wsparcie\/safety-warnings\/\" \/>\n<meta property=\"og:locale\" content=\"pl_PL\" \/>\n<meta property=\"og:type\" content=\"article\" \/>\n<meta property=\"og:title\" content=\"Safety Warnings | Teka Polska\" \/>\n<meta property=\"og:description\" content=\"Bezpiecze\u0144stwo: akcje serwisowe Teka zobowi\u0105zuje si\u0119 przestrzega\u0107 najwy\u017cszych standard\u00f3w bezpiecze\u0144stwa, jako\u015bci oraz niezawodno\u015bci we wszystkich swoich produktach. Preventive Review Campaign The company has initiated a preventive, voluntary and free user Review campaign of the MWE 225 microwaves manufactured in July 2015, aiming at the wellbeing and satisfaction of its customers. [et_pb_security _builder_version=&quot;3.14&quot; posts_number=&quot;-1&quot; show_categories=&quot;off&quot; show_pagination=&quot;off&quot; [&hellip;]\" \/>\n<meta property=\"og:url\" content=\"https:\/\/www.teka.com\/pl-pl\/wsparcie\/safety-warnings\/\" \/>\n<meta property=\"og:site_name\" content=\"Teka Polska\" \/>\n<meta property=\"article:modified_time\" content=\"2019-06-12T15:41:57+00:00\" \/>\n<meta name=\"twitter:card\" content=\"summary_large_image\" \/>\n<meta name=\"twitter:label1\" content=\"Szacowany czas czytania\" \/>\n\t<meta name=\"twitter:data1\" content=\"3 minuty\" \/>\n<script type=\"application\/ld+json\" class=\"yoast-schema-graph\">{\"@context\":\"https:\/\/schema.org\",\"@graph\":[{\"@type\":\"WebPage\",\"@id\":\"https:\/\/www.teka.com\/pl-pl\/wsparcie\/safety-warnings\/\",\"url\":\"https:\/\/www.teka.com\/pl-pl\/wsparcie\/safety-warnings\/\",\"name\":\"Safety Warnings | Teka Polska\",\"isPartOf\":{\"@id\":\"https:\/\/www.teka.com\/pl-pl\/#website\"},\"datePublished\":\"2018-08-09T09:59:32+00:00\",\"dateModified\":\"2019-06-12T15:41:57+00:00\",\"breadcrumb\":{\"@id\":\"https:\/\/www.teka.com\/pl-pl\/wsparcie\/safety-warnings\/#breadcrumb\"},\"inLanguage\":\"pl-PL\",\"potentialAction\":[{\"@type\":\"ReadAction\",\"target\":[\"https:\/\/www.teka.com\/pl-pl\/wsparcie\/safety-warnings\/\"]}]},{\"@type\":\"BreadcrumbList\",\"@id\":\"https:\/\/www.teka.com\/pl-pl\/wsparcie\/safety-warnings\/#breadcrumb\",\"itemListElement\":[{\"@type\":\"ListItem\",\"position\":1,\"name\":\"Wsparcie\",\"item\":\"https:\/\/www.teka.com\/pl-pl\/wsparcie\/\"},{\"@type\":\"ListItem\",\"position\":2,\"name\":\"Safety Warnings\"}]},{\"@type\":\"WebSite\",\"@id\":\"https:\/\/www.teka.com\/pl-pl\/#website\",\"url\":\"https:\/\/www.teka.com\/pl-pl\/\",\"name\":\"Teka Polska\",\"description\":\"Tw\u00f3j przepis na \u017cycie\",\"potentialAction\":[{\"@type\":\"SearchAction\",\"target\":{\"@type\":\"EntryPoint\",\"urlTemplate\":\"https:\/\/www.teka.com\/pl-pl\/?s={search_term_string}\"},\"query-input\":{\"@type\":\"PropertyValueSpecification\",\"valueRequired\":true,\"valueName\":\"search_term_string\"}}],\"inLanguage\":\"pl-PL\"}]}<\/script>\n<!-- \/ Yoast SEO plugin. -->","yoast_head_json":{"title":"Safety Warnings | Teka Polska","robots":{"index":"index","follow":"follow","max-snippet":"max-snippet:-1","max-image-preview":"max-image-preview:large","max-video-preview":"max-video-preview:-1"},"canonical":"https:\/\/www.teka.com\/pl-pl\/wsparcie\/safety-warnings\/","og_locale":"pl_PL","og_type":"article","og_title":"Safety Warnings | Teka Polska","og_description":"Bezpiecze\u0144stwo: akcje serwisowe Teka zobowi\u0105zuje si\u0119 przestrzega\u0107 najwy\u017cszych standard\u00f3w bezpiecze\u0144stwa, jako\u015bci oraz niezawodno\u015bci we wszystkich swoich produktach. Preventive Review Campaign The company has initiated a preventive, voluntary and free user Review campaign of the MWE 225 microwaves manufactured in July 2015, aiming at the wellbeing and satisfaction of its customers. [et_pb_security _builder_version=\"3.14\" posts_number=\"-1\" show_categories=\"off\" show_pagination=\"off\" [&hellip;]","og_url":"https:\/\/www.teka.com\/pl-pl\/wsparcie\/safety-warnings\/","og_site_name":"Teka Polska","article_modified_time":"2019-06-12T15:41:57+00:00","twitter_card":"summary_large_image","twitter_misc":{"Szacowany czas czytania":"3 minuty"},"schema":{"@context":"https:\/\/schema.org","@graph":[{"@type":"WebPage","@id":"https:\/\/www.teka.com\/pl-pl\/wsparcie\/safety-warnings\/","url":"https:\/\/www.teka.com\/pl-pl\/wsparcie\/safety-warnings\/","name":"Safety Warnings | Teka Polska","isPartOf":{"@id":"https:\/\/www.teka.com\/pl-pl\/#website"},"datePublished":"2018-08-09T09:59:32+00:00","dateModified":"2019-06-12T15:41:57+00:00","breadcrumb":{"@id":"https:\/\/www.teka.com\/pl-pl\/wsparcie\/safety-warnings\/#breadcrumb"},"inLanguage":"pl-PL","potentialAction":[{"@type":"ReadAction","target":["https:\/\/www.teka.com\/pl-pl\/wsparcie\/safety-warnings\/"]}]},{"@type":"BreadcrumbList","@id":"https:\/\/www.teka.com\/pl-pl\/wsparcie\/safety-warnings\/#breadcrumb","itemListElement":[{"@type":"ListItem","position":1,"name":"Wsparcie","item":"https:\/\/www.teka.com\/pl-pl\/wsparcie\/"},{"@type":"ListItem","position":2,"name":"Safety Warnings"}]},{"@type":"WebSite","@id":"https:\/\/www.teka.com\/pl-pl\/#website","url":"https:\/\/www.teka.com\/pl-pl\/","name":"Teka Polska","description":"Tw\u00f3j przepis na \u017cycie","potentialAction":[{"@type":"SearchAction","target":{"@type":"EntryPoint","urlTemplate":"https:\/\/www.teka.com\/pl-pl\/?s={search_term_string}"},"query-input":{"@type":"PropertyValueSpecification","valueRequired":true,"valueName":"search_term_string"}}],"inLanguage":"pl-PL"}]}},"_links":{"self":[{"href":"https:\/\/www.teka.com\/pl-pl\/wp-json\/wp\/v2\/pages\/5195","targetHints":{"allow":["GET"]}}],"collection":[{"href":"https:\/\/www.teka.com\/pl-pl\/wp-json\/wp\/v2\/pages"}],"about":[{"href":"https:\/\/www.teka.com\/pl-pl\/wp-json\/wp\/v2\/types\/page"}],"author":[{"embeddable":true,"href":"https:\/\/www.teka.com\/pl-pl\/wp-json\/wp\/v2\/users\/1"}],"replies":[{"embeddable":true,"href":"https:\/\/www.teka.com\/pl-pl\/wp-json\/wp\/v2\/comments?post=5195"}],"version-history":[{"count":17,"href":"https:\/\/www.teka.com\/pl-pl\/wp-json\/wp\/v2\/pages\/5195\/revisions"}],"predecessor-version":[{"id":54303,"href":"https:\/\/www.teka.com\/pl-pl\/wp-json\/wp\/v2\/pages\/5195\/revisions\/54303"}],"up":[{"embeddable":true,"href":"https:\/\/www.teka.com\/pl-pl\/wp-json\/wp\/v2\/pages\/5193"}],"wp:attachment":[{"href":"https:\/\/www.teka.com\/pl-pl\/wp-json\/wp\/v2\/media?parent=5195"}],"curies":[{"name":"wp","href":"https:\/\/api.w.org\/{rel}","templated":true}]}}