{"id":5217,"date":"2018-08-10T10:26:19","date_gmt":"2018-08-10T10:26:19","guid":{"rendered":"http:\/\/teka.com\/?page_id=5217"},"modified":"2024-07-01T09:46:02","modified_gmt":"2024-07-01T09:46:02","slug":"faq","status":"publish","type":"page","link":"https:\/\/www.teka.com\/pl-pl\/wsparcie\/faq\/","title":{"rendered":"FAQ"},"content":{"rendered":"<p>[et_pb_section fb_built=&#8221;1&#8243; module_id=&#8221;support-faq&#8221; _builder_version=&#8221;3.19&#8243; background_image=&#8221;https:\/\/www.teka.com\/pl-pl\/wp-content\/uploads\/sites\/15\/2018\/11\/teka-web-support-1920&#215;833.jpg&#8221; background_position=&#8221;center_left&#8221; global_module=&#8221;5258&#8243; global_colors_info=&#8221;{}&#8221;][et_pb_row _builder_version=&#8221;4.16&#8243; background_size=&#8221;initial&#8221; background_position=&#8221;top_left&#8221; background_repeat=&#8221;repeat&#8221; global_colors_info=&#8221;{}&#8221; column_structure=&#8221;1_2,1_2&#8243;][et_pb_column type=&#8221;1_2&#8243; _builder_version=&#8221;4.16&#8243; custom_padding=&#8221;|||&#8221; global_colors_info=&#8221;{}&#8221; custom_padding__hover=&#8221;|||&#8221;][\/et_pb_column][et_pb_column type=&#8221;1_2&#8243; _builder_version=&#8221;4.16&#8243; custom_padding=&#8221;|||&#8221; global_colors_info=&#8221;{}&#8221; custom_padding__hover=&#8221;|||&#8221;][et_pb_text _builder_version=&#8221;4.22.1&#8243; hover_enabled=&#8221;0&#8243; global_colors_info=&#8221;{}&#8221; sticky_enabled=&#8221;0&#8243;]<\/p>\n<h2><span style=\"color: #ffffff;\">Potrzebujesz pomocy?<\/span><\/h2>\n<h4><span style=\"color: #ffffff;\">Wybierz temat<\/span><\/h4>\n<p><select id=\"select-faq\" name=\"select\"><\/select><\/p>\n<p>[\/et_pb_text][\/et_pb_column][\/et_pb_row][\/et_pb_section][et_pb_section fb_built=&#8221;1&#8243; module_id=&#8221;support-contact-manuals&#8221; _builder_version=&#8221;4.16&#8243; global_colors_info=&#8221;{}&#8221;][et_pb_row _builder_version=&#8221;4.16&#8243; background_size=&#8221;initial&#8221; background_position=&#8221;top_left&#8221; background_repeat=&#8221;repeat&#8221; global_colors_info=&#8221;{}&#8221; column_structure=&#8221;1_2,1_2&#8243;][et_pb_column type=&#8221;1_2&#8243; _builder_version=&#8221;4.16&#8243; custom_padding=&#8221;|||&#8221; global_colors_info=&#8221;{}&#8221; custom_padding__hover=&#8221;|||&#8221;][et_pb_text admin_label=&#8221;Customer Service&#8221; module_id=&#8221;support-contact&#8221; _builder_version=&#8221;3.19&#8243; global_module=&#8221;28072&#8243; saved_tabs=&#8221;all&#8221; global_colors_info=&#8221;{}&#8221;]<\/p>\n<h2>Obs\u0142uga\u00a0<strong>Klienta<\/strong><\/h2>\n<p><em><a href=\"tel:+48 85 555 50 50\">+48 85 555 50 50<\/a><\/em><\/p>\n<p class=\"horario\">Poniedzia\u0142ek - pi\u0105tek, <br>09:00 - 17:00<\/p>\n<p><a class=\"itk-atencion-mail\" href=\"mailto:info@teka.com.pl\">info@teka.com.pl <\/a><a class=\"itk-atencion-formulario\" href=\"https:\/\/www.teka.com\/pl-pl\/wsparcie\/zgloszenie-naprawy\/\">Zg\u0142oszenie naprawy<\/a><\/p>\n<p>[\/et_pb_text][\/et_pb_column][et_pb_column type=&#8221;1_2&#8243; _builder_version=&#8221;4.16&#8243; custom_padding=&#8221;|||&#8221; global_colors_info=&#8221;{}&#8221; custom_padding__hover=&#8221;|||&#8221;][et_pb_text admin_label=&#8221;Manuals&#8221; module_id=&#8221;support-manuals&#8221; _builder_version=&#8221;3.19&#8243; global_module=&#8221;28073&#8243; saved_tabs=&#8221;all&#8221; global_colors_info=&#8221;{}&#8221;]<\/p>\n<h3><strong>Instrukcje obs\u0142ugi<\/strong><\/h3>\n<p>Instrukcje obs\u0142ugi do\u0142\u0105czone s\u0105 do opakowania z produktem. Je\u017celi potrzebujesz dodatkowej kopii, mo\u017cesz pobra\u0107 j\u0105 tutaj.<\/p>\n<form action=\"https:\/\/www.teka.com\/pl-pl\/wsparcie\/pobierz-instrukcje-obslugi\/\" id=\"form-manual-container\"><input id=\"input-manual-submit\" name=\"manual-submit\" type=\"submit\" value=\"\ue812\"><select id=\"select-manual\" name=\"se\" style=\"width:420px;float: left\"><\/select><\/form>\n<p>[\/et_pb_text][et_pb_text admin_label=&#8221;Find your Technical Service&#8221; module_id=&#8221;support-manuals&#8221; _builder_version=&#8221;3.19&#8243; global_module=&#8221;52657&#8243; saved_tabs=&#8221;all&#8221; global_colors_info=&#8221;{}&#8221;]<\/p>\n<h3>Znajd\u017a sw\u00f3j <strong>Serwis<\/strong><\/h3>\n<p>Znajd\u017a punkt serwisowy zlokalizowany najbli\u017cej Twojego miejsca zamieszkania.<\/p>\n<p><a href=\"https:\/\/www.teka.com\/pl-pl\/mapa-sklepow\/\">+ Zobacz map\u0119<\/a><\/p>\n<p>[\/et_pb_text][\/et_pb_column][\/et_pb_row][\/et_pb_section]<\/p>\n","protected":false},"excerpt":{"rendered":"<p>Potrzebujesz pomocy? Wybierz temat Obs\u0142uga\u00a0Klienta +48 85 555 50 50 Poniedzia\u0142ek - pi\u0105tek, <br>09:00 - 17:00 info@teka.com.pl Zg\u0142oszenie naprawy Instrukcje obs\u0142ugi Instrukcje obs\u0142ugi do\u0142\u0105czone s\u0105 do opakowania z produktem. Je\u017celi potrzebujesz dodatkowej kopii, mo\u017cesz pobra\u0107 j\u0105 tutaj. <form action=\"https:\/\/www.teka.com\/pl-pl\/wsparcie\/pobierz-instrukcje-obslugi\/\" id=\"form-manual-container\"><input id=\"input-manual-submit\" name=\"manual-submit\" type=\"submit\" value=\"\ue812\"><select id=\"select-manual\" name=\"se\" style=\"width:420px;float: left\"><\/select><\/form> Znajd\u017a sw\u00f3j Serwis Znajd\u017a punkt serwisowy zlokalizowany najbli\u017cej Twojego miejsca zamieszkania. + Zobacz map\u0119<\/p>\n","protected":false},"author":9,"featured_media":0,"parent":5193,"menu_order":0,"comment_status":"closed","ping_status":"closed","template":"","meta":{"_acf_changed":false,"_et_pb_use_builder":"on","_et_pb_old_content":"","_et_gb_content_width":"","footnotes":""},"class_list":["post-5217","page","type-page","status-publish","hentry"],"acf":[],"yoast_head":"<!-- This site is optimized with the Yoast SEO plugin v27.5 - https:\/\/yoast.com\/product\/yoast-seo-wordpress\/ -->\n<title>Teka Support | Frequently Asqued Questions about our products<\/title>\n<meta name=\"description\" content=\"Find easy solutions for the most common problems or just learn how to take care of your appliance with our Frequently Asqued Questions. We&#039;re here to help!\" \/>\n<meta name=\"robots\" content=\"index, follow, max-snippet:-1, max-image-preview:large, max-video-preview:-1\" \/>\n<link rel=\"canonical\" href=\"https:\/\/www.teka.com\/pl-pl\/wsparcie\/faq\/\" \/>\n<meta property=\"og:locale\" content=\"pl_PL\" \/>\n<meta property=\"og:type\" content=\"article\" \/>\n<meta property=\"og:title\" content=\"Teka Support | Frequently Asqued Questions about our products\" \/>\n<meta property=\"og:description\" content=\"Find easy solutions for the most common problems or just learn how to take care of your appliance with our Frequently Asqued Questions. We&#039;re here to help!\" \/>\n<meta property=\"og:url\" content=\"https:\/\/www.teka.com\/pl-pl\/wsparcie\/faq\/\" \/>\n<meta property=\"og:site_name\" content=\"Teka Polska\" \/>\n<meta property=\"article:modified_time\" content=\"2024-07-01T09:46:02+00:00\" \/>\n<meta name=\"twitter:card\" content=\"summary_large_image\" \/>\n<meta name=\"twitter:label1\" content=\"Szacowany czas czytania\" \/>\n\t<meta name=\"twitter:data1\" content=\"1 minuta\" \/>\n<script type=\"application\/ld+json\" class=\"yoast-schema-graph\">{\"@context\":\"https:\\\/\\\/schema.org\",\"@graph\":[{\"@type\":\"WebPage\",\"@id\":\"https:\\\/\\\/www.teka.com\\\/pl-pl\\\/wsparcie\\\/faq\\\/\",\"url\":\"https:\\\/\\\/www.teka.com\\\/pl-pl\\\/wsparcie\\\/faq\\\/\",\"name\":\"Teka Support | Frequently Asqued Questions about our products\",\"isPartOf\":{\"@id\":\"https:\\\/\\\/www.teka.com\\\/pl-pl\\\/#website\"},\"datePublished\":\"2018-08-10T10:26:19+00:00\",\"dateModified\":\"2024-07-01T09:46:02+00:00\",\"description\":\"Find easy solutions for the most common problems or just learn how to take care of your appliance with our Frequently Asqued Questions. We're here to help!\",\"breadcrumb\":{\"@id\":\"https:\\\/\\\/www.teka.com\\\/pl-pl\\\/wsparcie\\\/faq\\\/#breadcrumb\"},\"inLanguage\":\"pl-PL\",\"potentialAction\":[{\"@type\":\"ReadAction\",\"target\":[\"https:\\\/\\\/www.teka.com\\\/pl-pl\\\/wsparcie\\\/faq\\\/\"]}]},{\"@type\":\"BreadcrumbList\",\"@id\":\"https:\\\/\\\/www.teka.com\\\/pl-pl\\\/wsparcie\\\/faq\\\/#breadcrumb\",\"itemListElement\":[{\"@type\":\"ListItem\",\"position\":1,\"name\":\"Wsparcie\",\"item\":\"https:\\\/\\\/www.teka.com\\\/pl-pl\\\/wsparcie\\\/\"},{\"@type\":\"ListItem\",\"position\":2,\"name\":\"FAQ\"}]},{\"@type\":\"WebSite\",\"@id\":\"https:\\\/\\\/www.teka.com\\\/pl-pl\\\/#website\",\"url\":\"https:\\\/\\\/www.teka.com\\\/pl-pl\\\/\",\"name\":\"Teka Polska\",\"description\":\"Tw\u00f3j przepis na \u017cycie\",\"potentialAction\":[{\"@type\":\"SearchAction\",\"target\":{\"@type\":\"EntryPoint\",\"urlTemplate\":\"https:\\\/\\\/www.teka.com\\\/pl-pl\\\/?s={search_term_string}\"},\"query-input\":{\"@type\":\"PropertyValueSpecification\",\"valueRequired\":true,\"valueName\":\"search_term_string\"}}],\"inLanguage\":\"pl-PL\"}]}<\/script>\n<!-- \/ Yoast SEO plugin. -->","yoast_head_json":{"title":"Teka Support | Frequently Asqued Questions about our products","description":"Find easy solutions for the most common problems or just learn how to take care of your appliance with our Frequently Asqued Questions. We're here to help!","robots":{"index":"index","follow":"follow","max-snippet":"max-snippet:-1","max-image-preview":"max-image-preview:large","max-video-preview":"max-video-preview:-1"},"canonical":"https:\/\/www.teka.com\/pl-pl\/wsparcie\/faq\/","og_locale":"pl_PL","og_type":"article","og_title":"Teka Support | Frequently Asqued Questions about our products","og_description":"Find easy solutions for the most common problems or just learn how to take care of your appliance with our Frequently Asqued Questions. We're here to help!","og_url":"https:\/\/www.teka.com\/pl-pl\/wsparcie\/faq\/","og_site_name":"Teka Polska","article_modified_time":"2024-07-01T09:46:02+00:00","twitter_card":"summary_large_image","twitter_misc":{"Szacowany czas czytania":"1 minuta"},"schema":{"@context":"https:\/\/schema.org","@graph":[{"@type":"WebPage","@id":"https:\/\/www.teka.com\/pl-pl\/wsparcie\/faq\/","url":"https:\/\/www.teka.com\/pl-pl\/wsparcie\/faq\/","name":"Teka Support | Frequently Asqued Questions about our products","isPartOf":{"@id":"https:\/\/www.teka.com\/pl-pl\/#website"},"datePublished":"2018-08-10T10:26:19+00:00","dateModified":"2024-07-01T09:46:02+00:00","description":"Find easy solutions for the most common problems or just learn how to take care of your appliance with our Frequently Asqued Questions. We're here to help!","breadcrumb":{"@id":"https:\/\/www.teka.com\/pl-pl\/wsparcie\/faq\/#breadcrumb"},"inLanguage":"pl-PL","potentialAction":[{"@type":"ReadAction","target":["https:\/\/www.teka.com\/pl-pl\/wsparcie\/faq\/"]}]},{"@type":"BreadcrumbList","@id":"https:\/\/www.teka.com\/pl-pl\/wsparcie\/faq\/#breadcrumb","itemListElement":[{"@type":"ListItem","position":1,"name":"Wsparcie","item":"https:\/\/www.teka.com\/pl-pl\/wsparcie\/"},{"@type":"ListItem","position":2,"name":"FAQ"}]},{"@type":"WebSite","@id":"https:\/\/www.teka.com\/pl-pl\/#website","url":"https:\/\/www.teka.com\/pl-pl\/","name":"Teka Polska","description":"Tw\u00f3j przepis na \u017cycie","potentialAction":[{"@type":"SearchAction","target":{"@type":"EntryPoint","urlTemplate":"https:\/\/www.teka.com\/pl-pl\/?s={search_term_string}"},"query-input":{"@type":"PropertyValueSpecification","valueRequired":true,"valueName":"search_term_string"}}],"inLanguage":"pl-PL"}]}},"_links":{"self":[{"href":"https:\/\/www.teka.com\/pl-pl\/wp-json\/wp\/v2\/pages\/5217","targetHints":{"allow":["GET"]}}],"collection":[{"href":"https:\/\/www.teka.com\/pl-pl\/wp-json\/wp\/v2\/pages"}],"about":[{"href":"https:\/\/www.teka.com\/pl-pl\/wp-json\/wp\/v2\/types\/page"}],"author":[{"embeddable":true,"href":"https:\/\/www.teka.com\/pl-pl\/wp-json\/wp\/v2\/users\/9"}],"replies":[{"embeddable":true,"href":"https:\/\/www.teka.com\/pl-pl\/wp-json\/wp\/v2\/comments?post=5217"}],"version-history":[{"count":27,"href":"https:\/\/www.teka.com\/pl-pl\/wp-json\/wp\/v2\/pages\/5217\/revisions"}],"predecessor-version":[{"id":126353,"href":"https:\/\/www.teka.com\/pl-pl\/wp-json\/wp\/v2\/pages\/5217\/revisions\/126353"}],"up":[{"embeddable":true,"href":"https:\/\/www.teka.com\/pl-pl\/wp-json\/wp\/v2\/pages\/5193"}],"wp:attachment":[{"href":"https:\/\/www.teka.com\/pl-pl\/wp-json\/wp\/v2\/media?parent=5217"}],"curies":[{"name":"wp","href":"https:\/\/api.w.org\/{rel}","templated":true}]}}