{"id":5223,"date":"2018-08-10T10:27:29","date_gmt":"2018-08-10T10:27:29","guid":{"rendered":"http:\/\/teka.com\/?page_id=5223"},"modified":"2025-06-05T11:29:16","modified_gmt":"2025-06-05T11:29:16","slug":"mapa-sklepow","status":"publish","type":"page","link":"https:\/\/www.teka.com\/pl-pl\/mapa-sklepow\/","title":{"rendered":"Wyszukiwanie punktu sprzeda\u017cy lub serwisowego"},"content":{"rendered":"<p>[et_pb_section fb_built=&#8221;1&#8243; _builder_version=&#8221;4.16&#8243; global_colors_info=&#8221;{}&#8221;][et_pb_row _builder_version=&#8221;4.16&#8243; global_colors_info=&#8221;{}&#8221;][et_pb_column type=&#8221;4_4&#8243; _builder_version=&#8221;4.16&#8243; custom_padding=&#8221;|||&#8221; global_colors_info=&#8221;{}&#8221; custom_padding__hover=&#8221;|||&#8221;][et_pb_text _builder_version=&#8221;4.27.4&#8243; global_colors_info=&#8221;{}&#8221;]<\/p>\n<h1><strong>Wyszukiwanie<\/strong> punktu sprzeda\u017cy<\/h1>\n<p>[\/et_pb_text][et_pb_text admin_label=&#8221;Tekst&#8221; _builder_version=&#8221;4.22.1&#8243; global_colors_info=&#8221;{}&#8221;]<\/p>\n<p><strong>Wybierz rodzaj punktu<\/strong>, kt\u00f3rego poszukujesz. Nast\u0119pnie wpisz ulic\u0119, nazw\u0119, miejscowo\u015b\u0107 lub kod pocztowy, aby wy\u015bwietli\u0107 punkty najbli\u017cej Twojego miejsca zamieszkania.<\/p>\n<p>[\/et_pb_text][\/et_pb_column][\/et_pb_row][\/et_pb_section]<\/p>\n","protected":false},"excerpt":{"rendered":"<p>Wyszukiwanie punktu sprzeda\u017cyWybierz rodzaj punktu, kt\u00f3rego poszukujesz. Nast\u0119pnie wpisz ulic\u0119, nazw\u0119, miejscowo\u015b\u0107 lub kod pocztowy, aby wy\u015bwietli\u0107 punkty najbli\u017cej Twojego miejsca zamieszkania.<\/p>\n","protected":false},"author":9,"featured_media":0,"parent":0,"menu_order":0,"comment_status":"closed","ping_status":"closed","template":"tp-map.php","meta":{"_acf_changed":false,"_et_pb_use_builder":"on","_et_pb_old_content":"","_et_gb_content_width":"","footnotes":""},"class_list":["post-5223","page","type-page","status-publish","hentry"],"acf":[],"yoast_head":"<!-- This site is optimized with the Yoast SEO plugin v27.5 - https:\/\/yoast.com\/product\/yoast-seo-wordpress\/ -->\n<title>Wyszukiwanie punktu sprzeda\u017cy | Teka Polska<\/title>\n<meta name=\"robots\" content=\"index, follow, max-snippet:-1, max-image-preview:large, max-video-preview:-1\" \/>\n<link rel=\"canonical\" href=\"https:\/\/www.teka.com\/pl-pl\/mapa-sklepow\/\" \/>\n<meta property=\"og:locale\" content=\"pl_PL\" \/>\n<meta property=\"og:type\" content=\"article\" \/>\n<meta property=\"og:title\" content=\"Wyszukiwanie punktu sprzeda\u017cy | Teka Polska\" \/>\n<meta property=\"og:description\" content=\"Wyszukiwanie punktu sprzeda\u017cyWybierz rodzaj punktu, kt\u00f3rego poszukujesz. Nast\u0119pnie wpisz ulic\u0119, nazw\u0119, miejscowo\u015b\u0107 lub kod pocztowy, aby wy\u015bwietli\u0107 punkty najbli\u017cej Twojego miejsca zamieszkania.\" \/>\n<meta property=\"og:url\" content=\"https:\/\/www.teka.com\/pl-pl\/mapa-sklepow\/\" \/>\n<meta property=\"og:site_name\" content=\"Teka Polska\" \/>\n<meta property=\"article:modified_time\" content=\"2025-06-05T11:29:16+00:00\" \/>\n<meta name=\"twitter:card\" content=\"summary_large_image\" \/>\n<meta name=\"twitter:label1\" content=\"Szacowany czas czytania\" \/>\n\t<meta name=\"twitter:data1\" content=\"1 minuta\" \/>\n<script type=\"application\/ld+json\" class=\"yoast-schema-graph\">{\"@context\":\"https:\\\/\\\/schema.org\",\"@graph\":[{\"@type\":\"WebPage\",\"@id\":\"https:\\\/\\\/www.teka.com\\\/pl-pl\\\/mapa-sklepow\\\/\",\"url\":\"https:\\\/\\\/www.teka.com\\\/pl-pl\\\/mapa-sklepow\\\/\",\"name\":\"Wyszukiwanie punktu sprzeda\u017cy | Teka Polska\",\"isPartOf\":{\"@id\":\"https:\\\/\\\/www.teka.com\\\/pl-pl\\\/#website\"},\"datePublished\":\"2018-08-10T10:27:29+00:00\",\"dateModified\":\"2025-06-05T11:29:16+00:00\",\"inLanguage\":\"pl-PL\",\"potentialAction\":[{\"@type\":\"ReadAction\",\"target\":[\"https:\\\/\\\/www.teka.com\\\/pl-pl\\\/mapa-sklepow\\\/\"]}]},{\"@type\":\"WebSite\",\"@id\":\"https:\\\/\\\/www.teka.com\\\/pl-pl\\\/#website\",\"url\":\"https:\\\/\\\/www.teka.com\\\/pl-pl\\\/\",\"name\":\"Teka Polska\",\"description\":\"Tw\u00f3j przepis na \u017cycie\",\"potentialAction\":[{\"@type\":\"SearchAction\",\"target\":{\"@type\":\"EntryPoint\",\"urlTemplate\":\"https:\\\/\\\/www.teka.com\\\/pl-pl\\\/?s={search_term_string}\"},\"query-input\":{\"@type\":\"PropertyValueSpecification\",\"valueRequired\":true,\"valueName\":\"search_term_string\"}}],\"inLanguage\":\"pl-PL\"}]}<\/script>\n<!-- \/ Yoast SEO plugin. -->","yoast_head_json":{"title":"Wyszukiwanie punktu sprzeda\u017cy | Teka Polska","robots":{"index":"index","follow":"follow","max-snippet":"max-snippet:-1","max-image-preview":"max-image-preview:large","max-video-preview":"max-video-preview:-1"},"canonical":"https:\/\/www.teka.com\/pl-pl\/mapa-sklepow\/","og_locale":"pl_PL","og_type":"article","og_title":"Wyszukiwanie punktu sprzeda\u017cy | Teka Polska","og_description":"Wyszukiwanie punktu sprzeda\u017cyWybierz rodzaj punktu, kt\u00f3rego poszukujesz. Nast\u0119pnie wpisz ulic\u0119, nazw\u0119, miejscowo\u015b\u0107 lub kod pocztowy, aby wy\u015bwietli\u0107 punkty najbli\u017cej Twojego miejsca zamieszkania.","og_url":"https:\/\/www.teka.com\/pl-pl\/mapa-sklepow\/","og_site_name":"Teka Polska","article_modified_time":"2025-06-05T11:29:16+00:00","twitter_card":"summary_large_image","twitter_misc":{"Szacowany czas czytania":"1 minuta"},"schema":{"@context":"https:\/\/schema.org","@graph":[{"@type":"WebPage","@id":"https:\/\/www.teka.com\/pl-pl\/mapa-sklepow\/","url":"https:\/\/www.teka.com\/pl-pl\/mapa-sklepow\/","name":"Wyszukiwanie punktu sprzeda\u017cy | Teka Polska","isPartOf":{"@id":"https:\/\/www.teka.com\/pl-pl\/#website"},"datePublished":"2018-08-10T10:27:29+00:00","dateModified":"2025-06-05T11:29:16+00:00","inLanguage":"pl-PL","potentialAction":[{"@type":"ReadAction","target":["https:\/\/www.teka.com\/pl-pl\/mapa-sklepow\/"]}]},{"@type":"WebSite","@id":"https:\/\/www.teka.com\/pl-pl\/#website","url":"https:\/\/www.teka.com\/pl-pl\/","name":"Teka Polska","description":"Tw\u00f3j przepis na \u017cycie","potentialAction":[{"@type":"SearchAction","target":{"@type":"EntryPoint","urlTemplate":"https:\/\/www.teka.com\/pl-pl\/?s={search_term_string}"},"query-input":{"@type":"PropertyValueSpecification","valueRequired":true,"valueName":"search_term_string"}}],"inLanguage":"pl-PL"}]}},"_links":{"self":[{"href":"https:\/\/www.teka.com\/pl-pl\/wp-json\/wp\/v2\/pages\/5223","targetHints":{"allow":["GET"]}}],"collection":[{"href":"https:\/\/www.teka.com\/pl-pl\/wp-json\/wp\/v2\/pages"}],"about":[{"href":"https:\/\/www.teka.com\/pl-pl\/wp-json\/wp\/v2\/types\/page"}],"author":[{"embeddable":true,"href":"https:\/\/www.teka.com\/pl-pl\/wp-json\/wp\/v2\/users\/9"}],"replies":[{"embeddable":true,"href":"https:\/\/www.teka.com\/pl-pl\/wp-json\/wp\/v2\/comments?post=5223"}],"version-history":[{"count":36,"href":"https:\/\/www.teka.com\/pl-pl\/wp-json\/wp\/v2\/pages\/5223\/revisions"}],"predecessor-version":[{"id":126831,"href":"https:\/\/www.teka.com\/pl-pl\/wp-json\/wp\/v2\/pages\/5223\/revisions\/126831"}],"wp:attachment":[{"href":"https:\/\/www.teka.com\/pl-pl\/wp-json\/wp\/v2\/media?parent=5223"}],"curies":[{"name":"wp","href":"https:\/\/api.w.org\/{rel}","templated":true}]}}