{"id":5225,"date":"2018-08-10T10:27:52","date_gmt":"2018-08-10T10:27:52","guid":{"rendered":"http:\/\/teka.com\/?page_id=5225"},"modified":"2025-07-18T10:05:43","modified_gmt":"2025-07-18T10:05:43","slug":"pobierz-instrukcje-obslugi","status":"publish","type":"page","link":"https:\/\/www.teka.com\/pl-pl\/wsparcie\/pobierz-instrukcje-obslugi\/","title":{"rendered":"Pobierz instrukcj\u0119 obs\u0142ugi"},"content":{"rendered":"<p>[et_pb_section fb_built=&#8221;1&#8243; module_id=&#8221;manual-download-top&#8221; _builder_version=&#8221;4.16&#8243; background_image=&#8221;https:\/\/www.teka.com\/pl-pl\/wp-content\/uploads\/sites\/15\/2018\/11\/teka-web-support-1920&#215;833.jpg&#8221; background_position=&#8221;center_left&#8221; global_colors_info=&#8221;{}&#8221;][et_pb_row column_structure=&#8221;1_2,1_2&#8243; _builder_version=&#8221;4.16&#8243; custom_padding=&#8221;25.25px|0px|81px|0px|false|false&#8221; global_colors_info=&#8221;{}&#8221;][et_pb_column type=&#8221;1_2&#8243; _builder_version=&#8221;4.16&#8243; custom_padding=&#8221;|||&#8221; global_colors_info=&#8221;{}&#8221; custom_padding__hover=&#8221;|||&#8221;][\/et_pb_column][et_pb_column type=&#8221;1_2&#8243; _builder_version=&#8221;4.16&#8243; custom_padding=&#8221;|||&#8221; global_colors_info=&#8221;{}&#8221; custom_padding__hover=&#8221;|||&#8221;][et_pb_text admin_label=&#8221;Download your manual &#8211; Title&#8221; _builder_version=&#8221;4.27.4&#8243; custom_margin=&#8221;||0px|&#8221; custom_padding=&#8221;||0px|&#8221; global_colors_info=&#8221;{}&#8221;]<\/p>\n<h2><span style=\"color: #ffffff\">Pobierz <strong>instrukcj\u0119<\/strong> obs\u0142ugi<\/span><\/h2>\n<p>[\/et_pb_text][\/et_pb_column][\/et_pb_row][et_pb_row column_structure=&#8221;1_2,1_2&#8243; _builder_version=&#8221;4.16&#8243; custom_margin=&#8221;0px|||&#8221; custom_padding=&#8221;0px|||&#8221; global_colors_info=&#8221;{}&#8221;][et_pb_column type=&#8221;1_2&#8243; _builder_version=&#8221;4.16&#8243; custom_padding=&#8221;0px|||&#8221; global_colors_info=&#8221;{}&#8221; custom_padding__hover=&#8221;|||&#8221;][\/et_pb_column][et_pb_column type=&#8221;1_2&#8243; _builder_version=&#8221;4.16&#8243; custom_padding=&#8221;0px|||&#8221; global_colors_info=&#8221;{}&#8221; custom_padding__hover=&#8221;|||&#8221;][et_pb_text admin_label=&#8221;Search box&#8221; _builder_version=&#8221;4.16&#8243; background_layout=&#8221;dark&#8221; global_colors_info=&#8221;{}&#8221;]<\/p>\n<h4>Wprowad\u017a model<\/h4>\n<form action=\"https:\/\/www.teka.com\/pl-pl\/wsparcie\/pobierz-instrukcje-obslugi\/\" id=\"form-manual-container\"><input id=\"input-manual-submit\" name=\"manual-submit\" type=\"submit\" value=\"\ue812\"><select id=\"select-manual\" name=\"se\" style=\"width:420px;float: left\"><\/select><\/form>\n<p><a href=\"https:\/\/www.tekaserwis.com.pl\/agd\/?pg=sn_location\" target=\"_blank\" rel=\"noopener\">Gdzie mog\u0119 znale\u017a\u0107 numer seryjny?<\/a><\/p>\n<p>[\/et_pb_text][et_pb_text disabled_on=&#8221;on|on|on&#8221; admin_label=&#8221;Tekst&#8221; _builder_version=&#8221;4.16&#8243; disabled=&#8221;on&#8221; global_colors_info=&#8221;{}&#8221;]<\/p>\n<h4><span style=\"color: #222222;\">Selecciona un producto<\/span><\/h4>\n<p>HornosNeverasMicroondas<\/p>\n<p>[\/et_pb_text][et_pb_text disabled_on=&#8221;on|on|on&#8221; _builder_version=&#8221;4.16&#8243; _module_preset=&#8221;default&#8221; link_option_url=&#8221;https:\/\/www.tekaserwis.com.pl\/agd\/?pg=sn_location&#8221; link_option_url_new_window=&#8221;on&#8221; disabled=&#8221;on&#8221; global_colors_info=&#8221;{}&#8221;]<\/p>\n<p>Gdzie mog\u0119 znale\u017a\u0107 numer seryjny?<\/p>\n<p>[\/et_pb_text][\/et_pb_column][\/et_pb_row][\/et_pb_section][et_pb_section fb_built=&#8221;1&#8243; _builder_version=&#8221;4.27.4&#8243; custom_padding=&#8221;40px||30px|&#8221; hover_enabled=&#8221;0&#8243; global_colors_info=&#8221;{}&#8221; sticky_enabled=&#8221;0&#8243;][et_pb_row _builder_version=&#8221;4.27.4&#8243; max_width=&#8221;580px&#8221; use_custom_width=&#8221;on&#8221; custom_width_px=&#8221;580px&#8221; global_colors_info=&#8221;{}&#8221;][et_pb_column type=&#8221;4_4&#8243; _builder_version=&#8221;4.16&#8243; custom_padding=&#8221;|||&#8221; global_colors_info=&#8221;{}&#8221; custom_padding__hover=&#8221;|||&#8221;][et_pb_text admin_label=&#8221;Most wanted &#8211; Text&#8221; module_id=&#8221;manual-download-two&#8221; _builder_version=&#8221;4.27.4&#8243; global_colors_info=&#8221;{}&#8221;]<\/p>\n<h2 style=\"text-align: center;\">Najcz\u0119\u015bciej wybierane<\/h2>\n<p style=\"text-align: center;\">Je\u017celi nie ma tu poszukiwanej przez Ciebie instrukcji obs\u0142ugi lub potrzebujesz wi\u0119cej informacji skontaktuj si\u0119 z Obs\u0142ug\u0105 Klienta pod numerem <strong>+48 85 555 50 50<\/strong> lub <a href=\"mailto:info@teka.com.pl\">info@teka.com.pl<\/a> .<\/p>\n<p>[\/et_pb_text][\/et_pb_column][\/et_pb_row][\/et_pb_section][et_pb_section fb_built=&#8221;1&#8243; disabled_on=&#8221;on|on|on&#8221; _builder_version=&#8221;4.16&#8243; disabled=&#8221;on&#8221; global_colors_info=&#8221;{}&#8221;][et_pb_row _builder_version=&#8221;4.16&#8243; background_size=&#8221;initial&#8221; background_position=&#8221;top_left&#8221; background_repeat=&#8221;repeat&#8221; global_colors_info=&#8221;{}&#8221;][et_pb_column type=&#8221;4_4&#8243; _builder_version=&#8221;4.16&#8243; custom_padding=&#8221;|||&#8221; global_colors_info=&#8221;{}&#8221; custom_padding__hover=&#8221;|||&#8221;][et_pb_product_manuals fullwidth=&#8221;off&#8221; posts_number=&#8221;20&#8243; _builder_version=&#8221;3.14&#8243; title_font_size_tablet=&#8221;51&#8243; title_line_height_tablet=&#8221;2&#8243; caption_font_size_tablet=&#8221;51&#8243; caption_line_height_tablet=&#8221;2&#8243; pagination_font_size_tablet=&#8221;51&#8243; pagination_line_height_tablet=&#8221;2&#8243; global_colors_info=&#8221;{}&#8221;]<\/p>\n<p>\n&nbsp;<\/p>\n<p>[\/et_pb_product_manuals][\/et_pb_column][\/et_pb_row][\/et_pb_section]<\/p>\n","protected":false},"excerpt":{"rendered":"<p>Pobierz instrukcj\u0119 obs\u0142ugiWprowad\u017a model <form action=\"https:\/\/www.teka.com\/pl-pl\/wsparcie\/pobierz-instrukcje-obslugi\/\" id=\"form-manual-container\"><input id=\"input-manual-submit\" name=\"manual-submit\" type=\"submit\" value=\"\ue812\"><select id=\"select-manual\" name=\"se\" style=\"width:420px;float: left\"><\/select><\/form> Gdzie mog\u0119 znale\u017a\u0107 numer seryjny?Selecciona un producto HornosNeverasMicroondasGdzie mog\u0119 znale\u017a\u0107 numer seryjny?Najcz\u0119\u015bciej wybierane Je\u017celi nie ma tu poszukiwanej przez Ciebie instrukcji obs\u0142ugi lub potrzebujesz wi\u0119cej informacji skontaktuj si\u0119 z Obs\u0142ug\u0105 Klienta pod numerem +48 85 555 50 50 lub info@teka.com.pl .[et_pb_product_manuals fullwidth=&#8221;off&#8221; posts_number=&#8221;20&#8243; _builder_version=&#8221;3.14&#8243; title_font_size_tablet=&#8221;51&#8243; title_line_height_tablet=&#8221;2&#8243; caption_font_size_tablet=&#8221;51&#8243; caption_line_height_tablet=&#8221;2&#8243; pagination_font_size_tablet=&#8221;51&#8243; pagination_line_height_tablet=&#8221;2&#8243; [&hellip;]<\/p>\n","protected":false},"author":9,"featured_media":0,"parent":5193,"menu_order":0,"comment_status":"closed","ping_status":"closed","template":"tp-manuals.php","meta":{"_acf_changed":false,"_et_pb_use_builder":"on","_et_pb_old_content":"","_et_gb_content_width":"","footnotes":""},"class_list":["post-5225","page","type-page","status-publish","hentry"],"acf":[],"yoast_head":"<!-- This site is optimized with the Yoast SEO plugin v27.5 - https:\/\/yoast.com\/product\/yoast-seo-wordpress\/ -->\n<title>Teka Instrukcja Obs\u0142ugi | Pobierz instrukcj\u0119 obs\u0142ugi<\/title>\n<meta name=\"description\" content=\"Tutaj mo\u017cesz pobra\u0107 instrukcje obs\u0142ugi urz\u0105dze\u0144 Teka, nie tylko aktualnych produkt\u00f3w, ale tak\u017ce tych, kt\u00f3re nie s\u0105 ju\u017c dost\u0119pne na rynku.\" \/>\n<meta name=\"robots\" content=\"index, follow, max-snippet:-1, max-image-preview:large, max-video-preview:-1\" \/>\n<link rel=\"canonical\" href=\"https:\/\/www.teka.com\/pl-pl\/wsparcie\/pobierz-instrukcje-obslugi\/\" \/>\n<meta property=\"og:locale\" content=\"pl_PL\" \/>\n<meta property=\"og:type\" content=\"article\" \/>\n<meta property=\"og:title\" content=\"Teka Instrukcja Obs\u0142ugi | Pobierz instrukcj\u0119 obs\u0142ugi\" \/>\n<meta property=\"og:description\" content=\"Tutaj mo\u017cesz pobra\u0107 instrukcje obs\u0142ugi urz\u0105dze\u0144 Teka, nie tylko aktualnych produkt\u00f3w, ale tak\u017ce tych, kt\u00f3re nie s\u0105 ju\u017c dost\u0119pne na rynku.\" \/>\n<meta property=\"og:url\" content=\"https:\/\/www.teka.com\/pl-pl\/wsparcie\/pobierz-instrukcje-obslugi\/\" \/>\n<meta property=\"og:site_name\" content=\"Teka Polska\" \/>\n<meta property=\"article:modified_time\" content=\"2025-07-18T10:05:43+00:00\" \/>\n<meta name=\"twitter:card\" content=\"summary_large_image\" \/>\n<meta name=\"twitter:label1\" content=\"Szacowany czas czytania\" \/>\n\t<meta name=\"twitter:data1\" content=\"1 minuta\" \/>\n<script type=\"application\/ld+json\" class=\"yoast-schema-graph\">{\"@context\":\"https:\\\/\\\/schema.org\",\"@graph\":[{\"@type\":\"WebPage\",\"@id\":\"https:\\\/\\\/www.teka.com\\\/pl-pl\\\/wsparcie\\\/pobierz-instrukcje-obslugi\\\/\",\"url\":\"https:\\\/\\\/www.teka.com\\\/pl-pl\\\/wsparcie\\\/pobierz-instrukcje-obslugi\\\/\",\"name\":\"Teka Instrukcja Obs\u0142ugi | Pobierz instrukcj\u0119 obs\u0142ugi\",\"isPartOf\":{\"@id\":\"https:\\\/\\\/www.teka.com\\\/pl-pl\\\/#website\"},\"datePublished\":\"2018-08-10T10:27:52+00:00\",\"dateModified\":\"2025-07-18T10:05:43+00:00\",\"description\":\"Tutaj mo\u017cesz pobra\u0107 instrukcje obs\u0142ugi urz\u0105dze\u0144 Teka, nie tylko aktualnych produkt\u00f3w, ale tak\u017ce tych, kt\u00f3re nie s\u0105 ju\u017c dost\u0119pne na rynku.\",\"breadcrumb\":{\"@id\":\"https:\\\/\\\/www.teka.com\\\/pl-pl\\\/wsparcie\\\/pobierz-instrukcje-obslugi\\\/#breadcrumb\"},\"inLanguage\":\"pl-PL\",\"potentialAction\":[{\"@type\":\"ReadAction\",\"target\":[\"https:\\\/\\\/www.teka.com\\\/pl-pl\\\/wsparcie\\\/pobierz-instrukcje-obslugi\\\/\"]}]},{\"@type\":\"BreadcrumbList\",\"@id\":\"https:\\\/\\\/www.teka.com\\\/pl-pl\\\/wsparcie\\\/pobierz-instrukcje-obslugi\\\/#breadcrumb\",\"itemListElement\":[{\"@type\":\"ListItem\",\"position\":1,\"name\":\"Wsparcie\",\"item\":\"https:\\\/\\\/www.teka.com\\\/pl-pl\\\/wsparcie\\\/\"},{\"@type\":\"ListItem\",\"position\":2,\"name\":\"Pobierz instrukcj\u0119 obs\u0142ugi\"}]},{\"@type\":\"WebSite\",\"@id\":\"https:\\\/\\\/www.teka.com\\\/pl-pl\\\/#website\",\"url\":\"https:\\\/\\\/www.teka.com\\\/pl-pl\\\/\",\"name\":\"Teka Polska\",\"description\":\"Tw\u00f3j przepis na \u017cycie\",\"potentialAction\":[{\"@type\":\"SearchAction\",\"target\":{\"@type\":\"EntryPoint\",\"urlTemplate\":\"https:\\\/\\\/www.teka.com\\\/pl-pl\\\/?s={search_term_string}\"},\"query-input\":{\"@type\":\"PropertyValueSpecification\",\"valueRequired\":true,\"valueName\":\"search_term_string\"}}],\"inLanguage\":\"pl-PL\"}]}<\/script>\n<!-- \/ Yoast SEO plugin. -->","yoast_head_json":{"title":"Teka Instrukcja Obs\u0142ugi | Pobierz instrukcj\u0119 obs\u0142ugi","description":"Tutaj mo\u017cesz pobra\u0107 instrukcje obs\u0142ugi urz\u0105dze\u0144 Teka, nie tylko aktualnych produkt\u00f3w, ale tak\u017ce tych, kt\u00f3re nie s\u0105 ju\u017c dost\u0119pne na rynku.","robots":{"index":"index","follow":"follow","max-snippet":"max-snippet:-1","max-image-preview":"max-image-preview:large","max-video-preview":"max-video-preview:-1"},"canonical":"https:\/\/www.teka.com\/pl-pl\/wsparcie\/pobierz-instrukcje-obslugi\/","og_locale":"pl_PL","og_type":"article","og_title":"Teka Instrukcja Obs\u0142ugi | Pobierz instrukcj\u0119 obs\u0142ugi","og_description":"Tutaj mo\u017cesz pobra\u0107 instrukcje obs\u0142ugi urz\u0105dze\u0144 Teka, nie tylko aktualnych produkt\u00f3w, ale tak\u017ce tych, kt\u00f3re nie s\u0105 ju\u017c dost\u0119pne na rynku.","og_url":"https:\/\/www.teka.com\/pl-pl\/wsparcie\/pobierz-instrukcje-obslugi\/","og_site_name":"Teka Polska","article_modified_time":"2025-07-18T10:05:43+00:00","twitter_card":"summary_large_image","twitter_misc":{"Szacowany czas czytania":"1 minuta"},"schema":{"@context":"https:\/\/schema.org","@graph":[{"@type":"WebPage","@id":"https:\/\/www.teka.com\/pl-pl\/wsparcie\/pobierz-instrukcje-obslugi\/","url":"https:\/\/www.teka.com\/pl-pl\/wsparcie\/pobierz-instrukcje-obslugi\/","name":"Teka Instrukcja Obs\u0142ugi | Pobierz instrukcj\u0119 obs\u0142ugi","isPartOf":{"@id":"https:\/\/www.teka.com\/pl-pl\/#website"},"datePublished":"2018-08-10T10:27:52+00:00","dateModified":"2025-07-18T10:05:43+00:00","description":"Tutaj mo\u017cesz pobra\u0107 instrukcje obs\u0142ugi urz\u0105dze\u0144 Teka, nie tylko aktualnych produkt\u00f3w, ale tak\u017ce tych, kt\u00f3re nie s\u0105 ju\u017c dost\u0119pne na rynku.","breadcrumb":{"@id":"https:\/\/www.teka.com\/pl-pl\/wsparcie\/pobierz-instrukcje-obslugi\/#breadcrumb"},"inLanguage":"pl-PL","potentialAction":[{"@type":"ReadAction","target":["https:\/\/www.teka.com\/pl-pl\/wsparcie\/pobierz-instrukcje-obslugi\/"]}]},{"@type":"BreadcrumbList","@id":"https:\/\/www.teka.com\/pl-pl\/wsparcie\/pobierz-instrukcje-obslugi\/#breadcrumb","itemListElement":[{"@type":"ListItem","position":1,"name":"Wsparcie","item":"https:\/\/www.teka.com\/pl-pl\/wsparcie\/"},{"@type":"ListItem","position":2,"name":"Pobierz instrukcj\u0119 obs\u0142ugi"}]},{"@type":"WebSite","@id":"https:\/\/www.teka.com\/pl-pl\/#website","url":"https:\/\/www.teka.com\/pl-pl\/","name":"Teka Polska","description":"Tw\u00f3j przepis na \u017cycie","potentialAction":[{"@type":"SearchAction","target":{"@type":"EntryPoint","urlTemplate":"https:\/\/www.teka.com\/pl-pl\/?s={search_term_string}"},"query-input":{"@type":"PropertyValueSpecification","valueRequired":true,"valueName":"search_term_string"}}],"inLanguage":"pl-PL"}]}},"_links":{"self":[{"href":"https:\/\/www.teka.com\/pl-pl\/wp-json\/wp\/v2\/pages\/5225","targetHints":{"allow":["GET"]}}],"collection":[{"href":"https:\/\/www.teka.com\/pl-pl\/wp-json\/wp\/v2\/pages"}],"about":[{"href":"https:\/\/www.teka.com\/pl-pl\/wp-json\/wp\/v2\/types\/page"}],"author":[{"embeddable":true,"href":"https:\/\/www.teka.com\/pl-pl\/wp-json\/wp\/v2\/users\/9"}],"replies":[{"embeddable":true,"href":"https:\/\/www.teka.com\/pl-pl\/wp-json\/wp\/v2\/comments?post=5225"}],"version-history":[{"count":158,"href":"https:\/\/www.teka.com\/pl-pl\/wp-json\/wp\/v2\/pages\/5225\/revisions"}],"predecessor-version":[{"id":127173,"href":"https:\/\/www.teka.com\/pl-pl\/wp-json\/wp\/v2\/pages\/5225\/revisions\/127173"}],"up":[{"embeddable":true,"href":"https:\/\/www.teka.com\/pl-pl\/wp-json\/wp\/v2\/pages\/5193"}],"wp:attachment":[{"href":"https:\/\/www.teka.com\/pl-pl\/wp-json\/wp\/v2\/media?parent=5225"}],"curies":[{"name":"wp","href":"https:\/\/api.w.org\/{rel}","templated":true}]}}