{"id":7780,"date":"2018-08-17T11:11:04","date_gmt":"2018-08-17T11:11:04","guid":{"rendered":"http:\/\/teka.com\/?page_id=7780"},"modified":"2019-04-16T10:23:46","modified_gmt":"2019-04-16T10:23:46","slug":"product-compare","status":"publish","type":"page","link":"https:\/\/www.teka.com\/pl-pl\/product-compare\/","title":{"rendered":"Product compare"},"content":{"rendered":"<p>[et_pb_section bb_built=&#8221;1&#8243;][et_pb_row][et_pb_column type=&#8221;4_4&#8243;][et_pb_text _builder_version=&#8221;3.19&#8243;]<\/p>\n<h1 style=\"text-align: center;\">Por\u00f3wnanie <strong>produkt\u00f3w<\/strong><\/h1>\n<div class=\"link-back\"><a href=\"#\">&lt; Powr\u00f3t<\/a><\/div>\n<p>[\/et_pb_text][\/et_pb_column][\/et_pb_row][\/et_pb_section]<\/p>\n","protected":false},"excerpt":{"rendered":"<p><div class=\"et_pb_row et_pb_row_0 et_pb_row_empty\">\n\t\t\t\t\n\t\t\t\t\n\t\t\t\t\n\t\t\t\t\n\t\t\t\t\n\t\t\t<\/div> Por\u00f3wnanie produkt\u00f3w &lt; Powr\u00f3t<\/p>\n","protected":false},"author":9,"featured_media":0,"parent":0,"menu_order":0,"comment_status":"closed","ping_status":"closed","template":"tp-comparador-productos.php","meta":{"_acf_changed":false,"_et_pb_use_builder":"on","_et_pb_old_content":"","_et_gb_content_width":"","footnotes":""},"class_list":["post-7780","page","type-page","status-publish","hentry"],"acf":[],"yoast_head":"<!-- This site is optimized with the Yoast SEO plugin v27.2 - https:\/\/yoast.com\/product\/yoast-seo-wordpress\/ -->\n<title>Product compare | Teka Polska<\/title>\n<meta name=\"robots\" content=\"index, follow, max-snippet:-1, max-image-preview:large, max-video-preview:-1\" \/>\n<link rel=\"canonical\" href=\"https:\/\/www.teka.com\/pl-pl\/product-compare\/\" \/>\n<meta property=\"og:locale\" content=\"pl_PL\" \/>\n<meta property=\"og:type\" content=\"article\" \/>\n<meta property=\"og:title\" content=\"Product compare | Teka Polska\" \/>\n<meta property=\"og:description\" content=\"Por\u00f3wnanie produkt\u00f3w &lt; Powr\u00f3t\" \/>\n<meta property=\"og:url\" content=\"https:\/\/www.teka.com\/pl-pl\/product-compare\/\" \/>\n<meta property=\"og:site_name\" content=\"Teka Polska\" \/>\n<meta property=\"article:modified_time\" content=\"2019-04-16T10:23:46+00:00\" \/>\n<meta name=\"twitter:card\" content=\"summary_large_image\" \/>\n<script type=\"application\/ld+json\" class=\"yoast-schema-graph\">{\"@context\":\"https:\/\/schema.org\",\"@graph\":[{\"@type\":\"WebPage\",\"@id\":\"https:\/\/www.teka.com\/pl-pl\/product-compare\/\",\"url\":\"https:\/\/www.teka.com\/pl-pl\/product-compare\/\",\"name\":\"Product compare | Teka Polska\",\"isPartOf\":{\"@id\":\"https:\/\/www.teka.com\/pl-pl\/#website\"},\"datePublished\":\"2018-08-17T11:11:04+00:00\",\"dateModified\":\"2019-04-16T10:23:46+00:00\",\"inLanguage\":\"pl-PL\",\"potentialAction\":[{\"@type\":\"ReadAction\",\"target\":[\"https:\/\/www.teka.com\/pl-pl\/product-compare\/\"]}]},{\"@type\":\"WebSite\",\"@id\":\"https:\/\/www.teka.com\/pl-pl\/#website\",\"url\":\"https:\/\/www.teka.com\/pl-pl\/\",\"name\":\"Teka Polska\",\"description\":\"Tw\u00f3j przepis na \u017cycie\",\"potentialAction\":[{\"@type\":\"SearchAction\",\"target\":{\"@type\":\"EntryPoint\",\"urlTemplate\":\"https:\/\/www.teka.com\/pl-pl\/?s={search_term_string}\"},\"query-input\":{\"@type\":\"PropertyValueSpecification\",\"valueRequired\":true,\"valueName\":\"search_term_string\"}}],\"inLanguage\":\"pl-PL\"}]}<\/script>\n<!-- \/ Yoast SEO plugin. -->","yoast_head_json":{"title":"Product compare | Teka Polska","robots":{"index":"index","follow":"follow","max-snippet":"max-snippet:-1","max-image-preview":"max-image-preview:large","max-video-preview":"max-video-preview:-1"},"canonical":"https:\/\/www.teka.com\/pl-pl\/product-compare\/","og_locale":"pl_PL","og_type":"article","og_title":"Product compare | Teka Polska","og_description":"Por\u00f3wnanie produkt\u00f3w &lt; Powr\u00f3t","og_url":"https:\/\/www.teka.com\/pl-pl\/product-compare\/","og_site_name":"Teka Polska","article_modified_time":"2019-04-16T10:23:46+00:00","twitter_card":"summary_large_image","schema":{"@context":"https:\/\/schema.org","@graph":[{"@type":"WebPage","@id":"https:\/\/www.teka.com\/pl-pl\/product-compare\/","url":"https:\/\/www.teka.com\/pl-pl\/product-compare\/","name":"Product compare | Teka Polska","isPartOf":{"@id":"https:\/\/www.teka.com\/pl-pl\/#website"},"datePublished":"2018-08-17T11:11:04+00:00","dateModified":"2019-04-16T10:23:46+00:00","inLanguage":"pl-PL","potentialAction":[{"@type":"ReadAction","target":["https:\/\/www.teka.com\/pl-pl\/product-compare\/"]}]},{"@type":"WebSite","@id":"https:\/\/www.teka.com\/pl-pl\/#website","url":"https:\/\/www.teka.com\/pl-pl\/","name":"Teka Polska","description":"Tw\u00f3j przepis na \u017cycie","potentialAction":[{"@type":"SearchAction","target":{"@type":"EntryPoint","urlTemplate":"https:\/\/www.teka.com\/pl-pl\/?s={search_term_string}"},"query-input":{"@type":"PropertyValueSpecification","valueRequired":true,"valueName":"search_term_string"}}],"inLanguage":"pl-PL"}]}},"_links":{"self":[{"href":"https:\/\/www.teka.com\/pl-pl\/wp-json\/wp\/v2\/pages\/7780","targetHints":{"allow":["GET"]}}],"collection":[{"href":"https:\/\/www.teka.com\/pl-pl\/wp-json\/wp\/v2\/pages"}],"about":[{"href":"https:\/\/www.teka.com\/pl-pl\/wp-json\/wp\/v2\/types\/page"}],"author":[{"embeddable":true,"href":"https:\/\/www.teka.com\/pl-pl\/wp-json\/wp\/v2\/users\/9"}],"replies":[{"embeddable":true,"href":"https:\/\/www.teka.com\/pl-pl\/wp-json\/wp\/v2\/comments?post=7780"}],"version-history":[{"count":6,"href":"https:\/\/www.teka.com\/pl-pl\/wp-json\/wp\/v2\/pages\/7780\/revisions"}],"predecessor-version":[{"id":55786,"href":"https:\/\/www.teka.com\/pl-pl\/wp-json\/wp\/v2\/pages\/7780\/revisions\/55786"}],"wp:attachment":[{"href":"https:\/\/www.teka.com\/pl-pl\/wp-json\/wp\/v2\/media?parent=7780"}],"curies":[{"name":"wp","href":"https:\/\/api.w.org\/{rel}","templated":true}]}}