{"id":124184,"date":"2026-04-26T08:43:53","date_gmt":"2026-04-26T08:43:53","guid":{"rendered":"https:\/\/teka.com\/en-int\/aff-87601-mst_112730000"},"modified":"2026-04-21T08:59:30","modified_gmt":"2026-04-21T09:59:30","slug":"aff-87601-mst_112730000","status":"publish","type":"product","link":"https:\/\/www.teka.com\/pl-pl\/produkt\/aff-87601-mst_112730000\/","title":{"rendered":"MasterSense Air AFF 87601 MST"},"content":{"rendered":"<ul>\n<li>Automatyczna aktywacja okapu<\/li>\n<li>Funkcje bezpo\u015brednie: Konfitowanie, Gotowanie na wolnym ogniu, Grillowanie, Sma\u017cenie, Sma\u017cenie na g\u0142\u0119bokim t\u0142uszczu, Duszenie, Roztapianie<\/li>\n<li>Sterowanie dotykowe MultiSlider<\/li>\n<li>Funkcja \u015bwie\u017cego powietrza<\/li>\n<li>Bezszczotkowy silnik EcoPower<\/li>\n<\/ul>\n","protected":false},"featured_media":0,"parent":0,"template":"","product_cat":[3368],"product_cleaning_system":[],"product_edition":[],"product_3rd_basket":[],"product_drawers":[],"product_type_of_installation":[],"product_serie":[],"product_features":[328179,328180,328181,328182,328199,328200,328201,328210,328212],"finishes":[],"product_bundles":[],"product_energy_efficiency":[328987],"product_video_training":[],"class_list":["post-124184","product","type-product","status-publish","hentry","product_cat-plyty-kuchenne","usp-induction-01","usp-induction-02","usp-induction-03","usp-induction-04","usp-induction-05","usp-induction-06","usp-induction-07","usp-induction-10","usp-induction-17","usp-tekahome-08","usp-cookinglovers-01","usp-hobs-09","color-czarny","product_type_of_appliance-indukcyjne","product_icons-flex","product_icons-autolock","product_icons-easy-installation","product_icons-multislider","product_icons-power","product_icons-power-plus","product_features-keep-warm","product_features-simmering","product_features-melting","product_features-flex","product_features-grilling","product_features-pan-frying","product_features-deep-fry","product_features-confit","product_features-poach","product_energy_efficiency-a-plus-icon"],"acf":[],"yoast_head":"<!-- This site is optimized with the Yoast SEO plugin v27.2 - https:\/\/yoast.com\/product\/yoast-seo-wordpress\/ -->\n<title>P\u0142yta indukcyjna z poch\u0142aniaczem MasterSenseAir-AFF-87600-MST-BK1 - Teka<\/title>\n<meta name=\"description\" content=\"Wszystkie informacje o FullFlex induction hob with integrated hood, FreshAir functiond and MultiSlider touch control na oficjalnej stronie Teka Polska\" \/>\n<meta name=\"robots\" content=\"index, follow, max-snippet:-1, max-image-preview:large, max-video-preview:-1\" \/>\n<link rel=\"canonical\" href=\"https:\/\/www.teka.com\/pl-pl\/produkt\/aff-87601-mst_112730000\/\" \/>\n<meta property=\"og:locale\" content=\"pl_PL\" \/>\n<meta property=\"og:type\" content=\"article\" \/>\n<meta property=\"og:title\" content=\"P\u0142yta indukcyjna z poch\u0142aniaczem MasterSenseAir-AFF-87600-MST-BK1 - Teka\" \/>\n<meta property=\"og:description\" content=\"Wszystkie informacje o FullFlex induction hob with integrated hood, FreshAir functiond and MultiSlider touch control na oficjalnej stronie Teka Polska\" \/>\n<meta property=\"og:url\" content=\"https:\/\/www.teka.com\/pl-pl\/produkt\/aff-87601-mst_112730000\/\" \/>\n<meta property=\"og:site_name\" content=\"Teka Polska\" \/>\n<meta name=\"twitter:card\" content=\"summary_large_image\" \/>\n<script type=\"application\/ld+json\" class=\"yoast-schema-graph\">{\"@context\":\"https:\/\/schema.org\",\"@graph\":[{\"@type\":\"WebPage\",\"@id\":\"https:\/\/www.teka.com\/pl-pl\/produkt\/aff-87601-mst_112730000\/\",\"url\":\"https:\/\/www.teka.com\/pl-pl\/produkt\/aff-87601-mst_112730000\/\",\"name\":\"P\u0142yta indukcyjna z poch\u0142aniaczem MasterSenseAir-AFF-87600-MST-BK1 - Teka\",\"isPartOf\":{\"@id\":\"https:\/\/www.teka.com\/pl-pl\/#website\"},\"datePublished\":\"2026-04-26T08:43:53+00:00\",\"description\":\"Wszystkie informacje o FullFlex induction hob with integrated hood, FreshAir functiond and MultiSlider touch control na oficjalnej stronie Teka Polska\",\"inLanguage\":\"pl-PL\",\"potentialAction\":[{\"@type\":\"ReadAction\",\"target\":[\"https:\/\/www.teka.com\/pl-pl\/produkt\/aff-87601-mst_112730000\/\"]}]},{\"@type\":\"WebSite\",\"@id\":\"https:\/\/www.teka.com\/pl-pl\/#website\",\"url\":\"https:\/\/www.teka.com\/pl-pl\/\",\"name\":\"Teka Polska\",\"description\":\"Tw\u00f3j przepis na \u017cycie\",\"potentialAction\":[{\"@type\":\"SearchAction\",\"target\":{\"@type\":\"EntryPoint\",\"urlTemplate\":\"https:\/\/www.teka.com\/pl-pl\/?s={search_term_string}\"},\"query-input\":{\"@type\":\"PropertyValueSpecification\",\"valueRequired\":true,\"valueName\":\"search_term_string\"}}],\"inLanguage\":\"pl-PL\"}]}<\/script>\n<!-- \/ Yoast SEO plugin. -->","yoast_head_json":{"title":"P\u0142yta indukcyjna z poch\u0142aniaczem MasterSenseAir-AFF-87600-MST-BK1 - Teka","description":"Wszystkie informacje o FullFlex induction hob with integrated hood, FreshAir functiond and MultiSlider touch control na oficjalnej stronie Teka Polska","robots":{"index":"index","follow":"follow","max-snippet":"max-snippet:-1","max-image-preview":"max-image-preview:large","max-video-preview":"max-video-preview:-1"},"canonical":"https:\/\/www.teka.com\/pl-pl\/produkt\/aff-87601-mst_112730000\/","og_locale":"pl_PL","og_type":"article","og_title":"P\u0142yta indukcyjna z poch\u0142aniaczem MasterSenseAir-AFF-87600-MST-BK1 - Teka","og_description":"Wszystkie informacje o FullFlex induction hob with integrated hood, FreshAir functiond and MultiSlider touch control na oficjalnej stronie Teka Polska","og_url":"https:\/\/www.teka.com\/pl-pl\/produkt\/aff-87601-mst_112730000\/","og_site_name":"Teka Polska","twitter_card":"summary_large_image","schema":{"@context":"https:\/\/schema.org","@graph":[{"@type":"WebPage","@id":"https:\/\/www.teka.com\/pl-pl\/produkt\/aff-87601-mst_112730000\/","url":"https:\/\/www.teka.com\/pl-pl\/produkt\/aff-87601-mst_112730000\/","name":"P\u0142yta indukcyjna z poch\u0142aniaczem MasterSenseAir-AFF-87600-MST-BK1 - Teka","isPartOf":{"@id":"https:\/\/www.teka.com\/pl-pl\/#website"},"datePublished":"2026-04-26T08:43:53+00:00","description":"Wszystkie informacje o FullFlex induction hob with integrated hood, FreshAir functiond and MultiSlider touch control na oficjalnej stronie Teka Polska","inLanguage":"pl-PL","potentialAction":[{"@type":"ReadAction","target":["https:\/\/www.teka.com\/pl-pl\/produkt\/aff-87601-mst_112730000\/"]}]},{"@type":"WebSite","@id":"https:\/\/www.teka.com\/pl-pl\/#website","url":"https:\/\/www.teka.com\/pl-pl\/","name":"Teka Polska","description":"Tw\u00f3j przepis na \u017cycie","potentialAction":[{"@type":"SearchAction","target":{"@type":"EntryPoint","urlTemplate":"https:\/\/www.teka.com\/pl-pl\/?s={search_term_string}"},"query-input":{"@type":"PropertyValueSpecification","valueRequired":true,"valueName":"search_term_string"}}],"inLanguage":"pl-PL"}]}},"_links":{"self":[{"href":"https:\/\/www.teka.com\/pl-pl\/wp-json\/wp\/v2\/product\/124184","targetHints":{"allow":["GET"]}}],"collection":[{"href":"https:\/\/www.teka.com\/pl-pl\/wp-json\/wp\/v2\/product"}],"about":[{"href":"https:\/\/www.teka.com\/pl-pl\/wp-json\/wp\/v2\/types\/product"}],"wp:attachment":[{"href":"https:\/\/www.teka.com\/pl-pl\/wp-json\/wp\/v2\/media?parent=124184"}],"wp:term":[{"taxonomy":"product_cat","embeddable":true,"href":"https:\/\/www.teka.com\/pl-pl\/wp-json\/wp\/v2\/product_cat?post=124184"},{"taxonomy":"product_cleaning_system","embeddable":true,"href":"https:\/\/www.teka.com\/pl-pl\/wp-json\/wp\/v2\/product_cleaning_system?post=124184"},{"taxonomy":"product_edition","embeddable":true,"href":"https:\/\/www.teka.com\/pl-pl\/wp-json\/wp\/v2\/product_edition?post=124184"},{"taxonomy":"product_3rd_basket","embeddable":true,"href":"https:\/\/www.teka.com\/pl-pl\/wp-json\/wp\/v2\/product_3rd_basket?post=124184"},{"taxonomy":"product_drawers","embeddable":true,"href":"https:\/\/www.teka.com\/pl-pl\/wp-json\/wp\/v2\/product_drawers?post=124184"},{"taxonomy":"product_type_of_installation","embeddable":true,"href":"https:\/\/www.teka.com\/pl-pl\/wp-json\/wp\/v2\/product_type_of_installation?post=124184"},{"taxonomy":"product_serie","embeddable":true,"href":"https:\/\/www.teka.com\/pl-pl\/wp-json\/wp\/v2\/product_serie?post=124184"},{"taxonomy":"product_features","embeddable":true,"href":"https:\/\/www.teka.com\/pl-pl\/wp-json\/wp\/v2\/product_features?post=124184"},{"taxonomy":"finishes","embeddable":true,"href":"https:\/\/www.teka.com\/pl-pl\/wp-json\/wp\/v2\/finishes?post=124184"},{"taxonomy":"product_bundles","embeddable":true,"href":"https:\/\/www.teka.com\/pl-pl\/wp-json\/wp\/v2\/product_bundles?post=124184"},{"taxonomy":"product_energy_efficiency","embeddable":true,"href":"https:\/\/www.teka.com\/pl-pl\/wp-json\/wp\/v2\/product_energy_efficiency?post=124184"},{"taxonomy":"product_video_training","embeddable":true,"href":"https:\/\/www.teka.com\/pl-pl\/wp-json\/wp\/v2\/product_video_training?post=124184"}],"curies":[{"name":"wp","href":"https:\/\/api.w.org\/{rel}","templated":true}]}}