{"id":125864,"date":"2026-04-07T21:00:45","date_gmt":"2026-04-07T21:00:45","guid":{"rendered":"https:\/\/teka.com\/en-int\/oval-915_116030064"},"modified":"2026-04-02T04:28:23","modified_gmt":"2026-04-02T05:28:23","slug":"oval-915_116030064","status":"publish","type":"product","link":"https:\/\/www.teka.com\/pl-pl\/produkt\/oval-915_116030064\/","title":{"rendered":"Bateria kuchenna Oval 915"},"content":{"rendered":"<ul>\n<li>Smuk\u0142a, elegancka konstrukcja<\/li>\n<li>Obrotowa wylewka<\/li>\n<li>System anti-scale w perlatorze<\/li>\n<li>Wk\u0142ad z ceramicznymi dyskami o du\u017cej wytrzyma\u0142o\u015bci<\/li>\n<li>System mocowania Easy-Quick<\/li>\n<\/ul>\n","protected":false},"featured_media":0,"parent":0,"template":"","product_cat":[3369],"product_cleaning_system":[],"product_edition":[],"product_3rd_basket":[],"product_drawers":[],"product_type_of_installation":[328172],"product_serie":[],"product_features":[],"finishes":[],"product_bundles":[],"product_energy_efficiency":[],"product_video_training":[],"class_list":["post-125864","product","type-product","status-publish","hentry","product_cat-baterie-kuchenne","usp-oval-02","usp-oval-03","usp-oval-05","usp-oval-01","color-czarny","product_type_of_appliance-wysoka-wylewka","product_ambient-fbk-01","product_icons-anti-scale_aerator","product_icons-easy_quick","product_icons-swivel_spout","product_type_of_installation-wolnostojace"],"acf":[],"yoast_head":"<!-- This site is optimized with the Yoast SEO plugin v27.2 - https:\/\/yoast.com\/product\/yoast-seo-wordpress\/ -->\n<title>Bateria kuchenna Oval 915 | Teka Polska<\/title>\n<meta name=\"description\" content=\"Wszystkie informacje o Single lever kitchen tap with oval body and 3\/8&quot; flexible inlet pipes na oficjalnej stronie Teka Polska\" \/>\n<meta name=\"robots\" content=\"index, follow, max-snippet:-1, max-image-preview:large, max-video-preview:-1\" \/>\n<link rel=\"canonical\" href=\"https:\/\/www.teka.com\/pl-pl\/produkt\/oval-915_116030064\/\" \/>\n<meta property=\"og:locale\" content=\"pl_PL\" \/>\n<meta property=\"og:type\" content=\"article\" \/>\n<meta property=\"og:title\" content=\"Bateria kuchenna Oval 915 | Teka Polska\" \/>\n<meta property=\"og:description\" content=\"Wszystkie informacje o Single lever kitchen tap with oval body and 3\/8&quot; flexible inlet pipes na oficjalnej stronie Teka Polska\" \/>\n<meta property=\"og:url\" content=\"https:\/\/www.teka.com\/pl-pl\/produkt\/oval-915_116030064\/\" \/>\n<meta property=\"og:site_name\" content=\"Teka Polska\" \/>\n<meta name=\"twitter:card\" content=\"summary_large_image\" \/>\n<script type=\"application\/ld+json\" class=\"yoast-schema-graph\">{\"@context\":\"https:\/\/schema.org\",\"@graph\":[{\"@type\":\"WebPage\",\"@id\":\"https:\/\/www.teka.com\/pl-pl\/produkt\/oval-915_116030064\/\",\"url\":\"https:\/\/www.teka.com\/pl-pl\/produkt\/oval-915_116030064\/\",\"name\":\"Bateria kuchenna Oval 915 | Teka Polska\",\"isPartOf\":{\"@id\":\"https:\/\/www.teka.com\/pl-pl\/#website\"},\"datePublished\":\"2026-04-07T21:00:45+00:00\",\"description\":\"Wszystkie informacje o Single lever kitchen tap with oval body and 3\/8\\\" flexible inlet pipes na oficjalnej stronie Teka Polska\",\"inLanguage\":\"pl-PL\",\"potentialAction\":[{\"@type\":\"ReadAction\",\"target\":[\"https:\/\/www.teka.com\/pl-pl\/produkt\/oval-915_116030064\/\"]}]},{\"@type\":\"WebSite\",\"@id\":\"https:\/\/www.teka.com\/pl-pl\/#website\",\"url\":\"https:\/\/www.teka.com\/pl-pl\/\",\"name\":\"Teka Polska\",\"description\":\"Tw\u00f3j przepis na \u017cycie\",\"potentialAction\":[{\"@type\":\"SearchAction\",\"target\":{\"@type\":\"EntryPoint\",\"urlTemplate\":\"https:\/\/www.teka.com\/pl-pl\/?s={search_term_string}\"},\"query-input\":{\"@type\":\"PropertyValueSpecification\",\"valueRequired\":true,\"valueName\":\"search_term_string\"}}],\"inLanguage\":\"pl-PL\"}]}<\/script>\n<!-- \/ Yoast SEO plugin. -->","yoast_head_json":{"title":"Bateria kuchenna Oval 915 | Teka Polska","description":"Wszystkie informacje o Single lever kitchen tap with oval body and 3\/8\" flexible inlet pipes na oficjalnej stronie Teka Polska","robots":{"index":"index","follow":"follow","max-snippet":"max-snippet:-1","max-image-preview":"max-image-preview:large","max-video-preview":"max-video-preview:-1"},"canonical":"https:\/\/www.teka.com\/pl-pl\/produkt\/oval-915_116030064\/","og_locale":"pl_PL","og_type":"article","og_title":"Bateria kuchenna Oval 915 | Teka Polska","og_description":"Wszystkie informacje o Single lever kitchen tap with oval body and 3\/8\" flexible inlet pipes na oficjalnej stronie Teka Polska","og_url":"https:\/\/www.teka.com\/pl-pl\/produkt\/oval-915_116030064\/","og_site_name":"Teka Polska","twitter_card":"summary_large_image","schema":{"@context":"https:\/\/schema.org","@graph":[{"@type":"WebPage","@id":"https:\/\/www.teka.com\/pl-pl\/produkt\/oval-915_116030064\/","url":"https:\/\/www.teka.com\/pl-pl\/produkt\/oval-915_116030064\/","name":"Bateria kuchenna Oval 915 | Teka Polska","isPartOf":{"@id":"https:\/\/www.teka.com\/pl-pl\/#website"},"datePublished":"2026-04-07T21:00:45+00:00","description":"Wszystkie informacje o Single lever kitchen tap with oval body and 3\/8\" flexible inlet pipes na oficjalnej stronie Teka Polska","inLanguage":"pl-PL","potentialAction":[{"@type":"ReadAction","target":["https:\/\/www.teka.com\/pl-pl\/produkt\/oval-915_116030064\/"]}]},{"@type":"WebSite","@id":"https:\/\/www.teka.com\/pl-pl\/#website","url":"https:\/\/www.teka.com\/pl-pl\/","name":"Teka Polska","description":"Tw\u00f3j przepis na \u017cycie","potentialAction":[{"@type":"SearchAction","target":{"@type":"EntryPoint","urlTemplate":"https:\/\/www.teka.com\/pl-pl\/?s={search_term_string}"},"query-input":{"@type":"PropertyValueSpecification","valueRequired":true,"valueName":"search_term_string"}}],"inLanguage":"pl-PL"}]}},"_links":{"self":[{"href":"https:\/\/www.teka.com\/pl-pl\/wp-json\/wp\/v2\/product\/125864","targetHints":{"allow":["GET"]}}],"collection":[{"href":"https:\/\/www.teka.com\/pl-pl\/wp-json\/wp\/v2\/product"}],"about":[{"href":"https:\/\/www.teka.com\/pl-pl\/wp-json\/wp\/v2\/types\/product"}],"wp:attachment":[{"href":"https:\/\/www.teka.com\/pl-pl\/wp-json\/wp\/v2\/media?parent=125864"}],"wp:term":[{"taxonomy":"product_cat","embeddable":true,"href":"https:\/\/www.teka.com\/pl-pl\/wp-json\/wp\/v2\/product_cat?post=125864"},{"taxonomy":"product_cleaning_system","embeddable":true,"href":"https:\/\/www.teka.com\/pl-pl\/wp-json\/wp\/v2\/product_cleaning_system?post=125864"},{"taxonomy":"product_edition","embeddable":true,"href":"https:\/\/www.teka.com\/pl-pl\/wp-json\/wp\/v2\/product_edition?post=125864"},{"taxonomy":"product_3rd_basket","embeddable":true,"href":"https:\/\/www.teka.com\/pl-pl\/wp-json\/wp\/v2\/product_3rd_basket?post=125864"},{"taxonomy":"product_drawers","embeddable":true,"href":"https:\/\/www.teka.com\/pl-pl\/wp-json\/wp\/v2\/product_drawers?post=125864"},{"taxonomy":"product_type_of_installation","embeddable":true,"href":"https:\/\/www.teka.com\/pl-pl\/wp-json\/wp\/v2\/product_type_of_installation?post=125864"},{"taxonomy":"product_serie","embeddable":true,"href":"https:\/\/www.teka.com\/pl-pl\/wp-json\/wp\/v2\/product_serie?post=125864"},{"taxonomy":"product_features","embeddable":true,"href":"https:\/\/www.teka.com\/pl-pl\/wp-json\/wp\/v2\/product_features?post=125864"},{"taxonomy":"finishes","embeddable":true,"href":"https:\/\/www.teka.com\/pl-pl\/wp-json\/wp\/v2\/finishes?post=125864"},{"taxonomy":"product_bundles","embeddable":true,"href":"https:\/\/www.teka.com\/pl-pl\/wp-json\/wp\/v2\/product_bundles?post=125864"},{"taxonomy":"product_energy_efficiency","embeddable":true,"href":"https:\/\/www.teka.com\/pl-pl\/wp-json\/wp\/v2\/product_energy_efficiency?post=125864"},{"taxonomy":"product_video_training","embeddable":true,"href":"https:\/\/www.teka.com\/pl-pl\/wp-json\/wp\/v2\/product_video_training?post=125864"}],"curies":[{"name":"wp","href":"https:\/\/api.w.org\/{rel}","templated":true}]}}