{"id":126093,"date":"2026-04-03T20:53:20","date_gmt":"2026-04-03T20:53:20","guid":{"rendered":"https:\/\/teka.com\/pl-pl\/ibf-95-g1-mst-bm_112500061"},"modified":"2026-03-17T11:32:18","modified_gmt":"2026-03-17T12:32:18","slug":"ibf-95-g1-mst-bm_112500061","status":"publish","type":"product","link":"https:\/\/www.teka.com\/pl-pl\/produkt\/ibf-95-g1-mst-bm_112500061\/","title":{"rendered":"IBF 95-G1 MST BM"},"content":{"rendered":"<ul>\n<li>Zaprojektowana we W\u0142oszech przez Italdesign Giugiaro<\/li>\n<li>Ekskluzywne czarne matowe szk\u0142o<\/li>\n<li>Miedziane wyko\u0144czenie<\/li>\n<li>Funkcje bezpo\u015brednie: Confitowanie, Duszenie, Grillowanie, Sma\u017cenie, Sma\u017cenie w g\u0142\u0119bokim t\u0142uszczu, Szybkie zagotowanie, Gotowanie na wolnym ogniu, Roztapianie i Utrzymywanie w cieple<\/li>\n<li>Sterowanie dotykowe Multislider<\/li>\n<\/ul>\n","protected":false},"featured_media":0,"parent":0,"template":"","product_cat":[3368],"product_cleaning_system":[],"product_edition":[],"product_3rd_basket":[],"product_drawers":[],"product_type_of_installation":[],"product_serie":[],"product_features":[328178,328179,328180,328181,328182,328199,328200,328201,328202,328210,328212],"finishes":[],"product_bundles":[],"product_energy_efficiency":[],"product_video_training":[],"class_list":["post-126093","product","type-product","status-publish","hentry","product_cat-plyty-kuchenne","usp-infinityg1-01","usp-infinityg1-02","usp-infinityg1-03","usp-infinityg1-14","usp-infinityg1-15","usp-cookinglovers-13","color-czarny-mat","product_type_of_appliance-indukcyjne","product_icons-flex","product_icons-autolock","product_icons-easy-installation","product_icons-multislider","product_icons-power","product_icons-power-plus","product_icons-super-zone","product_features-quick-boiling","product_features-keep-warm","product_features-simmering","product_features-melting","product_features-flex","product_features-grilling","product_features-pan-frying","product_features-deep-fry","product_features-slidecooking","product_features-confit","product_features-poach"],"acf":[],"yoast_head":"<!-- This site is optimized with the Yoast SEO plugin v27.2 - https:\/\/yoast.com\/product\/yoast-seo-wordpress\/ -->\n<title>IBF 95-G1 MST BM | Teka Polska<\/title>\n<meta name=\"description\" content=\"Wszystkie informacje o Infinity G1 induction hob. Special edition by Italdesign Giugiaro, 90cm na oficjalnej stronie Teka Polska\" \/>\n<meta name=\"robots\" content=\"index, follow, max-snippet:-1, max-image-preview:large, max-video-preview:-1\" \/>\n<link rel=\"canonical\" href=\"https:\/\/www.teka.com\/pl-pl\/produkt\/ibf-95-g1-mst-bm_112500061\/\" \/>\n<meta property=\"og:locale\" content=\"pl_PL\" \/>\n<meta property=\"og:type\" content=\"article\" \/>\n<meta property=\"og:title\" content=\"IBF 95-G1 MST BM | Teka Polska\" \/>\n<meta property=\"og:description\" content=\"Wszystkie informacje o Infinity G1 induction hob. Special edition by Italdesign Giugiaro, 90cm na oficjalnej stronie Teka Polska\" \/>\n<meta property=\"og:url\" content=\"https:\/\/www.teka.com\/pl-pl\/produkt\/ibf-95-g1-mst-bm_112500061\/\" \/>\n<meta property=\"og:site_name\" content=\"Teka Polska\" \/>\n<meta name=\"twitter:card\" content=\"summary_large_image\" \/>\n<script type=\"application\/ld+json\" class=\"yoast-schema-graph\">{\"@context\":\"https:\/\/schema.org\",\"@graph\":[{\"@type\":\"WebPage\",\"@id\":\"https:\/\/www.teka.com\/pl-pl\/produkt\/ibf-95-g1-mst-bm_112500061\/\",\"url\":\"https:\/\/www.teka.com\/pl-pl\/produkt\/ibf-95-g1-mst-bm_112500061\/\",\"name\":\"IBF 95-G1 MST BM | Teka Polska\",\"isPartOf\":{\"@id\":\"https:\/\/www.teka.com\/pl-pl\/#website\"},\"datePublished\":\"2026-04-03T20:53:20+00:00\",\"description\":\"Wszystkie informacje o Infinity G1 induction hob. Special edition by Italdesign Giugiaro, 90cm na oficjalnej stronie Teka Polska\",\"inLanguage\":\"pl-PL\",\"potentialAction\":[{\"@type\":\"ReadAction\",\"target\":[\"https:\/\/www.teka.com\/pl-pl\/produkt\/ibf-95-g1-mst-bm_112500061\/\"]}]},{\"@type\":\"WebSite\",\"@id\":\"https:\/\/www.teka.com\/pl-pl\/#website\",\"url\":\"https:\/\/www.teka.com\/pl-pl\/\",\"name\":\"Teka Polska\",\"description\":\"Tw\u00f3j przepis na \u017cycie\",\"potentialAction\":[{\"@type\":\"SearchAction\",\"target\":{\"@type\":\"EntryPoint\",\"urlTemplate\":\"https:\/\/www.teka.com\/pl-pl\/?s={search_term_string}\"},\"query-input\":{\"@type\":\"PropertyValueSpecification\",\"valueRequired\":true,\"valueName\":\"search_term_string\"}}],\"inLanguage\":\"pl-PL\"}]}<\/script>\n<!-- \/ Yoast SEO plugin. -->","yoast_head_json":{"title":"IBF 95-G1 MST BM | Teka Polska","description":"Wszystkie informacje o Infinity G1 induction hob. Special edition by Italdesign Giugiaro, 90cm na oficjalnej stronie Teka Polska","robots":{"index":"index","follow":"follow","max-snippet":"max-snippet:-1","max-image-preview":"max-image-preview:large","max-video-preview":"max-video-preview:-1"},"canonical":"https:\/\/www.teka.com\/pl-pl\/produkt\/ibf-95-g1-mst-bm_112500061\/","og_locale":"pl_PL","og_type":"article","og_title":"IBF 95-G1 MST BM | Teka Polska","og_description":"Wszystkie informacje o Infinity G1 induction hob. Special edition by Italdesign Giugiaro, 90cm na oficjalnej stronie Teka Polska","og_url":"https:\/\/www.teka.com\/pl-pl\/produkt\/ibf-95-g1-mst-bm_112500061\/","og_site_name":"Teka Polska","twitter_card":"summary_large_image","schema":{"@context":"https:\/\/schema.org","@graph":[{"@type":"WebPage","@id":"https:\/\/www.teka.com\/pl-pl\/produkt\/ibf-95-g1-mst-bm_112500061\/","url":"https:\/\/www.teka.com\/pl-pl\/produkt\/ibf-95-g1-mst-bm_112500061\/","name":"IBF 95-G1 MST BM | Teka Polska","isPartOf":{"@id":"https:\/\/www.teka.com\/pl-pl\/#website"},"datePublished":"2026-04-03T20:53:20+00:00","description":"Wszystkie informacje o Infinity G1 induction hob. Special edition by Italdesign Giugiaro, 90cm na oficjalnej stronie Teka Polska","inLanguage":"pl-PL","potentialAction":[{"@type":"ReadAction","target":["https:\/\/www.teka.com\/pl-pl\/produkt\/ibf-95-g1-mst-bm_112500061\/"]}]},{"@type":"WebSite","@id":"https:\/\/www.teka.com\/pl-pl\/#website","url":"https:\/\/www.teka.com\/pl-pl\/","name":"Teka Polska","description":"Tw\u00f3j przepis na \u017cycie","potentialAction":[{"@type":"SearchAction","target":{"@type":"EntryPoint","urlTemplate":"https:\/\/www.teka.com\/pl-pl\/?s={search_term_string}"},"query-input":{"@type":"PropertyValueSpecification","valueRequired":true,"valueName":"search_term_string"}}],"inLanguage":"pl-PL"}]}},"_links":{"self":[{"href":"https:\/\/www.teka.com\/pl-pl\/wp-json\/wp\/v2\/product\/126093","targetHints":{"allow":["GET"]}}],"collection":[{"href":"https:\/\/www.teka.com\/pl-pl\/wp-json\/wp\/v2\/product"}],"about":[{"href":"https:\/\/www.teka.com\/pl-pl\/wp-json\/wp\/v2\/types\/product"}],"wp:attachment":[{"href":"https:\/\/www.teka.com\/pl-pl\/wp-json\/wp\/v2\/media?parent=126093"}],"wp:term":[{"taxonomy":"product_cat","embeddable":true,"href":"https:\/\/www.teka.com\/pl-pl\/wp-json\/wp\/v2\/product_cat?post=126093"},{"taxonomy":"product_cleaning_system","embeddable":true,"href":"https:\/\/www.teka.com\/pl-pl\/wp-json\/wp\/v2\/product_cleaning_system?post=126093"},{"taxonomy":"product_edition","embeddable":true,"href":"https:\/\/www.teka.com\/pl-pl\/wp-json\/wp\/v2\/product_edition?post=126093"},{"taxonomy":"product_3rd_basket","embeddable":true,"href":"https:\/\/www.teka.com\/pl-pl\/wp-json\/wp\/v2\/product_3rd_basket?post=126093"},{"taxonomy":"product_drawers","embeddable":true,"href":"https:\/\/www.teka.com\/pl-pl\/wp-json\/wp\/v2\/product_drawers?post=126093"},{"taxonomy":"product_type_of_installation","embeddable":true,"href":"https:\/\/www.teka.com\/pl-pl\/wp-json\/wp\/v2\/product_type_of_installation?post=126093"},{"taxonomy":"product_serie","embeddable":true,"href":"https:\/\/www.teka.com\/pl-pl\/wp-json\/wp\/v2\/product_serie?post=126093"},{"taxonomy":"product_features","embeddable":true,"href":"https:\/\/www.teka.com\/pl-pl\/wp-json\/wp\/v2\/product_features?post=126093"},{"taxonomy":"finishes","embeddable":true,"href":"https:\/\/www.teka.com\/pl-pl\/wp-json\/wp\/v2\/finishes?post=126093"},{"taxonomy":"product_bundles","embeddable":true,"href":"https:\/\/www.teka.com\/pl-pl\/wp-json\/wp\/v2\/product_bundles?post=126093"},{"taxonomy":"product_energy_efficiency","embeddable":true,"href":"https:\/\/www.teka.com\/pl-pl\/wp-json\/wp\/v2\/product_energy_efficiency?post=126093"},{"taxonomy":"product_video_training","embeddable":true,"href":"https:\/\/www.teka.com\/pl-pl\/wp-json\/wp\/v2\/product_video_training?post=126093"}],"curies":[{"name":"wp","href":"https:\/\/api.w.org\/{rel}","templated":true}]}}