{"id":126096,"date":"2026-04-07T21:06:16","date_gmt":"2026-04-07T21:06:16","guid":{"rendered":"https:\/\/teka.com\/pl-pl\/soap-dispenser-pvd-copper_115890046"},"modified":"2026-03-14T08:31:14","modified_gmt":"2026-03-14T09:31:14","slug":"soap-dispenser-pvd-copper_115890046","status":"publish","type":"product","link":"https:\/\/www.teka.com\/pl-pl\/produkt\/soap-dispenser-pvd-copper_115890046\/","title":{"rendered":"Dozownik na myd\u0142o mied\u017a"},"content":{"rendered":"<ul>\n<li>Ekskluzywne i eleganckie wyko\u0144czenie PVD<\/li>\n<li>Wykonanie ze stali nierdzewnej dla wi\u0119kszej wytrzyma\u0142o\u015bci<\/li>\n<li>Minimalistyczny styl, kt\u00f3ry dopasowuje si\u0119 do ka\u017cdego projektu kuchni<\/li>\n<\/ul>\n","protected":false},"featured_media":0,"parent":0,"template":"","product_cat":[3379],"product_cleaning_system":[],"product_edition":[],"product_3rd_basket":[],"product_drawers":[],"product_type_of_installation":[],"product_serie":[],"product_features":[],"finishes":[],"product_bundles":[],"product_energy_efficiency":[],"product_video_training":[],"class_list":["post-126096","product","type-product","status-publish","hentry","product_cat-akcesoria-kuchenne","usp-soapdispenser-01","usp-soapdispenser-02","color-miedz","product_type_of_appliance-zlewozmywaki"],"acf":[],"yoast_head":"<!-- This site is optimized with the Yoast SEO plugin v27.2 - https:\/\/yoast.com\/product\/yoast-seo-wordpress\/ -->\n<title>Dozownik na myd\u0142o mied\u017a | Teka Polska<\/title>\n<meta name=\"description\" content=\"Wszystkie informacje o Soap dispenser copper finish na oficjalnej stronie Teka Polska\" \/>\n<meta name=\"robots\" content=\"index, follow, max-snippet:-1, max-image-preview:large, max-video-preview:-1\" \/>\n<link rel=\"canonical\" href=\"https:\/\/www.teka.com\/pl-pl\/produkt\/soap-dispenser-pvd-copper_115890046\/\" \/>\n<meta property=\"og:locale\" content=\"pl_PL\" \/>\n<meta property=\"og:type\" content=\"article\" \/>\n<meta property=\"og:title\" content=\"Dozownik na myd\u0142o mied\u017a | Teka Polska\" \/>\n<meta property=\"og:description\" content=\"Wszystkie informacje o Soap dispenser copper finish na oficjalnej stronie Teka Polska\" \/>\n<meta property=\"og:url\" content=\"https:\/\/www.teka.com\/pl-pl\/produkt\/soap-dispenser-pvd-copper_115890046\/\" \/>\n<meta property=\"og:site_name\" content=\"Teka Polska\" \/>\n<meta name=\"twitter:card\" content=\"summary_large_image\" \/>\n<script type=\"application\/ld+json\" class=\"yoast-schema-graph\">{\"@context\":\"https:\/\/schema.org\",\"@graph\":[{\"@type\":\"WebPage\",\"@id\":\"https:\/\/www.teka.com\/pl-pl\/produkt\/soap-dispenser-pvd-copper_115890046\/\",\"url\":\"https:\/\/www.teka.com\/pl-pl\/produkt\/soap-dispenser-pvd-copper_115890046\/\",\"name\":\"Dozownik na myd\u0142o mied\u017a | Teka Polska\",\"isPartOf\":{\"@id\":\"https:\/\/www.teka.com\/pl-pl\/#website\"},\"datePublished\":\"2026-04-07T21:06:16+00:00\",\"description\":\"Wszystkie informacje o Soap dispenser copper finish na oficjalnej stronie Teka Polska\",\"inLanguage\":\"pl-PL\",\"potentialAction\":[{\"@type\":\"ReadAction\",\"target\":[\"https:\/\/www.teka.com\/pl-pl\/produkt\/soap-dispenser-pvd-copper_115890046\/\"]}]},{\"@type\":\"WebSite\",\"@id\":\"https:\/\/www.teka.com\/pl-pl\/#website\",\"url\":\"https:\/\/www.teka.com\/pl-pl\/\",\"name\":\"Teka Polska\",\"description\":\"Tw\u00f3j przepis na \u017cycie\",\"potentialAction\":[{\"@type\":\"SearchAction\",\"target\":{\"@type\":\"EntryPoint\",\"urlTemplate\":\"https:\/\/www.teka.com\/pl-pl\/?s={search_term_string}\"},\"query-input\":{\"@type\":\"PropertyValueSpecification\",\"valueRequired\":true,\"valueName\":\"search_term_string\"}}],\"inLanguage\":\"pl-PL\"}]}<\/script>\n<!-- \/ Yoast SEO plugin. -->","yoast_head_json":{"title":"Dozownik na myd\u0142o mied\u017a | Teka Polska","description":"Wszystkie informacje o Soap dispenser copper finish na oficjalnej stronie Teka Polska","robots":{"index":"index","follow":"follow","max-snippet":"max-snippet:-1","max-image-preview":"max-image-preview:large","max-video-preview":"max-video-preview:-1"},"canonical":"https:\/\/www.teka.com\/pl-pl\/produkt\/soap-dispenser-pvd-copper_115890046\/","og_locale":"pl_PL","og_type":"article","og_title":"Dozownik na myd\u0142o mied\u017a | Teka Polska","og_description":"Wszystkie informacje o Soap dispenser copper finish na oficjalnej stronie Teka Polska","og_url":"https:\/\/www.teka.com\/pl-pl\/produkt\/soap-dispenser-pvd-copper_115890046\/","og_site_name":"Teka Polska","twitter_card":"summary_large_image","schema":{"@context":"https:\/\/schema.org","@graph":[{"@type":"WebPage","@id":"https:\/\/www.teka.com\/pl-pl\/produkt\/soap-dispenser-pvd-copper_115890046\/","url":"https:\/\/www.teka.com\/pl-pl\/produkt\/soap-dispenser-pvd-copper_115890046\/","name":"Dozownik na myd\u0142o mied\u017a | Teka Polska","isPartOf":{"@id":"https:\/\/www.teka.com\/pl-pl\/#website"},"datePublished":"2026-04-07T21:06:16+00:00","description":"Wszystkie informacje o Soap dispenser copper finish na oficjalnej stronie Teka Polska","inLanguage":"pl-PL","potentialAction":[{"@type":"ReadAction","target":["https:\/\/www.teka.com\/pl-pl\/produkt\/soap-dispenser-pvd-copper_115890046\/"]}]},{"@type":"WebSite","@id":"https:\/\/www.teka.com\/pl-pl\/#website","url":"https:\/\/www.teka.com\/pl-pl\/","name":"Teka Polska","description":"Tw\u00f3j przepis na \u017cycie","potentialAction":[{"@type":"SearchAction","target":{"@type":"EntryPoint","urlTemplate":"https:\/\/www.teka.com\/pl-pl\/?s={search_term_string}"},"query-input":{"@type":"PropertyValueSpecification","valueRequired":true,"valueName":"search_term_string"}}],"inLanguage":"pl-PL"}]}},"_links":{"self":[{"href":"https:\/\/www.teka.com\/pl-pl\/wp-json\/wp\/v2\/product\/126096","targetHints":{"allow":["GET"]}}],"collection":[{"href":"https:\/\/www.teka.com\/pl-pl\/wp-json\/wp\/v2\/product"}],"about":[{"href":"https:\/\/www.teka.com\/pl-pl\/wp-json\/wp\/v2\/types\/product"}],"wp:attachment":[{"href":"https:\/\/www.teka.com\/pl-pl\/wp-json\/wp\/v2\/media?parent=126096"}],"wp:term":[{"taxonomy":"product_cat","embeddable":true,"href":"https:\/\/www.teka.com\/pl-pl\/wp-json\/wp\/v2\/product_cat?post=126096"},{"taxonomy":"product_cleaning_system","embeddable":true,"href":"https:\/\/www.teka.com\/pl-pl\/wp-json\/wp\/v2\/product_cleaning_system?post=126096"},{"taxonomy":"product_edition","embeddable":true,"href":"https:\/\/www.teka.com\/pl-pl\/wp-json\/wp\/v2\/product_edition?post=126096"},{"taxonomy":"product_3rd_basket","embeddable":true,"href":"https:\/\/www.teka.com\/pl-pl\/wp-json\/wp\/v2\/product_3rd_basket?post=126096"},{"taxonomy":"product_drawers","embeddable":true,"href":"https:\/\/www.teka.com\/pl-pl\/wp-json\/wp\/v2\/product_drawers?post=126096"},{"taxonomy":"product_type_of_installation","embeddable":true,"href":"https:\/\/www.teka.com\/pl-pl\/wp-json\/wp\/v2\/product_type_of_installation?post=126096"},{"taxonomy":"product_serie","embeddable":true,"href":"https:\/\/www.teka.com\/pl-pl\/wp-json\/wp\/v2\/product_serie?post=126096"},{"taxonomy":"product_features","embeddable":true,"href":"https:\/\/www.teka.com\/pl-pl\/wp-json\/wp\/v2\/product_features?post=126096"},{"taxonomy":"finishes","embeddable":true,"href":"https:\/\/www.teka.com\/pl-pl\/wp-json\/wp\/v2\/finishes?post=126096"},{"taxonomy":"product_bundles","embeddable":true,"href":"https:\/\/www.teka.com\/pl-pl\/wp-json\/wp\/v2\/product_bundles?post=126096"},{"taxonomy":"product_energy_efficiency","embeddable":true,"href":"https:\/\/www.teka.com\/pl-pl\/wp-json\/wp\/v2\/product_energy_efficiency?post=126096"},{"taxonomy":"product_video_training","embeddable":true,"href":"https:\/\/www.teka.com\/pl-pl\/wp-json\/wp\/v2\/product_video_training?post=126096"}],"curies":[{"name":"wp","href":"https:\/\/api.w.org\/{rel}","templated":true}]}}