{"id":126599,"date":"2026-04-05T02:30:14","date_gmt":"2026-04-05T02:30:14","guid":{"rendered":"https:\/\/teka.com\/en-int\/zmywarka-lc-24700-wh_114350000"},"modified":"2026-03-14T08:43:13","modified_gmt":"2026-03-14T09:43:13","slug":"zmywarka-lc-24700-wh_114350000","status":"publish","type":"product","link":"https:\/\/www.teka.com\/pl-pl\/produkt\/zmywarka-lc-24700-wh_114350000\/","title":{"rendered":"ZMYWARKA LC 24700 WH"},"content":{"rendered":"<ul>\n<li>Zmywarka kompaktowa<\/li>\n<li>Pojemno\u015b\u0107 6 komplet\u00f3w naczy\u0144<\/li>\n<li>7 program\u00f3w zmywania<\/li>\n<li>Funkcja suszenia Extra<\/li>\n<li>Mo\u017cliwo\u015b\u0107 op\u00f3\u017anienia startu do 24h<\/li>\n<li>Blokada drzwi i panelu sterowania<\/li>\n<li>Wymiary zew. 55x50x43,8 cm<\/li>\n<\/ul>\n","protected":false},"featured_media":0,"parent":0,"template":"","product_cat":[3378],"product_cleaning_system":[],"product_edition":[],"product_3rd_basket":[],"product_drawers":[],"product_type_of_installation":[329093],"product_serie":[],"product_features":[],"finishes":[],"product_bundles":[],"product_energy_efficiency":[328414],"product_video_training":[],"class_list":["post-126599","product","type-product","status-publish","hentry","product_cat-zmywarki-do-naczyn","color-bialy","product_type_of_appliance-kompaktowe","product_icons-eco-function","product_icons-extra-dry-function","product_type_of_installation-table-top","product_energy_efficiency-f-ue-icon-new"],"acf":[],"yoast_head":"<!-- This site is optimized with the Yoast SEO plugin v27.2 - https:\/\/yoast.com\/product\/yoast-seo-wordpress\/ -->\n<title>ZMYWARKA LC 24700 WH | Teka Polska<\/title>\n<meta name=\"description\" content=\"Wszystkie informacje o Free standing table top dishwasher with 6 place settings and 7 washing programs na oficjalnej stronie Teka Polska\" \/>\n<meta name=\"robots\" content=\"index, follow, max-snippet:-1, max-image-preview:large, max-video-preview:-1\" \/>\n<link rel=\"canonical\" href=\"https:\/\/www.teka.com\/pl-pl\/produkt\/zmywarka-lc-24700-wh_114350000\/\" \/>\n<meta property=\"og:locale\" content=\"pl_PL\" \/>\n<meta property=\"og:type\" content=\"article\" \/>\n<meta property=\"og:title\" content=\"ZMYWARKA LC 24700 WH | Teka Polska\" \/>\n<meta property=\"og:description\" content=\"Wszystkie informacje o Free standing table top dishwasher with 6 place settings and 7 washing programs na oficjalnej stronie Teka Polska\" \/>\n<meta property=\"og:url\" content=\"https:\/\/www.teka.com\/pl-pl\/produkt\/zmywarka-lc-24700-wh_114350000\/\" \/>\n<meta property=\"og:site_name\" content=\"Teka Polska\" \/>\n<meta name=\"twitter:card\" content=\"summary_large_image\" \/>\n<script type=\"application\/ld+json\" class=\"yoast-schema-graph\">{\"@context\":\"https:\/\/schema.org\",\"@graph\":[{\"@type\":\"WebPage\",\"@id\":\"https:\/\/www.teka.com\/pl-pl\/produkt\/zmywarka-lc-24700-wh_114350000\/\",\"url\":\"https:\/\/www.teka.com\/pl-pl\/produkt\/zmywarka-lc-24700-wh_114350000\/\",\"name\":\"ZMYWARKA LC 24700 WH | Teka Polska\",\"isPartOf\":{\"@id\":\"https:\/\/www.teka.com\/pl-pl\/#website\"},\"datePublished\":\"2026-04-05T02:30:14+00:00\",\"description\":\"Wszystkie informacje o Free standing table top dishwasher with 6 place settings and 7 washing programs na oficjalnej stronie Teka Polska\",\"inLanguage\":\"pl-PL\",\"potentialAction\":[{\"@type\":\"ReadAction\",\"target\":[\"https:\/\/www.teka.com\/pl-pl\/produkt\/zmywarka-lc-24700-wh_114350000\/\"]}]},{\"@type\":\"WebSite\",\"@id\":\"https:\/\/www.teka.com\/pl-pl\/#website\",\"url\":\"https:\/\/www.teka.com\/pl-pl\/\",\"name\":\"Teka Polska\",\"description\":\"Tw\u00f3j przepis na \u017cycie\",\"potentialAction\":[{\"@type\":\"SearchAction\",\"target\":{\"@type\":\"EntryPoint\",\"urlTemplate\":\"https:\/\/www.teka.com\/pl-pl\/?s={search_term_string}\"},\"query-input\":{\"@type\":\"PropertyValueSpecification\",\"valueRequired\":true,\"valueName\":\"search_term_string\"}}],\"inLanguage\":\"pl-PL\"}]}<\/script>\n<!-- \/ Yoast SEO plugin. -->","yoast_head_json":{"title":"ZMYWARKA LC 24700 WH | Teka Polska","description":"Wszystkie informacje o Free standing table top dishwasher with 6 place settings and 7 washing programs na oficjalnej stronie Teka Polska","robots":{"index":"index","follow":"follow","max-snippet":"max-snippet:-1","max-image-preview":"max-image-preview:large","max-video-preview":"max-video-preview:-1"},"canonical":"https:\/\/www.teka.com\/pl-pl\/produkt\/zmywarka-lc-24700-wh_114350000\/","og_locale":"pl_PL","og_type":"article","og_title":"ZMYWARKA LC 24700 WH | Teka Polska","og_description":"Wszystkie informacje o Free standing table top dishwasher with 6 place settings and 7 washing programs na oficjalnej stronie Teka Polska","og_url":"https:\/\/www.teka.com\/pl-pl\/produkt\/zmywarka-lc-24700-wh_114350000\/","og_site_name":"Teka Polska","twitter_card":"summary_large_image","schema":{"@context":"https:\/\/schema.org","@graph":[{"@type":"WebPage","@id":"https:\/\/www.teka.com\/pl-pl\/produkt\/zmywarka-lc-24700-wh_114350000\/","url":"https:\/\/www.teka.com\/pl-pl\/produkt\/zmywarka-lc-24700-wh_114350000\/","name":"ZMYWARKA LC 24700 WH | Teka Polska","isPartOf":{"@id":"https:\/\/www.teka.com\/pl-pl\/#website"},"datePublished":"2026-04-05T02:30:14+00:00","description":"Wszystkie informacje o Free standing table top dishwasher with 6 place settings and 7 washing programs na oficjalnej stronie Teka Polska","inLanguage":"pl-PL","potentialAction":[{"@type":"ReadAction","target":["https:\/\/www.teka.com\/pl-pl\/produkt\/zmywarka-lc-24700-wh_114350000\/"]}]},{"@type":"WebSite","@id":"https:\/\/www.teka.com\/pl-pl\/#website","url":"https:\/\/www.teka.com\/pl-pl\/","name":"Teka Polska","description":"Tw\u00f3j przepis na \u017cycie","potentialAction":[{"@type":"SearchAction","target":{"@type":"EntryPoint","urlTemplate":"https:\/\/www.teka.com\/pl-pl\/?s={search_term_string}"},"query-input":{"@type":"PropertyValueSpecification","valueRequired":true,"valueName":"search_term_string"}}],"inLanguage":"pl-PL"}]}},"_links":{"self":[{"href":"https:\/\/www.teka.com\/pl-pl\/wp-json\/wp\/v2\/product\/126599","targetHints":{"allow":["GET"]}}],"collection":[{"href":"https:\/\/www.teka.com\/pl-pl\/wp-json\/wp\/v2\/product"}],"about":[{"href":"https:\/\/www.teka.com\/pl-pl\/wp-json\/wp\/v2\/types\/product"}],"wp:attachment":[{"href":"https:\/\/www.teka.com\/pl-pl\/wp-json\/wp\/v2\/media?parent=126599"}],"wp:term":[{"taxonomy":"product_cat","embeddable":true,"href":"https:\/\/www.teka.com\/pl-pl\/wp-json\/wp\/v2\/product_cat?post=126599"},{"taxonomy":"product_cleaning_system","embeddable":true,"href":"https:\/\/www.teka.com\/pl-pl\/wp-json\/wp\/v2\/product_cleaning_system?post=126599"},{"taxonomy":"product_edition","embeddable":true,"href":"https:\/\/www.teka.com\/pl-pl\/wp-json\/wp\/v2\/product_edition?post=126599"},{"taxonomy":"product_3rd_basket","embeddable":true,"href":"https:\/\/www.teka.com\/pl-pl\/wp-json\/wp\/v2\/product_3rd_basket?post=126599"},{"taxonomy":"product_drawers","embeddable":true,"href":"https:\/\/www.teka.com\/pl-pl\/wp-json\/wp\/v2\/product_drawers?post=126599"},{"taxonomy":"product_type_of_installation","embeddable":true,"href":"https:\/\/www.teka.com\/pl-pl\/wp-json\/wp\/v2\/product_type_of_installation?post=126599"},{"taxonomy":"product_serie","embeddable":true,"href":"https:\/\/www.teka.com\/pl-pl\/wp-json\/wp\/v2\/product_serie?post=126599"},{"taxonomy":"product_features","embeddable":true,"href":"https:\/\/www.teka.com\/pl-pl\/wp-json\/wp\/v2\/product_features?post=126599"},{"taxonomy":"finishes","embeddable":true,"href":"https:\/\/www.teka.com\/pl-pl\/wp-json\/wp\/v2\/finishes?post=126599"},{"taxonomy":"product_bundles","embeddable":true,"href":"https:\/\/www.teka.com\/pl-pl\/wp-json\/wp\/v2\/product_bundles?post=126599"},{"taxonomy":"product_energy_efficiency","embeddable":true,"href":"https:\/\/www.teka.com\/pl-pl\/wp-json\/wp\/v2\/product_energy_efficiency?post=126599"},{"taxonomy":"product_video_training","embeddable":true,"href":"https:\/\/www.teka.com\/pl-pl\/wp-json\/wp\/v2\/product_video_training?post=126599"}],"curies":[{"name":"wp","href":"https:\/\/api.w.org\/{rel}","templated":true}]}}