{"id":126736,"date":"2026-04-07T21:19:47","date_gmt":"2026-04-07T21:19:47","guid":{"rendered":"https:\/\/teka.com\/pl-pl\/rbf-88680-dss_113400046"},"modified":"2026-03-14T08:53:14","modified_gmt":"2026-03-14T09:53:14","slug":"rbf-88680-dss_113400046","status":"publish","type":"product","link":"https:\/\/www.teka.com\/pl-pl\/produkt\/rbf-88680-dss_113400046\/","title":{"rendered":"RBF 88680 DSS"},"content":{"rendered":"<ul>\n<li>Lod\u00f3wka wolnostoj\u0105ca z dolnym zamra\u017calnikiem<\/li>\n<li>Technologia Full No Frost \u2013 bez konieczno\u015bci rozmra\u017cania<\/li>\n<li>Wy\u015bwietlacz zewn\u0119trzny i wewn\u0119trzny dla wygodnej obs\u0142ugi<\/li>\n<li>Elektroniczny, regulowany termostat \u2013 precyzyjna kontrola temperatury<\/li>\n<li>Nowoczesny design i \u0142atwo\u015b\u0107 utrzymania \u015bwie\u017co\u015bci produkt\u00f3w<\/li>\n<\/ul>\n","protected":false},"featured_media":0,"parent":0,"template":"","product_cat":[329028],"product_cleaning_system":[],"product_edition":[],"product_3rd_basket":[],"product_drawers":[],"product_type_of_installation":[328172],"product_serie":[],"product_features":[],"finishes":[],"product_bundles":[],"product_energy_efficiency":[328409],"product_video_training":[],"class_list":["post-126736","product","type-product","status-publish","hentry","product_cat-chlodziarko-zamrazarki","usp-cold-line-rbf-02","usp-cold-line-rbf-03","usp-cold-line-rbf-05","usp-cold-line-rbf-09","usp-cold-line-rbf-11","usp-cold-line-rbf-14","usp-cold-line-rbf-15","usp-cold-line-rbf-07","usp-cold-line-rbf-19","usp-cold-line-rbf-16","color-ciemny-stalowy","product_type_of_appliance-chlodziarko-zamrazarki","product_icons-easy-90","product_icons-eco-function","product_icons-led","product_icons-motor-inverter","product_icons-on-holidays-function","product_type_of_installation-wolnostojace","product_energy_efficiency-a-ue-icon-new"],"acf":[],"yoast_head":"<!-- This site is optimized with the Yoast SEO plugin v27.2 - https:\/\/yoast.com\/product\/yoast-seo-wordpress\/ -->\n<title>RBF 88680 DSS | Teka Polska<\/title>\n<meta name=\"description\" content=\"Wszystkie informacje o Total No Frost Free standing freezer refrigerator with A-Class Efficiency na oficjalnej stronie Teka Polska\" \/>\n<meta name=\"robots\" content=\"index, follow, max-snippet:-1, max-image-preview:large, max-video-preview:-1\" \/>\n<link rel=\"canonical\" href=\"https:\/\/www.teka.com\/pl-pl\/produkt\/rbf-88680-dss_113400046\/\" \/>\n<meta property=\"og:locale\" content=\"pl_PL\" \/>\n<meta property=\"og:type\" content=\"article\" \/>\n<meta property=\"og:title\" content=\"RBF 88680 DSS | Teka Polska\" \/>\n<meta property=\"og:description\" content=\"Wszystkie informacje o Total No Frost Free standing freezer refrigerator with A-Class Efficiency na oficjalnej stronie Teka Polska\" \/>\n<meta property=\"og:url\" content=\"https:\/\/www.teka.com\/pl-pl\/produkt\/rbf-88680-dss_113400046\/\" \/>\n<meta property=\"og:site_name\" content=\"Teka Polska\" \/>\n<meta name=\"twitter:card\" content=\"summary_large_image\" \/>\n<script type=\"application\/ld+json\" class=\"yoast-schema-graph\">{\"@context\":\"https:\/\/schema.org\",\"@graph\":[{\"@type\":\"WebPage\",\"@id\":\"https:\/\/www.teka.com\/pl-pl\/produkt\/rbf-88680-dss_113400046\/\",\"url\":\"https:\/\/www.teka.com\/pl-pl\/produkt\/rbf-88680-dss_113400046\/\",\"name\":\"RBF 88680 DSS | Teka Polska\",\"isPartOf\":{\"@id\":\"https:\/\/www.teka.com\/pl-pl\/#website\"},\"datePublished\":\"2026-04-07T21:19:47+00:00\",\"description\":\"Wszystkie informacje o Total No Frost Free standing freezer refrigerator with A-Class Efficiency na oficjalnej stronie Teka Polska\",\"inLanguage\":\"pl-PL\",\"potentialAction\":[{\"@type\":\"ReadAction\",\"target\":[\"https:\/\/www.teka.com\/pl-pl\/produkt\/rbf-88680-dss_113400046\/\"]}]},{\"@type\":\"WebSite\",\"@id\":\"https:\/\/www.teka.com\/pl-pl\/#website\",\"url\":\"https:\/\/www.teka.com\/pl-pl\/\",\"name\":\"Teka Polska\",\"description\":\"Tw\u00f3j przepis na \u017cycie\",\"potentialAction\":[{\"@type\":\"SearchAction\",\"target\":{\"@type\":\"EntryPoint\",\"urlTemplate\":\"https:\/\/www.teka.com\/pl-pl\/?s={search_term_string}\"},\"query-input\":{\"@type\":\"PropertyValueSpecification\",\"valueRequired\":true,\"valueName\":\"search_term_string\"}}],\"inLanguage\":\"pl-PL\"}]}<\/script>\n<!-- \/ Yoast SEO plugin. -->","yoast_head_json":{"title":"RBF 88680 DSS | Teka Polska","description":"Wszystkie informacje o Total No Frost Free standing freezer refrigerator with A-Class Efficiency na oficjalnej stronie Teka Polska","robots":{"index":"index","follow":"follow","max-snippet":"max-snippet:-1","max-image-preview":"max-image-preview:large","max-video-preview":"max-video-preview:-1"},"canonical":"https:\/\/www.teka.com\/pl-pl\/produkt\/rbf-88680-dss_113400046\/","og_locale":"pl_PL","og_type":"article","og_title":"RBF 88680 DSS | Teka Polska","og_description":"Wszystkie informacje o Total No Frost Free standing freezer refrigerator with A-Class Efficiency na oficjalnej stronie Teka Polska","og_url":"https:\/\/www.teka.com\/pl-pl\/produkt\/rbf-88680-dss_113400046\/","og_site_name":"Teka Polska","twitter_card":"summary_large_image","schema":{"@context":"https:\/\/schema.org","@graph":[{"@type":"WebPage","@id":"https:\/\/www.teka.com\/pl-pl\/produkt\/rbf-88680-dss_113400046\/","url":"https:\/\/www.teka.com\/pl-pl\/produkt\/rbf-88680-dss_113400046\/","name":"RBF 88680 DSS | Teka Polska","isPartOf":{"@id":"https:\/\/www.teka.com\/pl-pl\/#website"},"datePublished":"2026-04-07T21:19:47+00:00","description":"Wszystkie informacje o Total No Frost Free standing freezer refrigerator with A-Class Efficiency na oficjalnej stronie Teka Polska","inLanguage":"pl-PL","potentialAction":[{"@type":"ReadAction","target":["https:\/\/www.teka.com\/pl-pl\/produkt\/rbf-88680-dss_113400046\/"]}]},{"@type":"WebSite","@id":"https:\/\/www.teka.com\/pl-pl\/#website","url":"https:\/\/www.teka.com\/pl-pl\/","name":"Teka Polska","description":"Tw\u00f3j przepis na \u017cycie","potentialAction":[{"@type":"SearchAction","target":{"@type":"EntryPoint","urlTemplate":"https:\/\/www.teka.com\/pl-pl\/?s={search_term_string}"},"query-input":{"@type":"PropertyValueSpecification","valueRequired":true,"valueName":"search_term_string"}}],"inLanguage":"pl-PL"}]}},"_links":{"self":[{"href":"https:\/\/www.teka.com\/pl-pl\/wp-json\/wp\/v2\/product\/126736","targetHints":{"allow":["GET"]}}],"collection":[{"href":"https:\/\/www.teka.com\/pl-pl\/wp-json\/wp\/v2\/product"}],"about":[{"href":"https:\/\/www.teka.com\/pl-pl\/wp-json\/wp\/v2\/types\/product"}],"wp:attachment":[{"href":"https:\/\/www.teka.com\/pl-pl\/wp-json\/wp\/v2\/media?parent=126736"}],"wp:term":[{"taxonomy":"product_cat","embeddable":true,"href":"https:\/\/www.teka.com\/pl-pl\/wp-json\/wp\/v2\/product_cat?post=126736"},{"taxonomy":"product_cleaning_system","embeddable":true,"href":"https:\/\/www.teka.com\/pl-pl\/wp-json\/wp\/v2\/product_cleaning_system?post=126736"},{"taxonomy":"product_edition","embeddable":true,"href":"https:\/\/www.teka.com\/pl-pl\/wp-json\/wp\/v2\/product_edition?post=126736"},{"taxonomy":"product_3rd_basket","embeddable":true,"href":"https:\/\/www.teka.com\/pl-pl\/wp-json\/wp\/v2\/product_3rd_basket?post=126736"},{"taxonomy":"product_drawers","embeddable":true,"href":"https:\/\/www.teka.com\/pl-pl\/wp-json\/wp\/v2\/product_drawers?post=126736"},{"taxonomy":"product_type_of_installation","embeddable":true,"href":"https:\/\/www.teka.com\/pl-pl\/wp-json\/wp\/v2\/product_type_of_installation?post=126736"},{"taxonomy":"product_serie","embeddable":true,"href":"https:\/\/www.teka.com\/pl-pl\/wp-json\/wp\/v2\/product_serie?post=126736"},{"taxonomy":"product_features","embeddable":true,"href":"https:\/\/www.teka.com\/pl-pl\/wp-json\/wp\/v2\/product_features?post=126736"},{"taxonomy":"finishes","embeddable":true,"href":"https:\/\/www.teka.com\/pl-pl\/wp-json\/wp\/v2\/finishes?post=126736"},{"taxonomy":"product_bundles","embeddable":true,"href":"https:\/\/www.teka.com\/pl-pl\/wp-json\/wp\/v2\/product_bundles?post=126736"},{"taxonomy":"product_energy_efficiency","embeddable":true,"href":"https:\/\/www.teka.com\/pl-pl\/wp-json\/wp\/v2\/product_energy_efficiency?post=126736"},{"taxonomy":"product_video_training","embeddable":true,"href":"https:\/\/www.teka.com\/pl-pl\/wp-json\/wp\/v2\/product_video_training?post=126736"}],"curies":[{"name":"wp","href":"https:\/\/api.w.org\/{rel}","templated":true}]}}