{"id":126766,"date":"2026-04-07T21:18:52","date_gmt":"2026-04-07T21:18:52","guid":{"rendered":"https:\/\/teka.com\/en-int\/rbf-64670-wh_113400036"},"modified":"2026-03-14T08:52:40","modified_gmt":"2026-03-14T09:52:40","slug":"rbf-64670-wh_113400036","status":"publish","type":"product","link":"https:\/\/www.teka.com\/pl-pl\/produkt\/rbf-64670-wh_113400036\/","title":{"rendered":"RBF 64670 WH"},"content":{"rendered":"<ul>\n<li>Pe\u0142ne i r\u00f3wnomierne ch\u0142odzenie dzi\u0119ki technologii AirFlow Control<\/li>\n<li>DualTemp Control \u2013 niezale\u017cna regulacja temperatury w ch\u0142odziarce i zamra\u017carce<\/li>\n<li>MetalCooling \u2013 szybkie ch\u0142odzenie i stabilna temperatura<\/li>\n<li>Oszcz\u0119dno\u015b\u0107 energii do 50%<\/li>\n<li>180\u00ba FlipBox \u2013 mo\u017cliwo\u015b\u0107 po\u0142\u0105czenia dw\u00f3ch szuflad zamra\u017carki w jedn\u0105<\/li>\n<li>2L Bottle Rack \u2013 wygodne i szybkie przechowywanie du\u017cych butelek<\/li>\n<li>Szuflady Easy 90\u00ba \u2013 pe\u0142ne wysuwanie nawet przy otwarciu drzwi pod k\u0105tem 90\u00b0<\/li>\n<li>Unikalny detal \u2013 emblemat \u201eT\u201d<\/li>\n<\/ul>\n","protected":false},"featured_media":0,"parent":0,"template":"","product_cat":[329028],"product_cleaning_system":[],"product_edition":[],"product_3rd_basket":[],"product_drawers":[],"product_type_of_installation":[328172],"product_serie":[],"product_features":[],"finishes":[],"product_bundles":[],"product_energy_efficiency":[328411],"product_video_training":[],"class_list":["post-126766","product","type-product","status-publish","hentry","product_cat-chlodziarko-zamrazarki","usp-cold-line-rbf-02","usp-cold-line-rbf-03","usp-cold-line-rbf-04","usp-cold-line-rbf-05","usp-cold-line-rbf-09","usp-cold-line-rbf-11","usp-cold-line-rbf-14","usp-cold-line-rbf-15","usp-cold-line-rbf-07","usp-cold-line-rbf-19","color-bialy","product_type_of_appliance-chlodziarko-zamrazarki","product_icons-40l","product_icons-easy-90","product_icons-eco-function","product_icons-led","product_icons-motor-inverter","product_icons-on-holidays-function","product_type_of_installation-wolnostojace","product_energy_efficiency-c-ue-icon-new"],"acf":[],"yoast_head":"<!-- This site is optimized with the Yoast SEO plugin v27.2 - https:\/\/yoast.com\/product\/yoast-seo-wordpress\/ -->\n<title>RBF 64670 WH | Teka Polska<\/title>\n<meta name=\"description\" content=\"Wszystkie informacje o Total No Frost Free standing bottom freezer refrigerator na oficjalnej stronie Teka Polska\" \/>\n<meta name=\"robots\" content=\"index, follow, max-snippet:-1, max-image-preview:large, max-video-preview:-1\" \/>\n<link rel=\"canonical\" href=\"https:\/\/www.teka.com\/pl-pl\/produkt\/rbf-64670-wh_113400036\/\" \/>\n<meta property=\"og:locale\" content=\"pl_PL\" \/>\n<meta property=\"og:type\" content=\"article\" \/>\n<meta property=\"og:title\" content=\"RBF 64670 WH | Teka Polska\" \/>\n<meta property=\"og:description\" content=\"Wszystkie informacje o Total No Frost Free standing bottom freezer refrigerator na oficjalnej stronie Teka Polska\" \/>\n<meta property=\"og:url\" content=\"https:\/\/www.teka.com\/pl-pl\/produkt\/rbf-64670-wh_113400036\/\" \/>\n<meta property=\"og:site_name\" content=\"Teka Polska\" \/>\n<meta name=\"twitter:card\" content=\"summary_large_image\" \/>\n<script type=\"application\/ld+json\" class=\"yoast-schema-graph\">{\"@context\":\"https:\/\/schema.org\",\"@graph\":[{\"@type\":\"WebPage\",\"@id\":\"https:\/\/www.teka.com\/pl-pl\/produkt\/rbf-64670-wh_113400036\/\",\"url\":\"https:\/\/www.teka.com\/pl-pl\/produkt\/rbf-64670-wh_113400036\/\",\"name\":\"RBF 64670 WH | Teka Polska\",\"isPartOf\":{\"@id\":\"https:\/\/www.teka.com\/pl-pl\/#website\"},\"datePublished\":\"2026-04-07T21:18:52+00:00\",\"description\":\"Wszystkie informacje o Total No Frost Free standing bottom freezer refrigerator na oficjalnej stronie Teka Polska\",\"inLanguage\":\"pl-PL\",\"potentialAction\":[{\"@type\":\"ReadAction\",\"target\":[\"https:\/\/www.teka.com\/pl-pl\/produkt\/rbf-64670-wh_113400036\/\"]}]},{\"@type\":\"WebSite\",\"@id\":\"https:\/\/www.teka.com\/pl-pl\/#website\",\"url\":\"https:\/\/www.teka.com\/pl-pl\/\",\"name\":\"Teka Polska\",\"description\":\"Tw\u00f3j przepis na \u017cycie\",\"potentialAction\":[{\"@type\":\"SearchAction\",\"target\":{\"@type\":\"EntryPoint\",\"urlTemplate\":\"https:\/\/www.teka.com\/pl-pl\/?s={search_term_string}\"},\"query-input\":{\"@type\":\"PropertyValueSpecification\",\"valueRequired\":true,\"valueName\":\"search_term_string\"}}],\"inLanguage\":\"pl-PL\"}]}<\/script>\n<!-- \/ Yoast SEO plugin. -->","yoast_head_json":{"title":"RBF 64670 WH | Teka Polska","description":"Wszystkie informacje o Total No Frost Free standing bottom freezer refrigerator na oficjalnej stronie Teka Polska","robots":{"index":"index","follow":"follow","max-snippet":"max-snippet:-1","max-image-preview":"max-image-preview:large","max-video-preview":"max-video-preview:-1"},"canonical":"https:\/\/www.teka.com\/pl-pl\/produkt\/rbf-64670-wh_113400036\/","og_locale":"pl_PL","og_type":"article","og_title":"RBF 64670 WH | Teka Polska","og_description":"Wszystkie informacje o Total No Frost Free standing bottom freezer refrigerator na oficjalnej stronie Teka Polska","og_url":"https:\/\/www.teka.com\/pl-pl\/produkt\/rbf-64670-wh_113400036\/","og_site_name":"Teka Polska","twitter_card":"summary_large_image","schema":{"@context":"https:\/\/schema.org","@graph":[{"@type":"WebPage","@id":"https:\/\/www.teka.com\/pl-pl\/produkt\/rbf-64670-wh_113400036\/","url":"https:\/\/www.teka.com\/pl-pl\/produkt\/rbf-64670-wh_113400036\/","name":"RBF 64670 WH | Teka Polska","isPartOf":{"@id":"https:\/\/www.teka.com\/pl-pl\/#website"},"datePublished":"2026-04-07T21:18:52+00:00","description":"Wszystkie informacje o Total No Frost Free standing bottom freezer refrigerator na oficjalnej stronie Teka Polska","inLanguage":"pl-PL","potentialAction":[{"@type":"ReadAction","target":["https:\/\/www.teka.com\/pl-pl\/produkt\/rbf-64670-wh_113400036\/"]}]},{"@type":"WebSite","@id":"https:\/\/www.teka.com\/pl-pl\/#website","url":"https:\/\/www.teka.com\/pl-pl\/","name":"Teka Polska","description":"Tw\u00f3j przepis na \u017cycie","potentialAction":[{"@type":"SearchAction","target":{"@type":"EntryPoint","urlTemplate":"https:\/\/www.teka.com\/pl-pl\/?s={search_term_string}"},"query-input":{"@type":"PropertyValueSpecification","valueRequired":true,"valueName":"search_term_string"}}],"inLanguage":"pl-PL"}]}},"_links":{"self":[{"href":"https:\/\/www.teka.com\/pl-pl\/wp-json\/wp\/v2\/product\/126766","targetHints":{"allow":["GET"]}}],"collection":[{"href":"https:\/\/www.teka.com\/pl-pl\/wp-json\/wp\/v2\/product"}],"about":[{"href":"https:\/\/www.teka.com\/pl-pl\/wp-json\/wp\/v2\/types\/product"}],"wp:attachment":[{"href":"https:\/\/www.teka.com\/pl-pl\/wp-json\/wp\/v2\/media?parent=126766"}],"wp:term":[{"taxonomy":"product_cat","embeddable":true,"href":"https:\/\/www.teka.com\/pl-pl\/wp-json\/wp\/v2\/product_cat?post=126766"},{"taxonomy":"product_cleaning_system","embeddable":true,"href":"https:\/\/www.teka.com\/pl-pl\/wp-json\/wp\/v2\/product_cleaning_system?post=126766"},{"taxonomy":"product_edition","embeddable":true,"href":"https:\/\/www.teka.com\/pl-pl\/wp-json\/wp\/v2\/product_edition?post=126766"},{"taxonomy":"product_3rd_basket","embeddable":true,"href":"https:\/\/www.teka.com\/pl-pl\/wp-json\/wp\/v2\/product_3rd_basket?post=126766"},{"taxonomy":"product_drawers","embeddable":true,"href":"https:\/\/www.teka.com\/pl-pl\/wp-json\/wp\/v2\/product_drawers?post=126766"},{"taxonomy":"product_type_of_installation","embeddable":true,"href":"https:\/\/www.teka.com\/pl-pl\/wp-json\/wp\/v2\/product_type_of_installation?post=126766"},{"taxonomy":"product_serie","embeddable":true,"href":"https:\/\/www.teka.com\/pl-pl\/wp-json\/wp\/v2\/product_serie?post=126766"},{"taxonomy":"product_features","embeddable":true,"href":"https:\/\/www.teka.com\/pl-pl\/wp-json\/wp\/v2\/product_features?post=126766"},{"taxonomy":"finishes","embeddable":true,"href":"https:\/\/www.teka.com\/pl-pl\/wp-json\/wp\/v2\/finishes?post=126766"},{"taxonomy":"product_bundles","embeddable":true,"href":"https:\/\/www.teka.com\/pl-pl\/wp-json\/wp\/v2\/product_bundles?post=126766"},{"taxonomy":"product_energy_efficiency","embeddable":true,"href":"https:\/\/www.teka.com\/pl-pl\/wp-json\/wp\/v2\/product_energy_efficiency?post=126766"},{"taxonomy":"product_video_training","embeddable":true,"href":"https:\/\/www.teka.com\/pl-pl\/wp-json\/wp\/v2\/product_video_training?post=126766"}],"curies":[{"name":"wp","href":"https:\/\/api.w.org\/{rel}","templated":true}]}}