{"id":126768,"date":"2026-04-27T03:48:28","date_gmt":"2026-04-27T03:48:28","guid":{"rendered":"https:\/\/teka.com\/en-int\/rbf-54650-ss_113410021"},"modified":"2026-03-14T08:53:21","modified_gmt":"2026-03-14T09:53:21","slug":"rbf-54650-ss_113410021","status":"publish","type":"product","link":"https:\/\/www.teka.com\/pl-pl\/produkt\/rbf-54650-ss_113410021\/","title":{"rendered":"RBF 54650 SS"},"content":{"rendered":"<ul>\n<li>Ekstra przestrze\u0144 i pe\u0142na kontrola \u015bwie\u017co\u015bci<\/li>\n<li>Ekstra pojemne wn\u0119trze \u2013 maksymalna przestrze\u0144 na wszystkie zapasy<\/li>\n<li>R\u00f3wnomierne ch\u0142odzenie dzi\u0119ki AirFlow Control \u2013 \u015bwie\u017co\u015b\u0107 w ka\u017cdym zak\u0105tku<\/li>\n<li>Technologia FreshGuard \u2013 skuteczna ochrona przed zapachami i bakteriami<\/li>\n<li>180\u00ba FlipBox \u2013 po\u0142\u0105cz dwie szuflady zamra\u017carki w jedn\u0105, wi\u0119ksz\u0105<\/li>\n<li>XL Freezer Box \u2013 wi\u0119cej miejsca na du\u017ce mro\u017conki<\/li>\n<li>Szuflady z pe\u0142nym wysuwem przy 90\u00ba otwarcia drzwi \u2013 wygodny dost\u0119p nawet w ma\u0142ej kuchni<\/li>\n<li>Charakterystyczny akcent \u201eT\u201d Jewel \u2013 elegancja w ka\u017cdym detalu<\/li>\n<\/ul>\n","protected":false},"featured_media":0,"parent":0,"template":"","product_cat":[329028],"product_cleaning_system":[],"product_edition":[],"product_3rd_basket":[],"product_drawers":[],"product_type_of_installation":[328172],"product_serie":[],"product_features":[],"finishes":[],"product_bundles":[],"product_energy_efficiency":[328413],"product_video_training":[],"class_list":["post-126768","product","type-product","status-publish","hentry","product_cat-chlodziarko-zamrazarki","usp-cold-line-rbf-01","usp-cold-line-rbf-03","usp-cold-line-rbf-04","usp-cold-line-rbf-05","usp-cold-line-rbf-08","usp-cold-line-rbf-10","usp-cold-line-rbf-07","usp-cold-line-rbf-19","usp-cold-line-rbf-16","color-stal-nierdzewna","product_type_of_appliance-chlodziarko-zamrazarki","product_icons-easy-90","product_icons-eco-function","product_icons-led","product_icons-motor-inverter","product_type_of_installation-wolnostojace","product_energy_efficiency-e-ue-icon-new"],"acf":[],"yoast_head":"<!-- This site is optimized with the Yoast SEO plugin v27.5 - https:\/\/yoast.com\/product\/yoast-seo-wordpress\/ -->\n<title>RBF 54650 SS | Teka Polska<\/title>\n<meta name=\"description\" content=\"Wszystkie informacje o Total No Frost Free standing bottom freezer refrigerator with 401L full capacity na oficjalnej stronie Teka Polska\" \/>\n<meta name=\"robots\" content=\"index, follow, max-snippet:-1, max-image-preview:large, max-video-preview:-1\" \/>\n<link rel=\"canonical\" href=\"https:\/\/www.teka.com\/pl-pl\/produkt\/rbf-54650-ss_113410021\/\" \/>\n<meta property=\"og:locale\" content=\"pl_PL\" \/>\n<meta property=\"og:type\" content=\"article\" \/>\n<meta property=\"og:title\" content=\"RBF 54650 SS | Teka Polska\" \/>\n<meta property=\"og:description\" content=\"Wszystkie informacje o Total No Frost Free standing bottom freezer refrigerator with 401L full capacity na oficjalnej stronie Teka Polska\" \/>\n<meta property=\"og:url\" content=\"https:\/\/www.teka.com\/pl-pl\/produkt\/rbf-54650-ss_113410021\/\" \/>\n<meta property=\"og:site_name\" content=\"Teka Polska\" \/>\n<meta name=\"twitter:card\" content=\"summary_large_image\" \/>\n<script type=\"application\/ld+json\" class=\"yoast-schema-graph\">{\"@context\":\"https:\\\/\\\/schema.org\",\"@graph\":[{\"@type\":\"WebPage\",\"@id\":\"https:\\\/\\\/www.teka.com\\\/pl-pl\\\/produkt\\\/rbf-54650-ss_113410021\\\/\",\"url\":\"https:\\\/\\\/www.teka.com\\\/pl-pl\\\/produkt\\\/rbf-54650-ss_113410021\\\/\",\"name\":\"RBF 54650 SS | Teka Polska\",\"isPartOf\":{\"@id\":\"https:\\\/\\\/www.teka.com\\\/pl-pl\\\/#website\"},\"datePublished\":\"2026-04-27T03:48:28+00:00\",\"description\":\"Wszystkie informacje o Total No Frost Free standing bottom freezer refrigerator with 401L full capacity na oficjalnej stronie Teka Polska\",\"inLanguage\":\"pl-PL\",\"potentialAction\":[{\"@type\":\"ReadAction\",\"target\":[\"https:\\\/\\\/www.teka.com\\\/pl-pl\\\/produkt\\\/rbf-54650-ss_113410021\\\/\"]}]},{\"@type\":\"WebSite\",\"@id\":\"https:\\\/\\\/www.teka.com\\\/pl-pl\\\/#website\",\"url\":\"https:\\\/\\\/www.teka.com\\\/pl-pl\\\/\",\"name\":\"Teka Polska\",\"description\":\"Tw\u00f3j przepis na \u017cycie\",\"potentialAction\":[{\"@type\":\"SearchAction\",\"target\":{\"@type\":\"EntryPoint\",\"urlTemplate\":\"https:\\\/\\\/www.teka.com\\\/pl-pl\\\/?s={search_term_string}\"},\"query-input\":{\"@type\":\"PropertyValueSpecification\",\"valueRequired\":true,\"valueName\":\"search_term_string\"}}],\"inLanguage\":\"pl-PL\"}]}<\/script>\n<!-- \/ Yoast SEO plugin. -->","yoast_head_json":{"title":"RBF 54650 SS | Teka Polska","description":"Wszystkie informacje o Total No Frost Free standing bottom freezer refrigerator with 401L full capacity na oficjalnej stronie Teka Polska","robots":{"index":"index","follow":"follow","max-snippet":"max-snippet:-1","max-image-preview":"max-image-preview:large","max-video-preview":"max-video-preview:-1"},"canonical":"https:\/\/www.teka.com\/pl-pl\/produkt\/rbf-54650-ss_113410021\/","og_locale":"pl_PL","og_type":"article","og_title":"RBF 54650 SS | Teka Polska","og_description":"Wszystkie informacje o Total No Frost Free standing bottom freezer refrigerator with 401L full capacity na oficjalnej stronie Teka Polska","og_url":"https:\/\/www.teka.com\/pl-pl\/produkt\/rbf-54650-ss_113410021\/","og_site_name":"Teka Polska","twitter_card":"summary_large_image","schema":{"@context":"https:\/\/schema.org","@graph":[{"@type":"WebPage","@id":"https:\/\/www.teka.com\/pl-pl\/produkt\/rbf-54650-ss_113410021\/","url":"https:\/\/www.teka.com\/pl-pl\/produkt\/rbf-54650-ss_113410021\/","name":"RBF 54650 SS | Teka Polska","isPartOf":{"@id":"https:\/\/www.teka.com\/pl-pl\/#website"},"datePublished":"2026-04-27T03:48:28+00:00","description":"Wszystkie informacje o Total No Frost Free standing bottom freezer refrigerator with 401L full capacity na oficjalnej stronie Teka Polska","inLanguage":"pl-PL","potentialAction":[{"@type":"ReadAction","target":["https:\/\/www.teka.com\/pl-pl\/produkt\/rbf-54650-ss_113410021\/"]}]},{"@type":"WebSite","@id":"https:\/\/www.teka.com\/pl-pl\/#website","url":"https:\/\/www.teka.com\/pl-pl\/","name":"Teka Polska","description":"Tw\u00f3j przepis na \u017cycie","potentialAction":[{"@type":"SearchAction","target":{"@type":"EntryPoint","urlTemplate":"https:\/\/www.teka.com\/pl-pl\/?s={search_term_string}"},"query-input":{"@type":"PropertyValueSpecification","valueRequired":true,"valueName":"search_term_string"}}],"inLanguage":"pl-PL"}]}},"_links":{"self":[{"href":"https:\/\/www.teka.com\/pl-pl\/wp-json\/wp\/v2\/product\/126768","targetHints":{"allow":["GET"]}}],"collection":[{"href":"https:\/\/www.teka.com\/pl-pl\/wp-json\/wp\/v2\/product"}],"about":[{"href":"https:\/\/www.teka.com\/pl-pl\/wp-json\/wp\/v2\/types\/product"}],"wp:attachment":[{"href":"https:\/\/www.teka.com\/pl-pl\/wp-json\/wp\/v2\/media?parent=126768"}],"wp:term":[{"taxonomy":"product_cat","embeddable":true,"href":"https:\/\/www.teka.com\/pl-pl\/wp-json\/wp\/v2\/product_cat?post=126768"},{"taxonomy":"product_cleaning_system","embeddable":true,"href":"https:\/\/www.teka.com\/pl-pl\/wp-json\/wp\/v2\/product_cleaning_system?post=126768"},{"taxonomy":"product_edition","embeddable":true,"href":"https:\/\/www.teka.com\/pl-pl\/wp-json\/wp\/v2\/product_edition?post=126768"},{"taxonomy":"product_3rd_basket","embeddable":true,"href":"https:\/\/www.teka.com\/pl-pl\/wp-json\/wp\/v2\/product_3rd_basket?post=126768"},{"taxonomy":"product_drawers","embeddable":true,"href":"https:\/\/www.teka.com\/pl-pl\/wp-json\/wp\/v2\/product_drawers?post=126768"},{"taxonomy":"product_type_of_installation","embeddable":true,"href":"https:\/\/www.teka.com\/pl-pl\/wp-json\/wp\/v2\/product_type_of_installation?post=126768"},{"taxonomy":"product_serie","embeddable":true,"href":"https:\/\/www.teka.com\/pl-pl\/wp-json\/wp\/v2\/product_serie?post=126768"},{"taxonomy":"product_features","embeddable":true,"href":"https:\/\/www.teka.com\/pl-pl\/wp-json\/wp\/v2\/product_features?post=126768"},{"taxonomy":"finishes","embeddable":true,"href":"https:\/\/www.teka.com\/pl-pl\/wp-json\/wp\/v2\/finishes?post=126768"},{"taxonomy":"product_bundles","embeddable":true,"href":"https:\/\/www.teka.com\/pl-pl\/wp-json\/wp\/v2\/product_bundles?post=126768"},{"taxonomy":"product_energy_efficiency","embeddable":true,"href":"https:\/\/www.teka.com\/pl-pl\/wp-json\/wp\/v2\/product_energy_efficiency?post=126768"},{"taxonomy":"product_video_training","embeddable":true,"href":"https:\/\/www.teka.com\/pl-pl\/wp-json\/wp\/v2\/product_video_training?post=126768"}],"curies":[{"name":"wp","href":"https:\/\/api.w.org\/{rel}","templated":true}]}}