{"id":126899,"date":"2026-04-27T06:36:22","date_gmt":"2026-04-27T06:36:22","guid":{"rendered":"https:\/\/teka.com\/en-int\/rbf-44630-bk_113410018"},"modified":"2026-04-24T06:50:37","modified_gmt":"2026-04-24T07:50:37","slug":"rbf-44630-bk_113410018","status":"publish","type":"product","link":"https:\/\/www.teka.com\/pl-pl\/produkt\/rbf-44630-bk_113410018\/","title":{"rendered":"RBF 44630 BK"},"content":{"rendered":"<ul>\n<li>Pe\u0142ne i r\u00f3wnomierne ch\u0142odzenie dzi\u0119ki technologii AirFlow Control<\/li>\n<li>Szybki i wygodny dost\u0119p do ulubionych napoj\u00f3w dzi\u0119ki p\u00f3\u0142ce na butelki 2L<\/li>\n<li>Szuflady z pe\u0142nym wysuwem przy 90\u00b0 otwarciu drzwi \u2013 idealne do mniejszych przestrzeni<\/li>\n<li>Unikalny akcent stylistyczny \u2013 ozdobny detal z logo \u201eT\u201d<\/li>\n<\/ul>\n","protected":false},"featured_media":0,"parent":0,"template":"","product_cat":[329028],"product_cleaning_system":[],"product_edition":[],"product_3rd_basket":[],"product_drawers":[],"product_type_of_installation":[328172],"product_serie":[],"product_features":[],"finishes":[],"product_bundles":[],"product_energy_efficiency":[328412],"product_video_training":[],"class_list":["post-126899","product","type-product","status-publish","hentry","product_cat-chlodziarko-zamrazarki","usp-cold-line-rbf-03","usp-cold-line-rbf-05","usp-cold-line-rbf-09","usp-cold-line-rbf-13","usp-cold-line-rbf-06","usp-cold-line-rbf-07","usp-cold-line-rbf-16","color-czarny","product_type_of_appliance-chlodziarko-zamrazarki","product_icons-easy-90","product_icons-led","product_icons-motor-inverter","product_type_of_installation-wolnostojace","product_energy_efficiency-d-ue-icon-new"],"acf":[],"yoast_head":"<!-- This site is optimized with the Yoast SEO plugin v27.2 - https:\/\/yoast.com\/product\/yoast-seo-wordpress\/ -->\n<title>RBF 44630 BK | Teka Polska<\/title>\n<meta name=\"description\" content=\"Wszystkie informacje o Total No Frost Free standing bottom freezer refrigerator na oficjalnej stronie Teka Polska\" \/>\n<meta name=\"robots\" content=\"index, follow, max-snippet:-1, max-image-preview:large, max-video-preview:-1\" \/>\n<link rel=\"canonical\" href=\"https:\/\/www.teka.com\/pl-pl\/produkt\/rbf-44630-bk_113410018\/\" \/>\n<meta property=\"og:locale\" content=\"pl_PL\" \/>\n<meta property=\"og:type\" content=\"article\" \/>\n<meta property=\"og:title\" content=\"RBF 44630 BK | Teka Polska\" \/>\n<meta property=\"og:description\" content=\"Wszystkie informacje o Total No Frost Free standing bottom freezer refrigerator na oficjalnej stronie Teka Polska\" \/>\n<meta property=\"og:url\" content=\"https:\/\/www.teka.com\/pl-pl\/produkt\/rbf-44630-bk_113410018\/\" \/>\n<meta property=\"og:site_name\" content=\"Teka Polska\" \/>\n<meta name=\"twitter:card\" content=\"summary_large_image\" \/>\n<script type=\"application\/ld+json\" class=\"yoast-schema-graph\">{\"@context\":\"https:\/\/schema.org\",\"@graph\":[{\"@type\":\"WebPage\",\"@id\":\"https:\/\/www.teka.com\/pl-pl\/produkt\/rbf-44630-bk_113410018\/\",\"url\":\"https:\/\/www.teka.com\/pl-pl\/produkt\/rbf-44630-bk_113410018\/\",\"name\":\"RBF 44630 BK | Teka Polska\",\"isPartOf\":{\"@id\":\"https:\/\/www.teka.com\/pl-pl\/#website\"},\"datePublished\":\"2026-04-27T06:36:22+00:00\",\"description\":\"Wszystkie informacje o Total No Frost Free standing bottom freezer refrigerator na oficjalnej stronie Teka Polska\",\"inLanguage\":\"pl-PL\",\"potentialAction\":[{\"@type\":\"ReadAction\",\"target\":[\"https:\/\/www.teka.com\/pl-pl\/produkt\/rbf-44630-bk_113410018\/\"]}]},{\"@type\":\"WebSite\",\"@id\":\"https:\/\/www.teka.com\/pl-pl\/#website\",\"url\":\"https:\/\/www.teka.com\/pl-pl\/\",\"name\":\"Teka Polska\",\"description\":\"Tw\u00f3j przepis na \u017cycie\",\"potentialAction\":[{\"@type\":\"SearchAction\",\"target\":{\"@type\":\"EntryPoint\",\"urlTemplate\":\"https:\/\/www.teka.com\/pl-pl\/?s={search_term_string}\"},\"query-input\":{\"@type\":\"PropertyValueSpecification\",\"valueRequired\":true,\"valueName\":\"search_term_string\"}}],\"inLanguage\":\"pl-PL\"}]}<\/script>\n<!-- \/ Yoast SEO plugin. -->","yoast_head_json":{"title":"RBF 44630 BK | Teka Polska","description":"Wszystkie informacje o Total No Frost Free standing bottom freezer refrigerator na oficjalnej stronie Teka Polska","robots":{"index":"index","follow":"follow","max-snippet":"max-snippet:-1","max-image-preview":"max-image-preview:large","max-video-preview":"max-video-preview:-1"},"canonical":"https:\/\/www.teka.com\/pl-pl\/produkt\/rbf-44630-bk_113410018\/","og_locale":"pl_PL","og_type":"article","og_title":"RBF 44630 BK | Teka Polska","og_description":"Wszystkie informacje o Total No Frost Free standing bottom freezer refrigerator na oficjalnej stronie Teka Polska","og_url":"https:\/\/www.teka.com\/pl-pl\/produkt\/rbf-44630-bk_113410018\/","og_site_name":"Teka Polska","twitter_card":"summary_large_image","schema":{"@context":"https:\/\/schema.org","@graph":[{"@type":"WebPage","@id":"https:\/\/www.teka.com\/pl-pl\/produkt\/rbf-44630-bk_113410018\/","url":"https:\/\/www.teka.com\/pl-pl\/produkt\/rbf-44630-bk_113410018\/","name":"RBF 44630 BK | Teka Polska","isPartOf":{"@id":"https:\/\/www.teka.com\/pl-pl\/#website"},"datePublished":"2026-04-27T06:36:22+00:00","description":"Wszystkie informacje o Total No Frost Free standing bottom freezer refrigerator na oficjalnej stronie Teka Polska","inLanguage":"pl-PL","potentialAction":[{"@type":"ReadAction","target":["https:\/\/www.teka.com\/pl-pl\/produkt\/rbf-44630-bk_113410018\/"]}]},{"@type":"WebSite","@id":"https:\/\/www.teka.com\/pl-pl\/#website","url":"https:\/\/www.teka.com\/pl-pl\/","name":"Teka Polska","description":"Tw\u00f3j przepis na \u017cycie","potentialAction":[{"@type":"SearchAction","target":{"@type":"EntryPoint","urlTemplate":"https:\/\/www.teka.com\/pl-pl\/?s={search_term_string}"},"query-input":{"@type":"PropertyValueSpecification","valueRequired":true,"valueName":"search_term_string"}}],"inLanguage":"pl-PL"}]}},"_links":{"self":[{"href":"https:\/\/www.teka.com\/pl-pl\/wp-json\/wp\/v2\/product\/126899","targetHints":{"allow":["GET"]}}],"collection":[{"href":"https:\/\/www.teka.com\/pl-pl\/wp-json\/wp\/v2\/product"}],"about":[{"href":"https:\/\/www.teka.com\/pl-pl\/wp-json\/wp\/v2\/types\/product"}],"wp:attachment":[{"href":"https:\/\/www.teka.com\/pl-pl\/wp-json\/wp\/v2\/media?parent=126899"}],"wp:term":[{"taxonomy":"product_cat","embeddable":true,"href":"https:\/\/www.teka.com\/pl-pl\/wp-json\/wp\/v2\/product_cat?post=126899"},{"taxonomy":"product_cleaning_system","embeddable":true,"href":"https:\/\/www.teka.com\/pl-pl\/wp-json\/wp\/v2\/product_cleaning_system?post=126899"},{"taxonomy":"product_edition","embeddable":true,"href":"https:\/\/www.teka.com\/pl-pl\/wp-json\/wp\/v2\/product_edition?post=126899"},{"taxonomy":"product_3rd_basket","embeddable":true,"href":"https:\/\/www.teka.com\/pl-pl\/wp-json\/wp\/v2\/product_3rd_basket?post=126899"},{"taxonomy":"product_drawers","embeddable":true,"href":"https:\/\/www.teka.com\/pl-pl\/wp-json\/wp\/v2\/product_drawers?post=126899"},{"taxonomy":"product_type_of_installation","embeddable":true,"href":"https:\/\/www.teka.com\/pl-pl\/wp-json\/wp\/v2\/product_type_of_installation?post=126899"},{"taxonomy":"product_serie","embeddable":true,"href":"https:\/\/www.teka.com\/pl-pl\/wp-json\/wp\/v2\/product_serie?post=126899"},{"taxonomy":"product_features","embeddable":true,"href":"https:\/\/www.teka.com\/pl-pl\/wp-json\/wp\/v2\/product_features?post=126899"},{"taxonomy":"finishes","embeddable":true,"href":"https:\/\/www.teka.com\/pl-pl\/wp-json\/wp\/v2\/finishes?post=126899"},{"taxonomy":"product_bundles","embeddable":true,"href":"https:\/\/www.teka.com\/pl-pl\/wp-json\/wp\/v2\/product_bundles?post=126899"},{"taxonomy":"product_energy_efficiency","embeddable":true,"href":"https:\/\/www.teka.com\/pl-pl\/wp-json\/wp\/v2\/product_energy_efficiency?post=126899"},{"taxonomy":"product_video_training","embeddable":true,"href":"https:\/\/www.teka.com\/pl-pl\/wp-json\/wp\/v2\/product_video_training?post=126899"}],"curies":[{"name":"wp","href":"https:\/\/api.w.org\/{rel}","templated":true}]}}