{"id":127335,"date":"2026-04-27T06:34:49","date_gmt":"2026-04-27T06:34:49","guid":{"rendered":"https:\/\/teka.com\/en-int\/van-gogh-ml-82-vg_112030021"},"modified":"2026-04-24T03:03:39","modified_gmt":"2026-04-24T04:03:39","slug":"van-gogh-ml-82-vg_112030021","status":"publish","type":"product","link":"https:\/\/www.teka.com\/pl-pl\/produkt\/van-gogh-ml-82-vg_112030021\/","title":{"rendered":"Van Gogh ML 82 VG"},"content":{"rendered":"<ul>\n<li>Projekt inspirowany obrazem \u201eS\u0142oneczniki\u201d<\/li>\n<li>Wyko\u0144czenie z ciemnoszarego i czarnego szk\u0142a z detalami w kolorze szampa\u0144skim<\/li>\n<li>Idealne po\u0142\u0105czenie stylu, funkcjonalno\u015bci i trwa\u0142o\u015bci<\/li>\n<li>Wn\u0119trze ze stali nierdzewnej z ceramiczn\u0105 podstaw\u0105 zapewniaj\u0105c\u0105 r\u00f3wnomierne podgrzewanie<\/li>\n<li>3 funkcje gotowania<\/li>\n<li>9 program\u00f3w bezpo\u015bredniego dost\u0119pu<\/li>\n<\/ul>\n","protected":false},"featured_media":0,"parent":0,"template":"","product_cat":[3372],"product_cleaning_system":[],"product_edition":[],"product_3rd_basket":[],"product_drawers":[],"product_type_of_installation":[],"product_serie":[],"product_features":[],"finishes":[],"product_bundles":[],"product_energy_efficiency":[],"product_video_training":[329161,329162],"class_list":["post-127335","product","type-product","status-publish","hentry","product_cat-kuchenki-mikrofalowe","usp-microwaves-01","usp-microwaves-02","usp-microwaves-06","usp-microwaves-07","usp-vg-01-vg-museum-edition","usp-vg-02-sophisticated-timeless-design","color-ciemnoszare-i-czarne-szklo","product_ambient-van-gogh-03","product_icons-22l","product_icons-defrost-by-time","product_icons-defrost-by-weight","product_icons-direct-access-menu","product_icons-electronic-door-opening","product_video_training-traininghoods-08","product_video_training-traininghoods-07"],"acf":[],"yoast_head":"<!-- This site is optimized with the Yoast SEO plugin v27.5 - https:\/\/yoast.com\/product\/yoast-seo-wordpress\/ -->\n<title>Van Gogh ML 82 VG | Teka Polska<\/title>\n<meta name=\"description\" content=\"Wszystkie informacje o Van Gogh Museum Edition. Built-in microwave with grill and ceramic base na oficjalnej stronie Teka Polska\" \/>\n<meta name=\"robots\" content=\"index, follow, max-snippet:-1, max-image-preview:large, max-video-preview:-1\" \/>\n<link rel=\"canonical\" href=\"https:\/\/www.teka.com\/pl-pl\/produkt\/van-gogh-ml-82-vg_112030021\/\" \/>\n<meta property=\"og:locale\" content=\"pl_PL\" \/>\n<meta property=\"og:type\" content=\"article\" \/>\n<meta property=\"og:title\" content=\"Van Gogh ML 82 VG | Teka Polska\" \/>\n<meta property=\"og:description\" content=\"Wszystkie informacje o Van Gogh Museum Edition. Built-in microwave with grill and ceramic base na oficjalnej stronie Teka Polska\" \/>\n<meta property=\"og:url\" content=\"https:\/\/www.teka.com\/pl-pl\/produkt\/van-gogh-ml-82-vg_112030021\/\" \/>\n<meta property=\"og:site_name\" content=\"Teka Polska\" \/>\n<meta name=\"twitter:card\" content=\"summary_large_image\" \/>\n<script type=\"application\/ld+json\" class=\"yoast-schema-graph\">{\"@context\":\"https:\\\/\\\/schema.org\",\"@graph\":[{\"@type\":\"WebPage\",\"@id\":\"https:\\\/\\\/www.teka.com\\\/pl-pl\\\/produkt\\\/van-gogh-ml-82-vg_112030021\\\/\",\"url\":\"https:\\\/\\\/www.teka.com\\\/pl-pl\\\/produkt\\\/van-gogh-ml-82-vg_112030021\\\/\",\"name\":\"Van Gogh ML 82 VG | Teka Polska\",\"isPartOf\":{\"@id\":\"https:\\\/\\\/www.teka.com\\\/pl-pl\\\/#website\"},\"datePublished\":\"2026-04-27T06:34:49+00:00\",\"description\":\"Wszystkie informacje o Van Gogh Museum Edition. Built-in microwave with grill and ceramic base na oficjalnej stronie Teka Polska\",\"inLanguage\":\"pl-PL\",\"potentialAction\":[{\"@type\":\"ReadAction\",\"target\":[\"https:\\\/\\\/www.teka.com\\\/pl-pl\\\/produkt\\\/van-gogh-ml-82-vg_112030021\\\/\"]}]},{\"@type\":\"WebSite\",\"@id\":\"https:\\\/\\\/www.teka.com\\\/pl-pl\\\/#website\",\"url\":\"https:\\\/\\\/www.teka.com\\\/pl-pl\\\/\",\"name\":\"Teka Polska\",\"description\":\"Tw\u00f3j przepis na \u017cycie\",\"potentialAction\":[{\"@type\":\"SearchAction\",\"target\":{\"@type\":\"EntryPoint\",\"urlTemplate\":\"https:\\\/\\\/www.teka.com\\\/pl-pl\\\/?s={search_term_string}\"},\"query-input\":{\"@type\":\"PropertyValueSpecification\",\"valueRequired\":true,\"valueName\":\"search_term_string\"}}],\"inLanguage\":\"pl-PL\"}]}<\/script>\n<!-- \/ Yoast SEO plugin. -->","yoast_head_json":{"title":"Van Gogh ML 82 VG | Teka Polska","description":"Wszystkie informacje o Van Gogh Museum Edition. Built-in microwave with grill and ceramic base na oficjalnej stronie Teka Polska","robots":{"index":"index","follow":"follow","max-snippet":"max-snippet:-1","max-image-preview":"max-image-preview:large","max-video-preview":"max-video-preview:-1"},"canonical":"https:\/\/www.teka.com\/pl-pl\/produkt\/van-gogh-ml-82-vg_112030021\/","og_locale":"pl_PL","og_type":"article","og_title":"Van Gogh ML 82 VG | Teka Polska","og_description":"Wszystkie informacje o Van Gogh Museum Edition. Built-in microwave with grill and ceramic base na oficjalnej stronie Teka Polska","og_url":"https:\/\/www.teka.com\/pl-pl\/produkt\/van-gogh-ml-82-vg_112030021\/","og_site_name":"Teka Polska","twitter_card":"summary_large_image","schema":{"@context":"https:\/\/schema.org","@graph":[{"@type":"WebPage","@id":"https:\/\/www.teka.com\/pl-pl\/produkt\/van-gogh-ml-82-vg_112030021\/","url":"https:\/\/www.teka.com\/pl-pl\/produkt\/van-gogh-ml-82-vg_112030021\/","name":"Van Gogh ML 82 VG | Teka Polska","isPartOf":{"@id":"https:\/\/www.teka.com\/pl-pl\/#website"},"datePublished":"2026-04-27T06:34:49+00:00","description":"Wszystkie informacje o Van Gogh Museum Edition. Built-in microwave with grill and ceramic base na oficjalnej stronie Teka Polska","inLanguage":"pl-PL","potentialAction":[{"@type":"ReadAction","target":["https:\/\/www.teka.com\/pl-pl\/produkt\/van-gogh-ml-82-vg_112030021\/"]}]},{"@type":"WebSite","@id":"https:\/\/www.teka.com\/pl-pl\/#website","url":"https:\/\/www.teka.com\/pl-pl\/","name":"Teka Polska","description":"Tw\u00f3j przepis na \u017cycie","potentialAction":[{"@type":"SearchAction","target":{"@type":"EntryPoint","urlTemplate":"https:\/\/www.teka.com\/pl-pl\/?s={search_term_string}"},"query-input":{"@type":"PropertyValueSpecification","valueRequired":true,"valueName":"search_term_string"}}],"inLanguage":"pl-PL"}]}},"_links":{"self":[{"href":"https:\/\/www.teka.com\/pl-pl\/wp-json\/wp\/v2\/product\/127335","targetHints":{"allow":["GET"]}}],"collection":[{"href":"https:\/\/www.teka.com\/pl-pl\/wp-json\/wp\/v2\/product"}],"about":[{"href":"https:\/\/www.teka.com\/pl-pl\/wp-json\/wp\/v2\/types\/product"}],"wp:attachment":[{"href":"https:\/\/www.teka.com\/pl-pl\/wp-json\/wp\/v2\/media?parent=127335"}],"wp:term":[{"taxonomy":"product_cat","embeddable":true,"href":"https:\/\/www.teka.com\/pl-pl\/wp-json\/wp\/v2\/product_cat?post=127335"},{"taxonomy":"product_cleaning_system","embeddable":true,"href":"https:\/\/www.teka.com\/pl-pl\/wp-json\/wp\/v2\/product_cleaning_system?post=127335"},{"taxonomy":"product_edition","embeddable":true,"href":"https:\/\/www.teka.com\/pl-pl\/wp-json\/wp\/v2\/product_edition?post=127335"},{"taxonomy":"product_3rd_basket","embeddable":true,"href":"https:\/\/www.teka.com\/pl-pl\/wp-json\/wp\/v2\/product_3rd_basket?post=127335"},{"taxonomy":"product_drawers","embeddable":true,"href":"https:\/\/www.teka.com\/pl-pl\/wp-json\/wp\/v2\/product_drawers?post=127335"},{"taxonomy":"product_type_of_installation","embeddable":true,"href":"https:\/\/www.teka.com\/pl-pl\/wp-json\/wp\/v2\/product_type_of_installation?post=127335"},{"taxonomy":"product_serie","embeddable":true,"href":"https:\/\/www.teka.com\/pl-pl\/wp-json\/wp\/v2\/product_serie?post=127335"},{"taxonomy":"product_features","embeddable":true,"href":"https:\/\/www.teka.com\/pl-pl\/wp-json\/wp\/v2\/product_features?post=127335"},{"taxonomy":"finishes","embeddable":true,"href":"https:\/\/www.teka.com\/pl-pl\/wp-json\/wp\/v2\/finishes?post=127335"},{"taxonomy":"product_bundles","embeddable":true,"href":"https:\/\/www.teka.com\/pl-pl\/wp-json\/wp\/v2\/product_bundles?post=127335"},{"taxonomy":"product_energy_efficiency","embeddable":true,"href":"https:\/\/www.teka.com\/pl-pl\/wp-json\/wp\/v2\/product_energy_efficiency?post=127335"},{"taxonomy":"product_video_training","embeddable":true,"href":"https:\/\/www.teka.com\/pl-pl\/wp-json\/wp\/v2\/product_video_training?post=127335"}],"curies":[{"name":"wp","href":"https:\/\/api.w.org\/{rel}","templated":true}]}}