{"id":127457,"date":"2026-04-27T00:18:14","date_gmt":"2026-04-27T00:18:14","guid":{"rendered":"https:\/\/teka.com\/en-int\/neo-hsb-6360-ss_111010073"},"modified":"2026-04-21T09:02:00","modified_gmt":"2026-04-21T10:02:00","slug":"neo-hsb-6360-ss_111010073","status":"publish","type":"product","link":"https:\/\/www.teka.com\/pl-pl\/produkt\/neo-hsb-6360-ss_111010073\/","title":{"rendered":"NEO HSB 6360 SS"},"content":{"rendered":"<ul>\n<li>Nowoczesny i intuicyjny design<\/li>\n<li>Funkcja Chef z automatycznymi programami<\/li>\n<li>System ThermoSeal utrzymuj\u0105cy ciep\u0142o wewn\u0105trz piekarnika<\/li>\n<li>Ultraodporna emalia BrightClean<\/li>\n<li>System FastClick z \u0142atwym monta\u017cem prowadnic na klik<\/li>\n<li>Nowy ergonomiczny uchwyt<\/li>\n<li>Wy\u015bwietlacz wi\u0119kszy o 35% z kolorowymi wska\u017anikami<\/li>\n<\/ul>\n","protected":false},"featured_media":0,"parent":0,"template":"","product_cat":[3373],"product_cleaning_system":[3518],"product_edition":[],"product_3rd_basket":[],"product_drawers":[],"product_type_of_installation":[],"product_serie":[],"product_features":[],"finishes":[],"product_bundles":[],"product_energy_efficiency":[328987],"product_video_training":[],"class_list":["post-127457","product","type-product","status-publish","hentry","product_cat-piekarniki","usp-ovens-06","usp-neo-00-neo-series","usp-neo-02-pushpull-knobs","usp-neo-04-jewel","usp-neo-05-brightclean-shield","usp-neo-06-thermoseal-system","usp-neo-01-wider-colored-display","usp-neo-07-chef-functions","usp-neo-12-fingerproof-stainless-steel","usp-neo-11-fastclick-system","color-stal-nierdzewna","product_type_of_appliance-multifunkcyjne","product_ambient-neo-series-01","product_ambient-island-shelf-hood-01","product_icons-70l","product_icons-hydroclean","product_cleaning_system-hydroclean","product_energy_efficiency-a-plus-icon"],"acf":[],"yoast_head":"<!-- This site is optimized with the Yoast SEO plugin v27.2 - https:\/\/yoast.com\/product\/yoast-seo-wordpress\/ -->\n<title>NEO HSB 6360 SS | Teka Polska<\/title>\n<meta name=\"description\" content=\"Wszystkie informacje o Multifunction oven with 8 cooking functions, HydroClean system and push-pull knobs na oficjalnej stronie Teka Polska\" \/>\n<meta name=\"robots\" content=\"index, follow, max-snippet:-1, max-image-preview:large, max-video-preview:-1\" \/>\n<link rel=\"canonical\" href=\"https:\/\/www.teka.com\/pl-pl\/produkt\/neo-hsb-6360-ss_111010073\/\" \/>\n<meta property=\"og:locale\" content=\"pl_PL\" \/>\n<meta property=\"og:type\" content=\"article\" \/>\n<meta property=\"og:title\" content=\"NEO HSB 6360 SS | Teka Polska\" \/>\n<meta property=\"og:description\" content=\"Wszystkie informacje o Multifunction oven with 8 cooking functions, HydroClean system and push-pull knobs na oficjalnej stronie Teka Polska\" \/>\n<meta property=\"og:url\" content=\"https:\/\/www.teka.com\/pl-pl\/produkt\/neo-hsb-6360-ss_111010073\/\" \/>\n<meta property=\"og:site_name\" content=\"Teka Polska\" \/>\n<meta name=\"twitter:card\" content=\"summary_large_image\" \/>\n<script type=\"application\/ld+json\" class=\"yoast-schema-graph\">{\"@context\":\"https:\/\/schema.org\",\"@graph\":[{\"@type\":\"WebPage\",\"@id\":\"https:\/\/www.teka.com\/pl-pl\/produkt\/neo-hsb-6360-ss_111010073\/\",\"url\":\"https:\/\/www.teka.com\/pl-pl\/produkt\/neo-hsb-6360-ss_111010073\/\",\"name\":\"NEO HSB 6360 SS | Teka Polska\",\"isPartOf\":{\"@id\":\"https:\/\/www.teka.com\/pl-pl\/#website\"},\"datePublished\":\"2026-04-27T00:18:14+00:00\",\"description\":\"Wszystkie informacje o Multifunction oven with 8 cooking functions, HydroClean system and push-pull knobs na oficjalnej stronie Teka Polska\",\"inLanguage\":\"pl-PL\",\"potentialAction\":[{\"@type\":\"ReadAction\",\"target\":[\"https:\/\/www.teka.com\/pl-pl\/produkt\/neo-hsb-6360-ss_111010073\/\"]}]},{\"@type\":\"WebSite\",\"@id\":\"https:\/\/www.teka.com\/pl-pl\/#website\",\"url\":\"https:\/\/www.teka.com\/pl-pl\/\",\"name\":\"Teka Polska\",\"description\":\"Tw\u00f3j przepis na \u017cycie\",\"potentialAction\":[{\"@type\":\"SearchAction\",\"target\":{\"@type\":\"EntryPoint\",\"urlTemplate\":\"https:\/\/www.teka.com\/pl-pl\/?s={search_term_string}\"},\"query-input\":{\"@type\":\"PropertyValueSpecification\",\"valueRequired\":true,\"valueName\":\"search_term_string\"}}],\"inLanguage\":\"pl-PL\"}]}<\/script>\n<!-- \/ Yoast SEO plugin. -->","yoast_head_json":{"title":"NEO HSB 6360 SS | Teka Polska","description":"Wszystkie informacje o Multifunction oven with 8 cooking functions, HydroClean system and push-pull knobs na oficjalnej stronie Teka Polska","robots":{"index":"index","follow":"follow","max-snippet":"max-snippet:-1","max-image-preview":"max-image-preview:large","max-video-preview":"max-video-preview:-1"},"canonical":"https:\/\/www.teka.com\/pl-pl\/produkt\/neo-hsb-6360-ss_111010073\/","og_locale":"pl_PL","og_type":"article","og_title":"NEO HSB 6360 SS | Teka Polska","og_description":"Wszystkie informacje o Multifunction oven with 8 cooking functions, HydroClean system and push-pull knobs na oficjalnej stronie Teka Polska","og_url":"https:\/\/www.teka.com\/pl-pl\/produkt\/neo-hsb-6360-ss_111010073\/","og_site_name":"Teka Polska","twitter_card":"summary_large_image","schema":{"@context":"https:\/\/schema.org","@graph":[{"@type":"WebPage","@id":"https:\/\/www.teka.com\/pl-pl\/produkt\/neo-hsb-6360-ss_111010073\/","url":"https:\/\/www.teka.com\/pl-pl\/produkt\/neo-hsb-6360-ss_111010073\/","name":"NEO HSB 6360 SS | Teka Polska","isPartOf":{"@id":"https:\/\/www.teka.com\/pl-pl\/#website"},"datePublished":"2026-04-27T00:18:14+00:00","description":"Wszystkie informacje o Multifunction oven with 8 cooking functions, HydroClean system and push-pull knobs na oficjalnej stronie Teka Polska","inLanguage":"pl-PL","potentialAction":[{"@type":"ReadAction","target":["https:\/\/www.teka.com\/pl-pl\/produkt\/neo-hsb-6360-ss_111010073\/"]}]},{"@type":"WebSite","@id":"https:\/\/www.teka.com\/pl-pl\/#website","url":"https:\/\/www.teka.com\/pl-pl\/","name":"Teka Polska","description":"Tw\u00f3j przepis na \u017cycie","potentialAction":[{"@type":"SearchAction","target":{"@type":"EntryPoint","urlTemplate":"https:\/\/www.teka.com\/pl-pl\/?s={search_term_string}"},"query-input":{"@type":"PropertyValueSpecification","valueRequired":true,"valueName":"search_term_string"}}],"inLanguage":"pl-PL"}]}},"_links":{"self":[{"href":"https:\/\/www.teka.com\/pl-pl\/wp-json\/wp\/v2\/product\/127457","targetHints":{"allow":["GET"]}}],"collection":[{"href":"https:\/\/www.teka.com\/pl-pl\/wp-json\/wp\/v2\/product"}],"about":[{"href":"https:\/\/www.teka.com\/pl-pl\/wp-json\/wp\/v2\/types\/product"}],"wp:attachment":[{"href":"https:\/\/www.teka.com\/pl-pl\/wp-json\/wp\/v2\/media?parent=127457"}],"wp:term":[{"taxonomy":"product_cat","embeddable":true,"href":"https:\/\/www.teka.com\/pl-pl\/wp-json\/wp\/v2\/product_cat?post=127457"},{"taxonomy":"product_cleaning_system","embeddable":true,"href":"https:\/\/www.teka.com\/pl-pl\/wp-json\/wp\/v2\/product_cleaning_system?post=127457"},{"taxonomy":"product_edition","embeddable":true,"href":"https:\/\/www.teka.com\/pl-pl\/wp-json\/wp\/v2\/product_edition?post=127457"},{"taxonomy":"product_3rd_basket","embeddable":true,"href":"https:\/\/www.teka.com\/pl-pl\/wp-json\/wp\/v2\/product_3rd_basket?post=127457"},{"taxonomy":"product_drawers","embeddable":true,"href":"https:\/\/www.teka.com\/pl-pl\/wp-json\/wp\/v2\/product_drawers?post=127457"},{"taxonomy":"product_type_of_installation","embeddable":true,"href":"https:\/\/www.teka.com\/pl-pl\/wp-json\/wp\/v2\/product_type_of_installation?post=127457"},{"taxonomy":"product_serie","embeddable":true,"href":"https:\/\/www.teka.com\/pl-pl\/wp-json\/wp\/v2\/product_serie?post=127457"},{"taxonomy":"product_features","embeddable":true,"href":"https:\/\/www.teka.com\/pl-pl\/wp-json\/wp\/v2\/product_features?post=127457"},{"taxonomy":"finishes","embeddable":true,"href":"https:\/\/www.teka.com\/pl-pl\/wp-json\/wp\/v2\/finishes?post=127457"},{"taxonomy":"product_bundles","embeddable":true,"href":"https:\/\/www.teka.com\/pl-pl\/wp-json\/wp\/v2\/product_bundles?post=127457"},{"taxonomy":"product_energy_efficiency","embeddable":true,"href":"https:\/\/www.teka.com\/pl-pl\/wp-json\/wp\/v2\/product_energy_efficiency?post=127457"},{"taxonomy":"product_video_training","embeddable":true,"href":"https:\/\/www.teka.com\/pl-pl\/wp-json\/wp\/v2\/product_video_training?post=127457"}],"curies":[{"name":"wp","href":"https:\/\/api.w.org\/{rel}","templated":true}]}}