{"id":127652,"date":"2026-04-27T00:54:49","date_gmt":"2026-04-27T00:54:49","guid":{"rendered":"https:\/\/teka.com\/en-int\/neo-hsb-6468-ss_111010083"},"modified":"2026-04-08T03:19:18","modified_gmt":"2026-04-08T04:19:18","slug":"neo-hsb-6468-ss_111010083","status":"publish","type":"product","link":"https:\/\/www.teka.com\/pl-pl\/produkt\/neo-hsb-6468-ss_111010083\/","title":{"rendered":"NEO HSB 6468 SS"},"content":{"rendered":"<ul>\n<li>Nowoczesny i stylowy design<\/li>\n<li>Funkcja EasySteam do gotowania na parze<\/li>\n<li>Programy automatyczne z funkcj\u0105 Chef<\/li>\n<li>System ThermoSeal zapewniaj\u0105cy stabiln\u0105 temperatur\u0119 wewn\u0105trz<\/li>\n<li>Wytrzyma\u0142a emalia BrightClean<\/li>\n<li>System mocowania prowadnic FastClick z \u0142atwym monta\u017cem na zatrzask<\/li>\n<li>Ergonomiczny uchwyt z emblematem \u201eT\u201d<\/li>\n<li>Szerszy i kolorowy wy\u015bwietlacz<\/li>\n<\/ul>\n","protected":false},"featured_media":0,"parent":0,"template":"","product_cat":[3373],"product_cleaning_system":[3518],"product_edition":[],"product_3rd_basket":[],"product_drawers":[],"product_type_of_installation":[328170],"product_serie":[],"product_features":[],"finishes":[],"product_bundles":[],"product_energy_efficiency":[328987],"product_video_training":[],"class_list":["post-127652","product","type-product","status-publish","hentry","product_cat-piekarniki","usp-ovens-06","usp-easysteam-01","usp-neo-00-neo-series","usp-neo-02-pushpull-knobs","usp-neo-04-jewel","usp-neo-05-brightclean-shield","usp-neo-06-thermoseal-system","usp-neo-01-wider-colored-display","usp-neo-07-chef-functions","usp-neo-11-fastclick-system","color-stal-nierdzewna","product_type_of_appliance-multifunkcyjne","product_ambient-neo-series-01","product_icons-70l","product_icons-hydroclean","product_icons-surroundtemp","product_cleaning_system-hydroclean","product_type_of_installation-do-zabudowy","product_energy_efficiency-a-plus-icon"],"acf":[],"yoast_head":"<!-- This site is optimized with the Yoast SEO plugin v27.5 - https:\/\/yoast.com\/product\/yoast-seo-wordpress\/ -->\n<title>NEO HSB 6468 SS | Teka Polska<\/title>\n<meta name=\"description\" content=\"Wszystkie informacje o Multifunction oven with EasySteam function, 9 cooking functions and HydroClean system na oficjalnej stronie Teka Polska\" \/>\n<meta name=\"robots\" content=\"index, follow, max-snippet:-1, max-image-preview:large, max-video-preview:-1\" \/>\n<link rel=\"canonical\" href=\"https:\/\/www.teka.com\/pl-pl\/produkt\/neo-hsb-6468-ss_111010083\/\" \/>\n<meta property=\"og:locale\" content=\"pl_PL\" \/>\n<meta property=\"og:type\" content=\"article\" \/>\n<meta property=\"og:title\" content=\"NEO HSB 6468 SS | Teka Polska\" \/>\n<meta property=\"og:description\" content=\"Wszystkie informacje o Multifunction oven with EasySteam function, 9 cooking functions and HydroClean system na oficjalnej stronie Teka Polska\" \/>\n<meta property=\"og:url\" content=\"https:\/\/www.teka.com\/pl-pl\/produkt\/neo-hsb-6468-ss_111010083\/\" \/>\n<meta property=\"og:site_name\" content=\"Teka Polska\" \/>\n<meta name=\"twitter:card\" content=\"summary_large_image\" \/>\n<script type=\"application\/ld+json\" class=\"yoast-schema-graph\">{\"@context\":\"https:\\\/\\\/schema.org\",\"@graph\":[{\"@type\":\"WebPage\",\"@id\":\"https:\\\/\\\/www.teka.com\\\/pl-pl\\\/produkt\\\/neo-hsb-6468-ss_111010083\\\/\",\"url\":\"https:\\\/\\\/www.teka.com\\\/pl-pl\\\/produkt\\\/neo-hsb-6468-ss_111010083\\\/\",\"name\":\"NEO HSB 6468 SS | Teka Polska\",\"isPartOf\":{\"@id\":\"https:\\\/\\\/www.teka.com\\\/pl-pl\\\/#website\"},\"datePublished\":\"2026-04-27T00:54:49+00:00\",\"description\":\"Wszystkie informacje o Multifunction oven with EasySteam function, 9 cooking functions and HydroClean system na oficjalnej stronie Teka Polska\",\"inLanguage\":\"pl-PL\",\"potentialAction\":[{\"@type\":\"ReadAction\",\"target\":[\"https:\\\/\\\/www.teka.com\\\/pl-pl\\\/produkt\\\/neo-hsb-6468-ss_111010083\\\/\"]}]},{\"@type\":\"WebSite\",\"@id\":\"https:\\\/\\\/www.teka.com\\\/pl-pl\\\/#website\",\"url\":\"https:\\\/\\\/www.teka.com\\\/pl-pl\\\/\",\"name\":\"Teka Polska\",\"description\":\"Tw\u00f3j przepis na \u017cycie\",\"potentialAction\":[{\"@type\":\"SearchAction\",\"target\":{\"@type\":\"EntryPoint\",\"urlTemplate\":\"https:\\\/\\\/www.teka.com\\\/pl-pl\\\/?s={search_term_string}\"},\"query-input\":{\"@type\":\"PropertyValueSpecification\",\"valueRequired\":true,\"valueName\":\"search_term_string\"}}],\"inLanguage\":\"pl-PL\"}]}<\/script>\n<!-- \/ Yoast SEO plugin. -->","yoast_head_json":{"title":"NEO HSB 6468 SS | Teka Polska","description":"Wszystkie informacje o Multifunction oven with EasySteam function, 9 cooking functions and HydroClean system na oficjalnej stronie Teka Polska","robots":{"index":"index","follow":"follow","max-snippet":"max-snippet:-1","max-image-preview":"max-image-preview:large","max-video-preview":"max-video-preview:-1"},"canonical":"https:\/\/www.teka.com\/pl-pl\/produkt\/neo-hsb-6468-ss_111010083\/","og_locale":"pl_PL","og_type":"article","og_title":"NEO HSB 6468 SS | Teka Polska","og_description":"Wszystkie informacje o Multifunction oven with EasySteam function, 9 cooking functions and HydroClean system na oficjalnej stronie Teka Polska","og_url":"https:\/\/www.teka.com\/pl-pl\/produkt\/neo-hsb-6468-ss_111010083\/","og_site_name":"Teka Polska","twitter_card":"summary_large_image","schema":{"@context":"https:\/\/schema.org","@graph":[{"@type":"WebPage","@id":"https:\/\/www.teka.com\/pl-pl\/produkt\/neo-hsb-6468-ss_111010083\/","url":"https:\/\/www.teka.com\/pl-pl\/produkt\/neo-hsb-6468-ss_111010083\/","name":"NEO HSB 6468 SS | Teka Polska","isPartOf":{"@id":"https:\/\/www.teka.com\/pl-pl\/#website"},"datePublished":"2026-04-27T00:54:49+00:00","description":"Wszystkie informacje o Multifunction oven with EasySteam function, 9 cooking functions and HydroClean system na oficjalnej stronie Teka Polska","inLanguage":"pl-PL","potentialAction":[{"@type":"ReadAction","target":["https:\/\/www.teka.com\/pl-pl\/produkt\/neo-hsb-6468-ss_111010083\/"]}]},{"@type":"WebSite","@id":"https:\/\/www.teka.com\/pl-pl\/#website","url":"https:\/\/www.teka.com\/pl-pl\/","name":"Teka Polska","description":"Tw\u00f3j przepis na \u017cycie","potentialAction":[{"@type":"SearchAction","target":{"@type":"EntryPoint","urlTemplate":"https:\/\/www.teka.com\/pl-pl\/?s={search_term_string}"},"query-input":{"@type":"PropertyValueSpecification","valueRequired":true,"valueName":"search_term_string"}}],"inLanguage":"pl-PL"}]}},"_links":{"self":[{"href":"https:\/\/www.teka.com\/pl-pl\/wp-json\/wp\/v2\/product\/127652","targetHints":{"allow":["GET"]}}],"collection":[{"href":"https:\/\/www.teka.com\/pl-pl\/wp-json\/wp\/v2\/product"}],"about":[{"href":"https:\/\/www.teka.com\/pl-pl\/wp-json\/wp\/v2\/types\/product"}],"wp:attachment":[{"href":"https:\/\/www.teka.com\/pl-pl\/wp-json\/wp\/v2\/media?parent=127652"}],"wp:term":[{"taxonomy":"product_cat","embeddable":true,"href":"https:\/\/www.teka.com\/pl-pl\/wp-json\/wp\/v2\/product_cat?post=127652"},{"taxonomy":"product_cleaning_system","embeddable":true,"href":"https:\/\/www.teka.com\/pl-pl\/wp-json\/wp\/v2\/product_cleaning_system?post=127652"},{"taxonomy":"product_edition","embeddable":true,"href":"https:\/\/www.teka.com\/pl-pl\/wp-json\/wp\/v2\/product_edition?post=127652"},{"taxonomy":"product_3rd_basket","embeddable":true,"href":"https:\/\/www.teka.com\/pl-pl\/wp-json\/wp\/v2\/product_3rd_basket?post=127652"},{"taxonomy":"product_drawers","embeddable":true,"href":"https:\/\/www.teka.com\/pl-pl\/wp-json\/wp\/v2\/product_drawers?post=127652"},{"taxonomy":"product_type_of_installation","embeddable":true,"href":"https:\/\/www.teka.com\/pl-pl\/wp-json\/wp\/v2\/product_type_of_installation?post=127652"},{"taxonomy":"product_serie","embeddable":true,"href":"https:\/\/www.teka.com\/pl-pl\/wp-json\/wp\/v2\/product_serie?post=127652"},{"taxonomy":"product_features","embeddable":true,"href":"https:\/\/www.teka.com\/pl-pl\/wp-json\/wp\/v2\/product_features?post=127652"},{"taxonomy":"finishes","embeddable":true,"href":"https:\/\/www.teka.com\/pl-pl\/wp-json\/wp\/v2\/finishes?post=127652"},{"taxonomy":"product_bundles","embeddable":true,"href":"https:\/\/www.teka.com\/pl-pl\/wp-json\/wp\/v2\/product_bundles?post=127652"},{"taxonomy":"product_energy_efficiency","embeddable":true,"href":"https:\/\/www.teka.com\/pl-pl\/wp-json\/wp\/v2\/product_energy_efficiency?post=127652"},{"taxonomy":"product_video_training","embeddable":true,"href":"https:\/\/www.teka.com\/pl-pl\/wp-json\/wp\/v2\/product_video_training?post=127652"}],"curies":[{"name":"wp","href":"https:\/\/api.w.org\/{rel}","templated":true}]}}