{"id":127803,"date":"2026-04-07T21:12:24","date_gmt":"2026-04-07T21:12:24","guid":{"rendered":"https:\/\/teka.com\/en-int\/van-gogh-dvt-98660-tos-vg_112930075"},"modified":"2026-03-27T09:38:31","modified_gmt":"2026-03-27T10:38:31","slug":"van-gogh-dvt-98660-tos-vg_112930075","status":"publish","type":"product","link":"https:\/\/www.teka.com\/pl-pl\/produkt\/van-gogh-dvt-98660-tos-vg_112930075\/","title":{"rendered":"Van Gogh DVT 98660 TOS VG"},"content":{"rendered":"<ul>\n<li>Design inspirowany obrazem S\u0142oneczniki<\/li>\n<li>Szklany front z grafitowym i czarnym wyko\u0144czeniem ze szampa\u0144skimi detalami<\/li>\n<li>Idealne po\u0142\u0105czenie stylu, funkcjonalno\u015bci i trwa\u0142o\u015bci<\/li>\n<li>Funkcja FreshAir<\/li>\n<li>Poch\u0142anianie szczelinowe<\/li>\n<li>Silnik EcoPower<\/li>\n<\/ul>\n","protected":false},"featured_media":0,"parent":0,"template":"","product_cat":[3371],"product_cleaning_system":[],"product_edition":[],"product_3rd_basket":[],"product_drawers":[],"product_type_of_installation":[],"product_serie":[],"product_features":[],"finishes":[],"product_bundles":[],"product_energy_efficiency":[328987],"product_video_training":[],"class_list":["post-127803","product","type-product","status-publish","hentry","product_cat-okapy-kuchenne","usp-tekahome-08","usp-infinityg1-12","usp-vg-01-vg-museum-edition","usp-vg-02-sophisticated-timeless-design","color-ciemnoszare-i-czarne-szklo","product_type_of_appliance-dekoracyjne","product_ambient-van-gogh-03","product_icons-freshair","product_icons-led","product_icons-perimeter-extraction","product_icons-stop-delay-timer","product_energy_efficiency-a-plus-icon"],"acf":[],"yoast_head":"<!-- This site is optimized with the Yoast SEO plugin v27.2 - https:\/\/yoast.com\/product\/yoast-seo-wordpress\/ -->\n<title>Van Gogh DVT 98660 TOS VG | Teka Polska<\/title>\n<meta name=\"description\" content=\"Wszystkie informacje o Van Gogh Museum Edition. 90cm vertical decorative full glass hood with touch control na oficjalnej stronie Teka Polska\" \/>\n<meta name=\"robots\" content=\"index, follow, max-snippet:-1, max-image-preview:large, max-video-preview:-1\" \/>\n<link rel=\"canonical\" href=\"https:\/\/www.teka.com\/pl-pl\/produkt\/van-gogh-dvt-98660-tos-vg_112930075\/\" \/>\n<meta property=\"og:locale\" content=\"pl_PL\" \/>\n<meta property=\"og:type\" content=\"article\" \/>\n<meta property=\"og:title\" content=\"Van Gogh DVT 98660 TOS VG | Teka Polska\" \/>\n<meta property=\"og:description\" content=\"Wszystkie informacje o Van Gogh Museum Edition. 90cm vertical decorative full glass hood with touch control na oficjalnej stronie Teka Polska\" \/>\n<meta property=\"og:url\" content=\"https:\/\/www.teka.com\/pl-pl\/produkt\/van-gogh-dvt-98660-tos-vg_112930075\/\" \/>\n<meta property=\"og:site_name\" content=\"Teka Polska\" \/>\n<meta name=\"twitter:card\" content=\"summary_large_image\" \/>\n<script type=\"application\/ld+json\" class=\"yoast-schema-graph\">{\"@context\":\"https:\/\/schema.org\",\"@graph\":[{\"@type\":\"WebPage\",\"@id\":\"https:\/\/www.teka.com\/pl-pl\/produkt\/van-gogh-dvt-98660-tos-vg_112930075\/\",\"url\":\"https:\/\/www.teka.com\/pl-pl\/produkt\/van-gogh-dvt-98660-tos-vg_112930075\/\",\"name\":\"Van Gogh DVT 98660 TOS VG | Teka Polska\",\"isPartOf\":{\"@id\":\"https:\/\/www.teka.com\/pl-pl\/#website\"},\"datePublished\":\"2026-04-07T21:12:24+00:00\",\"description\":\"Wszystkie informacje o Van Gogh Museum Edition. 90cm vertical decorative full glass hood with touch control na oficjalnej stronie Teka Polska\",\"inLanguage\":\"pl-PL\",\"potentialAction\":[{\"@type\":\"ReadAction\",\"target\":[\"https:\/\/www.teka.com\/pl-pl\/produkt\/van-gogh-dvt-98660-tos-vg_112930075\/\"]}]},{\"@type\":\"WebSite\",\"@id\":\"https:\/\/www.teka.com\/pl-pl\/#website\",\"url\":\"https:\/\/www.teka.com\/pl-pl\/\",\"name\":\"Teka Polska\",\"description\":\"Tw\u00f3j przepis na \u017cycie\",\"potentialAction\":[{\"@type\":\"SearchAction\",\"target\":{\"@type\":\"EntryPoint\",\"urlTemplate\":\"https:\/\/www.teka.com\/pl-pl\/?s={search_term_string}\"},\"query-input\":{\"@type\":\"PropertyValueSpecification\",\"valueRequired\":true,\"valueName\":\"search_term_string\"}}],\"inLanguage\":\"pl-PL\"}]}<\/script>\n<!-- \/ Yoast SEO plugin. -->","yoast_head_json":{"title":"Van Gogh DVT 98660 TOS VG | Teka Polska","description":"Wszystkie informacje o Van Gogh Museum Edition. 90cm vertical decorative full glass hood with touch control na oficjalnej stronie Teka Polska","robots":{"index":"index","follow":"follow","max-snippet":"max-snippet:-1","max-image-preview":"max-image-preview:large","max-video-preview":"max-video-preview:-1"},"canonical":"https:\/\/www.teka.com\/pl-pl\/produkt\/van-gogh-dvt-98660-tos-vg_112930075\/","og_locale":"pl_PL","og_type":"article","og_title":"Van Gogh DVT 98660 TOS VG | Teka Polska","og_description":"Wszystkie informacje o Van Gogh Museum Edition. 90cm vertical decorative full glass hood with touch control na oficjalnej stronie Teka Polska","og_url":"https:\/\/www.teka.com\/pl-pl\/produkt\/van-gogh-dvt-98660-tos-vg_112930075\/","og_site_name":"Teka Polska","twitter_card":"summary_large_image","schema":{"@context":"https:\/\/schema.org","@graph":[{"@type":"WebPage","@id":"https:\/\/www.teka.com\/pl-pl\/produkt\/van-gogh-dvt-98660-tos-vg_112930075\/","url":"https:\/\/www.teka.com\/pl-pl\/produkt\/van-gogh-dvt-98660-tos-vg_112930075\/","name":"Van Gogh DVT 98660 TOS VG | Teka Polska","isPartOf":{"@id":"https:\/\/www.teka.com\/pl-pl\/#website"},"datePublished":"2026-04-07T21:12:24+00:00","description":"Wszystkie informacje o Van Gogh Museum Edition. 90cm vertical decorative full glass hood with touch control na oficjalnej stronie Teka Polska","inLanguage":"pl-PL","potentialAction":[{"@type":"ReadAction","target":["https:\/\/www.teka.com\/pl-pl\/produkt\/van-gogh-dvt-98660-tos-vg_112930075\/"]}]},{"@type":"WebSite","@id":"https:\/\/www.teka.com\/pl-pl\/#website","url":"https:\/\/www.teka.com\/pl-pl\/","name":"Teka Polska","description":"Tw\u00f3j przepis na \u017cycie","potentialAction":[{"@type":"SearchAction","target":{"@type":"EntryPoint","urlTemplate":"https:\/\/www.teka.com\/pl-pl\/?s={search_term_string}"},"query-input":{"@type":"PropertyValueSpecification","valueRequired":true,"valueName":"search_term_string"}}],"inLanguage":"pl-PL"}]}},"_links":{"self":[{"href":"https:\/\/www.teka.com\/pl-pl\/wp-json\/wp\/v2\/product\/127803","targetHints":{"allow":["GET"]}}],"collection":[{"href":"https:\/\/www.teka.com\/pl-pl\/wp-json\/wp\/v2\/product"}],"about":[{"href":"https:\/\/www.teka.com\/pl-pl\/wp-json\/wp\/v2\/types\/product"}],"wp:attachment":[{"href":"https:\/\/www.teka.com\/pl-pl\/wp-json\/wp\/v2\/media?parent=127803"}],"wp:term":[{"taxonomy":"product_cat","embeddable":true,"href":"https:\/\/www.teka.com\/pl-pl\/wp-json\/wp\/v2\/product_cat?post=127803"},{"taxonomy":"product_cleaning_system","embeddable":true,"href":"https:\/\/www.teka.com\/pl-pl\/wp-json\/wp\/v2\/product_cleaning_system?post=127803"},{"taxonomy":"product_edition","embeddable":true,"href":"https:\/\/www.teka.com\/pl-pl\/wp-json\/wp\/v2\/product_edition?post=127803"},{"taxonomy":"product_3rd_basket","embeddable":true,"href":"https:\/\/www.teka.com\/pl-pl\/wp-json\/wp\/v2\/product_3rd_basket?post=127803"},{"taxonomy":"product_drawers","embeddable":true,"href":"https:\/\/www.teka.com\/pl-pl\/wp-json\/wp\/v2\/product_drawers?post=127803"},{"taxonomy":"product_type_of_installation","embeddable":true,"href":"https:\/\/www.teka.com\/pl-pl\/wp-json\/wp\/v2\/product_type_of_installation?post=127803"},{"taxonomy":"product_serie","embeddable":true,"href":"https:\/\/www.teka.com\/pl-pl\/wp-json\/wp\/v2\/product_serie?post=127803"},{"taxonomy":"product_features","embeddable":true,"href":"https:\/\/www.teka.com\/pl-pl\/wp-json\/wp\/v2\/product_features?post=127803"},{"taxonomy":"finishes","embeddable":true,"href":"https:\/\/www.teka.com\/pl-pl\/wp-json\/wp\/v2\/finishes?post=127803"},{"taxonomy":"product_bundles","embeddable":true,"href":"https:\/\/www.teka.com\/pl-pl\/wp-json\/wp\/v2\/product_bundles?post=127803"},{"taxonomy":"product_energy_efficiency","embeddable":true,"href":"https:\/\/www.teka.com\/pl-pl\/wp-json\/wp\/v2\/product_energy_efficiency?post=127803"},{"taxonomy":"product_video_training","embeddable":true,"href":"https:\/\/www.teka.com\/pl-pl\/wp-json\/wp\/v2\/product_video_training?post=127803"}],"curies":[{"name":"wp","href":"https:\/\/api.w.org\/{rel}","templated":true}]}}