{"id":128017,"date":"2026-04-05T02:34:01","date_gmt":"2026-04-05T02:34:01","guid":{"rendered":"https:\/\/teka.com\/en-int\/uni-3330-bk-5l-czarny-mat_116030085"},"modified":"2026-03-14T09:09:31","modified_gmt":"2026-03-14T10:09:31","slug":"uni-3330-bk-5l-czarny-mat_116030085","status":"publish","type":"product","link":"https:\/\/www.teka.com\/pl-pl\/produkt\/uni-3330-bk-5l-czarny-mat_116030085\/","title":{"rendered":"UNI 3330 BK  5L CZARNY MAT"},"content":{"rendered":"<ul>\n<li>Inteligentna konstrukcja umo\u017cliwiaj\u0105ca korzystanie z wody filtrowanej i niefiltrowanej<\/li>\n<li>Zmniejsza zu\u017cycie wody i energii przy ka\u017cdym u\u017cyciu<\/li>\n<li>Wykonana w ca\u0142o\u015bci z wysokiej jako\u015bci stali nierdzewnej (AISI 304)<\/li>\n<li>Obrotowa wylewka 360\u00b0 dla \u0142atwego dost\u0119pu i wygody u\u017cytkowania<\/li>\n<\/ul>\n","protected":false},"featured_media":0,"parent":0,"template":"","product_cat":[3369],"product_cleaning_system":[],"product_edition":[],"product_3rd_basket":[],"product_drawers":[],"product_type_of_installation":[328172],"product_serie":[],"product_features":[],"finishes":[],"product_bundles":[],"product_energy_efficiency":[],"product_video_training":[],"class_list":["post-128017","product","type-product","status-publish","hentry","product_cat-baterie-kuchenne","usp-universal-tap-05","usp-universal-tap-06","usp-universal-tap-07","usp-universal-tap-04","usp-universal-tap-02","usp-universal-tap-03","usp-universal-tap-08","usp-universal-tap-01","color-czarny","product_type_of_appliance-wysoka-wylewka","product_icons-anti-scale_aerator","product_icons-high_resistance","product_icons-easy_quick","product_icons-eco","product_icons-inox","product_icons-purifier_filter","product_icons-swivel_spout","product_type_of_installation-wolnostojace"],"acf":[],"yoast_head":"<!-- This site is optimized with the Yoast SEO plugin v27.2 - https:\/\/yoast.com\/product\/yoast-seo-wordpress\/ -->\n<title>UNI 3330 BK 5L CZARNY MAT | Teka Polska<\/title>\n<meta name=\"description\" content=\"Wszystkie informacje o Dual lever kitchen eco tap with high spout and filtered water connection na oficjalnej stronie Teka Polska\" \/>\n<meta name=\"robots\" content=\"index, follow, max-snippet:-1, max-image-preview:large, max-video-preview:-1\" \/>\n<link rel=\"canonical\" href=\"https:\/\/www.teka.com\/pl-pl\/produkt\/uni-3330-bk-5l-czarny-mat_116030085\/\" \/>\n<meta property=\"og:locale\" content=\"pl_PL\" \/>\n<meta property=\"og:type\" content=\"article\" \/>\n<meta property=\"og:title\" content=\"UNI 3330 BK 5L CZARNY MAT | Teka Polska\" \/>\n<meta property=\"og:description\" content=\"Wszystkie informacje o Dual lever kitchen eco tap with high spout and filtered water connection na oficjalnej stronie Teka Polska\" \/>\n<meta property=\"og:url\" content=\"https:\/\/www.teka.com\/pl-pl\/produkt\/uni-3330-bk-5l-czarny-mat_116030085\/\" \/>\n<meta property=\"og:site_name\" content=\"Teka Polska\" \/>\n<meta name=\"twitter:card\" content=\"summary_large_image\" \/>\n<script type=\"application\/ld+json\" class=\"yoast-schema-graph\">{\"@context\":\"https:\/\/schema.org\",\"@graph\":[{\"@type\":\"WebPage\",\"@id\":\"https:\/\/www.teka.com\/pl-pl\/produkt\/uni-3330-bk-5l-czarny-mat_116030085\/\",\"url\":\"https:\/\/www.teka.com\/pl-pl\/produkt\/uni-3330-bk-5l-czarny-mat_116030085\/\",\"name\":\"UNI 3330 BK 5L CZARNY MAT | Teka Polska\",\"isPartOf\":{\"@id\":\"https:\/\/www.teka.com\/pl-pl\/#website\"},\"datePublished\":\"2026-04-05T02:34:01+00:00\",\"description\":\"Wszystkie informacje o Dual lever kitchen eco tap with high spout and filtered water connection na oficjalnej stronie Teka Polska\",\"inLanguage\":\"pl-PL\",\"potentialAction\":[{\"@type\":\"ReadAction\",\"target\":[\"https:\/\/www.teka.com\/pl-pl\/produkt\/uni-3330-bk-5l-czarny-mat_116030085\/\"]}]},{\"@type\":\"WebSite\",\"@id\":\"https:\/\/www.teka.com\/pl-pl\/#website\",\"url\":\"https:\/\/www.teka.com\/pl-pl\/\",\"name\":\"Teka Polska\",\"description\":\"Tw\u00f3j przepis na \u017cycie\",\"potentialAction\":[{\"@type\":\"SearchAction\",\"target\":{\"@type\":\"EntryPoint\",\"urlTemplate\":\"https:\/\/www.teka.com\/pl-pl\/?s={search_term_string}\"},\"query-input\":{\"@type\":\"PropertyValueSpecification\",\"valueRequired\":true,\"valueName\":\"search_term_string\"}}],\"inLanguage\":\"pl-PL\"}]}<\/script>\n<!-- \/ Yoast SEO plugin. -->","yoast_head_json":{"title":"UNI 3330 BK 5L CZARNY MAT | Teka Polska","description":"Wszystkie informacje o Dual lever kitchen eco tap with high spout and filtered water connection na oficjalnej stronie Teka Polska","robots":{"index":"index","follow":"follow","max-snippet":"max-snippet:-1","max-image-preview":"max-image-preview:large","max-video-preview":"max-video-preview:-1"},"canonical":"https:\/\/www.teka.com\/pl-pl\/produkt\/uni-3330-bk-5l-czarny-mat_116030085\/","og_locale":"pl_PL","og_type":"article","og_title":"UNI 3330 BK 5L CZARNY MAT | Teka Polska","og_description":"Wszystkie informacje o Dual lever kitchen eco tap with high spout and filtered water connection na oficjalnej stronie Teka Polska","og_url":"https:\/\/www.teka.com\/pl-pl\/produkt\/uni-3330-bk-5l-czarny-mat_116030085\/","og_site_name":"Teka Polska","twitter_card":"summary_large_image","schema":{"@context":"https:\/\/schema.org","@graph":[{"@type":"WebPage","@id":"https:\/\/www.teka.com\/pl-pl\/produkt\/uni-3330-bk-5l-czarny-mat_116030085\/","url":"https:\/\/www.teka.com\/pl-pl\/produkt\/uni-3330-bk-5l-czarny-mat_116030085\/","name":"UNI 3330 BK 5L CZARNY MAT | Teka Polska","isPartOf":{"@id":"https:\/\/www.teka.com\/pl-pl\/#website"},"datePublished":"2026-04-05T02:34:01+00:00","description":"Wszystkie informacje o Dual lever kitchen eco tap with high spout and filtered water connection na oficjalnej stronie Teka Polska","inLanguage":"pl-PL","potentialAction":[{"@type":"ReadAction","target":["https:\/\/www.teka.com\/pl-pl\/produkt\/uni-3330-bk-5l-czarny-mat_116030085\/"]}]},{"@type":"WebSite","@id":"https:\/\/www.teka.com\/pl-pl\/#website","url":"https:\/\/www.teka.com\/pl-pl\/","name":"Teka Polska","description":"Tw\u00f3j przepis na \u017cycie","potentialAction":[{"@type":"SearchAction","target":{"@type":"EntryPoint","urlTemplate":"https:\/\/www.teka.com\/pl-pl\/?s={search_term_string}"},"query-input":{"@type":"PropertyValueSpecification","valueRequired":true,"valueName":"search_term_string"}}],"inLanguage":"pl-PL"}]}},"_links":{"self":[{"href":"https:\/\/www.teka.com\/pl-pl\/wp-json\/wp\/v2\/product\/128017","targetHints":{"allow":["GET"]}}],"collection":[{"href":"https:\/\/www.teka.com\/pl-pl\/wp-json\/wp\/v2\/product"}],"about":[{"href":"https:\/\/www.teka.com\/pl-pl\/wp-json\/wp\/v2\/types\/product"}],"wp:attachment":[{"href":"https:\/\/www.teka.com\/pl-pl\/wp-json\/wp\/v2\/media?parent=128017"}],"wp:term":[{"taxonomy":"product_cat","embeddable":true,"href":"https:\/\/www.teka.com\/pl-pl\/wp-json\/wp\/v2\/product_cat?post=128017"},{"taxonomy":"product_cleaning_system","embeddable":true,"href":"https:\/\/www.teka.com\/pl-pl\/wp-json\/wp\/v2\/product_cleaning_system?post=128017"},{"taxonomy":"product_edition","embeddable":true,"href":"https:\/\/www.teka.com\/pl-pl\/wp-json\/wp\/v2\/product_edition?post=128017"},{"taxonomy":"product_3rd_basket","embeddable":true,"href":"https:\/\/www.teka.com\/pl-pl\/wp-json\/wp\/v2\/product_3rd_basket?post=128017"},{"taxonomy":"product_drawers","embeddable":true,"href":"https:\/\/www.teka.com\/pl-pl\/wp-json\/wp\/v2\/product_drawers?post=128017"},{"taxonomy":"product_type_of_installation","embeddable":true,"href":"https:\/\/www.teka.com\/pl-pl\/wp-json\/wp\/v2\/product_type_of_installation?post=128017"},{"taxonomy":"product_serie","embeddable":true,"href":"https:\/\/www.teka.com\/pl-pl\/wp-json\/wp\/v2\/product_serie?post=128017"},{"taxonomy":"product_features","embeddable":true,"href":"https:\/\/www.teka.com\/pl-pl\/wp-json\/wp\/v2\/product_features?post=128017"},{"taxonomy":"finishes","embeddable":true,"href":"https:\/\/www.teka.com\/pl-pl\/wp-json\/wp\/v2\/finishes?post=128017"},{"taxonomy":"product_bundles","embeddable":true,"href":"https:\/\/www.teka.com\/pl-pl\/wp-json\/wp\/v2\/product_bundles?post=128017"},{"taxonomy":"product_energy_efficiency","embeddable":true,"href":"https:\/\/www.teka.com\/pl-pl\/wp-json\/wp\/v2\/product_energy_efficiency?post=128017"},{"taxonomy":"product_video_training","embeddable":true,"href":"https:\/\/www.teka.com\/pl-pl\/wp-json\/wp\/v2\/product_video_training?post=128017"}],"curies":[{"name":"wp","href":"https:\/\/api.w.org\/{rel}","templated":true}]}}