{"id":128019,"date":"2026-04-03T20:59:44","date_gmt":"2026-04-03T20:59:44","guid":{"rendered":"https:\/\/teka.com\/en-int\/lodowka-rbf-87670-sln-sg_113400054"},"modified":"2026-03-18T05:15:04","modified_gmt":"2026-03-18T06:15:04","slug":"lodowka-rbf-87670-sln-sg_113400054","status":"publish","type":"product","link":"https:\/\/www.teka.com\/pl-pl\/produkt\/lodowka-rbf-87670-sln-sg_113400054\/","title":{"rendered":"Lod\u00f3wka RBF 87670 SLN SG"},"content":{"rendered":"<ul>\n<li>Total No Frost \u2013 Pe\u0142ny No Frost<\/li>\n<li>Zero gap installation \u2013 Instalacja \u201ezero szczeliny\u201d (bez odst\u0119pu od \u015bciany)<\/li>\n<li>Door opens fully 90\u00ba \u2013 Drzwi otwieraj\u0105 si\u0119 w pe\u0142nych 90\u00ba<\/li>\n<li>Antiox and BioPure Zones \u2013 Strefy Antiox i BioPure<\/li>\n<li>UltraFreeze Box -30\u00ba \u2013 Komora UltraFreeze do \u201330\u00ba<\/li>\n<li>244+139 L capacity \u2013 Pojemno\u015b\u0107 244 + 139 l<\/li>\n<\/ul>\n","protected":false},"featured_media":0,"parent":0,"template":"","product_cat":[329028],"product_cleaning_system":[],"product_edition":[],"product_3rd_basket":[],"product_drawers":[],"product_type_of_installation":[329230],"product_serie":[],"product_features":[],"finishes":[],"product_bundles":[],"product_energy_efficiency":[],"product_video_training":[],"class_list":["post-128019","product","type-product","status-publish","hentry","product_cat-chlodziarko-zamrazarki","usp-cold-line-rbf-13","color-kamienny-szary","product_type_of_appliance-chlodziarko-zamrazarki","product_icons-led","product_icons-motor-inverter","product_type_of_installation-slot-in"],"acf":[],"yoast_head":"<!-- This site is optimized with the Yoast SEO plugin v27.2 - https:\/\/yoast.com\/product\/yoast-seo-wordpress\/ -->\n<title>Lod\u00f3wka RBF 87670 SLN SG | Teka Polska<\/title>\n<meta name=\"description\" content=\"Wszystkie informacje o In-Line Series slot-in combi refrigerator (383 L) in stone grey na oficjalnej stronie Teka Polska\" \/>\n<meta name=\"robots\" content=\"index, follow, max-snippet:-1, max-image-preview:large, max-video-preview:-1\" \/>\n<link rel=\"canonical\" href=\"https:\/\/www.teka.com\/pl-pl\/produkt\/lodowka-rbf-87670-sln-sg_113400054\/\" \/>\n<meta property=\"og:locale\" content=\"pl_PL\" \/>\n<meta property=\"og:type\" content=\"article\" \/>\n<meta property=\"og:title\" content=\"Lod\u00f3wka RBF 87670 SLN SG | Teka Polska\" \/>\n<meta property=\"og:description\" content=\"Wszystkie informacje o In-Line Series slot-in combi refrigerator (383 L) in stone grey na oficjalnej stronie Teka Polska\" \/>\n<meta property=\"og:url\" content=\"https:\/\/www.teka.com\/pl-pl\/produkt\/lodowka-rbf-87670-sln-sg_113400054\/\" \/>\n<meta property=\"og:site_name\" content=\"Teka Polska\" \/>\n<meta name=\"twitter:card\" content=\"summary_large_image\" \/>\n<script type=\"application\/ld+json\" class=\"yoast-schema-graph\">{\"@context\":\"https:\/\/schema.org\",\"@graph\":[{\"@type\":\"WebPage\",\"@id\":\"https:\/\/www.teka.com\/pl-pl\/produkt\/lodowka-rbf-87670-sln-sg_113400054\/\",\"url\":\"https:\/\/www.teka.com\/pl-pl\/produkt\/lodowka-rbf-87670-sln-sg_113400054\/\",\"name\":\"Lod\u00f3wka RBF 87670 SLN SG | Teka Polska\",\"isPartOf\":{\"@id\":\"https:\/\/www.teka.com\/pl-pl\/#website\"},\"datePublished\":\"2026-04-03T20:59:44+00:00\",\"description\":\"Wszystkie informacje o In-Line Series slot-in combi refrigerator (383 L) in stone grey na oficjalnej stronie Teka Polska\",\"inLanguage\":\"pl-PL\",\"potentialAction\":[{\"@type\":\"ReadAction\",\"target\":[\"https:\/\/www.teka.com\/pl-pl\/produkt\/lodowka-rbf-87670-sln-sg_113400054\/\"]}]},{\"@type\":\"WebSite\",\"@id\":\"https:\/\/www.teka.com\/pl-pl\/#website\",\"url\":\"https:\/\/www.teka.com\/pl-pl\/\",\"name\":\"Teka Polska\",\"description\":\"Tw\u00f3j przepis na \u017cycie\",\"potentialAction\":[{\"@type\":\"SearchAction\",\"target\":{\"@type\":\"EntryPoint\",\"urlTemplate\":\"https:\/\/www.teka.com\/pl-pl\/?s={search_term_string}\"},\"query-input\":{\"@type\":\"PropertyValueSpecification\",\"valueRequired\":true,\"valueName\":\"search_term_string\"}}],\"inLanguage\":\"pl-PL\"}]}<\/script>\n<!-- \/ Yoast SEO plugin. -->","yoast_head_json":{"title":"Lod\u00f3wka RBF 87670 SLN SG | Teka Polska","description":"Wszystkie informacje o In-Line Series slot-in combi refrigerator (383 L) in stone grey na oficjalnej stronie Teka Polska","robots":{"index":"index","follow":"follow","max-snippet":"max-snippet:-1","max-image-preview":"max-image-preview:large","max-video-preview":"max-video-preview:-1"},"canonical":"https:\/\/www.teka.com\/pl-pl\/produkt\/lodowka-rbf-87670-sln-sg_113400054\/","og_locale":"pl_PL","og_type":"article","og_title":"Lod\u00f3wka RBF 87670 SLN SG | Teka Polska","og_description":"Wszystkie informacje o In-Line Series slot-in combi refrigerator (383 L) in stone grey na oficjalnej stronie Teka Polska","og_url":"https:\/\/www.teka.com\/pl-pl\/produkt\/lodowka-rbf-87670-sln-sg_113400054\/","og_site_name":"Teka Polska","twitter_card":"summary_large_image","schema":{"@context":"https:\/\/schema.org","@graph":[{"@type":"WebPage","@id":"https:\/\/www.teka.com\/pl-pl\/produkt\/lodowka-rbf-87670-sln-sg_113400054\/","url":"https:\/\/www.teka.com\/pl-pl\/produkt\/lodowka-rbf-87670-sln-sg_113400054\/","name":"Lod\u00f3wka RBF 87670 SLN SG | Teka Polska","isPartOf":{"@id":"https:\/\/www.teka.com\/pl-pl\/#website"},"datePublished":"2026-04-03T20:59:44+00:00","description":"Wszystkie informacje o In-Line Series slot-in combi refrigerator (383 L) in stone grey na oficjalnej stronie Teka Polska","inLanguage":"pl-PL","potentialAction":[{"@type":"ReadAction","target":["https:\/\/www.teka.com\/pl-pl\/produkt\/lodowka-rbf-87670-sln-sg_113400054\/"]}]},{"@type":"WebSite","@id":"https:\/\/www.teka.com\/pl-pl\/#website","url":"https:\/\/www.teka.com\/pl-pl\/","name":"Teka Polska","description":"Tw\u00f3j przepis na \u017cycie","potentialAction":[{"@type":"SearchAction","target":{"@type":"EntryPoint","urlTemplate":"https:\/\/www.teka.com\/pl-pl\/?s={search_term_string}"},"query-input":{"@type":"PropertyValueSpecification","valueRequired":true,"valueName":"search_term_string"}}],"inLanguage":"pl-PL"}]}},"_links":{"self":[{"href":"https:\/\/www.teka.com\/pl-pl\/wp-json\/wp\/v2\/product\/128019","targetHints":{"allow":["GET"]}}],"collection":[{"href":"https:\/\/www.teka.com\/pl-pl\/wp-json\/wp\/v2\/product"}],"about":[{"href":"https:\/\/www.teka.com\/pl-pl\/wp-json\/wp\/v2\/types\/product"}],"wp:attachment":[{"href":"https:\/\/www.teka.com\/pl-pl\/wp-json\/wp\/v2\/media?parent=128019"}],"wp:term":[{"taxonomy":"product_cat","embeddable":true,"href":"https:\/\/www.teka.com\/pl-pl\/wp-json\/wp\/v2\/product_cat?post=128019"},{"taxonomy":"product_cleaning_system","embeddable":true,"href":"https:\/\/www.teka.com\/pl-pl\/wp-json\/wp\/v2\/product_cleaning_system?post=128019"},{"taxonomy":"product_edition","embeddable":true,"href":"https:\/\/www.teka.com\/pl-pl\/wp-json\/wp\/v2\/product_edition?post=128019"},{"taxonomy":"product_3rd_basket","embeddable":true,"href":"https:\/\/www.teka.com\/pl-pl\/wp-json\/wp\/v2\/product_3rd_basket?post=128019"},{"taxonomy":"product_drawers","embeddable":true,"href":"https:\/\/www.teka.com\/pl-pl\/wp-json\/wp\/v2\/product_drawers?post=128019"},{"taxonomy":"product_type_of_installation","embeddable":true,"href":"https:\/\/www.teka.com\/pl-pl\/wp-json\/wp\/v2\/product_type_of_installation?post=128019"},{"taxonomy":"product_serie","embeddable":true,"href":"https:\/\/www.teka.com\/pl-pl\/wp-json\/wp\/v2\/product_serie?post=128019"},{"taxonomy":"product_features","embeddable":true,"href":"https:\/\/www.teka.com\/pl-pl\/wp-json\/wp\/v2\/product_features?post=128019"},{"taxonomy":"finishes","embeddable":true,"href":"https:\/\/www.teka.com\/pl-pl\/wp-json\/wp\/v2\/finishes?post=128019"},{"taxonomy":"product_bundles","embeddable":true,"href":"https:\/\/www.teka.com\/pl-pl\/wp-json\/wp\/v2\/product_bundles?post=128019"},{"taxonomy":"product_energy_efficiency","embeddable":true,"href":"https:\/\/www.teka.com\/pl-pl\/wp-json\/wp\/v2\/product_energy_efficiency?post=128019"},{"taxonomy":"product_video_training","embeddable":true,"href":"https:\/\/www.teka.com\/pl-pl\/wp-json\/wp\/v2\/product_video_training?post=128019"}],"curies":[{"name":"wp","href":"https:\/\/api.w.org\/{rel}","templated":true}]}}