{"id":128023,"date":"2026-04-03T20:57:16","date_gmt":"2026-04-03T20:57:16","guid":{"rendered":"https:\/\/teka.com\/en-int\/lodowka-rbf-73355-fi_113560031"},"modified":"2026-03-17T11:33:57","modified_gmt":"2026-03-17T12:33:57","slug":"lodowka-rbf-73355-fi_113560031","status":"publish","type":"product","link":"https:\/\/www.teka.com\/pl-pl\/produkt\/lodowka-rbf-73355-fi_113560031\/","title":{"rendered":"Lod\u00f3wka RBF 73355 FI"},"content":{"rendered":"<ul>\n<li>FlipBox &#8211; Mo\u017cliwo\u015b\u0107 po\u0142\u0105czenia dw\u00f3ch szuflad w jedn\u0105 du\u017c\u0105 przestrze\u0144, idealn\u0105 na wi\u0119ksze produkty.<\/li>\n<li>Dyskretnie ukryta strefa przechowywania \u2014 idealna na produkty wymagaj\u0105ce szczeg\u00f3lnej ochrony lub prywatno\u015bci.<\/li>\n<li>FreshBox dla d\u0142u\u017cszej \u015bwie\u017co\u015bci &#8211; specjalna komora utrzymuj\u0105ca optymalne warunki, aby warzywa, owoce i \u015bwie\u017ca \u017cywno\u015b\u0107 pozostawa\u0142y \u015bwie\u017ce na d\u0142u\u017cej.<\/li>\n<li>Szybka i bezproblemowa instalacja &#8211; konstrukcja typu slide\u2011in umo\u017cliwia \u0142atwe, sprawne i bez wysi\u0142kowe montowanie urz\u0105dzenia w zabudowie.<\/li>\n<\/ul>\n","protected":false},"featured_media":0,"parent":0,"template":"","product_cat":[329028],"product_cleaning_system":[],"product_edition":[],"product_3rd_basket":[],"product_drawers":[],"product_type_of_installation":[328170],"product_serie":[],"product_features":[],"finishes":[],"product_bundles":[],"product_energy_efficiency":[328413],"product_video_training":[],"class_list":["post-128023","product","type-product","status-publish","hentry","product_cat-chlodziarko-zamrazarki","usp-cold-line-rbf-03","usp-cold-line-rbf-04","usp-cold-line-rbf-09","usp-cold-line-rbf-18","usp-cold-line-rbf-19","usp-cold-line-rbf-23","usp-cold-line-rbf-16","color-bialy","product_ambient-island-shelf-hood-01","product_icons-easy-90","product_icons-led","product_icons-motor-inverter","product_type_of_installation-do-zabudowy","product_energy_efficiency-e-ue-icon-new"],"acf":[],"yoast_head":"<!-- This site is optimized with the Yoast SEO plugin v27.2 - https:\/\/yoast.com\/product\/yoast-seo-wordpress\/ -->\n<title>Lod\u00f3wka RBF 73355 FI | Teka Polska<\/title>\n<meta name=\"description\" content=\"Wszystkie informacje o Total No Frost Built-in bottom freezer refrigerator with secret zone na oficjalnej stronie Teka Polska\" \/>\n<meta name=\"robots\" content=\"index, follow, max-snippet:-1, max-image-preview:large, max-video-preview:-1\" \/>\n<link rel=\"canonical\" href=\"https:\/\/www.teka.com\/pl-pl\/produkt\/lodowka-rbf-73355-fi_113560031\/\" \/>\n<meta property=\"og:locale\" content=\"pl_PL\" \/>\n<meta property=\"og:type\" content=\"article\" \/>\n<meta property=\"og:title\" content=\"Lod\u00f3wka RBF 73355 FI | Teka Polska\" \/>\n<meta property=\"og:description\" content=\"Wszystkie informacje o Total No Frost Built-in bottom freezer refrigerator with secret zone na oficjalnej stronie Teka Polska\" \/>\n<meta property=\"og:url\" content=\"https:\/\/www.teka.com\/pl-pl\/produkt\/lodowka-rbf-73355-fi_113560031\/\" \/>\n<meta property=\"og:site_name\" content=\"Teka Polska\" \/>\n<meta name=\"twitter:card\" content=\"summary_large_image\" \/>\n<script type=\"application\/ld+json\" class=\"yoast-schema-graph\">{\"@context\":\"https:\/\/schema.org\",\"@graph\":[{\"@type\":\"WebPage\",\"@id\":\"https:\/\/www.teka.com\/pl-pl\/produkt\/lodowka-rbf-73355-fi_113560031\/\",\"url\":\"https:\/\/www.teka.com\/pl-pl\/produkt\/lodowka-rbf-73355-fi_113560031\/\",\"name\":\"Lod\u00f3wka RBF 73355 FI | Teka Polska\",\"isPartOf\":{\"@id\":\"https:\/\/www.teka.com\/pl-pl\/#website\"},\"datePublished\":\"2026-04-03T20:57:16+00:00\",\"description\":\"Wszystkie informacje o Total No Frost Built-in bottom freezer refrigerator with secret zone na oficjalnej stronie Teka Polska\",\"inLanguage\":\"pl-PL\",\"potentialAction\":[{\"@type\":\"ReadAction\",\"target\":[\"https:\/\/www.teka.com\/pl-pl\/produkt\/lodowka-rbf-73355-fi_113560031\/\"]}]},{\"@type\":\"WebSite\",\"@id\":\"https:\/\/www.teka.com\/pl-pl\/#website\",\"url\":\"https:\/\/www.teka.com\/pl-pl\/\",\"name\":\"Teka Polska\",\"description\":\"Tw\u00f3j przepis na \u017cycie\",\"potentialAction\":[{\"@type\":\"SearchAction\",\"target\":{\"@type\":\"EntryPoint\",\"urlTemplate\":\"https:\/\/www.teka.com\/pl-pl\/?s={search_term_string}\"},\"query-input\":{\"@type\":\"PropertyValueSpecification\",\"valueRequired\":true,\"valueName\":\"search_term_string\"}}],\"inLanguage\":\"pl-PL\"}]}<\/script>\n<!-- \/ Yoast SEO plugin. -->","yoast_head_json":{"title":"Lod\u00f3wka RBF 73355 FI | Teka Polska","description":"Wszystkie informacje o Total No Frost Built-in bottom freezer refrigerator with secret zone na oficjalnej stronie Teka Polska","robots":{"index":"index","follow":"follow","max-snippet":"max-snippet:-1","max-image-preview":"max-image-preview:large","max-video-preview":"max-video-preview:-1"},"canonical":"https:\/\/www.teka.com\/pl-pl\/produkt\/lodowka-rbf-73355-fi_113560031\/","og_locale":"pl_PL","og_type":"article","og_title":"Lod\u00f3wka RBF 73355 FI | Teka Polska","og_description":"Wszystkie informacje o Total No Frost Built-in bottom freezer refrigerator with secret zone na oficjalnej stronie Teka Polska","og_url":"https:\/\/www.teka.com\/pl-pl\/produkt\/lodowka-rbf-73355-fi_113560031\/","og_site_name":"Teka Polska","twitter_card":"summary_large_image","schema":{"@context":"https:\/\/schema.org","@graph":[{"@type":"WebPage","@id":"https:\/\/www.teka.com\/pl-pl\/produkt\/lodowka-rbf-73355-fi_113560031\/","url":"https:\/\/www.teka.com\/pl-pl\/produkt\/lodowka-rbf-73355-fi_113560031\/","name":"Lod\u00f3wka RBF 73355 FI | Teka Polska","isPartOf":{"@id":"https:\/\/www.teka.com\/pl-pl\/#website"},"datePublished":"2026-04-03T20:57:16+00:00","description":"Wszystkie informacje o Total No Frost Built-in bottom freezer refrigerator with secret zone na oficjalnej stronie Teka Polska","inLanguage":"pl-PL","potentialAction":[{"@type":"ReadAction","target":["https:\/\/www.teka.com\/pl-pl\/produkt\/lodowka-rbf-73355-fi_113560031\/"]}]},{"@type":"WebSite","@id":"https:\/\/www.teka.com\/pl-pl\/#website","url":"https:\/\/www.teka.com\/pl-pl\/","name":"Teka Polska","description":"Tw\u00f3j przepis na \u017cycie","potentialAction":[{"@type":"SearchAction","target":{"@type":"EntryPoint","urlTemplate":"https:\/\/www.teka.com\/pl-pl\/?s={search_term_string}"},"query-input":{"@type":"PropertyValueSpecification","valueRequired":true,"valueName":"search_term_string"}}],"inLanguage":"pl-PL"}]}},"_links":{"self":[{"href":"https:\/\/www.teka.com\/pl-pl\/wp-json\/wp\/v2\/product\/128023","targetHints":{"allow":["GET"]}}],"collection":[{"href":"https:\/\/www.teka.com\/pl-pl\/wp-json\/wp\/v2\/product"}],"about":[{"href":"https:\/\/www.teka.com\/pl-pl\/wp-json\/wp\/v2\/types\/product"}],"wp:attachment":[{"href":"https:\/\/www.teka.com\/pl-pl\/wp-json\/wp\/v2\/media?parent=128023"}],"wp:term":[{"taxonomy":"product_cat","embeddable":true,"href":"https:\/\/www.teka.com\/pl-pl\/wp-json\/wp\/v2\/product_cat?post=128023"},{"taxonomy":"product_cleaning_system","embeddable":true,"href":"https:\/\/www.teka.com\/pl-pl\/wp-json\/wp\/v2\/product_cleaning_system?post=128023"},{"taxonomy":"product_edition","embeddable":true,"href":"https:\/\/www.teka.com\/pl-pl\/wp-json\/wp\/v2\/product_edition?post=128023"},{"taxonomy":"product_3rd_basket","embeddable":true,"href":"https:\/\/www.teka.com\/pl-pl\/wp-json\/wp\/v2\/product_3rd_basket?post=128023"},{"taxonomy":"product_drawers","embeddable":true,"href":"https:\/\/www.teka.com\/pl-pl\/wp-json\/wp\/v2\/product_drawers?post=128023"},{"taxonomy":"product_type_of_installation","embeddable":true,"href":"https:\/\/www.teka.com\/pl-pl\/wp-json\/wp\/v2\/product_type_of_installation?post=128023"},{"taxonomy":"product_serie","embeddable":true,"href":"https:\/\/www.teka.com\/pl-pl\/wp-json\/wp\/v2\/product_serie?post=128023"},{"taxonomy":"product_features","embeddable":true,"href":"https:\/\/www.teka.com\/pl-pl\/wp-json\/wp\/v2\/product_features?post=128023"},{"taxonomy":"finishes","embeddable":true,"href":"https:\/\/www.teka.com\/pl-pl\/wp-json\/wp\/v2\/finishes?post=128023"},{"taxonomy":"product_bundles","embeddable":true,"href":"https:\/\/www.teka.com\/pl-pl\/wp-json\/wp\/v2\/product_bundles?post=128023"},{"taxonomy":"product_energy_efficiency","embeddable":true,"href":"https:\/\/www.teka.com\/pl-pl\/wp-json\/wp\/v2\/product_energy_efficiency?post=128023"},{"taxonomy":"product_video_training","embeddable":true,"href":"https:\/\/www.teka.com\/pl-pl\/wp-json\/wp\/v2\/product_video_training?post=128023"}],"curies":[{"name":"wp","href":"https:\/\/api.w.org\/{rel}","templated":true}]}}