{"id":128024,"date":"2026-04-03T20:57:20","date_gmt":"2026-04-03T20:57:20","guid":{"rendered":"https:\/\/teka.com\/en-int\/lodowka-rbf-78785-fi_113560033"},"modified":"2026-03-17T11:34:05","modified_gmt":"2026-03-17T12:34:05","slug":"lodowka-rbf-78785-fi_113560033","status":"publish","type":"product","link":"https:\/\/www.teka.com\/pl-pl\/produkt\/lodowka-rbf-78785-fi_113560033\/","title":{"rendered":"Lod\u00f3wka RBF 78785 FI"},"content":{"rendered":"<ul>\n<li>Kr\u00f3lowa przestrzeni i przechowywania \u2014 pojemno\u015b\u0107 a\u017c 403 litry<\/li>\n<li>Imponuj\u0105ca przestrze\u0144 wewn\u0119trzna, kt\u00f3ra pomie\u015bci zakupy dla ca\u0142ej rodziny.<\/li>\n<li>MetalCooling dla szybkiego ch\u0142odzenia i stabilnej temperatury<\/li>\n<li>Metalowy panel utrzymuje sta\u0142\u0105 temperatur\u0119 i przyspiesza powr\u00f3t ch\u0142odu po otwarciu drzwi.<\/li>\n<li>VitaCare Box \u2014 optymalna wilgotno\u015b\u0107 dla owoc\u00f3w i warzyw<\/li>\n<li>Specjalnie zaprojektowana komora zachowuje naturaln\u0105 \u015bwie\u017co\u015b\u0107 oraz chrupko\u015b\u0107 produkt\u00f3w.<\/li>\n<li>Cooling Box (0\u20133\u00b0C)<\/li>\n<li>Idealna strefa do przechowywania mi\u0119sa, ryb i produkt\u00f3w wymagaj\u0105cych niskiej, stabilnej temperatury \u2014 dla lepszej tekstury i smaku.<\/li>\n<li>Sk\u0142adana p\u00f3\u0142ka dla dodatkowej przestrzeni pionowej<\/li>\n<li>Mo\u017cliwo\u015b\u0107 szybkiego dopasowania uk\u0142adu wn\u0119trza do wy\u017cszych butelek, garnk\u00f3w czy opakowa\u0144.<\/li>\n<li>Super cicha praca \u2014 tylko 29 dB<\/li>\n<li>Komfort w kuchni bez zb\u0119dnego ha\u0142asu.<\/li>\n<\/ul>\n","protected":false},"featured_media":0,"parent":0,"template":"","product_cat":[329028],"product_cleaning_system":[],"product_edition":[],"product_3rd_basket":[],"product_drawers":[],"product_type_of_installation":[328170],"product_serie":[],"product_features":[],"finishes":[],"product_bundles":[],"product_energy_efficiency":[328412],"product_video_training":[],"class_list":["post-128024","product","type-product","status-publish","hentry","product_cat-chlodziarko-zamrazarki","usp-cold-line-rbf-03","usp-cold-line-rbf-04","usp-cold-line-rbf-14","usp-cold-line-rbf-15","usp-cold-line-rbf-07","usp-cold-line-rbf-21","usp-cold-line-rbf-16","color-bialy","product_ambient-island-shelf-hood-01","product_ambient-neo-series-05","product_icons-easy-90","product_icons-led","product_icons-motor-inverter","product_icons-on-holidays-function","product_type_of_installation-do-zabudowy","product_energy_efficiency-d-ue-icon-new"],"acf":[],"yoast_head":"<!-- This site is optimized with the Yoast SEO plugin v27.2 - https:\/\/yoast.com\/product\/yoast-seo-wordpress\/ -->\n<title>Lod\u00f3wka RBF 78785 FI | Teka Polska<\/title>\n<meta name=\"description\" content=\"Wszystkie informacje o Total No Frost Built-in bottom freezer refrigerator with 403L capacity na oficjalnej stronie Teka Polska\" \/>\n<meta name=\"robots\" content=\"index, follow, max-snippet:-1, max-image-preview:large, max-video-preview:-1\" \/>\n<link rel=\"canonical\" href=\"https:\/\/www.teka.com\/pl-pl\/produkt\/lodowka-rbf-78785-fi_113560033\/\" \/>\n<meta property=\"og:locale\" content=\"pl_PL\" \/>\n<meta property=\"og:type\" content=\"article\" \/>\n<meta property=\"og:title\" content=\"Lod\u00f3wka RBF 78785 FI | Teka Polska\" \/>\n<meta property=\"og:description\" content=\"Wszystkie informacje o Total No Frost Built-in bottom freezer refrigerator with 403L capacity na oficjalnej stronie Teka Polska\" \/>\n<meta property=\"og:url\" content=\"https:\/\/www.teka.com\/pl-pl\/produkt\/lodowka-rbf-78785-fi_113560033\/\" \/>\n<meta property=\"og:site_name\" content=\"Teka Polska\" \/>\n<meta name=\"twitter:card\" content=\"summary_large_image\" \/>\n<meta name=\"twitter:label1\" content=\"Szacowany czas czytania\" \/>\n\t<meta name=\"twitter:data1\" content=\"1 minuta\" \/>\n<script type=\"application\/ld+json\" class=\"yoast-schema-graph\">{\"@context\":\"https:\/\/schema.org\",\"@graph\":[{\"@type\":\"WebPage\",\"@id\":\"https:\/\/www.teka.com\/pl-pl\/produkt\/lodowka-rbf-78785-fi_113560033\/\",\"url\":\"https:\/\/www.teka.com\/pl-pl\/produkt\/lodowka-rbf-78785-fi_113560033\/\",\"name\":\"Lod\u00f3wka RBF 78785 FI | Teka Polska\",\"isPartOf\":{\"@id\":\"https:\/\/www.teka.com\/pl-pl\/#website\"},\"datePublished\":\"2026-04-03T20:57:20+00:00\",\"description\":\"Wszystkie informacje o Total No Frost Built-in bottom freezer refrigerator with 403L capacity na oficjalnej stronie Teka Polska\",\"inLanguage\":\"pl-PL\",\"potentialAction\":[{\"@type\":\"ReadAction\",\"target\":[\"https:\/\/www.teka.com\/pl-pl\/produkt\/lodowka-rbf-78785-fi_113560033\/\"]}]},{\"@type\":\"WebSite\",\"@id\":\"https:\/\/www.teka.com\/pl-pl\/#website\",\"url\":\"https:\/\/www.teka.com\/pl-pl\/\",\"name\":\"Teka Polska\",\"description\":\"Tw\u00f3j przepis na \u017cycie\",\"potentialAction\":[{\"@type\":\"SearchAction\",\"target\":{\"@type\":\"EntryPoint\",\"urlTemplate\":\"https:\/\/www.teka.com\/pl-pl\/?s={search_term_string}\"},\"query-input\":{\"@type\":\"PropertyValueSpecification\",\"valueRequired\":true,\"valueName\":\"search_term_string\"}}],\"inLanguage\":\"pl-PL\"}]}<\/script>\n<!-- \/ Yoast SEO plugin. -->","yoast_head_json":{"title":"Lod\u00f3wka RBF 78785 FI | Teka Polska","description":"Wszystkie informacje o Total No Frost Built-in bottom freezer refrigerator with 403L capacity na oficjalnej stronie Teka Polska","robots":{"index":"index","follow":"follow","max-snippet":"max-snippet:-1","max-image-preview":"max-image-preview:large","max-video-preview":"max-video-preview:-1"},"canonical":"https:\/\/www.teka.com\/pl-pl\/produkt\/lodowka-rbf-78785-fi_113560033\/","og_locale":"pl_PL","og_type":"article","og_title":"Lod\u00f3wka RBF 78785 FI | Teka Polska","og_description":"Wszystkie informacje o Total No Frost Built-in bottom freezer refrigerator with 403L capacity na oficjalnej stronie Teka Polska","og_url":"https:\/\/www.teka.com\/pl-pl\/produkt\/lodowka-rbf-78785-fi_113560033\/","og_site_name":"Teka Polska","twitter_card":"summary_large_image","twitter_misc":{"Szacowany czas czytania":"1 minuta"},"schema":{"@context":"https:\/\/schema.org","@graph":[{"@type":"WebPage","@id":"https:\/\/www.teka.com\/pl-pl\/produkt\/lodowka-rbf-78785-fi_113560033\/","url":"https:\/\/www.teka.com\/pl-pl\/produkt\/lodowka-rbf-78785-fi_113560033\/","name":"Lod\u00f3wka RBF 78785 FI | Teka Polska","isPartOf":{"@id":"https:\/\/www.teka.com\/pl-pl\/#website"},"datePublished":"2026-04-03T20:57:20+00:00","description":"Wszystkie informacje o Total No Frost Built-in bottom freezer refrigerator with 403L capacity na oficjalnej stronie Teka Polska","inLanguage":"pl-PL","potentialAction":[{"@type":"ReadAction","target":["https:\/\/www.teka.com\/pl-pl\/produkt\/lodowka-rbf-78785-fi_113560033\/"]}]},{"@type":"WebSite","@id":"https:\/\/www.teka.com\/pl-pl\/#website","url":"https:\/\/www.teka.com\/pl-pl\/","name":"Teka Polska","description":"Tw\u00f3j przepis na \u017cycie","potentialAction":[{"@type":"SearchAction","target":{"@type":"EntryPoint","urlTemplate":"https:\/\/www.teka.com\/pl-pl\/?s={search_term_string}"},"query-input":{"@type":"PropertyValueSpecification","valueRequired":true,"valueName":"search_term_string"}}],"inLanguage":"pl-PL"}]}},"_links":{"self":[{"href":"https:\/\/www.teka.com\/pl-pl\/wp-json\/wp\/v2\/product\/128024","targetHints":{"allow":["GET"]}}],"collection":[{"href":"https:\/\/www.teka.com\/pl-pl\/wp-json\/wp\/v2\/product"}],"about":[{"href":"https:\/\/www.teka.com\/pl-pl\/wp-json\/wp\/v2\/types\/product"}],"wp:attachment":[{"href":"https:\/\/www.teka.com\/pl-pl\/wp-json\/wp\/v2\/media?parent=128024"}],"wp:term":[{"taxonomy":"product_cat","embeddable":true,"href":"https:\/\/www.teka.com\/pl-pl\/wp-json\/wp\/v2\/product_cat?post=128024"},{"taxonomy":"product_cleaning_system","embeddable":true,"href":"https:\/\/www.teka.com\/pl-pl\/wp-json\/wp\/v2\/product_cleaning_system?post=128024"},{"taxonomy":"product_edition","embeddable":true,"href":"https:\/\/www.teka.com\/pl-pl\/wp-json\/wp\/v2\/product_edition?post=128024"},{"taxonomy":"product_3rd_basket","embeddable":true,"href":"https:\/\/www.teka.com\/pl-pl\/wp-json\/wp\/v2\/product_3rd_basket?post=128024"},{"taxonomy":"product_drawers","embeddable":true,"href":"https:\/\/www.teka.com\/pl-pl\/wp-json\/wp\/v2\/product_drawers?post=128024"},{"taxonomy":"product_type_of_installation","embeddable":true,"href":"https:\/\/www.teka.com\/pl-pl\/wp-json\/wp\/v2\/product_type_of_installation?post=128024"},{"taxonomy":"product_serie","embeddable":true,"href":"https:\/\/www.teka.com\/pl-pl\/wp-json\/wp\/v2\/product_serie?post=128024"},{"taxonomy":"product_features","embeddable":true,"href":"https:\/\/www.teka.com\/pl-pl\/wp-json\/wp\/v2\/product_features?post=128024"},{"taxonomy":"finishes","embeddable":true,"href":"https:\/\/www.teka.com\/pl-pl\/wp-json\/wp\/v2\/finishes?post=128024"},{"taxonomy":"product_bundles","embeddable":true,"href":"https:\/\/www.teka.com\/pl-pl\/wp-json\/wp\/v2\/product_bundles?post=128024"},{"taxonomy":"product_energy_efficiency","embeddable":true,"href":"https:\/\/www.teka.com\/pl-pl\/wp-json\/wp\/v2\/product_energy_efficiency?post=128024"},{"taxonomy":"product_video_training","embeddable":true,"href":"https:\/\/www.teka.com\/pl-pl\/wp-json\/wp\/v2\/product_video_training?post=128024"}],"curies":[{"name":"wp","href":"https:\/\/api.w.org\/{rel}","templated":true}]}}