{"id":61424,"date":"2026-04-27T06:23:46","date_gmt":"2026-04-27T06:23:46","guid":{"rendered":"https:\/\/teka.com\/en-int\/steakmaster_111000036"},"modified":"2026-04-24T06:31:39","modified_gmt":"2026-04-24T07:31:39","slug":"steakmaster_111000036","status":"publish","type":"product","link":"https:\/\/www.teka.com\/pl-pl\/produkt\/steakmaster_111000036\/","title":{"rendered":"SteakMaster"},"content":{"rendered":"<ul>\n<li>SteakGrill (osi\u0105ga temperatur\u0119 700\u00b0C)<\/li>\n<li>13 funkcji grzania + 20 program\u00f3w automatycznych<\/li>\n<li>\u017beliwny ruszt do przygotowywania stek\u00f3w<\/li>\n<li>Klasa energetyczna A<\/li>\n<li>DualClean: czyszczenie pyrolityczne + Hydroclean\u00ae PRO<\/li>\n<\/ul>\n","protected":false},"featured_media":0,"parent":0,"template":"","product_cat":[3373],"product_cleaning_system":[3518,3631],"product_edition":[323024],"product_3rd_basket":[],"product_drawers":[],"product_type_of_installation":[328170],"product_serie":[],"product_features":[],"finishes":[],"product_bundles":[],"product_energy_efficiency":[328983],"product_video_training":[],"class_list":["post-61424","product","type-product","status-publish","hentry","product_cat-piekarniki","usp-steakmaster-02","usp-steakmaster-03","usp-steakmaster-05","usp-steakmaster-06","usp-steakmaster-01","usp-steakmaster-08","usp-steakmaster-04","usp-compacts-08","color-czarne-szklo","product_type_of_appliance-multifunkcyjne","product_ambient-urban-colors-01","product_ambient-urban-colors-02","product_ambient-urban-colors-03","product_ambient-ambient-10","product_ambient-ambient-23","product_icons-hydroclean","product_icons-softclose","product_icons-plus-extension-telescopic-guide","product_icons-pyrolysis","product_icons-surroundtemp","product_cleaning_system-hydroclean","product_cleaning_system-pyrolityczny","product_edition-night-river-black","product_type_of_installation-do-zabudowy","product_energy_efficiency-a-icon"],"acf":[],"yoast_head":"<!-- This site is optimized with the Yoast SEO plugin v27.2 - https:\/\/yoast.com\/product\/yoast-seo-wordpress\/ -->\n<title>Piekarnik do zabudowy 60 cm z pyroliz\u0105 i \u017celiwnym rusztem do stek\u00f3w STEAKMASTER-SinMarco-BK - Teka<\/title>\n<meta name=\"description\" content=\"Wszystkie informacje o Multifunction pyrolytic oven with special grill and cast iron grid for steaks na oficjalnej stronie Teka Polska\" \/>\n<meta name=\"robots\" content=\"index, follow, max-snippet:-1, max-image-preview:large, max-video-preview:-1\" \/>\n<link rel=\"canonical\" href=\"https:\/\/www.teka.com\/pl-pl\/produkt\/steakmaster_111000036\/\" \/>\n<meta property=\"og:locale\" content=\"pl_PL\" \/>\n<meta property=\"og:type\" content=\"article\" \/>\n<meta property=\"og:title\" content=\"Piekarnik do zabudowy 60 cm z pyroliz\u0105 i \u017celiwnym rusztem do stek\u00f3w STEAKMASTER-SinMarco-BK - Teka\" \/>\n<meta property=\"og:description\" content=\"Wszystkie informacje o Multifunction pyrolytic oven with special grill and cast iron grid for steaks na oficjalnej stronie Teka Polska\" \/>\n<meta property=\"og:url\" content=\"https:\/\/www.teka.com\/pl-pl\/produkt\/steakmaster_111000036\/\" \/>\n<meta property=\"og:site_name\" content=\"Teka Polska\" \/>\n<meta name=\"twitter:card\" content=\"summary_large_image\" \/>\n<script type=\"application\/ld+json\" class=\"yoast-schema-graph\">{\"@context\":\"https:\/\/schema.org\",\"@graph\":[{\"@type\":\"WebPage\",\"@id\":\"https:\/\/www.teka.com\/pl-pl\/produkt\/steakmaster_111000036\/\",\"url\":\"https:\/\/www.teka.com\/pl-pl\/produkt\/steakmaster_111000036\/\",\"name\":\"Piekarnik do zabudowy 60 cm z pyroliz\u0105 i \u017celiwnym rusztem do stek\u00f3w STEAKMASTER-SinMarco-BK - Teka\",\"isPartOf\":{\"@id\":\"https:\/\/www.teka.com\/pl-pl\/#website\"},\"datePublished\":\"2026-04-27T06:23:46+00:00\",\"description\":\"Wszystkie informacje o Multifunction pyrolytic oven with special grill and cast iron grid for steaks na oficjalnej stronie Teka Polska\",\"inLanguage\":\"pl-PL\",\"potentialAction\":[{\"@type\":\"ReadAction\",\"target\":[\"https:\/\/www.teka.com\/pl-pl\/produkt\/steakmaster_111000036\/\"]}]},{\"@type\":\"WebSite\",\"@id\":\"https:\/\/www.teka.com\/pl-pl\/#website\",\"url\":\"https:\/\/www.teka.com\/pl-pl\/\",\"name\":\"Teka Polska\",\"description\":\"Tw\u00f3j przepis na \u017cycie\",\"potentialAction\":[{\"@type\":\"SearchAction\",\"target\":{\"@type\":\"EntryPoint\",\"urlTemplate\":\"https:\/\/www.teka.com\/pl-pl\/?s={search_term_string}\"},\"query-input\":{\"@type\":\"PropertyValueSpecification\",\"valueRequired\":true,\"valueName\":\"search_term_string\"}}],\"inLanguage\":\"pl-PL\"}]}<\/script>\n<!-- \/ Yoast SEO plugin. -->","yoast_head_json":{"title":"Piekarnik do zabudowy 60 cm z pyroliz\u0105 i \u017celiwnym rusztem do stek\u00f3w STEAKMASTER-SinMarco-BK - Teka","description":"Wszystkie informacje o Multifunction pyrolytic oven with special grill and cast iron grid for steaks na oficjalnej stronie Teka Polska","robots":{"index":"index","follow":"follow","max-snippet":"max-snippet:-1","max-image-preview":"max-image-preview:large","max-video-preview":"max-video-preview:-1"},"canonical":"https:\/\/www.teka.com\/pl-pl\/produkt\/steakmaster_111000036\/","og_locale":"pl_PL","og_type":"article","og_title":"Piekarnik do zabudowy 60 cm z pyroliz\u0105 i \u017celiwnym rusztem do stek\u00f3w STEAKMASTER-SinMarco-BK - Teka","og_description":"Wszystkie informacje o Multifunction pyrolytic oven with special grill and cast iron grid for steaks na oficjalnej stronie Teka Polska","og_url":"https:\/\/www.teka.com\/pl-pl\/produkt\/steakmaster_111000036\/","og_site_name":"Teka Polska","twitter_card":"summary_large_image","schema":{"@context":"https:\/\/schema.org","@graph":[{"@type":"WebPage","@id":"https:\/\/www.teka.com\/pl-pl\/produkt\/steakmaster_111000036\/","url":"https:\/\/www.teka.com\/pl-pl\/produkt\/steakmaster_111000036\/","name":"Piekarnik do zabudowy 60 cm z pyroliz\u0105 i \u017celiwnym rusztem do stek\u00f3w STEAKMASTER-SinMarco-BK - Teka","isPartOf":{"@id":"https:\/\/www.teka.com\/pl-pl\/#website"},"datePublished":"2026-04-27T06:23:46+00:00","description":"Wszystkie informacje o Multifunction pyrolytic oven with special grill and cast iron grid for steaks na oficjalnej stronie Teka Polska","inLanguage":"pl-PL","potentialAction":[{"@type":"ReadAction","target":["https:\/\/www.teka.com\/pl-pl\/produkt\/steakmaster_111000036\/"]}]},{"@type":"WebSite","@id":"https:\/\/www.teka.com\/pl-pl\/#website","url":"https:\/\/www.teka.com\/pl-pl\/","name":"Teka Polska","description":"Tw\u00f3j przepis na \u017cycie","potentialAction":[{"@type":"SearchAction","target":{"@type":"EntryPoint","urlTemplate":"https:\/\/www.teka.com\/pl-pl\/?s={search_term_string}"},"query-input":{"@type":"PropertyValueSpecification","valueRequired":true,"valueName":"search_term_string"}}],"inLanguage":"pl-PL"}]}},"_links":{"self":[{"href":"https:\/\/www.teka.com\/pl-pl\/wp-json\/wp\/v2\/product\/61424","targetHints":{"allow":["GET"]}}],"collection":[{"href":"https:\/\/www.teka.com\/pl-pl\/wp-json\/wp\/v2\/product"}],"about":[{"href":"https:\/\/www.teka.com\/pl-pl\/wp-json\/wp\/v2\/types\/product"}],"wp:attachment":[{"href":"https:\/\/www.teka.com\/pl-pl\/wp-json\/wp\/v2\/media?parent=61424"}],"wp:term":[{"taxonomy":"product_cat","embeddable":true,"href":"https:\/\/www.teka.com\/pl-pl\/wp-json\/wp\/v2\/product_cat?post=61424"},{"taxonomy":"product_cleaning_system","embeddable":true,"href":"https:\/\/www.teka.com\/pl-pl\/wp-json\/wp\/v2\/product_cleaning_system?post=61424"},{"taxonomy":"product_edition","embeddable":true,"href":"https:\/\/www.teka.com\/pl-pl\/wp-json\/wp\/v2\/product_edition?post=61424"},{"taxonomy":"product_3rd_basket","embeddable":true,"href":"https:\/\/www.teka.com\/pl-pl\/wp-json\/wp\/v2\/product_3rd_basket?post=61424"},{"taxonomy":"product_drawers","embeddable":true,"href":"https:\/\/www.teka.com\/pl-pl\/wp-json\/wp\/v2\/product_drawers?post=61424"},{"taxonomy":"product_type_of_installation","embeddable":true,"href":"https:\/\/www.teka.com\/pl-pl\/wp-json\/wp\/v2\/product_type_of_installation?post=61424"},{"taxonomy":"product_serie","embeddable":true,"href":"https:\/\/www.teka.com\/pl-pl\/wp-json\/wp\/v2\/product_serie?post=61424"},{"taxonomy":"product_features","embeddable":true,"href":"https:\/\/www.teka.com\/pl-pl\/wp-json\/wp\/v2\/product_features?post=61424"},{"taxonomy":"finishes","embeddable":true,"href":"https:\/\/www.teka.com\/pl-pl\/wp-json\/wp\/v2\/finishes?post=61424"},{"taxonomy":"product_bundles","embeddable":true,"href":"https:\/\/www.teka.com\/pl-pl\/wp-json\/wp\/v2\/product_bundles?post=61424"},{"taxonomy":"product_energy_efficiency","embeddable":true,"href":"https:\/\/www.teka.com\/pl-pl\/wp-json\/wp\/v2\/product_energy_efficiency?post=61424"},{"taxonomy":"product_video_training","embeddable":true,"href":"https:\/\/www.teka.com\/pl-pl\/wp-json\/wp\/v2\/product_video_training?post=61424"}],"curies":[{"name":"wp","href":"https:\/\/api.w.org\/{rel}","templated":true}]}}