{"id":61523,"date":"2026-04-07T19:50:23","date_gmt":"2026-04-07T19:50:23","guid":{"rendered":"https:\/\/teka.com\/en-int\/flexlinea-rs15-34-40_115000015"},"modified":"2026-03-14T05:44:03","modified_gmt":"2026-03-14T06:44:03","slug":"flexlinea-rs15-34-40_115000015","status":"publish","type":"product","link":"https:\/\/www.teka.com\/pl-pl\/produkt\/flexlinea-rs15-34-40_115000015\/","title":{"rendered":"FlexLinea RS15 34.40"},"content":{"rendered":"<ul>\n<li>Technologia SilentSmart<\/li>\n<li>3 r\u00f3\u017cne mo\u017cliwo\u015bci monta\u017cu<\/li>\n<li>Dekoracyjna nak\u0142adka na kwadratowy odp\u0142yw<\/li>\n<li>Do szafek od 45 cm<\/li>\n<\/ul>\n","protected":false},"featured_media":0,"parent":0,"template":"","product_cat":[3367],"product_cleaning_system":[],"product_edition":[],"product_3rd_basket":[],"product_drawers":[],"product_type_of_installation":[329049,329051,329053],"product_serie":[],"product_features":[],"finishes":[],"product_bundles":[],"product_energy_efficiency":[],"product_video_training":[],"class_list":["post-61523","product","type-product","status-publish","hentry","product_cat-zlewozmywaki","usp-sinks-02","usp-sinks-04","usp-sinks-05","usp-sinks-06","usp-sinks-installation-01","usp-flexlinea-01","color-stal-nierdzewna","product_type_of_appliance-stal-szlachetna","product_icons-200mm","product_icons-hygiene","product_icons-lifetime-warrantysilentsmart","product_icons-r15","product_type_of_installation-na-rowni-z-blatem","product_type_of_installation-pod-blatem","product_type_of_installation-na-blacie"],"acf":[],"yoast_head":"<!-- This site is optimized with the Yoast SEO plugin v27.2 - https:\/\/yoast.com\/product\/yoast-seo-wordpress\/ -->\n<title>Zlewozmywak ze stali szlachetnej - Teka<\/title>\n<meta name=\"description\" content=\"Wszystkie informacje o 3-in-1 Installation stainless steel sink with one bowl na oficjalnej stronie Teka Polska\" \/>\n<meta name=\"robots\" content=\"index, follow, max-snippet:-1, max-image-preview:large, max-video-preview:-1\" \/>\n<link rel=\"canonical\" href=\"https:\/\/www.teka.com\/pl-pl\/produkt\/flexlinea-rs15-34-40_115000015\/\" \/>\n<meta property=\"og:locale\" content=\"pl_PL\" \/>\n<meta property=\"og:type\" content=\"article\" \/>\n<meta property=\"og:title\" content=\"Zlewozmywak ze stali szlachetnej - Teka\" \/>\n<meta property=\"og:description\" content=\"Wszystkie informacje o 3-in-1 Installation stainless steel sink with one bowl na oficjalnej stronie Teka Polska\" \/>\n<meta property=\"og:url\" content=\"https:\/\/www.teka.com\/pl-pl\/produkt\/flexlinea-rs15-34-40_115000015\/\" \/>\n<meta property=\"og:site_name\" content=\"Teka Polska\" \/>\n<meta name=\"twitter:card\" content=\"summary_large_image\" \/>\n<script type=\"application\/ld+json\" class=\"yoast-schema-graph\">{\"@context\":\"https:\/\/schema.org\",\"@graph\":[{\"@type\":\"WebPage\",\"@id\":\"https:\/\/www.teka.com\/pl-pl\/produkt\/flexlinea-rs15-34-40_115000015\/\",\"url\":\"https:\/\/www.teka.com\/pl-pl\/produkt\/flexlinea-rs15-34-40_115000015\/\",\"name\":\"Zlewozmywak ze stali szlachetnej - Teka\",\"isPartOf\":{\"@id\":\"https:\/\/www.teka.com\/pl-pl\/#website\"},\"datePublished\":\"2026-04-07T19:50:23+00:00\",\"description\":\"Wszystkie informacje o 3-in-1 Installation stainless steel sink with one bowl na oficjalnej stronie Teka Polska\",\"inLanguage\":\"pl-PL\",\"potentialAction\":[{\"@type\":\"ReadAction\",\"target\":[\"https:\/\/www.teka.com\/pl-pl\/produkt\/flexlinea-rs15-34-40_115000015\/\"]}]},{\"@type\":\"WebSite\",\"@id\":\"https:\/\/www.teka.com\/pl-pl\/#website\",\"url\":\"https:\/\/www.teka.com\/pl-pl\/\",\"name\":\"Teka Polska\",\"description\":\"Tw\u00f3j przepis na \u017cycie\",\"potentialAction\":[{\"@type\":\"SearchAction\",\"target\":{\"@type\":\"EntryPoint\",\"urlTemplate\":\"https:\/\/www.teka.com\/pl-pl\/?s={search_term_string}\"},\"query-input\":{\"@type\":\"PropertyValueSpecification\",\"valueRequired\":true,\"valueName\":\"search_term_string\"}}],\"inLanguage\":\"pl-PL\"}]}<\/script>\n<!-- \/ Yoast SEO plugin. -->","yoast_head_json":{"title":"Zlewozmywak ze stali szlachetnej - Teka","description":"Wszystkie informacje o 3-in-1 Installation stainless steel sink with one bowl na oficjalnej stronie Teka Polska","robots":{"index":"index","follow":"follow","max-snippet":"max-snippet:-1","max-image-preview":"max-image-preview:large","max-video-preview":"max-video-preview:-1"},"canonical":"https:\/\/www.teka.com\/pl-pl\/produkt\/flexlinea-rs15-34-40_115000015\/","og_locale":"pl_PL","og_type":"article","og_title":"Zlewozmywak ze stali szlachetnej - Teka","og_description":"Wszystkie informacje o 3-in-1 Installation stainless steel sink with one bowl na oficjalnej stronie Teka Polska","og_url":"https:\/\/www.teka.com\/pl-pl\/produkt\/flexlinea-rs15-34-40_115000015\/","og_site_name":"Teka Polska","twitter_card":"summary_large_image","schema":{"@context":"https:\/\/schema.org","@graph":[{"@type":"WebPage","@id":"https:\/\/www.teka.com\/pl-pl\/produkt\/flexlinea-rs15-34-40_115000015\/","url":"https:\/\/www.teka.com\/pl-pl\/produkt\/flexlinea-rs15-34-40_115000015\/","name":"Zlewozmywak ze stali szlachetnej - Teka","isPartOf":{"@id":"https:\/\/www.teka.com\/pl-pl\/#website"},"datePublished":"2026-04-07T19:50:23+00:00","description":"Wszystkie informacje o 3-in-1 Installation stainless steel sink with one bowl na oficjalnej stronie Teka Polska","inLanguage":"pl-PL","potentialAction":[{"@type":"ReadAction","target":["https:\/\/www.teka.com\/pl-pl\/produkt\/flexlinea-rs15-34-40_115000015\/"]}]},{"@type":"WebSite","@id":"https:\/\/www.teka.com\/pl-pl\/#website","url":"https:\/\/www.teka.com\/pl-pl\/","name":"Teka Polska","description":"Tw\u00f3j przepis na \u017cycie","potentialAction":[{"@type":"SearchAction","target":{"@type":"EntryPoint","urlTemplate":"https:\/\/www.teka.com\/pl-pl\/?s={search_term_string}"},"query-input":{"@type":"PropertyValueSpecification","valueRequired":true,"valueName":"search_term_string"}}],"inLanguage":"pl-PL"}]}},"_links":{"self":[{"href":"https:\/\/www.teka.com\/pl-pl\/wp-json\/wp\/v2\/product\/61523","targetHints":{"allow":["GET"]}}],"collection":[{"href":"https:\/\/www.teka.com\/pl-pl\/wp-json\/wp\/v2\/product"}],"about":[{"href":"https:\/\/www.teka.com\/pl-pl\/wp-json\/wp\/v2\/types\/product"}],"wp:attachment":[{"href":"https:\/\/www.teka.com\/pl-pl\/wp-json\/wp\/v2\/media?parent=61523"}],"wp:term":[{"taxonomy":"product_cat","embeddable":true,"href":"https:\/\/www.teka.com\/pl-pl\/wp-json\/wp\/v2\/product_cat?post=61523"},{"taxonomy":"product_cleaning_system","embeddable":true,"href":"https:\/\/www.teka.com\/pl-pl\/wp-json\/wp\/v2\/product_cleaning_system?post=61523"},{"taxonomy":"product_edition","embeddable":true,"href":"https:\/\/www.teka.com\/pl-pl\/wp-json\/wp\/v2\/product_edition?post=61523"},{"taxonomy":"product_3rd_basket","embeddable":true,"href":"https:\/\/www.teka.com\/pl-pl\/wp-json\/wp\/v2\/product_3rd_basket?post=61523"},{"taxonomy":"product_drawers","embeddable":true,"href":"https:\/\/www.teka.com\/pl-pl\/wp-json\/wp\/v2\/product_drawers?post=61523"},{"taxonomy":"product_type_of_installation","embeddable":true,"href":"https:\/\/www.teka.com\/pl-pl\/wp-json\/wp\/v2\/product_type_of_installation?post=61523"},{"taxonomy":"product_serie","embeddable":true,"href":"https:\/\/www.teka.com\/pl-pl\/wp-json\/wp\/v2\/product_serie?post=61523"},{"taxonomy":"product_features","embeddable":true,"href":"https:\/\/www.teka.com\/pl-pl\/wp-json\/wp\/v2\/product_features?post=61523"},{"taxonomy":"finishes","embeddable":true,"href":"https:\/\/www.teka.com\/pl-pl\/wp-json\/wp\/v2\/finishes?post=61523"},{"taxonomy":"product_bundles","embeddable":true,"href":"https:\/\/www.teka.com\/pl-pl\/wp-json\/wp\/v2\/product_bundles?post=61523"},{"taxonomy":"product_energy_efficiency","embeddable":true,"href":"https:\/\/www.teka.com\/pl-pl\/wp-json\/wp\/v2\/product_energy_efficiency?post=61523"},{"taxonomy":"product_video_training","embeddable":true,"href":"https:\/\/www.teka.com\/pl-pl\/wp-json\/wp\/v2\/product_video_training?post=61523"}],"curies":[{"name":"wp","href":"https:\/\/api.w.org\/{rel}","templated":true}]}}