{"id":62188,"date":"2026-04-24T07:43:14","date_gmt":"2026-04-24T07:43:14","guid":{"rendered":"https:\/\/teka.com\/en-int\/vs-1520-gs_111600004"},"modified":"2026-03-14T06:05:28","modified_gmt":"2026-03-14T07:05:28","slug":"vs-1520-gs_111600004","status":"publish","type":"product","link":"https:\/\/www.teka.com\/pl-pl\/produkt\/vs-1520-gs_111600004\/","title":{"rendered":"VS 1520 GS"},"content":{"rendered":"<ul>\n<li>Pakowanie pr\u00f3\u017cniowe \u017cywno\u015bci<\/li>\n<li>Wysuw na prowadnicach teleskopowych<\/li>\n<li>Dwa dyspensery z obcinarkami na folie aluminiow\u0105 i spo\u017cywcz\u0105<\/li>\n<li>Zgrzewarka woreczk\u00f3w foliowych<\/li>\n<\/ul>\n","protected":false},"featured_media":0,"parent":0,"template":"","product_cat":[3373],"product_cleaning_system":[],"product_edition":[],"product_3rd_basket":[],"product_drawers":[],"product_type_of_installation":[328170],"product_serie":[],"product_features":[],"finishes":[328205,328206,328207,328208,328209],"product_bundles":[],"product_energy_efficiency":[],"product_video_training":[],"class_list":["post-62188","product","type-product","status-publish","hentry","product_cat-piekarniki","usp-vacuumsealingmachine-03","product_type_of_appliance-szuflady","product_type_of_installation-do-zabudowy","finishes-328205","finishes-328206","finishes-328207","finishes-328208","finishes-328209"],"acf":[],"yoast_head":"<!-- This site is optimized with the Yoast SEO plugin v27.5 - https:\/\/yoast.com\/product\/yoast-seo-wordpress\/ -->\n<title>Szuflada do pakowania pr\u00f3\u017cniowego VS_152_GS_NIGHT_RIVER_BLACK - Teka<\/title>\n<meta name=\"description\" content=\"Wszystkie informacje o Vacuum sealer drawer with kitchen scale na oficjalnej stronie Teka Polska\" \/>\n<meta name=\"robots\" content=\"index, follow, max-snippet:-1, max-image-preview:large, max-video-preview:-1\" \/>\n<link rel=\"canonical\" href=\"https:\/\/www.teka.com\/pl-pl\/produkt\/vs-1520-gs_111600004\/\" \/>\n<meta property=\"og:locale\" content=\"pl_PL\" \/>\n<meta property=\"og:type\" content=\"article\" \/>\n<meta property=\"og:title\" content=\"Szuflada do pakowania pr\u00f3\u017cniowego VS_152_GS_NIGHT_RIVER_BLACK - Teka\" \/>\n<meta property=\"og:description\" content=\"Wszystkie informacje o Vacuum sealer drawer with kitchen scale na oficjalnej stronie Teka Polska\" \/>\n<meta property=\"og:url\" content=\"https:\/\/www.teka.com\/pl-pl\/produkt\/vs-1520-gs_111600004\/\" \/>\n<meta property=\"og:site_name\" content=\"Teka Polska\" \/>\n<meta name=\"twitter:card\" content=\"summary_large_image\" \/>\n<script type=\"application\/ld+json\" class=\"yoast-schema-graph\">{\"@context\":\"https:\\\/\\\/schema.org\",\"@graph\":[{\"@type\":\"WebPage\",\"@id\":\"https:\\\/\\\/www.teka.com\\\/pl-pl\\\/produkt\\\/vs-1520-gs_111600004\\\/\",\"url\":\"https:\\\/\\\/www.teka.com\\\/pl-pl\\\/produkt\\\/vs-1520-gs_111600004\\\/\",\"name\":\"Szuflada do pakowania pr\u00f3\u017cniowego VS_152_GS_NIGHT_RIVER_BLACK - Teka\",\"isPartOf\":{\"@id\":\"https:\\\/\\\/www.teka.com\\\/pl-pl\\\/#website\"},\"datePublished\":\"2026-04-24T07:43:14+00:00\",\"description\":\"Wszystkie informacje o Vacuum sealer drawer with kitchen scale na oficjalnej stronie Teka Polska\",\"inLanguage\":\"pl-PL\",\"potentialAction\":[{\"@type\":\"ReadAction\",\"target\":[\"https:\\\/\\\/www.teka.com\\\/pl-pl\\\/produkt\\\/vs-1520-gs_111600004\\\/\"]}]},{\"@type\":\"WebSite\",\"@id\":\"https:\\\/\\\/www.teka.com\\\/pl-pl\\\/#website\",\"url\":\"https:\\\/\\\/www.teka.com\\\/pl-pl\\\/\",\"name\":\"Teka Polska\",\"description\":\"Tw\u00f3j przepis na \u017cycie\",\"potentialAction\":[{\"@type\":\"SearchAction\",\"target\":{\"@type\":\"EntryPoint\",\"urlTemplate\":\"https:\\\/\\\/www.teka.com\\\/pl-pl\\\/?s={search_term_string}\"},\"query-input\":{\"@type\":\"PropertyValueSpecification\",\"valueRequired\":true,\"valueName\":\"search_term_string\"}}],\"inLanguage\":\"pl-PL\"}]}<\/script>\n<!-- \/ Yoast SEO plugin. -->","yoast_head_json":{"title":"Szuflada do pakowania pr\u00f3\u017cniowego VS_152_GS_NIGHT_RIVER_BLACK - Teka","description":"Wszystkie informacje o Vacuum sealer drawer with kitchen scale na oficjalnej stronie Teka Polska","robots":{"index":"index","follow":"follow","max-snippet":"max-snippet:-1","max-image-preview":"max-image-preview:large","max-video-preview":"max-video-preview:-1"},"canonical":"https:\/\/www.teka.com\/pl-pl\/produkt\/vs-1520-gs_111600004\/","og_locale":"pl_PL","og_type":"article","og_title":"Szuflada do pakowania pr\u00f3\u017cniowego VS_152_GS_NIGHT_RIVER_BLACK - Teka","og_description":"Wszystkie informacje o Vacuum sealer drawer with kitchen scale na oficjalnej stronie Teka Polska","og_url":"https:\/\/www.teka.com\/pl-pl\/produkt\/vs-1520-gs_111600004\/","og_site_name":"Teka Polska","twitter_card":"summary_large_image","schema":{"@context":"https:\/\/schema.org","@graph":[{"@type":"WebPage","@id":"https:\/\/www.teka.com\/pl-pl\/produkt\/vs-1520-gs_111600004\/","url":"https:\/\/www.teka.com\/pl-pl\/produkt\/vs-1520-gs_111600004\/","name":"Szuflada do pakowania pr\u00f3\u017cniowego VS_152_GS_NIGHT_RIVER_BLACK - Teka","isPartOf":{"@id":"https:\/\/www.teka.com\/pl-pl\/#website"},"datePublished":"2026-04-24T07:43:14+00:00","description":"Wszystkie informacje o Vacuum sealer drawer with kitchen scale na oficjalnej stronie Teka Polska","inLanguage":"pl-PL","potentialAction":[{"@type":"ReadAction","target":["https:\/\/www.teka.com\/pl-pl\/produkt\/vs-1520-gs_111600004\/"]}]},{"@type":"WebSite","@id":"https:\/\/www.teka.com\/pl-pl\/#website","url":"https:\/\/www.teka.com\/pl-pl\/","name":"Teka Polska","description":"Tw\u00f3j przepis na \u017cycie","potentialAction":[{"@type":"SearchAction","target":{"@type":"EntryPoint","urlTemplate":"https:\/\/www.teka.com\/pl-pl\/?s={search_term_string}"},"query-input":{"@type":"PropertyValueSpecification","valueRequired":true,"valueName":"search_term_string"}}],"inLanguage":"pl-PL"}]}},"_links":{"self":[{"href":"https:\/\/www.teka.com\/pl-pl\/wp-json\/wp\/v2\/product\/62188","targetHints":{"allow":["GET"]}}],"collection":[{"href":"https:\/\/www.teka.com\/pl-pl\/wp-json\/wp\/v2\/product"}],"about":[{"href":"https:\/\/www.teka.com\/pl-pl\/wp-json\/wp\/v2\/types\/product"}],"wp:attachment":[{"href":"https:\/\/www.teka.com\/pl-pl\/wp-json\/wp\/v2\/media?parent=62188"}],"wp:term":[{"taxonomy":"product_cat","embeddable":true,"href":"https:\/\/www.teka.com\/pl-pl\/wp-json\/wp\/v2\/product_cat?post=62188"},{"taxonomy":"product_cleaning_system","embeddable":true,"href":"https:\/\/www.teka.com\/pl-pl\/wp-json\/wp\/v2\/product_cleaning_system?post=62188"},{"taxonomy":"product_edition","embeddable":true,"href":"https:\/\/www.teka.com\/pl-pl\/wp-json\/wp\/v2\/product_edition?post=62188"},{"taxonomy":"product_3rd_basket","embeddable":true,"href":"https:\/\/www.teka.com\/pl-pl\/wp-json\/wp\/v2\/product_3rd_basket?post=62188"},{"taxonomy":"product_drawers","embeddable":true,"href":"https:\/\/www.teka.com\/pl-pl\/wp-json\/wp\/v2\/product_drawers?post=62188"},{"taxonomy":"product_type_of_installation","embeddable":true,"href":"https:\/\/www.teka.com\/pl-pl\/wp-json\/wp\/v2\/product_type_of_installation?post=62188"},{"taxonomy":"product_serie","embeddable":true,"href":"https:\/\/www.teka.com\/pl-pl\/wp-json\/wp\/v2\/product_serie?post=62188"},{"taxonomy":"product_features","embeddable":true,"href":"https:\/\/www.teka.com\/pl-pl\/wp-json\/wp\/v2\/product_features?post=62188"},{"taxonomy":"finishes","embeddable":true,"href":"https:\/\/www.teka.com\/pl-pl\/wp-json\/wp\/v2\/finishes?post=62188"},{"taxonomy":"product_bundles","embeddable":true,"href":"https:\/\/www.teka.com\/pl-pl\/wp-json\/wp\/v2\/product_bundles?post=62188"},{"taxonomy":"product_energy_efficiency","embeddable":true,"href":"https:\/\/www.teka.com\/pl-pl\/wp-json\/wp\/v2\/product_energy_efficiency?post=62188"},{"taxonomy":"product_video_training","embeddable":true,"href":"https:\/\/www.teka.com\/pl-pl\/wp-json\/wp\/v2\/product_video_training?post=62188"}],"curies":[{"name":"wp","href":"https:\/\/api.w.org\/{rel}","templated":true}]}}