{"id":62192,"date":"2026-04-27T06:23:36","date_gmt":"2026-04-27T06:23:36","guid":{"rendered":"https:\/\/teka.com\/en-int\/clc-855-gm_111630004"},"modified":"2026-04-24T02:10:41","modified_gmt":"2026-04-24T03:10:41","slug":"clc-855-gm_111630004","status":"publish","type":"product","link":"https:\/\/www.teka.com\/pl-pl\/produkt\/clc-855-gm_111630004\/","title":{"rendered":"CLC 855 GM"},"content":{"rendered":"<ul>\n<li>3 funkcje: kawa, spienianie mleka, gor\u0105ca woda<\/li>\n<li>30 program\u00f3w automatycznych<\/li>\n<li>Mo\u017cliwo\u015b\u0107 przygotowania 2 fili\u017canek kawy jednocze\u015bnie<\/li>\n<li>13-stopniowa regulacja grubo\u015bci mielenia kawy<\/li>\n<li>Funkcja samooczyszczania i automatycznego odkamieniania<\/li>\n<li>Ci\u015bnienie: 15 bar<\/li>\n<\/ul>\n","protected":false},"featured_media":0,"parent":0,"template":"","product_cat":[3375],"product_cleaning_system":[],"product_edition":[323024],"product_3rd_basket":[],"product_drawers":[],"product_type_of_installation":[328170],"product_serie":[],"product_features":[],"finishes":[],"product_bundles":[],"product_energy_efficiency":[],"product_video_training":[],"class_list":["post-62192","product","type-product","status-publish","hentry","product_cat-ekspres-do-kawy","usp-coffeemachine-01","usp-coffeemachine-02","usp-coffeemachine-03","usp-cookinglovers-10","color-czarne-szklo","product_ambient-urban-colors-01","product_ambient-urban-colors-02","product_ambient-urban-colors-03","product_ambient-ambient-08","product_ambient-ambient-12","product_icons-coffee-beans","product_icons-ground-coffee","product_edition-night-river-black","product_type_of_installation-do-zabudowy"],"acf":[],"yoast_head":"<!-- This site is optimized with the Yoast SEO plugin v27.5 - https:\/\/yoast.com\/product\/yoast-seo-wordpress\/ -->\n<title>Ekspres do kawy do zabudowy 45 cm CLC-855-GM-NIGHT-RIVER-BK<\/title>\n<meta name=\"description\" content=\"Wszystkie informacje o Urban Colors Edition. Built-in coffee machine with automatic programs for ground coffee, tea and steam na oficjalnej stronie Teka Polska\" \/>\n<meta name=\"robots\" content=\"index, follow, max-snippet:-1, max-image-preview:large, max-video-preview:-1\" \/>\n<link rel=\"canonical\" href=\"https:\/\/www.teka.com\/pl-pl\/produkt\/clc-855-gm_111630004\/\" \/>\n<meta property=\"og:locale\" content=\"pl_PL\" \/>\n<meta property=\"og:type\" content=\"article\" \/>\n<meta property=\"og:title\" content=\"Ekspres do kawy do zabudowy 45 cm CLC-855-GM-NIGHT-RIVER-BK\" \/>\n<meta property=\"og:description\" content=\"Wszystkie informacje o Urban Colors Edition. Built-in coffee machine with automatic programs for ground coffee, tea and steam na oficjalnej stronie Teka Polska\" \/>\n<meta property=\"og:url\" content=\"https:\/\/www.teka.com\/pl-pl\/produkt\/clc-855-gm_111630004\/\" \/>\n<meta property=\"og:site_name\" content=\"Teka Polska\" \/>\n<meta name=\"twitter:card\" content=\"summary_large_image\" \/>\n<script type=\"application\/ld+json\" class=\"yoast-schema-graph\">{\"@context\":\"https:\\\/\\\/schema.org\",\"@graph\":[{\"@type\":\"WebPage\",\"@id\":\"https:\\\/\\\/www.teka.com\\\/pl-pl\\\/produkt\\\/clc-855-gm_111630004\\\/\",\"url\":\"https:\\\/\\\/www.teka.com\\\/pl-pl\\\/produkt\\\/clc-855-gm_111630004\\\/\",\"name\":\"Ekspres do kawy do zabudowy 45 cm CLC-855-GM-NIGHT-RIVER-BK\",\"isPartOf\":{\"@id\":\"https:\\\/\\\/www.teka.com\\\/pl-pl\\\/#website\"},\"datePublished\":\"2026-04-27T06:23:36+00:00\",\"description\":\"Wszystkie informacje o Urban Colors Edition. Built-in coffee machine with automatic programs for ground coffee, tea and steam na oficjalnej stronie Teka Polska\",\"inLanguage\":\"pl-PL\",\"potentialAction\":[{\"@type\":\"ReadAction\",\"target\":[\"https:\\\/\\\/www.teka.com\\\/pl-pl\\\/produkt\\\/clc-855-gm_111630004\\\/\"]}]},{\"@type\":\"WebSite\",\"@id\":\"https:\\\/\\\/www.teka.com\\\/pl-pl\\\/#website\",\"url\":\"https:\\\/\\\/www.teka.com\\\/pl-pl\\\/\",\"name\":\"Teka Polska\",\"description\":\"Tw\u00f3j przepis na \u017cycie\",\"potentialAction\":[{\"@type\":\"SearchAction\",\"target\":{\"@type\":\"EntryPoint\",\"urlTemplate\":\"https:\\\/\\\/www.teka.com\\\/pl-pl\\\/?s={search_term_string}\"},\"query-input\":{\"@type\":\"PropertyValueSpecification\",\"valueRequired\":true,\"valueName\":\"search_term_string\"}}],\"inLanguage\":\"pl-PL\"}]}<\/script>\n<!-- \/ Yoast SEO plugin. -->","yoast_head_json":{"title":"Ekspres do kawy do zabudowy 45 cm CLC-855-GM-NIGHT-RIVER-BK","description":"Wszystkie informacje o Urban Colors Edition. Built-in coffee machine with automatic programs for ground coffee, tea and steam na oficjalnej stronie Teka Polska","robots":{"index":"index","follow":"follow","max-snippet":"max-snippet:-1","max-image-preview":"max-image-preview:large","max-video-preview":"max-video-preview:-1"},"canonical":"https:\/\/www.teka.com\/pl-pl\/produkt\/clc-855-gm_111630004\/","og_locale":"pl_PL","og_type":"article","og_title":"Ekspres do kawy do zabudowy 45 cm CLC-855-GM-NIGHT-RIVER-BK","og_description":"Wszystkie informacje o Urban Colors Edition. Built-in coffee machine with automatic programs for ground coffee, tea and steam na oficjalnej stronie Teka Polska","og_url":"https:\/\/www.teka.com\/pl-pl\/produkt\/clc-855-gm_111630004\/","og_site_name":"Teka Polska","twitter_card":"summary_large_image","schema":{"@context":"https:\/\/schema.org","@graph":[{"@type":"WebPage","@id":"https:\/\/www.teka.com\/pl-pl\/produkt\/clc-855-gm_111630004\/","url":"https:\/\/www.teka.com\/pl-pl\/produkt\/clc-855-gm_111630004\/","name":"Ekspres do kawy do zabudowy 45 cm CLC-855-GM-NIGHT-RIVER-BK","isPartOf":{"@id":"https:\/\/www.teka.com\/pl-pl\/#website"},"datePublished":"2026-04-27T06:23:36+00:00","description":"Wszystkie informacje o Urban Colors Edition. Built-in coffee machine with automatic programs for ground coffee, tea and steam na oficjalnej stronie Teka Polska","inLanguage":"pl-PL","potentialAction":[{"@type":"ReadAction","target":["https:\/\/www.teka.com\/pl-pl\/produkt\/clc-855-gm_111630004\/"]}]},{"@type":"WebSite","@id":"https:\/\/www.teka.com\/pl-pl\/#website","url":"https:\/\/www.teka.com\/pl-pl\/","name":"Teka Polska","description":"Tw\u00f3j przepis na \u017cycie","potentialAction":[{"@type":"SearchAction","target":{"@type":"EntryPoint","urlTemplate":"https:\/\/www.teka.com\/pl-pl\/?s={search_term_string}"},"query-input":{"@type":"PropertyValueSpecification","valueRequired":true,"valueName":"search_term_string"}}],"inLanguage":"pl-PL"}]}},"_links":{"self":[{"href":"https:\/\/www.teka.com\/pl-pl\/wp-json\/wp\/v2\/product\/62192","targetHints":{"allow":["GET"]}}],"collection":[{"href":"https:\/\/www.teka.com\/pl-pl\/wp-json\/wp\/v2\/product"}],"about":[{"href":"https:\/\/www.teka.com\/pl-pl\/wp-json\/wp\/v2\/types\/product"}],"wp:attachment":[{"href":"https:\/\/www.teka.com\/pl-pl\/wp-json\/wp\/v2\/media?parent=62192"}],"wp:term":[{"taxonomy":"product_cat","embeddable":true,"href":"https:\/\/www.teka.com\/pl-pl\/wp-json\/wp\/v2\/product_cat?post=62192"},{"taxonomy":"product_cleaning_system","embeddable":true,"href":"https:\/\/www.teka.com\/pl-pl\/wp-json\/wp\/v2\/product_cleaning_system?post=62192"},{"taxonomy":"product_edition","embeddable":true,"href":"https:\/\/www.teka.com\/pl-pl\/wp-json\/wp\/v2\/product_edition?post=62192"},{"taxonomy":"product_3rd_basket","embeddable":true,"href":"https:\/\/www.teka.com\/pl-pl\/wp-json\/wp\/v2\/product_3rd_basket?post=62192"},{"taxonomy":"product_drawers","embeddable":true,"href":"https:\/\/www.teka.com\/pl-pl\/wp-json\/wp\/v2\/product_drawers?post=62192"},{"taxonomy":"product_type_of_installation","embeddable":true,"href":"https:\/\/www.teka.com\/pl-pl\/wp-json\/wp\/v2\/product_type_of_installation?post=62192"},{"taxonomy":"product_serie","embeddable":true,"href":"https:\/\/www.teka.com\/pl-pl\/wp-json\/wp\/v2\/product_serie?post=62192"},{"taxonomy":"product_features","embeddable":true,"href":"https:\/\/www.teka.com\/pl-pl\/wp-json\/wp\/v2\/product_features?post=62192"},{"taxonomy":"finishes","embeddable":true,"href":"https:\/\/www.teka.com\/pl-pl\/wp-json\/wp\/v2\/finishes?post=62192"},{"taxonomy":"product_bundles","embeddable":true,"href":"https:\/\/www.teka.com\/pl-pl\/wp-json\/wp\/v2\/product_bundles?post=62192"},{"taxonomy":"product_energy_efficiency","embeddable":true,"href":"https:\/\/www.teka.com\/pl-pl\/wp-json\/wp\/v2\/product_energy_efficiency?post=62192"},{"taxonomy":"product_video_training","embeddable":true,"href":"https:\/\/www.teka.com\/pl-pl\/wp-json\/wp\/v2\/product_video_training?post=62192"}],"curies":[{"name":"wp","href":"https:\/\/api.w.org\/{rel}","templated":true}]}}