{"id":21989,"date":"2018-09-11T07:58:22","date_gmt":"2018-09-11T07:58:22","guid":{"rendered":"http:\/\/teka.com\/?page_id=21989"},"modified":"2024-09-09T09:57:54","modified_gmt":"2024-09-09T09:57:54","slug":"sobre-nos","status":"publish","type":"page","link":"https:\/\/www.teka.com\/pt-pt\/sobre-nos\/","title":{"rendered":"Sobre n\u00f3s"},"content":{"rendered":"<p>[et_pb_section fb_built=&#8221;1&#8243; module_id=&#8221;teka-top&#8221; _builder_version=&#8221;3.17.6&#8243; background_image=&#8221;http:\/\/teka.com\/pt-pt\/wp-content\/uploads\/sites\/8\/2018\/11\/teka-slider-about-us-desktop.jpg&#8221; global_module=&#8221;23211&#8243; collapsed=&#8221;on&#8221; global_colors_info=&#8221;{}&#8221;][et_pb_row column_structure=&#8221;1_2,1_2&#8243; _builder_version=&#8221;4.16&#8243; background_size=&#8221;initial&#8221; background_position=&#8221;top_left&#8221; background_repeat=&#8221;repeat&#8221; global_colors_info=&#8221;{}&#8221;][et_pb_column type=&#8221;1_2&#8243; _builder_version=&#8221;4.16&#8243; custom_padding=&#8221;|||&#8221; global_colors_info=&#8221;{}&#8221; custom_padding__hover=&#8221;|||&#8221;][et_pb_text admin_label=&#8221;Header Title&#8221; _builder_version=&#8221;4.16&#8243; background_layout=&#8221;dark&#8221; global_colors_info=&#8221;{}&#8221;]<\/p>\n<p>\u00a0<\/p>\n<p>\u00a0<\/p>\n<h3><strong>Grupo Teka<\/strong>,<br \/>Origem Alem\u00e3<\/h3>\n<p>\u00a0<\/p>\n<p>\u00a0<\/p>\n<p>\u00a0<\/p>\n<p>\u00a0<\/p>\n<p>[\/et_pb_text][\/et_pb_column][et_pb_column type=&#8221;1_2&#8243; _builder_version=&#8221;4.16&#8243; custom_padding=&#8221;|||&#8221; global_colors_info=&#8221;{}&#8221; custom_padding__hover=&#8221;|||&#8221;][\/et_pb_column][\/et_pb_row][\/et_pb_section][et_pb_section fb_built=&#8221;1&#8243; module_id=&#8221;teka-menu&#8221; _builder_version=&#8221;3.14&#8243; background_color=&#8221;#0e0e0e&#8221; global_module=&#8221;23212&#8243; collapsed=&#8221;on&#8221; global_colors_info=&#8221;{}&#8221;][et_pb_row _builder_version=&#8221;4.16&#8243; background_size=&#8221;initial&#8221; background_position=&#8221;top_left&#8221; background_repeat=&#8221;repeat&#8221; global_colors_info=&#8221;{}&#8221;][et_pb_column type=&#8221;4_4&#8243; _builder_version=&#8221;4.16&#8243; custom_padding=&#8221;|||&#8221; global_colors_info=&#8221;{}&#8221; custom_padding__hover=&#8221;|||&#8221;][et_pb_sidebar area=&#8221;et_pb_widget_area_7&#8243; disabled_on=&#8221;on|on|&#8221; _builder_version=&#8221;4.16&#8243; background_layout=&#8221;dark&#8221; global_colors_info=&#8221;{}&#8221;][\/et_pb_sidebar][et_pb_sidebar area=&#8221;et_pb_widget_area_9&#8243; disabled_on=&#8221;on||on&#8221; admin_label=&#8221;Sidebar Tablet&#8221; _builder_version=&#8221;4.16&#8243; background_layout=&#8221;dark&#8221; global_colors_info=&#8221;{}&#8221;][\/et_pb_sidebar][et_pb_sidebar area=&#8221;et_pb_widget_area_8&#8243; disabled_on=&#8221;|on|on&#8221; admin_label=&#8221;Sidebar Mobile&#8221; _builder_version=&#8221;4.16&#8243; background_layout=&#8221;dark&#8221; global_colors_info=&#8221;{}&#8221;][\/et_pb_sidebar][\/et_pb_column][\/et_pb_row][\/et_pb_section][et_pb_section fb_built=&#8221;1&#8243; module_id=&#8221;about-us&#8221; _builder_version=&#8221;4.16&#8243; global_colors_info=&#8221;{}&#8221;][et_pb_row _builder_version=&#8221;4.16&#8243; background_size=&#8221;initial&#8221; background_position=&#8221;top_left&#8221; background_repeat=&#8221;repeat&#8221; module_alignment=&#8221;center&#8221; custom_padding=&#8221;32px|0px|32px|0px|false|false&#8221; use_custom_width=&#8221;on&#8221; global_colors_info=&#8221;{}&#8221;][et_pb_column type=&#8221;4_4&#8243; _builder_version=&#8221;4.16&#8243; custom_padding=&#8221;|||&#8221; global_colors_info=&#8221;{}&#8221; custom_padding__hover=&#8221;|||&#8221;][et_pb_text _builder_version=&#8221;4.16&#8243; global_colors_info=&#8221;{}&#8221;]<\/p>\n<h1 style=\"text-align: center;\">A criar<strong> momentos inesquec\u00edveis<\/strong><\/h1>\n<p>[\/et_pb_text][\/et_pb_column][\/et_pb_row][et_pb_row _builder_version=&#8221;4.16&#8243; background_size=&#8221;initial&#8221; background_position=&#8221;top_left&#8221; background_repeat=&#8221;repeat&#8221; custom_padding=&#8221;24.9375px|0px|24px|0px|false|false&#8221; global_colors_info=&#8221;{}&#8221;][et_pb_column type=&#8221;4_4&#8243; _builder_version=&#8221;4.16&#8243; custom_padding=&#8221;|||&#8221; global_colors_info=&#8221;{}&#8221; custom_padding__hover=&#8221;|||&#8221;][et_pb_text _builder_version=&#8221;4.16&#8243; max_width=&#8221;80%&#8221; module_alignment=&#8221;center&#8221; hover_enabled=&#8221;0&#8243; global_colors_info=&#8221;{}&#8221; sticky_enabled=&#8221;0&#8243;]<\/p>\n<h6 style=\"text-align: center;\">Combinamos <strong>qualidade<\/strong>,<strong> facilidade de uso<\/strong>\u00a0e <strong>efici\u00eancia<\/strong>, em tudo o que fazemos para encontrar a melhor solu\u00e7\u00e3o para a sua casa. O nosso principal objetivo \u00e9 criar experi\u00eancias inesquec\u00edveis para compartilhar com os nossos entes queridos.<\/h6>\n<p>[\/et_pb_text][\/et_pb_column][\/et_pb_row][et_pb_row _builder_version=&#8221;4.16&#8243; background_size=&#8221;initial&#8221; background_position=&#8221;top_left&#8221; background_repeat=&#8221;repeat&#8221; custom_padding=&#8221;24px|0px|24.9375px|0px|false|false&#8221; global_colors_info=&#8221;{}&#8221;][et_pb_column type=&#8221;4_4&#8243; _builder_version=&#8221;4.16&#8243; custom_padding=&#8221;|||&#8221; global_colors_info=&#8221;{}&#8221; custom_padding__hover=&#8221;|||&#8221;][et_pb_divider color=&#8221;#b7b7b7&#8243; _builder_version=&#8221;4.16&#8243; global_colors_info=&#8221;{}&#8221;]<br \/>\n[\/et_pb_divider][et_pb_text _builder_version=&#8221;4.16&#8243; hover_enabled=&#8221;0&#8243; global_colors_info=&#8221;{}&#8221; sticky_enabled=&#8221;0&#8243;]<\/p>\n<h2 style=\"text-align: center\">Uma <strong>receita<\/strong> para a vida<\/h2>\n<p>[\/et_pb_text][\/et_pb_column][\/et_pb_row][et_pb_row column_structure=&#8221;1_2,1_2&#8243; _builder_version=&#8221;4.16&#8243; background_size=&#8221;initial&#8221; background_position=&#8221;top_left&#8221; background_repeat=&#8221;repeat&#8221; global_colors_info=&#8221;{}&#8221;][et_pb_column type=&#8221;1_2&#8243; _builder_version=&#8221;4.16&#8243; custom_padding=&#8221;|||&#8221; global_colors_info=&#8221;{}&#8221; custom_padding__hover=&#8221;|||&#8221;][et_pb_text _builder_version=&#8221;4.22.1&#8243; hover_enabled=&#8221;0&#8243; global_colors_info=&#8221;{}&#8221; sticky_enabled=&#8221;0&#8243;]<\/p>\n<p style=\"text-align: justify;\"><span style=\"font-weight: 400;\"> A cozinha \u00e9 o centro da sua casa e na Teka desenhamos eletrodom\u00e9sticos que sejam a alma da sua cozinha. Porque \u00e9 aqui que se cozinha a vida e onde t\u00eam lugar alguns dos melhores momentos das nossas vidas. <\/span><\/p>\n<p style=\"text-align: justify;\">Para n\u00f3s, a cozinha \u00e9 muito mais do que um lugar onde se preparam refei\u00e7\u00f5es. \u00c9 onde rimos, sonhamos, partilhamos, conversamos, tomamos decis\u00f5es, planeamos a vida e por fim, onde vivemos momentos inesquec\u00edveis.<\/p>\n<p style=\"text-align: justify;\"><span style=\"font-weight: 400;\">Por tudo isto, desenhamos e fabricamos eletrodom\u00e9sticos que oferecem solu\u00e7\u00f5es e inova\u00e7\u00f5es reais, que se adaptam ao seu estilo de vida e que sejam harmoniosos com a sua casa.<\/span><\/p>\n<p style=\"text-align: justify;\"><span style=\"font-weight: 400;\"> Trabalhamos todos os dias para perceber quais s\u00e3o as suas necessidades e para oferecer novas solu\u00e7\u00f5es que o ajudem a descobrir novas possibilidades na sua cozinha.<\/span><\/p>\n<p>[\/et_pb_text][\/et_pb_column][et_pb_column type=&#8221;1_2&#8243; _builder_version=&#8221;4.16&#8243; custom_padding=&#8221;|||&#8221; global_colors_info=&#8221;{}&#8221; custom_padding__hover=&#8221;|||&#8221;][et_pb_text _builder_version=&#8221;4.22.1&#8243; global_colors_info=&#8221;{}&#8221;]<\/p>\n<p style=\"text-align: justify;\"><span style=\"font-weight: 400;\">A nossa marca, de origem alem\u00e3, fabrica todos os seus produtos tendo em conta a qualidade, a tecnologia e a inova\u00e7\u00e3o. Os produtos Teka s\u00e3o reconhecidos mundialmente pela sua fiabilidade, efici\u00eancia e precis\u00e3o e at\u00e9 hoje, com 100 anos de hist\u00f3ria, a marca continua a trabalhar de forma exaustiva para dotar os seus produtos com as melhores funcionalidades, procurando a excel\u00eancia.<\/span><\/p>\n<p style=\"text-align: justify;\"><span style=\"font-weight: 400;\">Os nossos valores, fortemente enraizados na empresa e em toda a equipa s\u00e3o claros: honestidade, generosidade e originalidade. Isto significa que trabalhamos para si, estando sempre do seu lado, ajudando-o a resolver os seus problemas do dia-a-dia.<br \/>Desde o in\u00edcio que temos apostado em produtos com a melhor qualidade, design mais atual e original e as melhores inova\u00e7\u00f5es a um pre\u00e7o justo.<\/span><\/p>\n<p style=\"text-align: justify;\"><span style=\"font-weight: 400;\">Estes s\u00e3o os principais ingredientes nos nossos produtos: <\/span><\/p>\n<p>[\/et_pb_text][\/et_pb_column][\/et_pb_row][\/et_pb_section][et_pb_section fb_built=&#8221;1&#8243; module_id=&#8221;about-teka-teka-bottom&#8221; _builder_version=&#8221;4.16&#8243; custom_margin=&#8221;0px|||&#8221; custom_padding=&#8221;0px|||&#8221; global_colors_info=&#8221;{}&#8221;][et_pb_row _builder_version=&#8221;4.16&#8243; background_size=&#8221;initial&#8221; background_position=&#8221;top_left&#8221; background_repeat=&#8221;repeat&#8221; global_colors_info=&#8221;{}&#8221;][et_pb_column type=&#8221;4_4&#8243; _builder_version=&#8221;4.16&#8243; custom_padding=&#8221;|||&#8221; global_colors_info=&#8221;{}&#8221; custom_padding__hover=&#8221;|||&#8221;][et_pb_text _builder_version=&#8221;4.16&#8243; global_colors_info=&#8221;{}&#8221;]<\/p>\n<h2 style=\"text-align: center\">Os nossos <strong>valores<\/strong><\/h2>\n<p>[\/et_pb_text][\/et_pb_column][\/et_pb_row][et_pb_row column_structure=&#8221;1_3,1_3,1_3&#8243; _builder_version=&#8221;4.16&#8243; background_size=&#8221;initial&#8221; background_position=&#8221;top_left&#8221; background_repeat=&#8221;repeat&#8221; global_colors_info=&#8221;{}&#8221;][et_pb_column type=&#8221;1_3&#8243; _builder_version=&#8221;4.16&#8243; custom_padding=&#8221;|||&#8221; global_colors_info=&#8221;{}&#8221; custom_padding__hover=&#8221;|||&#8221;][et_pb_text admin_label=&#8221;Image + title&#8221; module_class=&#8221;our-values-img&#8221; _builder_version=&#8221;4.16&#8243; background_image=&#8221;https:\/\/teka.com\/pt-pt\/wp-content\/uploads\/sites\/8\/2018\/12\/teka-honesty-270&#215;270.jpg&#8221; text_orientation=&#8221;center&#8221; background_layout=&#8221;dark&#8221; global_colors_info=&#8221;{}&#8221;]<\/p>\n<h3>Honestidade<\/h3>\n<p>[\/et_pb_text][et_pb_text admin_label=&#8221;Honesty &#8211; Text&#8221; module_class=&#8221;sobre-teka-ingredientes&#8221; _builder_version=&#8221;4.16&#8243; global_colors_info=&#8221;{}&#8221;]<\/p>\n<p style=\"text-align: center\"><strong>Estamos do seu lado<\/strong><\/p>\n<p style=\"text-align: center\">Comunicamos com os nossos clientes de maneira respons\u00e1vel, clara e transparente. A Teka est\u00e1 perto de si, entende as suas necessidades e permite descobrir novas possibilidades na cozinha.<\/p>\n<p>[\/et_pb_text][\/et_pb_column][et_pb_column type=&#8221;1_3&#8243; _builder_version=&#8221;4.16&#8243; custom_padding=&#8221;|||&#8221; global_colors_info=&#8221;{}&#8221; custom_padding__hover=&#8221;|||&#8221;][et_pb_text admin_label=&#8221;Image + title&#8221; module_class=&#8221;our-values-img&#8221; _builder_version=&#8221;4.16&#8243; background_image=&#8221;https:\/\/teka.com\/pt-pt\/wp-content\/uploads\/sites\/8\/2018\/12\/teka-generosity-270&#215;270.jpg&#8221; text_orientation=&#8221;center&#8221; background_layout=&#8221;dark&#8221; global_colors_info=&#8221;{}&#8221;]<\/p>\n<h3>Generosidade<\/h3>\n<p>[\/et_pb_text][et_pb_text admin_label=&#8221;Generosity &#8211; Text&#8221; module_class=&#8221;sobre-teka-ingredientes&#8221; _builder_version=&#8221;4.22.1&#8243; global_colors_info=&#8221;{}&#8221;]<\/p>\n<p style=\"text-align: center;\"><strong>Oferecemos-lhe mais<\/strong><\/p>\n<p style=\"text-align: center;\">Concentramo-nos no genu\u00edno e no essencial: transformar o funcional em humano. \u00c9 por isso que nos preocupamos em oferecer tecnologia excecional, inova\u00e7\u00e3o e design original a pre\u00e7os justos.<\/p>\n<p style=\"text-align: center;\">Temos em conta as hist\u00f3rias do dia-a-dia com a nossa experi\u00eancia, oferecendo solu\u00e7\u00f5es para adicionar alma \u00e0 sua cozinha. Criamos o ambiente perfeito para vivenciar momentos inesquec\u00edveis e que valham a pena.<\/p>\n<p>[\/et_pb_text][\/et_pb_column][et_pb_column type=&#8221;1_3&#8243; _builder_version=&#8221;4.16&#8243; custom_padding=&#8221;|||&#8221; global_colors_info=&#8221;{}&#8221; custom_padding__hover=&#8221;|||&#8221;][et_pb_text admin_label=&#8221;Image + title&#8221; module_class=&#8221;our-values-img&#8221; _builder_version=&#8221;4.16&#8243; background_image=&#8221;https:\/\/teka.com\/pt-pt\/wp-content\/uploads\/sites\/8\/2018\/12\/teka-originality-270&#215;270.jpg&#8221; text_orientation=&#8221;center&#8221; background_layout=&#8221;dark&#8221; global_colors_info=&#8221;{}&#8221;]<\/p>\n<h3>Originalidade<\/h3>\n<p>[\/et_pb_text][et_pb_text admin_label=&#8221;Originality &#8211; Text&#8221; module_class=&#8221;sobre-teka-ingredientes&#8221; _builder_version=&#8221;4.22.1&#8243; global_colors_info=&#8221;{}&#8221;]<\/p>\n<p style=\"text-align: center;\"><strong>Uma alternativa relevante<\/strong><\/p>\n<p style=\"text-align: center;\">N\u00f3s despertamos emo\u00e7\u00f5es e prefer\u00eancias, gra\u00e7as \u00e0 nossa maneira singular de fazer as coisas. O nosso objetivo \u00e9 conectarmo-nos com as pessoas, permitindo experi\u00eancias que v\u00e3o al\u00e9m das caracter\u00edsticas do produto e da inova\u00e7\u00e3o. Para n\u00f3s, a inspira\u00e7\u00e3o \u00e9 o caminho certo.<\/p>\n<p>[\/et_pb_text][\/et_pb_column][\/et_pb_row][\/et_pb_section]<\/p>\n","protected":false},"excerpt":{"rendered":"<p>\u00a0 \u00a0 Grupo Teka,Origem Alem\u00e3 \u00a0 \u00a0 \u00a0 \u00a0A criar momentos inesquec\u00edveisCombinamos qualidade, facilidade de uso\u00a0e efici\u00eancia, em tudo o que fazemos para encontrar a melhor solu\u00e7\u00e3o para a sua casa. O nosso principal objetivo \u00e9 criar experi\u00eancias inesquec\u00edveis para compartilhar com os nossos entes queridos. Uma receita para a vida A cozinha \u00e9 o [&hellip;]<\/p>\n","protected":false},"author":9,"featured_media":0,"parent":0,"menu_order":0,"comment_status":"closed","ping_status":"closed","template":"","meta":{"_acf_changed":false,"_et_pb_use_builder":"on","_et_pb_old_content":"","_et_gb_content_width":"","footnotes":""},"class_list":["post-21989","page","type-page","status-publish","hentry"],"acf":[],"yoast_head":"<!-- This site is optimized with the Yoast SEO plugin v27.5 - https:\/\/yoast.com\/product\/yoast-seo-wordpress\/ -->\n<title>Teka: Cook your way to life | About the company and their values<\/title>\n<meta name=\"description\" content=\"Our trademark, born in Germany, relies on quality, technology and innovation. Teka products are known worldwide for their reliability, efficiency and...\" \/>\n<meta name=\"robots\" content=\"index, follow, max-snippet:-1, max-image-preview:large, max-video-preview:-1\" \/>\n<link rel=\"canonical\" href=\"https:\/\/www.teka.com\/pt-pt\/sobre-nos\/\" \/>\n<meta property=\"og:locale\" content=\"pt_PT\" \/>\n<meta property=\"og:type\" content=\"article\" \/>\n<meta property=\"og:title\" content=\"Teka: Cook your way to life | About the company and their values\" \/>\n<meta property=\"og:description\" content=\"Our trademark, born in Germany, relies on quality, technology and innovation. Teka products are known worldwide for their reliability, efficiency and...\" \/>\n<meta property=\"og:url\" content=\"https:\/\/www.teka.com\/pt-pt\/sobre-nos\/\" \/>\n<meta property=\"og:site_name\" content=\"Teka Portugal\" \/>\n<meta property=\"article:modified_time\" content=\"2024-09-09T09:57:54+00:00\" \/>\n<meta name=\"twitter:card\" content=\"summary_large_image\" \/>\n<meta name=\"twitter:label1\" content=\"Tempo estimado de leitura\" \/>\n\t<meta name=\"twitter:data1\" content=\"3 minutos\" \/>\n<script type=\"application\/ld+json\" class=\"yoast-schema-graph\">{\"@context\":\"https:\\\/\\\/schema.org\",\"@graph\":[{\"@type\":\"WebPage\",\"@id\":\"https:\\\/\\\/www.teka.com\\\/pt-pt\\\/sobre-nos\\\/\",\"url\":\"https:\\\/\\\/www.teka.com\\\/pt-pt\\\/sobre-nos\\\/\",\"name\":\"Teka: Cook your way to life | About the company and their values\",\"isPartOf\":{\"@id\":\"https:\\\/\\\/www.teka.com\\\/pt-pt\\\/#website\"},\"datePublished\":\"2018-09-11T07:58:22+00:00\",\"dateModified\":\"2024-09-09T09:57:54+00:00\",\"description\":\"Our trademark, born in Germany, relies on quality, technology and innovation. Teka products are known worldwide for their reliability, efficiency and...\",\"breadcrumb\":{\"@id\":\"https:\\\/\\\/www.teka.com\\\/pt-pt\\\/sobre-nos\\\/#breadcrumb\"},\"inLanguage\":\"pt-PT\",\"potentialAction\":[{\"@type\":\"ReadAction\",\"target\":[\"https:\\\/\\\/www.teka.com\\\/pt-pt\\\/sobre-nos\\\/\"]}]},{\"@type\":\"BreadcrumbList\",\"@id\":\"https:\\\/\\\/www.teka.com\\\/pt-pt\\\/sobre-nos\\\/#breadcrumb\",\"itemListElement\":[{\"@type\":\"ListItem\",\"position\":1,\"name\":\"Home\",\"item\":\"https:\\\/\\\/www.teka.com\\\/pt-pt\\\/\"},{\"@type\":\"ListItem\",\"position\":2,\"name\":\"Sobre n\u00f3s\"}]},{\"@type\":\"WebSite\",\"@id\":\"https:\\\/\\\/www.teka.com\\\/pt-pt\\\/#website\",\"url\":\"https:\\\/\\\/www.teka.com\\\/pt-pt\\\/\",\"name\":\"Teka Portugal\",\"description\":\"\",\"potentialAction\":[{\"@type\":\"SearchAction\",\"target\":{\"@type\":\"EntryPoint\",\"urlTemplate\":\"https:\\\/\\\/www.teka.com\\\/pt-pt\\\/?s={search_term_string}\"},\"query-input\":{\"@type\":\"PropertyValueSpecification\",\"valueRequired\":true,\"valueName\":\"search_term_string\"}}],\"inLanguage\":\"pt-PT\"}]}<\/script>\n<!-- \/ Yoast SEO plugin. -->","yoast_head_json":{"title":"Teka: Cook your way to life | About the company and their values","description":"Our trademark, born in Germany, relies on quality, technology and innovation. Teka products are known worldwide for their reliability, efficiency and...","robots":{"index":"index","follow":"follow","max-snippet":"max-snippet:-1","max-image-preview":"max-image-preview:large","max-video-preview":"max-video-preview:-1"},"canonical":"https:\/\/www.teka.com\/pt-pt\/sobre-nos\/","og_locale":"pt_PT","og_type":"article","og_title":"Teka: Cook your way to life | About the company and their values","og_description":"Our trademark, born in Germany, relies on quality, technology and innovation. Teka products are known worldwide for their reliability, efficiency and...","og_url":"https:\/\/www.teka.com\/pt-pt\/sobre-nos\/","og_site_name":"Teka Portugal","article_modified_time":"2024-09-09T09:57:54+00:00","twitter_card":"summary_large_image","twitter_misc":{"Tempo estimado de leitura":"3 minutos"},"schema":{"@context":"https:\/\/schema.org","@graph":[{"@type":"WebPage","@id":"https:\/\/www.teka.com\/pt-pt\/sobre-nos\/","url":"https:\/\/www.teka.com\/pt-pt\/sobre-nos\/","name":"Teka: Cook your way to life | About the company and their values","isPartOf":{"@id":"https:\/\/www.teka.com\/pt-pt\/#website"},"datePublished":"2018-09-11T07:58:22+00:00","dateModified":"2024-09-09T09:57:54+00:00","description":"Our trademark, born in Germany, relies on quality, technology and innovation. Teka products are known worldwide for their reliability, efficiency and...","breadcrumb":{"@id":"https:\/\/www.teka.com\/pt-pt\/sobre-nos\/#breadcrumb"},"inLanguage":"pt-PT","potentialAction":[{"@type":"ReadAction","target":["https:\/\/www.teka.com\/pt-pt\/sobre-nos\/"]}]},{"@type":"BreadcrumbList","@id":"https:\/\/www.teka.com\/pt-pt\/sobre-nos\/#breadcrumb","itemListElement":[{"@type":"ListItem","position":1,"name":"Home","item":"https:\/\/www.teka.com\/pt-pt\/"},{"@type":"ListItem","position":2,"name":"Sobre n\u00f3s"}]},{"@type":"WebSite","@id":"https:\/\/www.teka.com\/pt-pt\/#website","url":"https:\/\/www.teka.com\/pt-pt\/","name":"Teka Portugal","description":"","potentialAction":[{"@type":"SearchAction","target":{"@type":"EntryPoint","urlTemplate":"https:\/\/www.teka.com\/pt-pt\/?s={search_term_string}"},"query-input":{"@type":"PropertyValueSpecification","valueRequired":true,"valueName":"search_term_string"}}],"inLanguage":"pt-PT"}]}},"_links":{"self":[{"href":"https:\/\/www.teka.com\/pt-pt\/wp-json\/wp\/v2\/pages\/21989","targetHints":{"allow":["GET"]}}],"collection":[{"href":"https:\/\/www.teka.com\/pt-pt\/wp-json\/wp\/v2\/pages"}],"about":[{"href":"https:\/\/www.teka.com\/pt-pt\/wp-json\/wp\/v2\/types\/page"}],"author":[{"embeddable":true,"href":"https:\/\/www.teka.com\/pt-pt\/wp-json\/wp\/v2\/users\/9"}],"replies":[{"embeddable":true,"href":"https:\/\/www.teka.com\/pt-pt\/wp-json\/wp\/v2\/comments?post=21989"}],"version-history":[{"count":87,"href":"https:\/\/www.teka.com\/pt-pt\/wp-json\/wp\/v2\/pages\/21989\/revisions"}],"predecessor-version":[{"id":125402,"href":"https:\/\/www.teka.com\/pt-pt\/wp-json\/wp\/v2\/pages\/21989\/revisions\/125402"}],"wp:attachment":[{"href":"https:\/\/www.teka.com\/pt-pt\/wp-json\/wp\/v2\/media?parent=21989"}],"curies":[{"name":"wp","href":"https:\/\/api.w.org\/{rel}","templated":true}]}}