{"id":21992,"date":"2018-09-11T08:07:26","date_gmt":"2018-09-11T08:07:26","guid":{"rendered":"http:\/\/teka.com\/?page_id=21992"},"modified":"2024-09-09T10:15:13","modified_gmt":"2024-09-09T10:15:13","slug":"historia","status":"publish","type":"page","link":"https:\/\/www.teka.com\/pt-pt\/sobre-nos\/historia\/","title":{"rendered":"Hist\u00f3ria"},"content":{"rendered":"<p>[et_pb_section fb_built=&#8221;1&#8243; module_id=&#8221;teka-top&#8221; _builder_version=&#8221;3.17.6&#8243; background_image=&#8221;http:\/\/teka.com\/pt-pt\/wp-content\/uploads\/sites\/8\/2018\/11\/teka-slider-about-us-desktop.jpg&#8221; global_module=&#8221;23211&#8243; collapsed=&#8221;on&#8221; global_colors_info=&#8221;{}&#8221;][et_pb_row column_structure=&#8221;1_2,1_2&#8243; _builder_version=&#8221;4.16&#8243; background_size=&#8221;initial&#8221; background_position=&#8221;top_left&#8221; background_repeat=&#8221;repeat&#8221; global_colors_info=&#8221;{}&#8221;][et_pb_column type=&#8221;1_2&#8243; _builder_version=&#8221;4.16&#8243; custom_padding=&#8221;|||&#8221; global_colors_info=&#8221;{}&#8221; custom_padding__hover=&#8221;|||&#8221;][et_pb_text admin_label=&#8221;Header Title&#8221; _builder_version=&#8221;4.16&#8243; background_layout=&#8221;dark&#8221; global_colors_info=&#8221;{}&#8221;]<\/p>\n<p>\u00a0<\/p>\n<p>\u00a0<\/p>\n<h3><strong>Grupo Teka<\/strong>,<br \/>Origem Alem\u00e3<\/h3>\n<p>\u00a0<\/p>\n<p>\u00a0<\/p>\n<p>\u00a0<\/p>\n<p>\u00a0<\/p>\n<p>[\/et_pb_text][\/et_pb_column][et_pb_column type=&#8221;1_2&#8243; _builder_version=&#8221;4.16&#8243; custom_padding=&#8221;|||&#8221; global_colors_info=&#8221;{}&#8221; custom_padding__hover=&#8221;|||&#8221;][\/et_pb_column][\/et_pb_row][\/et_pb_section][et_pb_section fb_built=&#8221;1&#8243; module_id=&#8221;teka-menu&#8221; _builder_version=&#8221;3.14&#8243; background_color=&#8221;#0e0e0e&#8221; global_module=&#8221;23212&#8243; collapsed=&#8221;on&#8221; global_colors_info=&#8221;{}&#8221;][et_pb_row _builder_version=&#8221;4.16&#8243; background_size=&#8221;initial&#8221; background_position=&#8221;top_left&#8221; background_repeat=&#8221;repeat&#8221; global_colors_info=&#8221;{}&#8221;][et_pb_column type=&#8221;4_4&#8243; _builder_version=&#8221;4.16&#8243; custom_padding=&#8221;|||&#8221; global_colors_info=&#8221;{}&#8221; custom_padding__hover=&#8221;|||&#8221;][et_pb_sidebar area=&#8221;et_pb_widget_area_7&#8243; disabled_on=&#8221;on|on|&#8221; _builder_version=&#8221;4.16&#8243; background_layout=&#8221;dark&#8221; global_colors_info=&#8221;{}&#8221;][\/et_pb_sidebar][et_pb_sidebar area=&#8221;et_pb_widget_area_9&#8243; disabled_on=&#8221;on||on&#8221; admin_label=&#8221;Sidebar Tablet&#8221; _builder_version=&#8221;4.16&#8243; background_layout=&#8221;dark&#8221; global_colors_info=&#8221;{}&#8221;][\/et_pb_sidebar][et_pb_sidebar area=&#8221;et_pb_widget_area_8&#8243; disabled_on=&#8221;|on|on&#8221; admin_label=&#8221;Sidebar Mobile&#8221; _builder_version=&#8221;4.16&#8243; background_layout=&#8221;dark&#8221; global_colors_info=&#8221;{}&#8221;][\/et_pb_sidebar][\/et_pb_column][\/et_pb_row][\/et_pb_section][et_pb_section fb_built=&#8221;1&#8243; module_id=&#8221;about-us&#8221; _builder_version=&#8221;4.16&#8243; global_colors_info=&#8221;{}&#8221;][et_pb_row _builder_version=&#8221;4.16&#8243; background_size=&#8221;initial&#8221; background_position=&#8221;top_left&#8221; background_repeat=&#8221;repeat&#8221; global_colors_info=&#8221;{}&#8221;][et_pb_column type=&#8221;4_4&#8243; _builder_version=&#8221;4.16&#8243; custom_padding=&#8221;|||&#8221; global_colors_info=&#8221;{}&#8221; custom_padding__hover=&#8221;|||&#8221;][et_pb_text _builder_version=&#8221;4.22.1&#8243; max_width=&#8221;80%&#8221; module_alignment=&#8221;center&#8221; hover_enabled=&#8221;0&#8243; global_colors_info=&#8221;{}&#8221; sticky_enabled=&#8221;0&#8243;]<\/p>\n<h1 style=\"text-align: center;\">A nossa\u00a0<strong>Hist\u00f3ria<\/strong><\/h1>\n<h6 style=\"text-align: center;\">A Teka, com 100 anos de hist\u00f3ria, iniciou a sua atividade com o fabrico de m\u00e1quinas agr\u00edcolas, e at\u00e9 agora \u00e9 uma das mais importantes marcas de eletrodom\u00e9sticos do mundo.<\/h6>\n<p>[\/et_pb_text][\/et_pb_column][\/et_pb_row][et_pb_row column_structure=&#8221;1_2,1_2&#8243; module_class=&#8221;custom_row&#8221; _builder_version=&#8221;4.16&#8243; background_size=&#8221;initial&#8221; background_position=&#8221;top_left&#8221; background_repeat=&#8221;repeat&#8221; global_colors_info=&#8221;{}&#8221;][et_pb_column type=&#8221;1_2&#8243; module_class=&#8221;second-on-mobile&#8221; _builder_version=&#8221;4.16&#8243; custom_padding=&#8221;|||&#8221; global_colors_info=&#8221;{}&#8221; custom_padding__hover=&#8221;|||&#8221;][et_pb_image src=&#8221;http:\/\/teka.com\/pt-pt\/wp-content\/uploads\/sites\/8\/2018\/11\/black-and-white-buildings-city-1024&#215;768.jpg&#8221; align_tablet=&#8221;center&#8221; align_phone=&#8221;center&#8221; align_last_edited=&#8221;on|desktop&#8221; _builder_version=&#8221;4.16&#8243; global_colors_info=&#8221;{}&#8221;]<br \/>\n[\/et_pb_image][\/et_pb_column][et_pb_column type=&#8221;1_2&#8243; module_class=&#8221;first-on-mobile&#8221; _builder_version=&#8221;4.16&#8243; custom_padding=&#8221;|||&#8221; global_colors_info=&#8221;{}&#8221; custom_padding__hover=&#8221;|||&#8221;][et_pb_text _builder_version=&#8221;4.22.1&#8243; hover_enabled=&#8221;0&#8243; global_colors_info=&#8221;{}&#8221; sticky_enabled=&#8221;0&#8243;]<\/p>\n<h2 style=\"text-align: center;\"><strong>1924-1957<\/strong><\/h2>\n<p><span style=\"font-weight: 400;\">A hist\u00f3ria da marca Teka remonta ao ano de 1924, ano em que Karl Thieman fundou a empresa de maquinaria agr\u00edcola na Alemanha, setor em que a empresa concentrou a sua atividade nos primeiros anos de vida.<\/span><\/p>\n<p><span style=\"font-weight: 400;\">Pouco depois, come\u00e7ou a trabalhar na produ\u00e7\u00e3o de a\u00e7o inoxid\u00e1vel, passo que foi fundamental para a hist\u00f3ria da empresa.<\/span><\/p>\n<p><span style=\"font-weight: 400;\">Em 1957, Helmut Klein torna-se s\u00f3cio da empresa. \u00c9 nesta altura que \u00e9 criada a marca Teka, que adota as iniciais de ambos os fundadores, Thielmann &amp; Klein.<\/span><\/p>\n<p>[\/et_pb_text][\/et_pb_column][\/et_pb_row][et_pb_row column_structure=&#8221;1_2,1_2&#8243; _builder_version=&#8221;4.16&#8243; background_size=&#8221;initial&#8221; background_position=&#8221;top_left&#8221; background_repeat=&#8221;repeat&#8221; global_colors_info=&#8221;{}&#8221;][et_pb_column type=&#8221;1_2&#8243; _builder_version=&#8221;4.16&#8243; custom_padding=&#8221;|||&#8221; global_colors_info=&#8221;{}&#8221; custom_padding__hover=&#8221;|||&#8221;][et_pb_text _builder_version=&#8221;4.22.1&#8243; global_colors_info=&#8221;{}&#8221;]<\/p>\n<h2 style=\"text-align: center;\"><strong>1958-1969<\/strong><\/h2>\n<p><span style=\"font-weight: 400;\">A partir desse momento os produtos da marca Teka come\u00e7am a ser comercializados. Nos primeiros anos de vida da marca fabricaram-se apenas lava-lou\u00e7as. Nos anos seguintes, o \u00eaxito dos produtos Teka fez com que a marca aumentasse os seus produtos e come\u00e7asse a fabricar fornos e chamin\u00e9s.<\/span><\/p>\n<p><span style=\"font-weight: 400;\">Em 1964, a Teka instala-se em Espanha e durante os anos seguintes come\u00e7a uma forte expans\u00e3o internacional. Primeiro na Europa e depois nos restantes continentes. Durante esse per\u00edodo continua a aumentar a gama de produtos e a marca consegue alcan\u00e7ar um reconhecimento mundial, gra\u00e7as \u00e0 qualidade e design dos seus produtos de cozinha e banho.<\/span><\/p>\n<p>[\/et_pb_text][\/et_pb_column][et_pb_column type=&#8221;1_2&#8243; _builder_version=&#8221;4.16&#8243; custom_padding=&#8221;|||&#8221; global_colors_info=&#8221;{}&#8221; custom_padding__hover=&#8221;|||&#8221;][et_pb_image src=&#8221;http:\/\/teka.com\/wp-content\/uploads\/sites\/3\/2018\/10\/shutterstock_1164436954_low_nwm.jpg&#8221; align_tablet=&#8221;center&#8221; align_phone=&#8221;center&#8221; align_last_edited=&#8221;on|desktop&#8221; _builder_version=&#8221;4.16&#8243; global_colors_info=&#8221;{}&#8221;]<br \/>\n[\/et_pb_image][\/et_pb_column][\/et_pb_row][et_pb_row column_structure=&#8221;1_2,1_2&#8243; module_class=&#8221;custom_row&#8221; _builder_version=&#8221;4.16&#8243; background_size=&#8221;initial&#8221; background_position=&#8221;top_left&#8221; background_repeat=&#8221;repeat&#8221; global_colors_info=&#8221;{}&#8221;][et_pb_column type=&#8221;1_2&#8243; module_class=&#8221;second-on-mobile&#8221; _builder_version=&#8221;4.16&#8243; custom_padding=&#8221;|||&#8221; global_colors_info=&#8221;{}&#8221; custom_padding__hover=&#8221;|||&#8221;][et_pb_image src=&#8221;http:\/\/teka.com\/pt-pt\/wp-content\/uploads\/sites\/8\/2018\/11\/teka-china-1024&#215;768.jpg&#8221; align_tablet=&#8221;center&#8221; align_phone=&#8221;center&#8221; align_last_edited=&#8221;on|desktop&#8221; _builder_version=&#8221;4.16&#8243; global_colors_info=&#8221;{}&#8221;]<br \/>\n[\/et_pb_image][\/et_pb_column][et_pb_column type=&#8221;1_2&#8243; module_class=&#8221;first-on-mobile&#8221; _builder_version=&#8221;4.16&#8243; custom_padding=&#8221;|||&#8221; global_colors_info=&#8221;{}&#8221; custom_padding__hover=&#8221;|||&#8221;][et_pb_text _builder_version=&#8221;4.22.1&#8243; global_colors_info=&#8221;{}&#8221;]<\/p>\n<h2 style=\"text-align: center;\"><strong>1970-2015<\/strong><\/h2>\n<p><span style=\"font-weight: 400;\">Desde os anos 70, o sucesso da marca, nos mercados europeus em que esteve presente, levou \u00e0 expans\u00e3o internacional. Primeiro nos mercados europeus e depois na Am\u00e9rica, \u00c1sia, \u00c1frica e Oriente M\u00e9dio.<\/span><\/p>\n<p><span style=\"font-weight: 400;\">Durante este per\u00edodo, a Teka torna-se um dos maiores patrocinadores desportivos do mundo, patrocinando o futebol e basquete da equipa do Real Madrid. Com o seu pr\u00f3prio clube de andebol, equipa de ciclismo, competiu no rali Dakar de Paris e at\u00e9 mesmo nos Jogos Ol\u00edmpicos de Inverno.<\/span><\/p>\n<p>[\/et_pb_text][\/et_pb_column][\/et_pb_row][et_pb_row column_structure=&#8221;1_2,1_2&#8243; _builder_version=&#8221;4.16&#8243; background_size=&#8221;initial&#8221; background_position=&#8221;top_left&#8221; background_repeat=&#8221;repeat&#8221; global_colors_info=&#8221;{}&#8221;][et_pb_column type=&#8221;1_2&#8243; _builder_version=&#8221;4.16&#8243; custom_padding=&#8221;|||&#8221; global_colors_info=&#8221;{}&#8221; custom_padding__hover=&#8221;|||&#8221;][et_pb_text _builder_version=&#8221;4.22.1&#8243; global_colors_info=&#8221;{}&#8221;]<\/p>\n<h2 style=\"text-align: center;\"><b>Hoje<\/b><\/h2>\n<p><span style=\"font-weight: 400;\">Em 2016, a Teka lan\u00e7a a nova gama Wish, traduzindo-se no maior investimento da hist\u00f3ria da empresa, renovando todas as f\u00e1bricas e respetivo design.<br \/><\/span><\/p>\n<p><span style=\"font-weight: 400;\">Em 2018, a Teka apresenta, em Espanha, o seu novo posicionamento e o novo slogan da marca: \u201c<em>Donde se cocina la vida<\/em>\u201d, realizando a maior campanha de publicidade da hist\u00f3ria, de onde sai uma curta-metragem de dois minutos dirigida pela diretora Goya Marina Seresesky, com a m\u00fasica vencedora de um \u00d3scar Glen Hansard. Para a cria\u00e7\u00e3o desta campanha, juntou-se a Funda\u00e7\u00e3o de Alzheimer de Espanha. O v\u00eddeo da campanha contou com 11 milh\u00f5es de visualiza\u00e7\u00f5es no primeiro m\u00eas, tornando-se viral no seu setor.<\/span><\/p>\n<p><span style=\"font-weight: 400;\">Atualmente, os produtos Teka s\u00e3o bem-sucedidos globalmente, recebendo diversos pr\u00e9mios, especialmente no mercado espanhol, onde est\u00e3o presentes na grande maioria dos lares.\u00a0<\/span><\/p>\n<p>[\/et_pb_text][\/et_pb_column][et_pb_column type=&#8221;1_2&#8243; _builder_version=&#8221;4.16&#8243; custom_padding=&#8221;|||&#8221; global_colors_info=&#8221;{}&#8221; custom_padding__hover=&#8221;|||&#8221;][et_pb_image src=&#8221;http:\/\/teka.com\/pt-pt\/wp-content\/uploads\/sites\/8\/2018\/11\/teka-hobs-iknob-IT-6450-1024&#215;768.jpg&#8221; align=&#8221;center&#8221; align_tablet=&#8221;center&#8221; align_phone=&#8221;center&#8221; align_last_edited=&#8221;on|desktop&#8221; _builder_version=&#8221;4.16&#8243; global_colors_info=&#8221;{}&#8221;]<br \/>\n[\/et_pb_image][\/et_pb_column][\/et_pb_row][\/et_pb_section]<\/p>\n","protected":false},"excerpt":{"rendered":"<p>\u00a0 \u00a0 Grupo Teka,Origem Alem\u00e3 \u00a0 \u00a0 \u00a0 \u00a0A nossa\u00a0Hist\u00f3ria A Teka, com 100 anos de hist\u00f3ria, iniciou a sua atividade com o fabrico de m\u00e1quinas agr\u00edcolas, e at\u00e9 agora \u00e9 uma das mais importantes marcas de eletrodom\u00e9sticos do mundo. 1924-1957 A hist\u00f3ria da marca Teka remonta ao ano de 1924, ano em que Karl [&hellip;]<\/p>\n","protected":false},"author":9,"featured_media":0,"parent":21989,"menu_order":2,"comment_status":"closed","ping_status":"closed","template":"","meta":{"_acf_changed":false,"_et_pb_use_builder":"on","_et_pb_old_content":"","_et_gb_content_width":"","footnotes":""},"class_list":["post-21992","page","type-page","status-publish","hentry"],"acf":[],"yoast_head":"<!-- This site is optimized with the Yoast SEO plugin v27.5 - https:\/\/yoast.com\/product\/yoast-seo-wordpress\/ -->\n<title>The history behind Teka brand | About the company<\/title>\n<meta name=\"description\" content=\"Teka has a history of more than 90 years, since the beginning of its activity manufacturing agricultura machinery, until now, becoming one of the most important appliances brand around the world.\" \/>\n<meta name=\"robots\" content=\"index, follow, max-snippet:-1, max-image-preview:large, max-video-preview:-1\" \/>\n<link rel=\"canonical\" href=\"https:\/\/www.teka.com\/pt-pt\/sobre-nos\/historia\/\" \/>\n<meta property=\"og:locale\" content=\"pt_PT\" \/>\n<meta property=\"og:type\" content=\"article\" \/>\n<meta property=\"og:title\" content=\"The history behind Teka brand | About the company\" \/>\n<meta property=\"og:description\" content=\"Teka has a history of more than 90 years, since the beginning of its activity manufacturing agricultura machinery, until now, becoming one of the most important appliances brand around the world.\" \/>\n<meta property=\"og:url\" content=\"https:\/\/www.teka.com\/pt-pt\/sobre-nos\/historia\/\" \/>\n<meta property=\"og:site_name\" content=\"Teka Portugal\" \/>\n<meta property=\"article:modified_time\" content=\"2024-09-09T10:15:13+00:00\" \/>\n<meta name=\"twitter:card\" content=\"summary_large_image\" \/>\n<meta name=\"twitter:label1\" content=\"Tempo estimado de leitura\" \/>\n\t<meta name=\"twitter:data1\" content=\"4 minutos\" \/>\n<script type=\"application\/ld+json\" class=\"yoast-schema-graph\">{\"@context\":\"https:\\\/\\\/schema.org\",\"@graph\":[{\"@type\":\"WebPage\",\"@id\":\"https:\\\/\\\/www.teka.com\\\/pt-pt\\\/sobre-nos\\\/historia\\\/\",\"url\":\"https:\\\/\\\/www.teka.com\\\/pt-pt\\\/sobre-nos\\\/historia\\\/\",\"name\":\"The history behind Teka brand | About the company\",\"isPartOf\":{\"@id\":\"https:\\\/\\\/www.teka.com\\\/pt-pt\\\/#website\"},\"datePublished\":\"2018-09-11T08:07:26+00:00\",\"dateModified\":\"2024-09-09T10:15:13+00:00\",\"description\":\"Teka has a history of more than 90 years, since the beginning of its activity manufacturing agricultura machinery, until now, becoming one of the most important appliances brand around the world.\",\"breadcrumb\":{\"@id\":\"https:\\\/\\\/www.teka.com\\\/pt-pt\\\/sobre-nos\\\/historia\\\/#breadcrumb\"},\"inLanguage\":\"pt-PT\",\"potentialAction\":[{\"@type\":\"ReadAction\",\"target\":[\"https:\\\/\\\/www.teka.com\\\/pt-pt\\\/sobre-nos\\\/historia\\\/\"]}]},{\"@type\":\"BreadcrumbList\",\"@id\":\"https:\\\/\\\/www.teka.com\\\/pt-pt\\\/sobre-nos\\\/historia\\\/#breadcrumb\",\"itemListElement\":[{\"@type\":\"ListItem\",\"position\":1,\"name\":\"Home\",\"item\":\"https:\\\/\\\/www.teka.com\\\/pt-pt\\\/\"},{\"@type\":\"ListItem\",\"position\":2,\"name\":\"Sobre n\u00f3s\",\"item\":\"https:\\\/\\\/www.teka.com\\\/pt-pt\\\/sobre-nos\\\/\"},{\"@type\":\"ListItem\",\"position\":3,\"name\":\"Hist\u00f3ria\"}]},{\"@type\":\"WebSite\",\"@id\":\"https:\\\/\\\/www.teka.com\\\/pt-pt\\\/#website\",\"url\":\"https:\\\/\\\/www.teka.com\\\/pt-pt\\\/\",\"name\":\"Teka Portugal\",\"description\":\"\",\"potentialAction\":[{\"@type\":\"SearchAction\",\"target\":{\"@type\":\"EntryPoint\",\"urlTemplate\":\"https:\\\/\\\/www.teka.com\\\/pt-pt\\\/?s={search_term_string}\"},\"query-input\":{\"@type\":\"PropertyValueSpecification\",\"valueRequired\":true,\"valueName\":\"search_term_string\"}}],\"inLanguage\":\"pt-PT\"}]}<\/script>\n<!-- \/ Yoast SEO plugin. -->","yoast_head_json":{"title":"The history behind Teka brand | About the company","description":"Teka has a history of more than 90 years, since the beginning of its activity manufacturing agricultura machinery, until now, becoming one of the most important appliances brand around the world.","robots":{"index":"index","follow":"follow","max-snippet":"max-snippet:-1","max-image-preview":"max-image-preview:large","max-video-preview":"max-video-preview:-1"},"canonical":"https:\/\/www.teka.com\/pt-pt\/sobre-nos\/historia\/","og_locale":"pt_PT","og_type":"article","og_title":"The history behind Teka brand | About the company","og_description":"Teka has a history of more than 90 years, since the beginning of its activity manufacturing agricultura machinery, until now, becoming one of the most important appliances brand around the world.","og_url":"https:\/\/www.teka.com\/pt-pt\/sobre-nos\/historia\/","og_site_name":"Teka Portugal","article_modified_time":"2024-09-09T10:15:13+00:00","twitter_card":"summary_large_image","twitter_misc":{"Tempo estimado de leitura":"4 minutos"},"schema":{"@context":"https:\/\/schema.org","@graph":[{"@type":"WebPage","@id":"https:\/\/www.teka.com\/pt-pt\/sobre-nos\/historia\/","url":"https:\/\/www.teka.com\/pt-pt\/sobre-nos\/historia\/","name":"The history behind Teka brand | About the company","isPartOf":{"@id":"https:\/\/www.teka.com\/pt-pt\/#website"},"datePublished":"2018-09-11T08:07:26+00:00","dateModified":"2024-09-09T10:15:13+00:00","description":"Teka has a history of more than 90 years, since the beginning of its activity manufacturing agricultura machinery, until now, becoming one of the most important appliances brand around the world.","breadcrumb":{"@id":"https:\/\/www.teka.com\/pt-pt\/sobre-nos\/historia\/#breadcrumb"},"inLanguage":"pt-PT","potentialAction":[{"@type":"ReadAction","target":["https:\/\/www.teka.com\/pt-pt\/sobre-nos\/historia\/"]}]},{"@type":"BreadcrumbList","@id":"https:\/\/www.teka.com\/pt-pt\/sobre-nos\/historia\/#breadcrumb","itemListElement":[{"@type":"ListItem","position":1,"name":"Home","item":"https:\/\/www.teka.com\/pt-pt\/"},{"@type":"ListItem","position":2,"name":"Sobre n\u00f3s","item":"https:\/\/www.teka.com\/pt-pt\/sobre-nos\/"},{"@type":"ListItem","position":3,"name":"Hist\u00f3ria"}]},{"@type":"WebSite","@id":"https:\/\/www.teka.com\/pt-pt\/#website","url":"https:\/\/www.teka.com\/pt-pt\/","name":"Teka Portugal","description":"","potentialAction":[{"@type":"SearchAction","target":{"@type":"EntryPoint","urlTemplate":"https:\/\/www.teka.com\/pt-pt\/?s={search_term_string}"},"query-input":{"@type":"PropertyValueSpecification","valueRequired":true,"valueName":"search_term_string"}}],"inLanguage":"pt-PT"}]}},"_links":{"self":[{"href":"https:\/\/www.teka.com\/pt-pt\/wp-json\/wp\/v2\/pages\/21992","targetHints":{"allow":["GET"]}}],"collection":[{"href":"https:\/\/www.teka.com\/pt-pt\/wp-json\/wp\/v2\/pages"}],"about":[{"href":"https:\/\/www.teka.com\/pt-pt\/wp-json\/wp\/v2\/types\/page"}],"author":[{"embeddable":true,"href":"https:\/\/www.teka.com\/pt-pt\/wp-json\/wp\/v2\/users\/9"}],"replies":[{"embeddable":true,"href":"https:\/\/www.teka.com\/pt-pt\/wp-json\/wp\/v2\/comments?post=21992"}],"version-history":[{"count":42,"href":"https:\/\/www.teka.com\/pt-pt\/wp-json\/wp\/v2\/pages\/21992\/revisions"}],"predecessor-version":[{"id":125412,"href":"https:\/\/www.teka.com\/pt-pt\/wp-json\/wp\/v2\/pages\/21992\/revisions\/125412"}],"up":[{"embeddable":true,"href":"https:\/\/www.teka.com\/pt-pt\/wp-json\/wp\/v2\/pages\/21989"}],"wp:attachment":[{"href":"https:\/\/www.teka.com\/pt-pt\/wp-json\/wp\/v2\/media?parent=21992"}],"curies":[{"name":"wp","href":"https:\/\/api.w.org\/{rel}","templated":true}]}}