{"id":23564,"date":"2018-09-24T15:55:57","date_gmt":"2018-09-24T15:55:57","guid":{"rendered":"http:\/\/teka.com\/?page_id=23564"},"modified":"2022-08-02T12:51:41","modified_gmt":"2022-08-02T12:51:41","slug":"condicoes-de-garantia","status":"publish","type":"page","link":"https:\/\/www.teka.com\/pt-pt\/suporte\/condicoes-de-garantia\/","title":{"rendered":"Condi\u00e7\u00f5es de garantia"},"content":{"rendered":"<p>[et_pb_section fb_built=&#8221;1&#8243; module_id=&#8221;legal-container&#8221; _builder_version=&#8221;3.22&#8243;][et_pb_row _builder_version=&#8221;3.25&#8243;][et_pb_column type=&#8221;4_4&#8243; _builder_version=&#8221;3.25&#8243; custom_padding=&#8221;|||&#8221; custom_padding__hover=&#8221;|||&#8221;][et_pb_text _builder_version=&#8221;3.27.4&#8243;]<\/p>\n<h1>Condi\u00e7\u00f5es de <strong>garantia<\/strong><\/h1>\n<p>[\/et_pb_text][et_pb_text _builder_version=&#8221;4.9.2&#8243; hover_enabled=&#8221;0&#8243; sticky_enabled=&#8221;0&#8243;]<\/p>\n<p>Aconselhamos que antes de utilizar o equipamento, realize uma leitura atenta do Manual de Instru\u00e7\u00f5es confirmando as condi\u00e7\u00f5es de instala\u00e7\u00e3o, utiliza\u00e7\u00e3o e manuten\u00e7\u00e3o descritas. <br \/>Este produto TEKA \u00e9 garantido pelo per\u00edodo de TR\u00caS ANOS a partir da data de compra original (data da fatura), contra defeitos de fabrico. <br \/>Durante o per\u00edodo de garantia, a TEKA Portugal ser\u00e1 respons\u00e1vel pela reposi\u00e7\u00e3o da conformidade. <br \/>Esta garantia n\u00e3o afeta os direitos estatu\u00e1rios do consumidor, decretados pelo Decreto-Lei 84\/2021 de 18 de outubro, nem os direitos que o consumidor tenha adquirido em rela\u00e7\u00e3o ao estabelecimento de venda, resultantes do contrato de compra e venda. <br \/>S\u00f3 \u00e9 v\u00e1lida para produto comprado e instalado em Portugal. <br \/>A instala\u00e7\u00e3o tem de ser obrigatoriamente realizada conforme as instru\u00e7\u00f5es do aparelho, a legisla\u00e7\u00e3o e regulamenta\u00e7\u00e3o t\u00e9cnica em vigor. Todas as interven\u00e7\u00f5es t\u00eam que ser realizadas pelos Centros de Assist\u00eancia T\u00e9cnica autorizados pela TEKA Portugal. <br \/>As partes ou sistemas substitu\u00eddos ao abrigo da garantia, ficam abrangidos pelo per\u00edodo restante da garantia original, passando as pe\u00e7as originais substitu\u00eddas a ser perten\u00e7a da Teka Portugal.<\/p>\n<p>Esta garantia n\u00e3o abrange as seguintes situa\u00e7\u00f5es:<br \/>\u2022 Defici\u00eancias resultantes de m\u00e1 instala\u00e7\u00e3o do produto.<br \/>\u2022 Verifica\u00e7\u00e3o peri\u00f3dica, manuten\u00e7\u00e3o e repara\u00e7\u00e3o de pe\u00e7as que tenham sofrido desgaste natural ou degrada\u00e7\u00e3o por evidenci\u00e1vel m\u00e1 utiliza\u00e7\u00e3o; (Ex. l\u00e2mpadas, juntas de borracha, pe\u00e7as de vidro remov\u00edveis).<br \/>\u2022 Uso ou instala\u00e7\u00e3o incorretos, incluindo a utiliza\u00e7\u00e3o do produto em condi\u00e7\u00f5es para as quais n\u00e3o foi concebido e fabricado; (por ex: Corros\u00e3o provocada por contacto com ambiente ou produtos n\u00e3o adequados, bloqueio na alimenta\u00e7\u00e3o de \u00e1gua, trav\u00f5es de transporte, fugas de \u00e1gua ou g\u00e1s na alimenta\u00e7\u00e3o).<br \/>\u2022 Estragos causados pela luz, \u00e1gua, fogo, fen\u00f3menos da natureza, atos de guerra, dist\u00farbios p\u00fablicos, tens\u00e3o ou press\u00e3o de alimenta\u00e7\u00e3o diferentes das especificadas, perturba\u00e7\u00f5es radioel\u00e9tricas, ventila\u00e7\u00e3o deficiente, ou qualquer outra causa fora do controlo da TEKA.<br \/>\u2022 Produtos nos quais a placa de caracter\u00edsticas que contem o n\u00ba de s\u00e9rie tenha sido eliminada ou tornada ileg\u00edvel. <\/p>\n<p>Dever\u00e3o ainda ser tidos em considera\u00e7\u00e3o os seguintes aspetos:<br \/>\u2022 Eventuais diverg\u00eancias de cor ou brilho, entre a pe\u00e7a original de reposi\u00e7\u00e3o e as restantes existentes no produto, n\u00e3o obrigam a TEKA \u00e0 substitui\u00e7\u00e3o integral dos complementos;<br \/>\u2022 Quaisquer interven\u00e7\u00f5es realizadas por servi\u00e7os estranhos \u00e0 TEKA Portugal n\u00e3o ser\u00e3o reembolsadas e ser\u00e1 declinada toda e qualquer responsabilidade inerente a consequ\u00eancias diretas ou indiretas no produto e estragos causados no aparelho, no \u00e2mbito das citadas interven\u00e7\u00f5es.<br \/>\u2022 Quando autorizada, pela TEKA Portugal, a devolu\u00e7\u00e3o do produto, esta s\u00f3 ser\u00e1 formalizada sempre e quando se processe por recurso \u00e0 embalagem original. <\/p>\n<p>Per\u00edodo de garantia legal na data de emiss\u00e3o deste Livro de Garantia. Os pa\u00edses da Uni\u00e3o Europeia transp\u00f5em a Diretiva 2019\/771 do Parlamento Europeu e do Conselho de 20 de maio de 2019, e caso ap\u00f3s a publica\u00e7\u00e3o deste Livro de Garantia a lei local regule um per\u00edodo de garantia legal diferente, prevalece a lei local sobre este livro de garantia<\/p>\n<p>[\/et_pb_text][\/et_pb_column][\/et_pb_row][\/et_pb_section]<\/p>\n","protected":false},"excerpt":{"rendered":"<p>Condi\u00e7\u00f5es de garantia Aconselhamos que antes de utilizar o equipamento, realize uma leitura atenta do Manual de Instru\u00e7\u00f5es confirmando as condi\u00e7\u00f5es de instala\u00e7\u00e3o, utiliza\u00e7\u00e3o e manuten\u00e7\u00e3o descritas. Este produto TEKA \u00e9 garantido pelo per\u00edodo de TR\u00caS ANOS a partir da data de compra original (data da fatura), contra defeitos de fabrico. Durante o per\u00edodo de [&hellip;]<\/p>\n","protected":false},"author":9,"featured_media":0,"parent":5193,"menu_order":0,"comment_status":"closed","ping_status":"closed","template":"","meta":{"_acf_changed":false,"_et_pb_use_builder":"on","_et_pb_old_content":"","_et_gb_content_width":"","footnotes":""},"class_list":["post-23564","page","type-page","status-publish","hentry"],"acf":[],"yoast_head":"<!-- This site is optimized with the Yoast SEO plugin v27.2 - https:\/\/yoast.com\/product\/yoast-seo-wordpress\/ -->\n<title>Teka Portugal | Consulta las condiciones de garantia<\/title>\n<meta name=\"robots\" content=\"index, follow, max-snippet:-1, max-image-preview:large, max-video-preview:-1\" \/>\n<link rel=\"canonical\" href=\"https:\/\/www.teka.com\/pt-pt\/suporte\/condicoes-de-garantia\/\" \/>\n<meta property=\"og:locale\" content=\"pt_PT\" \/>\n<meta property=\"og:type\" content=\"article\" \/>\n<meta property=\"og:title\" content=\"Teka Portugal | Consulta las condiciones de garantia\" \/>\n<meta property=\"og:description\" content=\"Condi\u00e7\u00f5es de garantia Aconselhamos que antes de utilizar o equipamento, realize uma leitura atenta do Manual de Instru\u00e7\u00f5es confirmando as condi\u00e7\u00f5es de instala\u00e7\u00e3o, utiliza\u00e7\u00e3o e manuten\u00e7\u00e3o descritas. Este produto TEKA \u00e9 garantido pelo per\u00edodo de TR\u00caS ANOS a partir da data de compra original (data da fatura), contra defeitos de fabrico. Durante o per\u00edodo de [&hellip;]\" \/>\n<meta property=\"og:url\" content=\"https:\/\/www.teka.com\/pt-pt\/suporte\/condicoes-de-garantia\/\" \/>\n<meta property=\"og:site_name\" content=\"Teka Portugal\" \/>\n<meta property=\"article:modified_time\" content=\"2022-08-02T12:51:41+00:00\" \/>\n<meta name=\"twitter:card\" content=\"summary_large_image\" \/>\n<meta name=\"twitter:label1\" content=\"Tempo estimado de leitura\" \/>\n\t<meta name=\"twitter:data1\" content=\"3 minutos\" \/>\n<script type=\"application\/ld+json\" class=\"yoast-schema-graph\">{\"@context\":\"https:\/\/schema.org\",\"@graph\":[{\"@type\":\"WebPage\",\"@id\":\"https:\/\/www.teka.com\/pt-pt\/suporte\/condicoes-de-garantia\/\",\"url\":\"https:\/\/www.teka.com\/pt-pt\/suporte\/condicoes-de-garantia\/\",\"name\":\"Teka Portugal | Consulta las condiciones de garantia\",\"isPartOf\":{\"@id\":\"https:\/\/www.teka.com\/pt-pt\/#website\"},\"datePublished\":\"2018-09-24T15:55:57+00:00\",\"dateModified\":\"2022-08-02T12:51:41+00:00\",\"breadcrumb\":{\"@id\":\"https:\/\/www.teka.com\/pt-pt\/suporte\/condicoes-de-garantia\/#breadcrumb\"},\"inLanguage\":\"pt-PT\",\"potentialAction\":[{\"@type\":\"ReadAction\",\"target\":[\"https:\/\/www.teka.com\/pt-pt\/suporte\/condicoes-de-garantia\/\"]}]},{\"@type\":\"BreadcrumbList\",\"@id\":\"https:\/\/www.teka.com\/pt-pt\/suporte\/condicoes-de-garantia\/#breadcrumb\",\"itemListElement\":[{\"@type\":\"ListItem\",\"position\":1,\"name\":\"Home\",\"item\":\"https:\/\/www.teka.com\/pt-pt\/\"},{\"@type\":\"ListItem\",\"position\":2,\"name\":\"Suporte\",\"item\":\"https:\/\/www.teka.com\/pt-pt\/suporte\/\"},{\"@type\":\"ListItem\",\"position\":3,\"name\":\"Condi\u00e7\u00f5es de garantia\"}]},{\"@type\":\"WebSite\",\"@id\":\"https:\/\/www.teka.com\/pt-pt\/#website\",\"url\":\"https:\/\/www.teka.com\/pt-pt\/\",\"name\":\"Teka Portugal\",\"description\":\"\",\"potentialAction\":[{\"@type\":\"SearchAction\",\"target\":{\"@type\":\"EntryPoint\",\"urlTemplate\":\"https:\/\/www.teka.com\/pt-pt\/?s={search_term_string}\"},\"query-input\":{\"@type\":\"PropertyValueSpecification\",\"valueRequired\":true,\"valueName\":\"search_term_string\"}}],\"inLanguage\":\"pt-PT\"}]}<\/script>\n<!-- \/ Yoast SEO plugin. -->","yoast_head_json":{"title":"Teka Portugal | Consulta las condiciones de garantia","robots":{"index":"index","follow":"follow","max-snippet":"max-snippet:-1","max-image-preview":"max-image-preview:large","max-video-preview":"max-video-preview:-1"},"canonical":"https:\/\/www.teka.com\/pt-pt\/suporte\/condicoes-de-garantia\/","og_locale":"pt_PT","og_type":"article","og_title":"Teka Portugal | Consulta las condiciones de garantia","og_description":"Condi\u00e7\u00f5es de garantia Aconselhamos que antes de utilizar o equipamento, realize uma leitura atenta do Manual de Instru\u00e7\u00f5es confirmando as condi\u00e7\u00f5es de instala\u00e7\u00e3o, utiliza\u00e7\u00e3o e manuten\u00e7\u00e3o descritas. Este produto TEKA \u00e9 garantido pelo per\u00edodo de TR\u00caS ANOS a partir da data de compra original (data da fatura), contra defeitos de fabrico. Durante o per\u00edodo de [&hellip;]","og_url":"https:\/\/www.teka.com\/pt-pt\/suporte\/condicoes-de-garantia\/","og_site_name":"Teka Portugal","article_modified_time":"2022-08-02T12:51:41+00:00","twitter_card":"summary_large_image","twitter_misc":{"Tempo estimado de leitura":"3 minutos"},"schema":{"@context":"https:\/\/schema.org","@graph":[{"@type":"WebPage","@id":"https:\/\/www.teka.com\/pt-pt\/suporte\/condicoes-de-garantia\/","url":"https:\/\/www.teka.com\/pt-pt\/suporte\/condicoes-de-garantia\/","name":"Teka Portugal | Consulta las condiciones de garantia","isPartOf":{"@id":"https:\/\/www.teka.com\/pt-pt\/#website"},"datePublished":"2018-09-24T15:55:57+00:00","dateModified":"2022-08-02T12:51:41+00:00","breadcrumb":{"@id":"https:\/\/www.teka.com\/pt-pt\/suporte\/condicoes-de-garantia\/#breadcrumb"},"inLanguage":"pt-PT","potentialAction":[{"@type":"ReadAction","target":["https:\/\/www.teka.com\/pt-pt\/suporte\/condicoes-de-garantia\/"]}]},{"@type":"BreadcrumbList","@id":"https:\/\/www.teka.com\/pt-pt\/suporte\/condicoes-de-garantia\/#breadcrumb","itemListElement":[{"@type":"ListItem","position":1,"name":"Home","item":"https:\/\/www.teka.com\/pt-pt\/"},{"@type":"ListItem","position":2,"name":"Suporte","item":"https:\/\/www.teka.com\/pt-pt\/suporte\/"},{"@type":"ListItem","position":3,"name":"Condi\u00e7\u00f5es de garantia"}]},{"@type":"WebSite","@id":"https:\/\/www.teka.com\/pt-pt\/#website","url":"https:\/\/www.teka.com\/pt-pt\/","name":"Teka Portugal","description":"","potentialAction":[{"@type":"SearchAction","target":{"@type":"EntryPoint","urlTemplate":"https:\/\/www.teka.com\/pt-pt\/?s={search_term_string}"},"query-input":{"@type":"PropertyValueSpecification","valueRequired":true,"valueName":"search_term_string"}}],"inLanguage":"pt-PT"}]}},"_links":{"self":[{"href":"https:\/\/www.teka.com\/pt-pt\/wp-json\/wp\/v2\/pages\/23564","targetHints":{"allow":["GET"]}}],"collection":[{"href":"https:\/\/www.teka.com\/pt-pt\/wp-json\/wp\/v2\/pages"}],"about":[{"href":"https:\/\/www.teka.com\/pt-pt\/wp-json\/wp\/v2\/types\/page"}],"author":[{"embeddable":true,"href":"https:\/\/www.teka.com\/pt-pt\/wp-json\/wp\/v2\/users\/9"}],"replies":[{"embeddable":true,"href":"https:\/\/www.teka.com\/pt-pt\/wp-json\/wp\/v2\/comments?post=23564"}],"version-history":[{"count":8,"href":"https:\/\/www.teka.com\/pt-pt\/wp-json\/wp\/v2\/pages\/23564\/revisions"}],"predecessor-version":[{"id":122904,"href":"https:\/\/www.teka.com\/pt-pt\/wp-json\/wp\/v2\/pages\/23564\/revisions\/122904"}],"up":[{"embeddable":true,"href":"https:\/\/www.teka.com\/pt-pt\/wp-json\/wp\/v2\/pages\/5193"}],"wp:attachment":[{"href":"https:\/\/www.teka.com\/pt-pt\/wp-json\/wp\/v2\/media?parent=23564"}],"curies":[{"name":"wp","href":"https:\/\/api.w.org\/{rel}","templated":true}]}}