{"id":5223,"date":"2018-08-10T10:27:29","date_gmt":"2018-08-10T10:27:29","guid":{"rendered":"http:\/\/teka.com\/?page_id=5223"},"modified":"2024-10-28T14:24:18","modified_gmt":"2024-10-28T14:24:18","slug":"map","status":"publish","type":"page","link":"https:\/\/www.teka.com\/pt-pt\/suporte\/map\/","title":{"rendered":"Servi\u00e7os t\u00e9cnicos"},"content":{"rendered":"<p>[et_pb_section fb_built=&#8221;1&#8243; _builder_version=&#8221;4.16&#8243; global_colors_info=&#8221;{}&#8221;][et_pb_row _builder_version=&#8221;4.16&#8243; background_size=&#8221;initial&#8221; background_position=&#8221;top_left&#8221; background_repeat=&#8221;repeat&#8221; global_colors_info=&#8221;{}&#8221;][et_pb_column type=&#8221;4_4&#8243; _builder_version=&#8221;4.16&#8243; custom_padding=&#8221;|||&#8221; global_colors_info=&#8221;{}&#8221; custom_padding__hover=&#8221;|||&#8221;][et_pb_text _builder_version=&#8221;4.16&#8243; global_colors_info=&#8221;{}&#8221;]<\/p>\n<h1>Encontre um servi\u00e7o t\u00e9cnico.<\/h1>\n<p>[\/et_pb_text][et_pb_text _builder_version=&#8221;4.16&#8243; global_colors_info=&#8221;{}&#8221;]<\/p>\n<p>Escreva o nome da rua, cidade ou c\u00f3digo postal e mostraremos os resultados mais pr\u00f3ximos da sua pesquisa.<\/p>\n<p>[\/et_pb_text][\/et_pb_column][\/et_pb_row][\/et_pb_section]<\/p>\n","protected":false},"excerpt":{"rendered":"<p>Encontre um servi\u00e7o t\u00e9cnico.Escreva o nome da rua, cidade ou c\u00f3digo postal e mostraremos os resultados mais pr\u00f3ximos da sua pesquisa.<\/p>\n","protected":false},"author":9,"featured_media":0,"parent":5193,"menu_order":0,"comment_status":"closed","ping_status":"closed","template":"tp-map.php","meta":{"_acf_changed":false,"_et_pb_use_builder":"on","_et_pb_old_content":"","_et_gb_content_width":"","footnotes":""},"class_list":["post-5223","page","type-page","status-publish","hentry"],"acf":[],"yoast_head":"<!-- This site is optimized with the Yoast SEO plugin v27.5 - https:\/\/yoast.com\/product\/yoast-seo-wordpress\/ -->\n<title>Servi\u00e7os t\u00e9cnicos | Teka Portugal<\/title>\n<meta name=\"robots\" content=\"index, follow, max-snippet:-1, max-image-preview:large, max-video-preview:-1\" \/>\n<link rel=\"canonical\" href=\"https:\/\/www.teka.com\/pt-pt\/suporte\/map\/\" \/>\n<meta property=\"og:locale\" content=\"pt_PT\" \/>\n<meta property=\"og:type\" content=\"article\" \/>\n<meta property=\"og:title\" content=\"Servi\u00e7os t\u00e9cnicos | Teka Portugal\" \/>\n<meta property=\"og:description\" content=\"Encontre um servi\u00e7o t\u00e9cnico.Escreva o nome da rua, cidade ou c\u00f3digo postal e mostraremos os resultados mais pr\u00f3ximos da sua pesquisa.\" \/>\n<meta property=\"og:url\" content=\"https:\/\/www.teka.com\/pt-pt\/suporte\/map\/\" \/>\n<meta property=\"og:site_name\" content=\"Teka Portugal\" \/>\n<meta property=\"article:modified_time\" content=\"2024-10-28T14:24:18+00:00\" \/>\n<meta name=\"twitter:card\" content=\"summary_large_image\" \/>\n<meta name=\"twitter:label1\" content=\"Tempo estimado de leitura\" \/>\n\t<meta name=\"twitter:data1\" content=\"1 minuto\" \/>\n<script type=\"application\/ld+json\" class=\"yoast-schema-graph\">{\"@context\":\"https:\\\/\\\/schema.org\",\"@graph\":[{\"@type\":\"WebPage\",\"@id\":\"https:\\\/\\\/www.teka.com\\\/pt-pt\\\/suporte\\\/map\\\/\",\"url\":\"https:\\\/\\\/www.teka.com\\\/pt-pt\\\/suporte\\\/map\\\/\",\"name\":\"Servi\u00e7os t\u00e9cnicos | Teka Portugal\",\"isPartOf\":{\"@id\":\"https:\\\/\\\/www.teka.com\\\/pt-pt\\\/#website\"},\"datePublished\":\"2018-08-10T10:27:29+00:00\",\"dateModified\":\"2024-10-28T14:24:18+00:00\",\"breadcrumb\":{\"@id\":\"https:\\\/\\\/www.teka.com\\\/pt-pt\\\/suporte\\\/map\\\/#breadcrumb\"},\"inLanguage\":\"pt-PT\",\"potentialAction\":[{\"@type\":\"ReadAction\",\"target\":[\"https:\\\/\\\/www.teka.com\\\/pt-pt\\\/suporte\\\/map\\\/\"]}]},{\"@type\":\"BreadcrumbList\",\"@id\":\"https:\\\/\\\/www.teka.com\\\/pt-pt\\\/suporte\\\/map\\\/#breadcrumb\",\"itemListElement\":[{\"@type\":\"ListItem\",\"position\":1,\"name\":\"Home\",\"item\":\"https:\\\/\\\/www.teka.com\\\/pt-pt\\\/\"},{\"@type\":\"ListItem\",\"position\":2,\"name\":\"Suporte\",\"item\":\"https:\\\/\\\/www.teka.com\\\/pt-pt\\\/suporte\\\/\"},{\"@type\":\"ListItem\",\"position\":3,\"name\":\"Servi\u00e7os t\u00e9cnicos\"}]},{\"@type\":\"WebSite\",\"@id\":\"https:\\\/\\\/www.teka.com\\\/pt-pt\\\/#website\",\"url\":\"https:\\\/\\\/www.teka.com\\\/pt-pt\\\/\",\"name\":\"Teka Portugal\",\"description\":\"\",\"potentialAction\":[{\"@type\":\"SearchAction\",\"target\":{\"@type\":\"EntryPoint\",\"urlTemplate\":\"https:\\\/\\\/www.teka.com\\\/pt-pt\\\/?s={search_term_string}\"},\"query-input\":{\"@type\":\"PropertyValueSpecification\",\"valueRequired\":true,\"valueName\":\"search_term_string\"}}],\"inLanguage\":\"pt-PT\"}]}<\/script>\n<!-- \/ Yoast SEO plugin. -->","yoast_head_json":{"title":"Servi\u00e7os t\u00e9cnicos | Teka Portugal","robots":{"index":"index","follow":"follow","max-snippet":"max-snippet:-1","max-image-preview":"max-image-preview:large","max-video-preview":"max-video-preview:-1"},"canonical":"https:\/\/www.teka.com\/pt-pt\/suporte\/map\/","og_locale":"pt_PT","og_type":"article","og_title":"Servi\u00e7os t\u00e9cnicos | Teka Portugal","og_description":"Encontre um servi\u00e7o t\u00e9cnico.Escreva o nome da rua, cidade ou c\u00f3digo postal e mostraremos os resultados mais pr\u00f3ximos da sua pesquisa.","og_url":"https:\/\/www.teka.com\/pt-pt\/suporte\/map\/","og_site_name":"Teka Portugal","article_modified_time":"2024-10-28T14:24:18+00:00","twitter_card":"summary_large_image","twitter_misc":{"Tempo estimado de leitura":"1 minuto"},"schema":{"@context":"https:\/\/schema.org","@graph":[{"@type":"WebPage","@id":"https:\/\/www.teka.com\/pt-pt\/suporte\/map\/","url":"https:\/\/www.teka.com\/pt-pt\/suporte\/map\/","name":"Servi\u00e7os t\u00e9cnicos | Teka Portugal","isPartOf":{"@id":"https:\/\/www.teka.com\/pt-pt\/#website"},"datePublished":"2018-08-10T10:27:29+00:00","dateModified":"2024-10-28T14:24:18+00:00","breadcrumb":{"@id":"https:\/\/www.teka.com\/pt-pt\/suporte\/map\/#breadcrumb"},"inLanguage":"pt-PT","potentialAction":[{"@type":"ReadAction","target":["https:\/\/www.teka.com\/pt-pt\/suporte\/map\/"]}]},{"@type":"BreadcrumbList","@id":"https:\/\/www.teka.com\/pt-pt\/suporte\/map\/#breadcrumb","itemListElement":[{"@type":"ListItem","position":1,"name":"Home","item":"https:\/\/www.teka.com\/pt-pt\/"},{"@type":"ListItem","position":2,"name":"Suporte","item":"https:\/\/www.teka.com\/pt-pt\/suporte\/"},{"@type":"ListItem","position":3,"name":"Servi\u00e7os t\u00e9cnicos"}]},{"@type":"WebSite","@id":"https:\/\/www.teka.com\/pt-pt\/#website","url":"https:\/\/www.teka.com\/pt-pt\/","name":"Teka Portugal","description":"","potentialAction":[{"@type":"SearchAction","target":{"@type":"EntryPoint","urlTemplate":"https:\/\/www.teka.com\/pt-pt\/?s={search_term_string}"},"query-input":{"@type":"PropertyValueSpecification","valueRequired":true,"valueName":"search_term_string"}}],"inLanguage":"pt-PT"}]}},"_links":{"self":[{"href":"https:\/\/www.teka.com\/pt-pt\/wp-json\/wp\/v2\/pages\/5223","targetHints":{"allow":["GET"]}}],"collection":[{"href":"https:\/\/www.teka.com\/pt-pt\/wp-json\/wp\/v2\/pages"}],"about":[{"href":"https:\/\/www.teka.com\/pt-pt\/wp-json\/wp\/v2\/types\/page"}],"author":[{"embeddable":true,"href":"https:\/\/www.teka.com\/pt-pt\/wp-json\/wp\/v2\/users\/9"}],"replies":[{"embeddable":true,"href":"https:\/\/www.teka.com\/pt-pt\/wp-json\/wp\/v2\/comments?post=5223"}],"version-history":[{"count":34,"href":"https:\/\/www.teka.com\/pt-pt\/wp-json\/wp\/v2\/pages\/5223\/revisions"}],"predecessor-version":[{"id":125705,"href":"https:\/\/www.teka.com\/pt-pt\/wp-json\/wp\/v2\/pages\/5223\/revisions\/125705"}],"up":[{"embeddable":true,"href":"https:\/\/www.teka.com\/pt-pt\/wp-json\/wp\/v2\/pages\/5193"}],"wp:attachment":[{"href":"https:\/\/www.teka.com\/pt-pt\/wp-json\/wp\/v2\/media?parent=5223"}],"curies":[{"name":"wp","href":"https:\/\/api.w.org\/{rel}","templated":true}]}}