{"id":121929,"date":"2026-04-05T02:04:57","date_gmt":"2026-04-05T02:04:57","guid":{"rendered":"https:\/\/teka.com\/en-int\/ml-8220-bis_112030000"},"modified":"2026-03-14T05:39:02","modified_gmt":"2026-03-14T06:39:02","slug":"ml-8220-bis_112030000","status":"publish","type":"product","link":"https:\/\/www.teka.com\/pt-pt\/produto\/ml-8220-bis_112030000\/","title":{"rendered":"ML 8220 BIS L"},"content":{"rendered":"<ul>\n<li>Micro-ondas de base cer\u00e2mica + grill<\/li>\n<li>Painel de comandos eletr\u00f3nico em vidro e rel\u00f3gio digital<\/li>\n<li>Grill rebat\u00edvel, 1.200 W<\/li>\n<li>5 n\u00edveis de pot\u00eancia, 850 W de sa\u00edda de micro-ondas<\/li>\n<li>Interior em a\u00e7o inoxid\u00e1vel<\/li>\n<li>9 menus de acesso direto<\/li>\n<\/ul>\n","protected":false},"featured_media":0,"parent":0,"template":"","product_cat":[3065],"product_cleaning_system":[],"product_edition":[292608],"product_3rd_basket":[],"product_drawers":[],"product_type_of_installation":[422185],"product_serie":[],"product_features":[],"finishes":[],"product_bundles":[],"product_energy_efficiency":[],"product_video_training":[],"class_list":["post-121929","product","type-product","status-publish","hentry","product_cat-micro-ondas","usp-microwaves-01","usp-microwaves-02","usp-microwaves-04","usp-microwaves-05","usp-microwaves-06","usp-renewableenergy-01","color-vidro-branco","product_type_of_appliance-integracao","product_ambient-urban-colors-07","product_ambient-urban-colors-08","product_icons-22l","product_icons-ceramic-base","product_icons-defrost-by-time","product_icons-defrost-by-weight","product_icons-direct-access-menu","product_icons-electronic-door-opening","product_edition-white-marble","product_type_of_installation-integracao"],"acf":[],"yoast_head":"<!-- This site is optimized with the Yoast SEO plugin v27.2 - https:\/\/yoast.com\/product\/yoast-seo-wordpress\/ -->\n<title>Micro-ondas para Cozinha, ML 8220 BIS L WH | Teka<\/title>\n<meta name=\"robots\" content=\"index, follow, max-snippet:-1, max-image-preview:large, max-video-preview:-1\" \/>\n<link rel=\"canonical\" href=\"https:\/\/www.teka.com\/pt-pt\/produto\/ml-8220-bis_112030000\/\" \/>\n<meta property=\"og:locale\" content=\"pt_PT\" \/>\n<meta property=\"og:type\" content=\"article\" \/>\n<meta property=\"og:title\" content=\"Micro-ondas para Cozinha, ML 8220 BIS L WH | Teka\" \/>\n<meta property=\"og:description\" content=\"Micro-ondas de base cer\u00e2mica + grill Painel de comandos eletr\u00f3nico em vidro e rel\u00f3gio digital Grill rebat\u00edvel, 1.200 W 5 n\u00edveis de pot\u00eancia, 850 W de sa\u00edda de micro-ondas Interior em a\u00e7o inoxid\u00e1vel 9 menus de acesso direto\" \/>\n<meta property=\"og:url\" content=\"https:\/\/www.teka.com\/pt-pt\/produto\/ml-8220-bis_112030000\/\" \/>\n<meta property=\"og:site_name\" content=\"Teka Portugal\" \/>\n<meta name=\"twitter:card\" content=\"summary_large_image\" \/>\n<script type=\"application\/ld+json\" class=\"yoast-schema-graph\">{\"@context\":\"https:\/\/schema.org\",\"@graph\":[{\"@type\":\"WebPage\",\"@id\":\"https:\/\/www.teka.com\/pt-pt\/produto\/ml-8220-bis_112030000\/\",\"url\":\"https:\/\/www.teka.com\/pt-pt\/produto\/ml-8220-bis_112030000\/\",\"name\":\"Micro-ondas para Cozinha, ML 8220 BIS L WH | Teka\",\"isPartOf\":{\"@id\":\"https:\/\/www.teka.com\/pt-pt\/#website\"},\"datePublished\":\"2026-04-05T02:04:57+00:00\",\"breadcrumb\":{\"@id\":\"https:\/\/www.teka.com\/pt-pt\/produto\/ml-8220-bis_112030000\/#breadcrumb\"},\"inLanguage\":\"pt-PT\",\"potentialAction\":[{\"@type\":\"ReadAction\",\"target\":[\"https:\/\/www.teka.com\/pt-pt\/produto\/ml-8220-bis_112030000\/\"]}]},{\"@type\":\"BreadcrumbList\",\"@id\":\"https:\/\/www.teka.com\/pt-pt\/produto\/ml-8220-bis_112030000\/#breadcrumb\",\"itemListElement\":[{\"@type\":\"ListItem\",\"position\":1,\"name\":\"Home\",\"item\":\"https:\/\/www.teka.com\/pt-pt\/\"},{\"@type\":\"ListItem\",\"position\":2,\"name\":\"ML 8220 BIS L\"}]},{\"@type\":\"WebSite\",\"@id\":\"https:\/\/www.teka.com\/pt-pt\/#website\",\"url\":\"https:\/\/www.teka.com\/pt-pt\/\",\"name\":\"Teka Portugal\",\"description\":\"\",\"potentialAction\":[{\"@type\":\"SearchAction\",\"target\":{\"@type\":\"EntryPoint\",\"urlTemplate\":\"https:\/\/www.teka.com\/pt-pt\/?s={search_term_string}\"},\"query-input\":{\"@type\":\"PropertyValueSpecification\",\"valueRequired\":true,\"valueName\":\"search_term_string\"}}],\"inLanguage\":\"pt-PT\"}]}<\/script>\n<!-- \/ Yoast SEO plugin. -->","yoast_head_json":{"title":"Micro-ondas para Cozinha, ML 8220 BIS L WH | Teka","robots":{"index":"index","follow":"follow","max-snippet":"max-snippet:-1","max-image-preview":"max-image-preview:large","max-video-preview":"max-video-preview:-1"},"canonical":"https:\/\/www.teka.com\/pt-pt\/produto\/ml-8220-bis_112030000\/","og_locale":"pt_PT","og_type":"article","og_title":"Micro-ondas para Cozinha, ML 8220 BIS L WH | Teka","og_description":"Micro-ondas de base cer\u00e2mica + grill Painel de comandos eletr\u00f3nico em vidro e rel\u00f3gio digital Grill rebat\u00edvel, 1.200 W 5 n\u00edveis de pot\u00eancia, 850 W de sa\u00edda de micro-ondas Interior em a\u00e7o inoxid\u00e1vel 9 menus de acesso direto","og_url":"https:\/\/www.teka.com\/pt-pt\/produto\/ml-8220-bis_112030000\/","og_site_name":"Teka Portugal","twitter_card":"summary_large_image","schema":{"@context":"https:\/\/schema.org","@graph":[{"@type":"WebPage","@id":"https:\/\/www.teka.com\/pt-pt\/produto\/ml-8220-bis_112030000\/","url":"https:\/\/www.teka.com\/pt-pt\/produto\/ml-8220-bis_112030000\/","name":"Micro-ondas para Cozinha, ML 8220 BIS L WH | Teka","isPartOf":{"@id":"https:\/\/www.teka.com\/pt-pt\/#website"},"datePublished":"2026-04-05T02:04:57+00:00","breadcrumb":{"@id":"https:\/\/www.teka.com\/pt-pt\/produto\/ml-8220-bis_112030000\/#breadcrumb"},"inLanguage":"pt-PT","potentialAction":[{"@type":"ReadAction","target":["https:\/\/www.teka.com\/pt-pt\/produto\/ml-8220-bis_112030000\/"]}]},{"@type":"BreadcrumbList","@id":"https:\/\/www.teka.com\/pt-pt\/produto\/ml-8220-bis_112030000\/#breadcrumb","itemListElement":[{"@type":"ListItem","position":1,"name":"Home","item":"https:\/\/www.teka.com\/pt-pt\/"},{"@type":"ListItem","position":2,"name":"ML 8220 BIS L"}]},{"@type":"WebSite","@id":"https:\/\/www.teka.com\/pt-pt\/#website","url":"https:\/\/www.teka.com\/pt-pt\/","name":"Teka Portugal","description":"","potentialAction":[{"@type":"SearchAction","target":{"@type":"EntryPoint","urlTemplate":"https:\/\/www.teka.com\/pt-pt\/?s={search_term_string}"},"query-input":{"@type":"PropertyValueSpecification","valueRequired":true,"valueName":"search_term_string"}}],"inLanguage":"pt-PT"}]}},"_links":{"self":[{"href":"https:\/\/www.teka.com\/pt-pt\/wp-json\/wp\/v2\/product\/121929","targetHints":{"allow":["GET"]}}],"collection":[{"href":"https:\/\/www.teka.com\/pt-pt\/wp-json\/wp\/v2\/product"}],"about":[{"href":"https:\/\/www.teka.com\/pt-pt\/wp-json\/wp\/v2\/types\/product"}],"wp:attachment":[{"href":"https:\/\/www.teka.com\/pt-pt\/wp-json\/wp\/v2\/media?parent=121929"}],"wp:term":[{"taxonomy":"product_cat","embeddable":true,"href":"https:\/\/www.teka.com\/pt-pt\/wp-json\/wp\/v2\/product_cat?post=121929"},{"taxonomy":"product_cleaning_system","embeddable":true,"href":"https:\/\/www.teka.com\/pt-pt\/wp-json\/wp\/v2\/product_cleaning_system?post=121929"},{"taxonomy":"product_edition","embeddable":true,"href":"https:\/\/www.teka.com\/pt-pt\/wp-json\/wp\/v2\/product_edition?post=121929"},{"taxonomy":"product_3rd_basket","embeddable":true,"href":"https:\/\/www.teka.com\/pt-pt\/wp-json\/wp\/v2\/product_3rd_basket?post=121929"},{"taxonomy":"product_drawers","embeddable":true,"href":"https:\/\/www.teka.com\/pt-pt\/wp-json\/wp\/v2\/product_drawers?post=121929"},{"taxonomy":"product_type_of_installation","embeddable":true,"href":"https:\/\/www.teka.com\/pt-pt\/wp-json\/wp\/v2\/product_type_of_installation?post=121929"},{"taxonomy":"product_serie","embeddable":true,"href":"https:\/\/www.teka.com\/pt-pt\/wp-json\/wp\/v2\/product_serie?post=121929"},{"taxonomy":"product_features","embeddable":true,"href":"https:\/\/www.teka.com\/pt-pt\/wp-json\/wp\/v2\/product_features?post=121929"},{"taxonomy":"finishes","embeddable":true,"href":"https:\/\/www.teka.com\/pt-pt\/wp-json\/wp\/v2\/finishes?post=121929"},{"taxonomy":"product_bundles","embeddable":true,"href":"https:\/\/www.teka.com\/pt-pt\/wp-json\/wp\/v2\/product_bundles?post=121929"},{"taxonomy":"product_energy_efficiency","embeddable":true,"href":"https:\/\/www.teka.com\/pt-pt\/wp-json\/wp\/v2\/product_energy_efficiency?post=121929"},{"taxonomy":"product_video_training","embeddable":true,"href":"https:\/\/www.teka.com\/pt-pt\/wp-json\/wp\/v2\/product_video_training?post=121929"}],"curies":[{"name":"wp","href":"https:\/\/api.w.org\/{rel}","templated":true}]}}