{"id":121934,"date":"2026-04-07T20:16:21","date_gmt":"2026-04-07T20:16:21","guid":{"rendered":"https:\/\/teka.com\/en-int\/clc-855-gm_111630004"},"modified":"2026-04-01T10:50:26","modified_gmt":"2026-04-01T11:50:26","slug":"clc-855-gm_111630004","status":"publish","type":"product","link":"https:\/\/www.teka.com\/pt-pt\/produto\/clc-855-gm_111630004\/","title":{"rendered":"CLC 855 GM"},"content":{"rendered":"<ul>\n<li>M\u00e1quina de caf\u00e9 autom\u00e1tica<\/li>\n<li>Fun\u00e7\u00e3o auto limpeza<\/li>\n<li>Capacidade para regular intensidade, temperatura e quantidade de caf\u00e9<\/li>\n<li>Painel de comandos eletr\u00f3nico<\/li>\n<li>Guias telesc\u00f3picas para uma f\u00e1cil extra\u00e7\u00e3o<\/li>\n<li>30 programas autom\u00e1ticos<\/li>\n<\/ul>\n","protected":false},"featured_media":0,"parent":0,"template":"","product_cat":[3068],"product_cleaning_system":[],"product_edition":[292606],"product_3rd_basket":[],"product_drawers":[],"product_type_of_installation":[422185],"product_serie":[],"product_features":[],"finishes":[],"product_bundles":[],"product_energy_efficiency":[],"product_video_training":[],"class_list":["post-121934","product","type-product","status-publish","hentry","product_cat-maquina-de-cafe","usp-coffeemachine-01","usp-coffeemachine-02","usp-coffeemachine-03","usp-cookinglovers-10","color-vidro-preto","product_ambient-urban-colors-01","product_ambient-urban-colors-02","product_ambient-urban-colors-03","product_ambient-ambient-08","product_ambient-ambient-12","product_icons-coffee-beans","product_icons-ground-coffee","product_edition-night-river-black","product_type_of_installation-integracao"],"acf":[],"yoast_head":"<!-- This site is optimized with the Yoast SEO plugin v27.2 - https:\/\/yoast.com\/product\/yoast-seo-wordpress\/ -->\n<title>Compactos para Cozinha, CLC 855 GM BK | Teka<\/title>\n<meta name=\"robots\" content=\"index, follow, max-snippet:-1, max-image-preview:large, max-video-preview:-1\" \/>\n<link rel=\"canonical\" href=\"https:\/\/www.teka.com\/pt-pt\/produto\/clc-855-gm_111630004\/\" \/>\n<meta property=\"og:locale\" content=\"pt_PT\" \/>\n<meta property=\"og:type\" content=\"article\" \/>\n<meta property=\"og:title\" content=\"Compactos para Cozinha, CLC 855 GM BK | Teka\" \/>\n<meta property=\"og:description\" content=\"M\u00e1quina de caf\u00e9 autom\u00e1tica Fun\u00e7\u00e3o auto limpeza Capacidade para regular intensidade, temperatura e quantidade de caf\u00e9 Painel de comandos eletr\u00f3nico Guias telesc\u00f3picas para uma f\u00e1cil extra\u00e7\u00e3o 30 programas autom\u00e1ticos\" \/>\n<meta property=\"og:url\" content=\"https:\/\/www.teka.com\/pt-pt\/produto\/clc-855-gm_111630004\/\" \/>\n<meta property=\"og:site_name\" content=\"Teka Portugal\" \/>\n<meta name=\"twitter:card\" content=\"summary_large_image\" \/>\n<script type=\"application\/ld+json\" class=\"yoast-schema-graph\">{\"@context\":\"https:\/\/schema.org\",\"@graph\":[{\"@type\":\"WebPage\",\"@id\":\"https:\/\/www.teka.com\/pt-pt\/produto\/clc-855-gm_111630004\/\",\"url\":\"https:\/\/www.teka.com\/pt-pt\/produto\/clc-855-gm_111630004\/\",\"name\":\"Compactos para Cozinha, CLC 855 GM BK | Teka\",\"isPartOf\":{\"@id\":\"https:\/\/www.teka.com\/pt-pt\/#website\"},\"datePublished\":\"2026-04-07T20:16:21+00:00\",\"breadcrumb\":{\"@id\":\"https:\/\/www.teka.com\/pt-pt\/produto\/clc-855-gm_111630004\/#breadcrumb\"},\"inLanguage\":\"pt-PT\",\"potentialAction\":[{\"@type\":\"ReadAction\",\"target\":[\"https:\/\/www.teka.com\/pt-pt\/produto\/clc-855-gm_111630004\/\"]}]},{\"@type\":\"BreadcrumbList\",\"@id\":\"https:\/\/www.teka.com\/pt-pt\/produto\/clc-855-gm_111630004\/#breadcrumb\",\"itemListElement\":[{\"@type\":\"ListItem\",\"position\":1,\"name\":\"Home\",\"item\":\"https:\/\/www.teka.com\/pt-pt\/\"},{\"@type\":\"ListItem\",\"position\":2,\"name\":\"CLC 855 GM\"}]},{\"@type\":\"WebSite\",\"@id\":\"https:\/\/www.teka.com\/pt-pt\/#website\",\"url\":\"https:\/\/www.teka.com\/pt-pt\/\",\"name\":\"Teka Portugal\",\"description\":\"\",\"potentialAction\":[{\"@type\":\"SearchAction\",\"target\":{\"@type\":\"EntryPoint\",\"urlTemplate\":\"https:\/\/www.teka.com\/pt-pt\/?s={search_term_string}\"},\"query-input\":{\"@type\":\"PropertyValueSpecification\",\"valueRequired\":true,\"valueName\":\"search_term_string\"}}],\"inLanguage\":\"pt-PT\"}]}<\/script>\n<!-- \/ Yoast SEO plugin. -->","yoast_head_json":{"title":"Compactos para Cozinha, CLC 855 GM BK | Teka","robots":{"index":"index","follow":"follow","max-snippet":"max-snippet:-1","max-image-preview":"max-image-preview:large","max-video-preview":"max-video-preview:-1"},"canonical":"https:\/\/www.teka.com\/pt-pt\/produto\/clc-855-gm_111630004\/","og_locale":"pt_PT","og_type":"article","og_title":"Compactos para Cozinha, CLC 855 GM BK | Teka","og_description":"M\u00e1quina de caf\u00e9 autom\u00e1tica Fun\u00e7\u00e3o auto limpeza Capacidade para regular intensidade, temperatura e quantidade de caf\u00e9 Painel de comandos eletr\u00f3nico Guias telesc\u00f3picas para uma f\u00e1cil extra\u00e7\u00e3o 30 programas autom\u00e1ticos","og_url":"https:\/\/www.teka.com\/pt-pt\/produto\/clc-855-gm_111630004\/","og_site_name":"Teka Portugal","twitter_card":"summary_large_image","schema":{"@context":"https:\/\/schema.org","@graph":[{"@type":"WebPage","@id":"https:\/\/www.teka.com\/pt-pt\/produto\/clc-855-gm_111630004\/","url":"https:\/\/www.teka.com\/pt-pt\/produto\/clc-855-gm_111630004\/","name":"Compactos para Cozinha, CLC 855 GM BK | Teka","isPartOf":{"@id":"https:\/\/www.teka.com\/pt-pt\/#website"},"datePublished":"2026-04-07T20:16:21+00:00","breadcrumb":{"@id":"https:\/\/www.teka.com\/pt-pt\/produto\/clc-855-gm_111630004\/#breadcrumb"},"inLanguage":"pt-PT","potentialAction":[{"@type":"ReadAction","target":["https:\/\/www.teka.com\/pt-pt\/produto\/clc-855-gm_111630004\/"]}]},{"@type":"BreadcrumbList","@id":"https:\/\/www.teka.com\/pt-pt\/produto\/clc-855-gm_111630004\/#breadcrumb","itemListElement":[{"@type":"ListItem","position":1,"name":"Home","item":"https:\/\/www.teka.com\/pt-pt\/"},{"@type":"ListItem","position":2,"name":"CLC 855 GM"}]},{"@type":"WebSite","@id":"https:\/\/www.teka.com\/pt-pt\/#website","url":"https:\/\/www.teka.com\/pt-pt\/","name":"Teka Portugal","description":"","potentialAction":[{"@type":"SearchAction","target":{"@type":"EntryPoint","urlTemplate":"https:\/\/www.teka.com\/pt-pt\/?s={search_term_string}"},"query-input":{"@type":"PropertyValueSpecification","valueRequired":true,"valueName":"search_term_string"}}],"inLanguage":"pt-PT"}]}},"_links":{"self":[{"href":"https:\/\/www.teka.com\/pt-pt\/wp-json\/wp\/v2\/product\/121934","targetHints":{"allow":["GET"]}}],"collection":[{"href":"https:\/\/www.teka.com\/pt-pt\/wp-json\/wp\/v2\/product"}],"about":[{"href":"https:\/\/www.teka.com\/pt-pt\/wp-json\/wp\/v2\/types\/product"}],"wp:attachment":[{"href":"https:\/\/www.teka.com\/pt-pt\/wp-json\/wp\/v2\/media?parent=121934"}],"wp:term":[{"taxonomy":"product_cat","embeddable":true,"href":"https:\/\/www.teka.com\/pt-pt\/wp-json\/wp\/v2\/product_cat?post=121934"},{"taxonomy":"product_cleaning_system","embeddable":true,"href":"https:\/\/www.teka.com\/pt-pt\/wp-json\/wp\/v2\/product_cleaning_system?post=121934"},{"taxonomy":"product_edition","embeddable":true,"href":"https:\/\/www.teka.com\/pt-pt\/wp-json\/wp\/v2\/product_edition?post=121934"},{"taxonomy":"product_3rd_basket","embeddable":true,"href":"https:\/\/www.teka.com\/pt-pt\/wp-json\/wp\/v2\/product_3rd_basket?post=121934"},{"taxonomy":"product_drawers","embeddable":true,"href":"https:\/\/www.teka.com\/pt-pt\/wp-json\/wp\/v2\/product_drawers?post=121934"},{"taxonomy":"product_type_of_installation","embeddable":true,"href":"https:\/\/www.teka.com\/pt-pt\/wp-json\/wp\/v2\/product_type_of_installation?post=121934"},{"taxonomy":"product_serie","embeddable":true,"href":"https:\/\/www.teka.com\/pt-pt\/wp-json\/wp\/v2\/product_serie?post=121934"},{"taxonomy":"product_features","embeddable":true,"href":"https:\/\/www.teka.com\/pt-pt\/wp-json\/wp\/v2\/product_features?post=121934"},{"taxonomy":"finishes","embeddable":true,"href":"https:\/\/www.teka.com\/pt-pt\/wp-json\/wp\/v2\/finishes?post=121934"},{"taxonomy":"product_bundles","embeddable":true,"href":"https:\/\/www.teka.com\/pt-pt\/wp-json\/wp\/v2\/product_bundles?post=121934"},{"taxonomy":"product_energy_efficiency","embeddable":true,"href":"https:\/\/www.teka.com\/pt-pt\/wp-json\/wp\/v2\/product_energy_efficiency?post=121934"},{"taxonomy":"product_video_training","embeddable":true,"href":"https:\/\/www.teka.com\/pt-pt\/wp-json\/wp\/v2\/product_video_training?post=121934"}],"curies":[{"name":"wp","href":"https:\/\/api.w.org\/{rel}","templated":true}]}}