{"id":121987,"date":"2026-04-05T02:23:01","date_gmt":"2026-04-05T02:23:01","guid":{"rendered":"https:\/\/teka.com\/en-int\/placa-gas-gzc-64320-xba-bk_112570191"},"modified":"2026-03-17T11:31:15","modified_gmt":"2026-03-17T12:31:15","slug":"placa-gas-gzc-64320-xba-bk_112570191","status":"publish","type":"product","link":"https:\/\/www.teka.com\/pt-pt\/produto\/placa-gas-gzc-64320-xba-bk_112570191\/","title":{"rendered":"GZC 64320 XBA"},"content":{"rendered":"<ul>\n<li>Gas on Glass Exact Flame<\/li>\n<li>Comandos frontais com design ergon\u00f3mico<\/li>\n<li>Vidro frontal biselado Quartzium Ceran (4 mm altura)<\/li>\n<li>9 n\u00edveis de pot\u00eancia com controlo exato da chama<\/li>\n<li>4 queimadores<\/li>\n<\/ul>\n","protected":false},"featured_media":0,"parent":0,"template":"","product_cat":[3061],"product_cleaning_system":[],"product_edition":[292606],"product_3rd_basket":[],"product_drawers":[],"product_type_of_installation":[],"product_serie":[],"product_features":[],"finishes":[],"product_bundles":[],"product_energy_efficiency":[],"product_video_training":[],"class_list":["post-121987","product","type-product","status-publish","hentry","product_cat-placas","usp-gas-01","usp-gas-02","usp-gas-03","usp-gas-05","usp-gas-06","usp-gas-07","usp-cookinglovers-01","color-vidro-preto","product_type_of_appliance-gas","product_ambient-urban-colors-01","product_ambient-urban-colors-02","product_ambient-urban-colors-03","product_ambient-island-shelf-hood-01","product_icons-auto-ignition","product_icons-autolock","product_icons-easy-installation","product_icons-exactflame","product_edition-night-river-black"],"acf":[],"yoast_head":"<!-- This site is optimized with the Yoast SEO plugin v27.2 - https:\/\/yoast.com\/product\/yoast-seo-wordpress\/ -->\n<title>Cozinha placas GZC 64320 BK | Teka<\/title>\n<meta name=\"robots\" content=\"index, follow, max-snippet:-1, max-image-preview:large, max-video-preview:-1\" \/>\n<link rel=\"canonical\" href=\"https:\/\/www.teka.com\/pt-pt\/produto\/placa-gas-gzc-64320-xba-bk_112570191\/\" \/>\n<meta property=\"og:locale\" content=\"pt_PT\" \/>\n<meta property=\"og:type\" content=\"article\" \/>\n<meta property=\"og:title\" content=\"Cozinha placas GZC 64320 BK | Teka\" \/>\n<meta property=\"og:description\" content=\"Gas on Glass Exact Flame Comandos frontais com design ergon\u00f3mico Vidro frontal biselado Quartzium Ceran (4 mm altura) 9 n\u00edveis de pot\u00eancia com controlo exato da chama 4 queimadores\" \/>\n<meta property=\"og:url\" content=\"https:\/\/www.teka.com\/pt-pt\/produto\/placa-gas-gzc-64320-xba-bk_112570191\/\" \/>\n<meta property=\"og:site_name\" content=\"Teka Portugal\" \/>\n<meta name=\"twitter:card\" content=\"summary_large_image\" \/>\n<script type=\"application\/ld+json\" class=\"yoast-schema-graph\">{\"@context\":\"https:\/\/schema.org\",\"@graph\":[{\"@type\":\"WebPage\",\"@id\":\"https:\/\/www.teka.com\/pt-pt\/produto\/placa-gas-gzc-64320-xba-bk_112570191\/\",\"url\":\"https:\/\/www.teka.com\/pt-pt\/produto\/placa-gas-gzc-64320-xba-bk_112570191\/\",\"name\":\"Cozinha placas GZC 64320 BK | Teka\",\"isPartOf\":{\"@id\":\"https:\/\/www.teka.com\/pt-pt\/#website\"},\"datePublished\":\"2026-04-05T02:23:01+00:00\",\"breadcrumb\":{\"@id\":\"https:\/\/www.teka.com\/pt-pt\/produto\/placa-gas-gzc-64320-xba-bk_112570191\/#breadcrumb\"},\"inLanguage\":\"pt-PT\",\"potentialAction\":[{\"@type\":\"ReadAction\",\"target\":[\"https:\/\/www.teka.com\/pt-pt\/produto\/placa-gas-gzc-64320-xba-bk_112570191\/\"]}]},{\"@type\":\"BreadcrumbList\",\"@id\":\"https:\/\/www.teka.com\/pt-pt\/produto\/placa-gas-gzc-64320-xba-bk_112570191\/#breadcrumb\",\"itemListElement\":[{\"@type\":\"ListItem\",\"position\":1,\"name\":\"Home\",\"item\":\"https:\/\/www.teka.com\/pt-pt\/\"},{\"@type\":\"ListItem\",\"position\":2,\"name\":\"GZC 64320 XBA\"}]},{\"@type\":\"WebSite\",\"@id\":\"https:\/\/www.teka.com\/pt-pt\/#website\",\"url\":\"https:\/\/www.teka.com\/pt-pt\/\",\"name\":\"Teka Portugal\",\"description\":\"\",\"potentialAction\":[{\"@type\":\"SearchAction\",\"target\":{\"@type\":\"EntryPoint\",\"urlTemplate\":\"https:\/\/www.teka.com\/pt-pt\/?s={search_term_string}\"},\"query-input\":{\"@type\":\"PropertyValueSpecification\",\"valueRequired\":true,\"valueName\":\"search_term_string\"}}],\"inLanguage\":\"pt-PT\"}]}<\/script>\n<!-- \/ Yoast SEO plugin. -->","yoast_head_json":{"title":"Cozinha placas GZC 64320 BK | Teka","robots":{"index":"index","follow":"follow","max-snippet":"max-snippet:-1","max-image-preview":"max-image-preview:large","max-video-preview":"max-video-preview:-1"},"canonical":"https:\/\/www.teka.com\/pt-pt\/produto\/placa-gas-gzc-64320-xba-bk_112570191\/","og_locale":"pt_PT","og_type":"article","og_title":"Cozinha placas GZC 64320 BK | Teka","og_description":"Gas on Glass Exact Flame Comandos frontais com design ergon\u00f3mico Vidro frontal biselado Quartzium Ceran (4 mm altura) 9 n\u00edveis de pot\u00eancia com controlo exato da chama 4 queimadores","og_url":"https:\/\/www.teka.com\/pt-pt\/produto\/placa-gas-gzc-64320-xba-bk_112570191\/","og_site_name":"Teka Portugal","twitter_card":"summary_large_image","schema":{"@context":"https:\/\/schema.org","@graph":[{"@type":"WebPage","@id":"https:\/\/www.teka.com\/pt-pt\/produto\/placa-gas-gzc-64320-xba-bk_112570191\/","url":"https:\/\/www.teka.com\/pt-pt\/produto\/placa-gas-gzc-64320-xba-bk_112570191\/","name":"Cozinha placas GZC 64320 BK | Teka","isPartOf":{"@id":"https:\/\/www.teka.com\/pt-pt\/#website"},"datePublished":"2026-04-05T02:23:01+00:00","breadcrumb":{"@id":"https:\/\/www.teka.com\/pt-pt\/produto\/placa-gas-gzc-64320-xba-bk_112570191\/#breadcrumb"},"inLanguage":"pt-PT","potentialAction":[{"@type":"ReadAction","target":["https:\/\/www.teka.com\/pt-pt\/produto\/placa-gas-gzc-64320-xba-bk_112570191\/"]}]},{"@type":"BreadcrumbList","@id":"https:\/\/www.teka.com\/pt-pt\/produto\/placa-gas-gzc-64320-xba-bk_112570191\/#breadcrumb","itemListElement":[{"@type":"ListItem","position":1,"name":"Home","item":"https:\/\/www.teka.com\/pt-pt\/"},{"@type":"ListItem","position":2,"name":"GZC 64320 XBA"}]},{"@type":"WebSite","@id":"https:\/\/www.teka.com\/pt-pt\/#website","url":"https:\/\/www.teka.com\/pt-pt\/","name":"Teka Portugal","description":"","potentialAction":[{"@type":"SearchAction","target":{"@type":"EntryPoint","urlTemplate":"https:\/\/www.teka.com\/pt-pt\/?s={search_term_string}"},"query-input":{"@type":"PropertyValueSpecification","valueRequired":true,"valueName":"search_term_string"}}],"inLanguage":"pt-PT"}]}},"_links":{"self":[{"href":"https:\/\/www.teka.com\/pt-pt\/wp-json\/wp\/v2\/product\/121987","targetHints":{"allow":["GET"]}}],"collection":[{"href":"https:\/\/www.teka.com\/pt-pt\/wp-json\/wp\/v2\/product"}],"about":[{"href":"https:\/\/www.teka.com\/pt-pt\/wp-json\/wp\/v2\/types\/product"}],"wp:attachment":[{"href":"https:\/\/www.teka.com\/pt-pt\/wp-json\/wp\/v2\/media?parent=121987"}],"wp:term":[{"taxonomy":"product_cat","embeddable":true,"href":"https:\/\/www.teka.com\/pt-pt\/wp-json\/wp\/v2\/product_cat?post=121987"},{"taxonomy":"product_cleaning_system","embeddable":true,"href":"https:\/\/www.teka.com\/pt-pt\/wp-json\/wp\/v2\/product_cleaning_system?post=121987"},{"taxonomy":"product_edition","embeddable":true,"href":"https:\/\/www.teka.com\/pt-pt\/wp-json\/wp\/v2\/product_edition?post=121987"},{"taxonomy":"product_3rd_basket","embeddable":true,"href":"https:\/\/www.teka.com\/pt-pt\/wp-json\/wp\/v2\/product_3rd_basket?post=121987"},{"taxonomy":"product_drawers","embeddable":true,"href":"https:\/\/www.teka.com\/pt-pt\/wp-json\/wp\/v2\/product_drawers?post=121987"},{"taxonomy":"product_type_of_installation","embeddable":true,"href":"https:\/\/www.teka.com\/pt-pt\/wp-json\/wp\/v2\/product_type_of_installation?post=121987"},{"taxonomy":"product_serie","embeddable":true,"href":"https:\/\/www.teka.com\/pt-pt\/wp-json\/wp\/v2\/product_serie?post=121987"},{"taxonomy":"product_features","embeddable":true,"href":"https:\/\/www.teka.com\/pt-pt\/wp-json\/wp\/v2\/product_features?post=121987"},{"taxonomy":"finishes","embeddable":true,"href":"https:\/\/www.teka.com\/pt-pt\/wp-json\/wp\/v2\/finishes?post=121987"},{"taxonomy":"product_bundles","embeddable":true,"href":"https:\/\/www.teka.com\/pt-pt\/wp-json\/wp\/v2\/product_bundles?post=121987"},{"taxonomy":"product_energy_efficiency","embeddable":true,"href":"https:\/\/www.teka.com\/pt-pt\/wp-json\/wp\/v2\/product_energy_efficiency?post=121987"},{"taxonomy":"product_video_training","embeddable":true,"href":"https:\/\/www.teka.com\/pt-pt\/wp-json\/wp\/v2\/product_video_training?post=121987"}],"curies":[{"name":"wp","href":"https:\/\/api.w.org\/{rel}","templated":true}]}}