{"id":121999,"date":"2026-04-07T20:47:40","date_gmt":"2026-04-07T20:47:40","guid":{"rendered":"https:\/\/teka.com\/en-int\/placa-gas-efx-60-1-2g-2h-ai-al-btn_112610036"},"modified":"2026-03-14T07:54:01","modified_gmt":"2026-03-14T08:54:01","slug":"placa-gas-efx-60-1-2g-2h-ai-al-btn_112610036","status":"publish","type":"product","link":"https:\/\/www.teka.com\/pt-pt\/produto\/placa-gas-efx-60-1-2g-2h-ai-al-btn_112610036\/","title":{"rendered":"EFX 60.1 2G 2H AI AL"},"content":{"rendered":"<ul>\n<li>2 vitro + 2 queimadores de g\u00e1s<\/li>\n<li>Queimadores de alta efici\u00eancia<\/li>\n<li>Acendedor el\u00e9trico<\/li>\n<li>Grelhas de ferro fundido<\/li>\n<\/ul>\n","protected":false},"featured_media":0,"parent":0,"template":"","product_cat":[3061],"product_cleaning_system":[],"product_edition":[],"product_3rd_basket":[],"product_drawers":[],"product_type_of_installation":[],"product_serie":[],"product_features":[],"finishes":[],"product_bundles":[],"product_energy_efficiency":[],"product_video_training":[],"class_list":["post-121999","product","type-product","status-publish","hentry","product_cat-placas","usp-gas-02","usp-cookinglovers-01","color-inox","product_type_of_appliance-mistas-gas-inducao","product_icons-auto-ignition","product_icons-autolock","product_icons-easy-installation"],"acf":[],"yoast_head":"<!-- This site is optimized with the Yoast SEO plugin v27.2 - https:\/\/yoast.com\/product\/yoast-seo-wordpress\/ -->\n<title>Cozinha placas EFX 60.1 2G 2H AI AL | Teka<\/title>\n<meta name=\"robots\" content=\"index, follow, max-snippet:-1, max-image-preview:large, max-video-preview:-1\" \/>\n<link rel=\"canonical\" href=\"https:\/\/www.teka.com\/pt-pt\/produto\/placa-gas-efx-60-1-2g-2h-ai-al-btn_112610036\/\" \/>\n<meta property=\"og:locale\" content=\"pt_PT\" \/>\n<meta property=\"og:type\" content=\"article\" \/>\n<meta property=\"og:title\" content=\"Cozinha placas EFX 60.1 2G 2H AI AL | Teka\" \/>\n<meta property=\"og:description\" content=\"2 vitro + 2 queimadores de g\u00e1s Queimadores de alta efici\u00eancia Acendedor el\u00e9trico Grelhas de ferro fundido\" \/>\n<meta property=\"og:url\" content=\"https:\/\/www.teka.com\/pt-pt\/produto\/placa-gas-efx-60-1-2g-2h-ai-al-btn_112610036\/\" \/>\n<meta property=\"og:site_name\" content=\"Teka Portugal\" \/>\n<meta name=\"twitter:card\" content=\"summary_large_image\" \/>\n<script type=\"application\/ld+json\" class=\"yoast-schema-graph\">{\"@context\":\"https:\/\/schema.org\",\"@graph\":[{\"@type\":\"WebPage\",\"@id\":\"https:\/\/www.teka.com\/pt-pt\/produto\/placa-gas-efx-60-1-2g-2h-ai-al-btn_112610036\/\",\"url\":\"https:\/\/www.teka.com\/pt-pt\/produto\/placa-gas-efx-60-1-2g-2h-ai-al-btn_112610036\/\",\"name\":\"Cozinha placas EFX 60.1 2G 2H AI AL | Teka\",\"isPartOf\":{\"@id\":\"https:\/\/www.teka.com\/pt-pt\/#website\"},\"datePublished\":\"2026-04-07T20:47:40+00:00\",\"breadcrumb\":{\"@id\":\"https:\/\/www.teka.com\/pt-pt\/produto\/placa-gas-efx-60-1-2g-2h-ai-al-btn_112610036\/#breadcrumb\"},\"inLanguage\":\"pt-PT\",\"potentialAction\":[{\"@type\":\"ReadAction\",\"target\":[\"https:\/\/www.teka.com\/pt-pt\/produto\/placa-gas-efx-60-1-2g-2h-ai-al-btn_112610036\/\"]}]},{\"@type\":\"BreadcrumbList\",\"@id\":\"https:\/\/www.teka.com\/pt-pt\/produto\/placa-gas-efx-60-1-2g-2h-ai-al-btn_112610036\/#breadcrumb\",\"itemListElement\":[{\"@type\":\"ListItem\",\"position\":1,\"name\":\"Home\",\"item\":\"https:\/\/www.teka.com\/pt-pt\/\"},{\"@type\":\"ListItem\",\"position\":2,\"name\":\"EFX 60.1 2G 2H AI AL\"}]},{\"@type\":\"WebSite\",\"@id\":\"https:\/\/www.teka.com\/pt-pt\/#website\",\"url\":\"https:\/\/www.teka.com\/pt-pt\/\",\"name\":\"Teka Portugal\",\"description\":\"\",\"potentialAction\":[{\"@type\":\"SearchAction\",\"target\":{\"@type\":\"EntryPoint\",\"urlTemplate\":\"https:\/\/www.teka.com\/pt-pt\/?s={search_term_string}\"},\"query-input\":{\"@type\":\"PropertyValueSpecification\",\"valueRequired\":true,\"valueName\":\"search_term_string\"}}],\"inLanguage\":\"pt-PT\"}]}<\/script>\n<!-- \/ Yoast SEO plugin. -->","yoast_head_json":{"title":"Cozinha placas EFX 60.1 2G 2H AI AL | Teka","robots":{"index":"index","follow":"follow","max-snippet":"max-snippet:-1","max-image-preview":"max-image-preview:large","max-video-preview":"max-video-preview:-1"},"canonical":"https:\/\/www.teka.com\/pt-pt\/produto\/placa-gas-efx-60-1-2g-2h-ai-al-btn_112610036\/","og_locale":"pt_PT","og_type":"article","og_title":"Cozinha placas EFX 60.1 2G 2H AI AL | Teka","og_description":"2 vitro + 2 queimadores de g\u00e1s Queimadores de alta efici\u00eancia Acendedor el\u00e9trico Grelhas de ferro fundido","og_url":"https:\/\/www.teka.com\/pt-pt\/produto\/placa-gas-efx-60-1-2g-2h-ai-al-btn_112610036\/","og_site_name":"Teka Portugal","twitter_card":"summary_large_image","schema":{"@context":"https:\/\/schema.org","@graph":[{"@type":"WebPage","@id":"https:\/\/www.teka.com\/pt-pt\/produto\/placa-gas-efx-60-1-2g-2h-ai-al-btn_112610036\/","url":"https:\/\/www.teka.com\/pt-pt\/produto\/placa-gas-efx-60-1-2g-2h-ai-al-btn_112610036\/","name":"Cozinha placas EFX 60.1 2G 2H AI AL | Teka","isPartOf":{"@id":"https:\/\/www.teka.com\/pt-pt\/#website"},"datePublished":"2026-04-07T20:47:40+00:00","breadcrumb":{"@id":"https:\/\/www.teka.com\/pt-pt\/produto\/placa-gas-efx-60-1-2g-2h-ai-al-btn_112610036\/#breadcrumb"},"inLanguage":"pt-PT","potentialAction":[{"@type":"ReadAction","target":["https:\/\/www.teka.com\/pt-pt\/produto\/placa-gas-efx-60-1-2g-2h-ai-al-btn_112610036\/"]}]},{"@type":"BreadcrumbList","@id":"https:\/\/www.teka.com\/pt-pt\/produto\/placa-gas-efx-60-1-2g-2h-ai-al-btn_112610036\/#breadcrumb","itemListElement":[{"@type":"ListItem","position":1,"name":"Home","item":"https:\/\/www.teka.com\/pt-pt\/"},{"@type":"ListItem","position":2,"name":"EFX 60.1 2G 2H AI AL"}]},{"@type":"WebSite","@id":"https:\/\/www.teka.com\/pt-pt\/#website","url":"https:\/\/www.teka.com\/pt-pt\/","name":"Teka Portugal","description":"","potentialAction":[{"@type":"SearchAction","target":{"@type":"EntryPoint","urlTemplate":"https:\/\/www.teka.com\/pt-pt\/?s={search_term_string}"},"query-input":{"@type":"PropertyValueSpecification","valueRequired":true,"valueName":"search_term_string"}}],"inLanguage":"pt-PT"}]}},"_links":{"self":[{"href":"https:\/\/www.teka.com\/pt-pt\/wp-json\/wp\/v2\/product\/121999","targetHints":{"allow":["GET"]}}],"collection":[{"href":"https:\/\/www.teka.com\/pt-pt\/wp-json\/wp\/v2\/product"}],"about":[{"href":"https:\/\/www.teka.com\/pt-pt\/wp-json\/wp\/v2\/types\/product"}],"wp:attachment":[{"href":"https:\/\/www.teka.com\/pt-pt\/wp-json\/wp\/v2\/media?parent=121999"}],"wp:term":[{"taxonomy":"product_cat","embeddable":true,"href":"https:\/\/www.teka.com\/pt-pt\/wp-json\/wp\/v2\/product_cat?post=121999"},{"taxonomy":"product_cleaning_system","embeddable":true,"href":"https:\/\/www.teka.com\/pt-pt\/wp-json\/wp\/v2\/product_cleaning_system?post=121999"},{"taxonomy":"product_edition","embeddable":true,"href":"https:\/\/www.teka.com\/pt-pt\/wp-json\/wp\/v2\/product_edition?post=121999"},{"taxonomy":"product_3rd_basket","embeddable":true,"href":"https:\/\/www.teka.com\/pt-pt\/wp-json\/wp\/v2\/product_3rd_basket?post=121999"},{"taxonomy":"product_drawers","embeddable":true,"href":"https:\/\/www.teka.com\/pt-pt\/wp-json\/wp\/v2\/product_drawers?post=121999"},{"taxonomy":"product_type_of_installation","embeddable":true,"href":"https:\/\/www.teka.com\/pt-pt\/wp-json\/wp\/v2\/product_type_of_installation?post=121999"},{"taxonomy":"product_serie","embeddable":true,"href":"https:\/\/www.teka.com\/pt-pt\/wp-json\/wp\/v2\/product_serie?post=121999"},{"taxonomy":"product_features","embeddable":true,"href":"https:\/\/www.teka.com\/pt-pt\/wp-json\/wp\/v2\/product_features?post=121999"},{"taxonomy":"finishes","embeddable":true,"href":"https:\/\/www.teka.com\/pt-pt\/wp-json\/wp\/v2\/finishes?post=121999"},{"taxonomy":"product_bundles","embeddable":true,"href":"https:\/\/www.teka.com\/pt-pt\/wp-json\/wp\/v2\/product_bundles?post=121999"},{"taxonomy":"product_energy_efficiency","embeddable":true,"href":"https:\/\/www.teka.com\/pt-pt\/wp-json\/wp\/v2\/product_energy_efficiency?post=121999"},{"taxonomy":"product_video_training","embeddable":true,"href":"https:\/\/www.teka.com\/pt-pt\/wp-json\/wp\/v2\/product_video_training?post=121999"}],"curies":[{"name":"wp","href":"https:\/\/api.w.org\/{rel}","templated":true}]}}