{"id":122866,"date":"2026-04-07T20:54:20","date_gmt":"2026-04-07T20:54:20","guid":{"rendered":"https:\/\/teka.com\/en-int\/ibf-64-g1-msp-bm-de1_112510038"},"modified":"2026-03-14T08:18:52","modified_gmt":"2026-03-14T09:18:52","slug":"ibf-64-g1-msp-bm-de1_112510038","status":"publish","type":"product","link":"https:\/\/www.teka.com\/pt-pt\/produto\/ibf-64-g1-msp-bm-de1_112510038\/","title":{"rendered":"IBF 64-G1 MSP BM &#8211; DE1"},"content":{"rendered":"<ul>\n<li>Desenhada em It\u00e1lia por Giugiaro, Italdesign<\/li>\n<li>Acabamento em preto mate<\/li>\n<li>Detalhes em cobre<\/li>\n<li>Fun\u00e7\u00f5es diretas de cozinhado: Simmering, melting e keep warm<\/li>\n<li>Touch Control MultiSlider<\/li>\n<\/ul>\n","protected":false},"featured_media":0,"parent":0,"template":"","product_cat":[3061],"product_cleaning_system":[],"product_edition":[],"product_3rd_basket":[],"product_drawers":[],"product_type_of_installation":[],"product_serie":[],"product_features":[422194,422195,422196,422197],"finishes":[],"product_bundles":[],"product_energy_efficiency":[],"product_video_training":[],"class_list":["post-122866","product","type-product","status-publish","hentry","product_cat-placas","usp-infinityg1-01","usp-infinityg1-02","usp-infinityg1-03","usp-infinityg1-14","usp-infinityg1-15","usp-cookinglovers-13","color-black-matt","product_type_of_appliance-inducao","product_ambient-infinityg1","product_icons-flex","product_icons-easy-installation","product_icons-multislider","product_icons-power","product_icons-power-plus","product_features-keep-warm","product_features-flex","product_features-simmering","product_features-melting"],"acf":[],"yoast_head":"<!-- This site is optimized with the Yoast SEO plugin v27.2 - https:\/\/yoast.com\/product\/yoast-seo-wordpress\/ -->\n<title>Cozinha placas IBF 64-G1 MSP BM | Teka<\/title>\n<meta name=\"robots\" content=\"index, follow, max-snippet:-1, max-image-preview:large, max-video-preview:-1\" \/>\n<link rel=\"canonical\" href=\"https:\/\/www.teka.com\/pt-pt\/produto\/ibf-64-g1-msp-bm-de1_112510038\/\" \/>\n<meta property=\"og:locale\" content=\"pt_PT\" \/>\n<meta property=\"og:type\" content=\"article\" \/>\n<meta property=\"og:title\" content=\"Cozinha placas IBF 64-G1 MSP BM | Teka\" \/>\n<meta property=\"og:description\" content=\"Desenhada em It\u00e1lia por Giugiaro, Italdesign Acabamento em preto mate Detalhes em cobre Fun\u00e7\u00f5es diretas de cozinhado: Simmering, melting e keep warm Touch Control MultiSlider\" \/>\n<meta property=\"og:url\" content=\"https:\/\/www.teka.com\/pt-pt\/produto\/ibf-64-g1-msp-bm-de1_112510038\/\" \/>\n<meta property=\"og:site_name\" content=\"Teka Portugal\" \/>\n<meta name=\"twitter:card\" content=\"summary_large_image\" \/>\n<script type=\"application\/ld+json\" class=\"yoast-schema-graph\">{\"@context\":\"https:\/\/schema.org\",\"@graph\":[{\"@type\":\"WebPage\",\"@id\":\"https:\/\/www.teka.com\/pt-pt\/produto\/ibf-64-g1-msp-bm-de1_112510038\/\",\"url\":\"https:\/\/www.teka.com\/pt-pt\/produto\/ibf-64-g1-msp-bm-de1_112510038\/\",\"name\":\"Cozinha placas IBF 64-G1 MSP BM | Teka\",\"isPartOf\":{\"@id\":\"https:\/\/www.teka.com\/pt-pt\/#website\"},\"datePublished\":\"2026-04-07T20:54:20+00:00\",\"breadcrumb\":{\"@id\":\"https:\/\/www.teka.com\/pt-pt\/produto\/ibf-64-g1-msp-bm-de1_112510038\/#breadcrumb\"},\"inLanguage\":\"pt-PT\",\"potentialAction\":[{\"@type\":\"ReadAction\",\"target\":[\"https:\/\/www.teka.com\/pt-pt\/produto\/ibf-64-g1-msp-bm-de1_112510038\/\"]}]},{\"@type\":\"BreadcrumbList\",\"@id\":\"https:\/\/www.teka.com\/pt-pt\/produto\/ibf-64-g1-msp-bm-de1_112510038\/#breadcrumb\",\"itemListElement\":[{\"@type\":\"ListItem\",\"position\":1,\"name\":\"Home\",\"item\":\"https:\/\/www.teka.com\/pt-pt\/\"},{\"@type\":\"ListItem\",\"position\":2,\"name\":\"IBF 64-G1 MSP BM &#8211; DE1\"}]},{\"@type\":\"WebSite\",\"@id\":\"https:\/\/www.teka.com\/pt-pt\/#website\",\"url\":\"https:\/\/www.teka.com\/pt-pt\/\",\"name\":\"Teka Portugal\",\"description\":\"\",\"potentialAction\":[{\"@type\":\"SearchAction\",\"target\":{\"@type\":\"EntryPoint\",\"urlTemplate\":\"https:\/\/www.teka.com\/pt-pt\/?s={search_term_string}\"},\"query-input\":{\"@type\":\"PropertyValueSpecification\",\"valueRequired\":true,\"valueName\":\"search_term_string\"}}],\"inLanguage\":\"pt-PT\"}]}<\/script>\n<!-- \/ Yoast SEO plugin. -->","yoast_head_json":{"title":"Cozinha placas IBF 64-G1 MSP BM | Teka","robots":{"index":"index","follow":"follow","max-snippet":"max-snippet:-1","max-image-preview":"max-image-preview:large","max-video-preview":"max-video-preview:-1"},"canonical":"https:\/\/www.teka.com\/pt-pt\/produto\/ibf-64-g1-msp-bm-de1_112510038\/","og_locale":"pt_PT","og_type":"article","og_title":"Cozinha placas IBF 64-G1 MSP BM | Teka","og_description":"Desenhada em It\u00e1lia por Giugiaro, Italdesign Acabamento em preto mate Detalhes em cobre Fun\u00e7\u00f5es diretas de cozinhado: Simmering, melting e keep warm Touch Control MultiSlider","og_url":"https:\/\/www.teka.com\/pt-pt\/produto\/ibf-64-g1-msp-bm-de1_112510038\/","og_site_name":"Teka Portugal","twitter_card":"summary_large_image","schema":{"@context":"https:\/\/schema.org","@graph":[{"@type":"WebPage","@id":"https:\/\/www.teka.com\/pt-pt\/produto\/ibf-64-g1-msp-bm-de1_112510038\/","url":"https:\/\/www.teka.com\/pt-pt\/produto\/ibf-64-g1-msp-bm-de1_112510038\/","name":"Cozinha placas IBF 64-G1 MSP BM | Teka","isPartOf":{"@id":"https:\/\/www.teka.com\/pt-pt\/#website"},"datePublished":"2026-04-07T20:54:20+00:00","breadcrumb":{"@id":"https:\/\/www.teka.com\/pt-pt\/produto\/ibf-64-g1-msp-bm-de1_112510038\/#breadcrumb"},"inLanguage":"pt-PT","potentialAction":[{"@type":"ReadAction","target":["https:\/\/www.teka.com\/pt-pt\/produto\/ibf-64-g1-msp-bm-de1_112510038\/"]}]},{"@type":"BreadcrumbList","@id":"https:\/\/www.teka.com\/pt-pt\/produto\/ibf-64-g1-msp-bm-de1_112510038\/#breadcrumb","itemListElement":[{"@type":"ListItem","position":1,"name":"Home","item":"https:\/\/www.teka.com\/pt-pt\/"},{"@type":"ListItem","position":2,"name":"IBF 64-G1 MSP BM &#8211; DE1"}]},{"@type":"WebSite","@id":"https:\/\/www.teka.com\/pt-pt\/#website","url":"https:\/\/www.teka.com\/pt-pt\/","name":"Teka Portugal","description":"","potentialAction":[{"@type":"SearchAction","target":{"@type":"EntryPoint","urlTemplate":"https:\/\/www.teka.com\/pt-pt\/?s={search_term_string}"},"query-input":{"@type":"PropertyValueSpecification","valueRequired":true,"valueName":"search_term_string"}}],"inLanguage":"pt-PT"}]}},"_links":{"self":[{"href":"https:\/\/www.teka.com\/pt-pt\/wp-json\/wp\/v2\/product\/122866","targetHints":{"allow":["GET"]}}],"collection":[{"href":"https:\/\/www.teka.com\/pt-pt\/wp-json\/wp\/v2\/product"}],"about":[{"href":"https:\/\/www.teka.com\/pt-pt\/wp-json\/wp\/v2\/types\/product"}],"wp:attachment":[{"href":"https:\/\/www.teka.com\/pt-pt\/wp-json\/wp\/v2\/media?parent=122866"}],"wp:term":[{"taxonomy":"product_cat","embeddable":true,"href":"https:\/\/www.teka.com\/pt-pt\/wp-json\/wp\/v2\/product_cat?post=122866"},{"taxonomy":"product_cleaning_system","embeddable":true,"href":"https:\/\/www.teka.com\/pt-pt\/wp-json\/wp\/v2\/product_cleaning_system?post=122866"},{"taxonomy":"product_edition","embeddable":true,"href":"https:\/\/www.teka.com\/pt-pt\/wp-json\/wp\/v2\/product_edition?post=122866"},{"taxonomy":"product_3rd_basket","embeddable":true,"href":"https:\/\/www.teka.com\/pt-pt\/wp-json\/wp\/v2\/product_3rd_basket?post=122866"},{"taxonomy":"product_drawers","embeddable":true,"href":"https:\/\/www.teka.com\/pt-pt\/wp-json\/wp\/v2\/product_drawers?post=122866"},{"taxonomy":"product_type_of_installation","embeddable":true,"href":"https:\/\/www.teka.com\/pt-pt\/wp-json\/wp\/v2\/product_type_of_installation?post=122866"},{"taxonomy":"product_serie","embeddable":true,"href":"https:\/\/www.teka.com\/pt-pt\/wp-json\/wp\/v2\/product_serie?post=122866"},{"taxonomy":"product_features","embeddable":true,"href":"https:\/\/www.teka.com\/pt-pt\/wp-json\/wp\/v2\/product_features?post=122866"},{"taxonomy":"finishes","embeddable":true,"href":"https:\/\/www.teka.com\/pt-pt\/wp-json\/wp\/v2\/finishes?post=122866"},{"taxonomy":"product_bundles","embeddable":true,"href":"https:\/\/www.teka.com\/pt-pt\/wp-json\/wp\/v2\/product_bundles?post=122866"},{"taxonomy":"product_energy_efficiency","embeddable":true,"href":"https:\/\/www.teka.com\/pt-pt\/wp-json\/wp\/v2\/product_energy_efficiency?post=122866"},{"taxonomy":"product_video_training","embeddable":true,"href":"https:\/\/www.teka.com\/pt-pt\/wp-json\/wp\/v2\/product_video_training?post=122866"}],"curies":[{"name":"wp","href":"https:\/\/api.w.org\/{rel}","templated":true}]}}