{"id":123991,"date":"2026-04-26T15:01:32","date_gmt":"2026-04-26T15:01:32","guid":{"rendered":"https:\/\/teka.com\/en-int\/dfs-76810-wh_114260013"},"modified":"2026-03-14T08:28:09","modified_gmt":"2026-03-14T09:28:09","slug":"dfs-76810-wh_114260013","status":"publish","type":"product","link":"https:\/\/www.teka.com\/pt-pt\/produto\/dfs-76810-wh_114260013\/","title":{"rendered":"DFS 76810 WH"},"content":{"rendered":"<ul>\n<li>M\u00e1quina de instala\u00e7\u00e3o livre 60 cm<\/li>\n<li>Painel de comandos eletr\u00f3nico com display LED<\/li>\n<li>Programas r\u00e1pidos: 1H e intensivo<\/li>\n<li>Programa Whisper extra silencioso<\/li>\n<li>Programa Higiene<\/li>\n<li>Fun\u00e7\u00f5es especiais: IonClean e PowerWash<\/li>\n<\/ul>\n","protected":false},"featured_media":0,"parent":0,"template":"","product_cat":[3071],"product_cleaning_system":[],"product_edition":[],"product_3rd_basket":[422192],"product_drawers":[],"product_type_of_installation":[422187],"product_serie":[],"product_features":[],"finishes":[],"product_bundles":[],"product_energy_efficiency":[422367],"product_video_training":[],"class_list":["post-123991","product","type-product","status-publish","hentry","product_cat-maquinas-de-lavar-louca","usp-dishwashers-11","usp-dishwashers-15","usp-dishwashers-16","usp-dishwashers-20","usp-dishwashers-21","usp-productoftheyear-02","color-branco","product_type_of_appliance-instalacao-livre","product_icons-eco-function","product_icons-extra-dry-function","product_icons-ionclean","product_icons-premium-dry","product_icons-smart-sensor","product_icons-third-cutlery-tray","product_3rd_basket-terceira-tabuleiro","product_type_of_installation-instalacao-livre","product_energy_efficiency-d-ue-icon-new"],"acf":[],"yoast_head":"<!-- This site is optimized with the Yoast SEO plugin v27.2 - https:\/\/yoast.com\/product\/yoast-seo-wordpress\/ -->\n<title>Cozinha M\u00e1quinas de lavar lou\u00e7a, DFS 76810 WH | TekaM\u00e1quina de lavar roupa DFS 76810 WH | Teka<\/title>\n<meta name=\"robots\" content=\"index, follow, max-snippet:-1, max-image-preview:large, max-video-preview:-1\" \/>\n<link rel=\"canonical\" href=\"https:\/\/www.teka.com\/pt-pt\/produto\/dfs-76810-wh_114260013\/\" \/>\n<meta property=\"og:locale\" content=\"pt_PT\" \/>\n<meta property=\"og:type\" content=\"article\" \/>\n<meta property=\"og:title\" content=\"Cozinha M\u00e1quinas de lavar lou\u00e7a, DFS 76810 WH | TekaM\u00e1quina de lavar roupa DFS 76810 WH | Teka\" \/>\n<meta property=\"og:description\" content=\"M\u00e1quina de instala\u00e7\u00e3o livre 60 cm Painel de comandos eletr\u00f3nico com display LED Programas r\u00e1pidos: 1H e intensivo Programa Whisper extra silencioso Programa Higiene Fun\u00e7\u00f5es especiais: IonClean e PowerWash\" \/>\n<meta property=\"og:url\" content=\"https:\/\/www.teka.com\/pt-pt\/produto\/dfs-76810-wh_114260013\/\" \/>\n<meta property=\"og:site_name\" content=\"Teka Portugal\" \/>\n<meta name=\"twitter:card\" content=\"summary_large_image\" \/>\n<script type=\"application\/ld+json\" class=\"yoast-schema-graph\">{\"@context\":\"https:\/\/schema.org\",\"@graph\":[{\"@type\":\"WebPage\",\"@id\":\"https:\/\/www.teka.com\/pt-pt\/produto\/dfs-76810-wh_114260013\/\",\"url\":\"https:\/\/www.teka.com\/pt-pt\/produto\/dfs-76810-wh_114260013\/\",\"name\":\"Cozinha M\u00e1quinas de lavar lou\u00e7a, DFS 76810 WH | TekaM\u00e1quina de lavar roupa DFS 76810 WH | Teka\",\"isPartOf\":{\"@id\":\"https:\/\/www.teka.com\/pt-pt\/#website\"},\"datePublished\":\"2026-04-26T15:01:32+00:00\",\"breadcrumb\":{\"@id\":\"https:\/\/www.teka.com\/pt-pt\/produto\/dfs-76810-wh_114260013\/#breadcrumb\"},\"inLanguage\":\"pt-PT\",\"potentialAction\":[{\"@type\":\"ReadAction\",\"target\":[\"https:\/\/www.teka.com\/pt-pt\/produto\/dfs-76810-wh_114260013\/\"]}]},{\"@type\":\"BreadcrumbList\",\"@id\":\"https:\/\/www.teka.com\/pt-pt\/produto\/dfs-76810-wh_114260013\/#breadcrumb\",\"itemListElement\":[{\"@type\":\"ListItem\",\"position\":1,\"name\":\"Home\",\"item\":\"https:\/\/www.teka.com\/pt-pt\/\"},{\"@type\":\"ListItem\",\"position\":2,\"name\":\"DFS 76810 WH\"}]},{\"@type\":\"WebSite\",\"@id\":\"https:\/\/www.teka.com\/pt-pt\/#website\",\"url\":\"https:\/\/www.teka.com\/pt-pt\/\",\"name\":\"Teka Portugal\",\"description\":\"\",\"potentialAction\":[{\"@type\":\"SearchAction\",\"target\":{\"@type\":\"EntryPoint\",\"urlTemplate\":\"https:\/\/www.teka.com\/pt-pt\/?s={search_term_string}\"},\"query-input\":{\"@type\":\"PropertyValueSpecification\",\"valueRequired\":true,\"valueName\":\"search_term_string\"}}],\"inLanguage\":\"pt-PT\"}]}<\/script>\n<!-- \/ Yoast SEO plugin. -->","yoast_head_json":{"title":"Cozinha M\u00e1quinas de lavar lou\u00e7a, DFS 76810 WH | TekaM\u00e1quina de lavar roupa DFS 76810 WH | Teka","robots":{"index":"index","follow":"follow","max-snippet":"max-snippet:-1","max-image-preview":"max-image-preview:large","max-video-preview":"max-video-preview:-1"},"canonical":"https:\/\/www.teka.com\/pt-pt\/produto\/dfs-76810-wh_114260013\/","og_locale":"pt_PT","og_type":"article","og_title":"Cozinha M\u00e1quinas de lavar lou\u00e7a, DFS 76810 WH | TekaM\u00e1quina de lavar roupa DFS 76810 WH | Teka","og_description":"M\u00e1quina de instala\u00e7\u00e3o livre 60 cm Painel de comandos eletr\u00f3nico com display LED Programas r\u00e1pidos: 1H e intensivo Programa Whisper extra silencioso Programa Higiene Fun\u00e7\u00f5es especiais: IonClean e PowerWash","og_url":"https:\/\/www.teka.com\/pt-pt\/produto\/dfs-76810-wh_114260013\/","og_site_name":"Teka Portugal","twitter_card":"summary_large_image","schema":{"@context":"https:\/\/schema.org","@graph":[{"@type":"WebPage","@id":"https:\/\/www.teka.com\/pt-pt\/produto\/dfs-76810-wh_114260013\/","url":"https:\/\/www.teka.com\/pt-pt\/produto\/dfs-76810-wh_114260013\/","name":"Cozinha M\u00e1quinas de lavar lou\u00e7a, DFS 76810 WH | TekaM\u00e1quina de lavar roupa DFS 76810 WH | Teka","isPartOf":{"@id":"https:\/\/www.teka.com\/pt-pt\/#website"},"datePublished":"2026-04-26T15:01:32+00:00","breadcrumb":{"@id":"https:\/\/www.teka.com\/pt-pt\/produto\/dfs-76810-wh_114260013\/#breadcrumb"},"inLanguage":"pt-PT","potentialAction":[{"@type":"ReadAction","target":["https:\/\/www.teka.com\/pt-pt\/produto\/dfs-76810-wh_114260013\/"]}]},{"@type":"BreadcrumbList","@id":"https:\/\/www.teka.com\/pt-pt\/produto\/dfs-76810-wh_114260013\/#breadcrumb","itemListElement":[{"@type":"ListItem","position":1,"name":"Home","item":"https:\/\/www.teka.com\/pt-pt\/"},{"@type":"ListItem","position":2,"name":"DFS 76810 WH"}]},{"@type":"WebSite","@id":"https:\/\/www.teka.com\/pt-pt\/#website","url":"https:\/\/www.teka.com\/pt-pt\/","name":"Teka Portugal","description":"","potentialAction":[{"@type":"SearchAction","target":{"@type":"EntryPoint","urlTemplate":"https:\/\/www.teka.com\/pt-pt\/?s={search_term_string}"},"query-input":{"@type":"PropertyValueSpecification","valueRequired":true,"valueName":"search_term_string"}}],"inLanguage":"pt-PT"}]}},"_links":{"self":[{"href":"https:\/\/www.teka.com\/pt-pt\/wp-json\/wp\/v2\/product\/123991","targetHints":{"allow":["GET"]}}],"collection":[{"href":"https:\/\/www.teka.com\/pt-pt\/wp-json\/wp\/v2\/product"}],"about":[{"href":"https:\/\/www.teka.com\/pt-pt\/wp-json\/wp\/v2\/types\/product"}],"wp:attachment":[{"href":"https:\/\/www.teka.com\/pt-pt\/wp-json\/wp\/v2\/media?parent=123991"}],"wp:term":[{"taxonomy":"product_cat","embeddable":true,"href":"https:\/\/www.teka.com\/pt-pt\/wp-json\/wp\/v2\/product_cat?post=123991"},{"taxonomy":"product_cleaning_system","embeddable":true,"href":"https:\/\/www.teka.com\/pt-pt\/wp-json\/wp\/v2\/product_cleaning_system?post=123991"},{"taxonomy":"product_edition","embeddable":true,"href":"https:\/\/www.teka.com\/pt-pt\/wp-json\/wp\/v2\/product_edition?post=123991"},{"taxonomy":"product_3rd_basket","embeddable":true,"href":"https:\/\/www.teka.com\/pt-pt\/wp-json\/wp\/v2\/product_3rd_basket?post=123991"},{"taxonomy":"product_drawers","embeddable":true,"href":"https:\/\/www.teka.com\/pt-pt\/wp-json\/wp\/v2\/product_drawers?post=123991"},{"taxonomy":"product_type_of_installation","embeddable":true,"href":"https:\/\/www.teka.com\/pt-pt\/wp-json\/wp\/v2\/product_type_of_installation?post=123991"},{"taxonomy":"product_serie","embeddable":true,"href":"https:\/\/www.teka.com\/pt-pt\/wp-json\/wp\/v2\/product_serie?post=123991"},{"taxonomy":"product_features","embeddable":true,"href":"https:\/\/www.teka.com\/pt-pt\/wp-json\/wp\/v2\/product_features?post=123991"},{"taxonomy":"finishes","embeddable":true,"href":"https:\/\/www.teka.com\/pt-pt\/wp-json\/wp\/v2\/finishes?post=123991"},{"taxonomy":"product_bundles","embeddable":true,"href":"https:\/\/www.teka.com\/pt-pt\/wp-json\/wp\/v2\/product_bundles?post=123991"},{"taxonomy":"product_energy_efficiency","embeddable":true,"href":"https:\/\/www.teka.com\/pt-pt\/wp-json\/wp\/v2\/product_energy_efficiency?post=123991"},{"taxonomy":"product_video_training","embeddable":true,"href":"https:\/\/www.teka.com\/pt-pt\/wp-json\/wp\/v2\/product_video_training?post=123991"}],"curies":[{"name":"wp","href":"https:\/\/api.w.org\/{rel}","templated":true}]}}