{"id":123992,"date":"2026-04-05T02:28:27","date_gmt":"2026-04-05T02:28:27","guid":{"rendered":"https:\/\/teka.com\/en-int\/brooklyn-50-m-xp-1b-1d_115100022"},"modified":"2026-03-14T08:28:13","modified_gmt":"2026-03-14T09:28:13","slug":"brooklyn-50-m-xp-1b-1d_115100022","status":"publish","type":"product","link":"https:\/\/www.teka.com\/pt-pt\/produto\/brooklyn-50-m-xp-1b-1d_115100022\/","title":{"rendered":"Brooklyn 50 M-XP 1B 1D"},"content":{"rendered":"<ul>\n<li>Lava-lou\u00e7as em inox Brooklyn<\/li>\n<li>1 bacia + 1 escorredor<\/li>\n<li>Revers\u00edvel<\/li>\n<li>Dupla instala\u00e7\u00e3o: encastre ou \u00e0 face<\/li>\n<\/ul>\n","protected":false},"featured_media":0,"parent":0,"template":"","product_cat":[3060],"product_cleaning_system":[],"product_edition":[],"product_3rd_basket":[],"product_drawers":[],"product_type_of_installation":[422216,422217],"product_serie":[],"product_features":[],"finishes":[],"product_bundles":[],"product_energy_efficiency":[],"product_video_training":[],"class_list":["post-123992","product","type-product","status-publish","hentry","product_cat-lava-loucas","usp-brooklyn-01","usp-brooklyn-02","usp-brooklyn-03","usp-sinks-02","usp-sinks-05","usp-sinks-installation-02","usp-sinks-07","color-inox","product_type_of_appliance-aco-inoxidavel","product_ambient-ambient-05","product_icons-hygiene","product_type_of_installation-bancada","product_type_of_installation-flush"],"acf":[],"yoast_head":"<!-- This site is optimized with the Yoast SEO plugin v27.2 - https:\/\/yoast.com\/product\/yoast-seo-wordpress\/ -->\n<title>Cozinha Lava-lou\u00e7as, Brooklyn 50 M-XP 1B 1D | Teka<\/title>\n<meta name=\"robots\" content=\"index, follow, max-snippet:-1, max-image-preview:large, max-video-preview:-1\" \/>\n<link rel=\"canonical\" href=\"https:\/\/www.teka.com\/pt-pt\/produto\/brooklyn-50-m-xp-1b-1d_115100022\/\" \/>\n<meta property=\"og:locale\" content=\"pt_PT\" \/>\n<meta property=\"og:type\" content=\"article\" \/>\n<meta property=\"og:title\" content=\"Cozinha Lava-lou\u00e7as, Brooklyn 50 M-XP 1B 1D | Teka\" \/>\n<meta property=\"og:description\" content=\"Lava-lou\u00e7as em inox Brooklyn 1 bacia + 1 escorredor Revers\u00edvel Dupla instala\u00e7\u00e3o: encastre ou \u00e0 face\" \/>\n<meta property=\"og:url\" content=\"https:\/\/www.teka.com\/pt-pt\/produto\/brooklyn-50-m-xp-1b-1d_115100022\/\" \/>\n<meta property=\"og:site_name\" content=\"Teka Portugal\" \/>\n<meta name=\"twitter:card\" content=\"summary_large_image\" \/>\n<script type=\"application\/ld+json\" class=\"yoast-schema-graph\">{\"@context\":\"https:\/\/schema.org\",\"@graph\":[{\"@type\":\"WebPage\",\"@id\":\"https:\/\/www.teka.com\/pt-pt\/produto\/brooklyn-50-m-xp-1b-1d_115100022\/\",\"url\":\"https:\/\/www.teka.com\/pt-pt\/produto\/brooklyn-50-m-xp-1b-1d_115100022\/\",\"name\":\"Cozinha Lava-lou\u00e7as, Brooklyn 50 M-XP 1B 1D | Teka\",\"isPartOf\":{\"@id\":\"https:\/\/www.teka.com\/pt-pt\/#website\"},\"datePublished\":\"2026-04-05T02:28:27+00:00\",\"breadcrumb\":{\"@id\":\"https:\/\/www.teka.com\/pt-pt\/produto\/brooklyn-50-m-xp-1b-1d_115100022\/#breadcrumb\"},\"inLanguage\":\"pt-PT\",\"potentialAction\":[{\"@type\":\"ReadAction\",\"target\":[\"https:\/\/www.teka.com\/pt-pt\/produto\/brooklyn-50-m-xp-1b-1d_115100022\/\"]}]},{\"@type\":\"BreadcrumbList\",\"@id\":\"https:\/\/www.teka.com\/pt-pt\/produto\/brooklyn-50-m-xp-1b-1d_115100022\/#breadcrumb\",\"itemListElement\":[{\"@type\":\"ListItem\",\"position\":1,\"name\":\"Home\",\"item\":\"https:\/\/www.teka.com\/pt-pt\/\"},{\"@type\":\"ListItem\",\"position\":2,\"name\":\"Brooklyn 50 M-XP 1B 1D\"}]},{\"@type\":\"WebSite\",\"@id\":\"https:\/\/www.teka.com\/pt-pt\/#website\",\"url\":\"https:\/\/www.teka.com\/pt-pt\/\",\"name\":\"Teka Portugal\",\"description\":\"\",\"potentialAction\":[{\"@type\":\"SearchAction\",\"target\":{\"@type\":\"EntryPoint\",\"urlTemplate\":\"https:\/\/www.teka.com\/pt-pt\/?s={search_term_string}\"},\"query-input\":{\"@type\":\"PropertyValueSpecification\",\"valueRequired\":true,\"valueName\":\"search_term_string\"}}],\"inLanguage\":\"pt-PT\"}]}<\/script>\n<!-- \/ Yoast SEO plugin. -->","yoast_head_json":{"title":"Cozinha Lava-lou\u00e7as, Brooklyn 50 M-XP 1B 1D | Teka","robots":{"index":"index","follow":"follow","max-snippet":"max-snippet:-1","max-image-preview":"max-image-preview:large","max-video-preview":"max-video-preview:-1"},"canonical":"https:\/\/www.teka.com\/pt-pt\/produto\/brooklyn-50-m-xp-1b-1d_115100022\/","og_locale":"pt_PT","og_type":"article","og_title":"Cozinha Lava-lou\u00e7as, Brooklyn 50 M-XP 1B 1D | Teka","og_description":"Lava-lou\u00e7as em inox Brooklyn 1 bacia + 1 escorredor Revers\u00edvel Dupla instala\u00e7\u00e3o: encastre ou \u00e0 face","og_url":"https:\/\/www.teka.com\/pt-pt\/produto\/brooklyn-50-m-xp-1b-1d_115100022\/","og_site_name":"Teka Portugal","twitter_card":"summary_large_image","schema":{"@context":"https:\/\/schema.org","@graph":[{"@type":"WebPage","@id":"https:\/\/www.teka.com\/pt-pt\/produto\/brooklyn-50-m-xp-1b-1d_115100022\/","url":"https:\/\/www.teka.com\/pt-pt\/produto\/brooklyn-50-m-xp-1b-1d_115100022\/","name":"Cozinha Lava-lou\u00e7as, Brooklyn 50 M-XP 1B 1D | Teka","isPartOf":{"@id":"https:\/\/www.teka.com\/pt-pt\/#website"},"datePublished":"2026-04-05T02:28:27+00:00","breadcrumb":{"@id":"https:\/\/www.teka.com\/pt-pt\/produto\/brooklyn-50-m-xp-1b-1d_115100022\/#breadcrumb"},"inLanguage":"pt-PT","potentialAction":[{"@type":"ReadAction","target":["https:\/\/www.teka.com\/pt-pt\/produto\/brooklyn-50-m-xp-1b-1d_115100022\/"]}]},{"@type":"BreadcrumbList","@id":"https:\/\/www.teka.com\/pt-pt\/produto\/brooklyn-50-m-xp-1b-1d_115100022\/#breadcrumb","itemListElement":[{"@type":"ListItem","position":1,"name":"Home","item":"https:\/\/www.teka.com\/pt-pt\/"},{"@type":"ListItem","position":2,"name":"Brooklyn 50 M-XP 1B 1D"}]},{"@type":"WebSite","@id":"https:\/\/www.teka.com\/pt-pt\/#website","url":"https:\/\/www.teka.com\/pt-pt\/","name":"Teka Portugal","description":"","potentialAction":[{"@type":"SearchAction","target":{"@type":"EntryPoint","urlTemplate":"https:\/\/www.teka.com\/pt-pt\/?s={search_term_string}"},"query-input":{"@type":"PropertyValueSpecification","valueRequired":true,"valueName":"search_term_string"}}],"inLanguage":"pt-PT"}]}},"_links":{"self":[{"href":"https:\/\/www.teka.com\/pt-pt\/wp-json\/wp\/v2\/product\/123992","targetHints":{"allow":["GET"]}}],"collection":[{"href":"https:\/\/www.teka.com\/pt-pt\/wp-json\/wp\/v2\/product"}],"about":[{"href":"https:\/\/www.teka.com\/pt-pt\/wp-json\/wp\/v2\/types\/product"}],"wp:attachment":[{"href":"https:\/\/www.teka.com\/pt-pt\/wp-json\/wp\/v2\/media?parent=123992"}],"wp:term":[{"taxonomy":"product_cat","embeddable":true,"href":"https:\/\/www.teka.com\/pt-pt\/wp-json\/wp\/v2\/product_cat?post=123992"},{"taxonomy":"product_cleaning_system","embeddable":true,"href":"https:\/\/www.teka.com\/pt-pt\/wp-json\/wp\/v2\/product_cleaning_system?post=123992"},{"taxonomy":"product_edition","embeddable":true,"href":"https:\/\/www.teka.com\/pt-pt\/wp-json\/wp\/v2\/product_edition?post=123992"},{"taxonomy":"product_3rd_basket","embeddable":true,"href":"https:\/\/www.teka.com\/pt-pt\/wp-json\/wp\/v2\/product_3rd_basket?post=123992"},{"taxonomy":"product_drawers","embeddable":true,"href":"https:\/\/www.teka.com\/pt-pt\/wp-json\/wp\/v2\/product_drawers?post=123992"},{"taxonomy":"product_type_of_installation","embeddable":true,"href":"https:\/\/www.teka.com\/pt-pt\/wp-json\/wp\/v2\/product_type_of_installation?post=123992"},{"taxonomy":"product_serie","embeddable":true,"href":"https:\/\/www.teka.com\/pt-pt\/wp-json\/wp\/v2\/product_serie?post=123992"},{"taxonomy":"product_features","embeddable":true,"href":"https:\/\/www.teka.com\/pt-pt\/wp-json\/wp\/v2\/product_features?post=123992"},{"taxonomy":"finishes","embeddable":true,"href":"https:\/\/www.teka.com\/pt-pt\/wp-json\/wp\/v2\/finishes?post=123992"},{"taxonomy":"product_bundles","embeddable":true,"href":"https:\/\/www.teka.com\/pt-pt\/wp-json\/wp\/v2\/product_bundles?post=123992"},{"taxonomy":"product_energy_efficiency","embeddable":true,"href":"https:\/\/www.teka.com\/pt-pt\/wp-json\/wp\/v2\/product_energy_efficiency?post=123992"},{"taxonomy":"product_video_training","embeddable":true,"href":"https:\/\/www.teka.com\/pt-pt\/wp-json\/wp\/v2\/product_video_training?post=123992"}],"curies":[{"name":"wp","href":"https:\/\/api.w.org\/{rel}","templated":true}]}}