{"id":124585,"date":"2026-04-26T12:16:28","date_gmt":"2026-04-26T12:16:28","guid":{"rendered":"https:\/\/teka.com\/es-es\/steakmaster-lite_111000073"},"modified":"2026-03-14T08:25:42","modified_gmt":"2026-03-14T09:25:42","slug":"steakmaster-lite_111000073","status":"publish","type":"product","link":"https:\/\/www.teka.com\/pt-pt\/produto\/steakmaster-lite_111000073\/","title":{"rendered":"SteakMaster Lite"},"content":{"rendered":"<ul>\n<li>Multifun\u00e7\u00f5es SurroundTemp &#8211; 12 fun\u00e7\u00f5es<\/li>\n<li>DualClean: Pir\u00f3lise + Hydroclean\u00ae PRO<\/li>\n<li>Display TFT 4\u201d a cores<\/li>\n<li>20 receitas pr\u00e9-programadas<\/li>\n<li>Touch Control c\/ comandos em inox<\/li>\n<li>Fun\u00e7\u00e3o exclusiva SteakMaster com grill especial (700\u00b0C) e grelha em ferro fundido<\/li>\n<li>Porta com 4 vidros<\/li>\n<li>Capacidade: 71 litros brutos<\/li>\n<li>Classifica\u00e7\u00e3o: A<\/li>\n<\/ul>\n","protected":false},"featured_media":0,"parent":0,"template":"","product_cat":[3066],"product_cleaning_system":[3409,3486],"product_edition":[],"product_3rd_basket":[],"product_drawers":[],"product_type_of_installation":[],"product_serie":[],"product_features":[],"finishes":[],"product_bundles":[],"product_energy_efficiency":[422893],"product_video_training":[423390,423392],"class_list":["post-124585","product","type-product","status-publish","hentry","product_cat-fornos","usp-steakmaster-02","usp-steakmaster-03","usp-steakmaster-05","usp-steakmaster-01","usp-steakmaster-08","usp-steakmaster-04","usp-compacts-08","usp-renewableenergy-01","color-preto","product_type_of_appliance-multifuncoes","product_ambient-urban-colors-01","product_ambient-urban-colors-02","product_ambient-urban-colors-03","product_ambient-ambient-10","product_icons-hydroclean","product_icons-pyrolysis","product_icons-surroundtemp","product_cleaning_system-pirolitico","product_cleaning_system-hydroclean","product_energy_efficiency-a-icon","product_video_training-trainingovens-01","product_video_training-trainingovens-12"],"acf":[],"yoast_head":"<!-- This site is optimized with the Yoast SEO plugin v27.2 - https:\/\/yoast.com\/product\/yoast-seo-wordpress\/ -->\n<title>Cozinha Fornos, SteakMaster Lite | Teka<\/title>\n<meta name=\"robots\" content=\"index, follow, max-snippet:-1, max-image-preview:large, max-video-preview:-1\" \/>\n<link rel=\"canonical\" href=\"https:\/\/www.teka.com\/pt-pt\/produto\/steakmaster-lite_111000073\/\" \/>\n<meta property=\"og:locale\" content=\"pt_PT\" \/>\n<meta property=\"og:type\" content=\"article\" \/>\n<meta property=\"og:title\" content=\"Cozinha Fornos, SteakMaster Lite | Teka\" \/>\n<meta property=\"og:description\" content=\"Multifun\u00e7\u00f5es SurroundTemp &#8211; 12 fun\u00e7\u00f5es DualClean: Pir\u00f3lise + Hydroclean\u00ae PRO Display TFT 4\u201d a cores 20 receitas pr\u00e9-programadas Touch Control c\/ comandos em inox Fun\u00e7\u00e3o exclusiva SteakMaster com grill especial (700\u00b0C) e grelha em ferro fundido Porta com 4 vidros Capacidade: 71 litros brutos Classifica\u00e7\u00e3o: A\" \/>\n<meta property=\"og:url\" content=\"https:\/\/www.teka.com\/pt-pt\/produto\/steakmaster-lite_111000073\/\" \/>\n<meta property=\"og:site_name\" content=\"Teka Portugal\" \/>\n<meta name=\"twitter:card\" content=\"summary_large_image\" \/>\n<script type=\"application\/ld+json\" class=\"yoast-schema-graph\">{\"@context\":\"https:\/\/schema.org\",\"@graph\":[{\"@type\":\"WebPage\",\"@id\":\"https:\/\/www.teka.com\/pt-pt\/produto\/steakmaster-lite_111000073\/\",\"url\":\"https:\/\/www.teka.com\/pt-pt\/produto\/steakmaster-lite_111000073\/\",\"name\":\"Cozinha Fornos, SteakMaster Lite | Teka\",\"isPartOf\":{\"@id\":\"https:\/\/www.teka.com\/pt-pt\/#website\"},\"datePublished\":\"2026-04-26T12:16:28+00:00\",\"breadcrumb\":{\"@id\":\"https:\/\/www.teka.com\/pt-pt\/produto\/steakmaster-lite_111000073\/#breadcrumb\"},\"inLanguage\":\"pt-PT\",\"potentialAction\":[{\"@type\":\"ReadAction\",\"target\":[\"https:\/\/www.teka.com\/pt-pt\/produto\/steakmaster-lite_111000073\/\"]}]},{\"@type\":\"BreadcrumbList\",\"@id\":\"https:\/\/www.teka.com\/pt-pt\/produto\/steakmaster-lite_111000073\/#breadcrumb\",\"itemListElement\":[{\"@type\":\"ListItem\",\"position\":1,\"name\":\"Home\",\"item\":\"https:\/\/www.teka.com\/pt-pt\/\"},{\"@type\":\"ListItem\",\"position\":2,\"name\":\"SteakMaster Lite\"}]},{\"@type\":\"WebSite\",\"@id\":\"https:\/\/www.teka.com\/pt-pt\/#website\",\"url\":\"https:\/\/www.teka.com\/pt-pt\/\",\"name\":\"Teka Portugal\",\"description\":\"\",\"potentialAction\":[{\"@type\":\"SearchAction\",\"target\":{\"@type\":\"EntryPoint\",\"urlTemplate\":\"https:\/\/www.teka.com\/pt-pt\/?s={search_term_string}\"},\"query-input\":{\"@type\":\"PropertyValueSpecification\",\"valueRequired\":true,\"valueName\":\"search_term_string\"}}],\"inLanguage\":\"pt-PT\"}]}<\/script>\n<!-- \/ Yoast SEO plugin. -->","yoast_head_json":{"title":"Cozinha Fornos, SteakMaster Lite | Teka","robots":{"index":"index","follow":"follow","max-snippet":"max-snippet:-1","max-image-preview":"max-image-preview:large","max-video-preview":"max-video-preview:-1"},"canonical":"https:\/\/www.teka.com\/pt-pt\/produto\/steakmaster-lite_111000073\/","og_locale":"pt_PT","og_type":"article","og_title":"Cozinha Fornos, SteakMaster Lite | Teka","og_description":"Multifun\u00e7\u00f5es SurroundTemp &#8211; 12 fun\u00e7\u00f5es DualClean: Pir\u00f3lise + Hydroclean\u00ae PRO Display TFT 4\u201d a cores 20 receitas pr\u00e9-programadas Touch Control c\/ comandos em inox Fun\u00e7\u00e3o exclusiva SteakMaster com grill especial (700\u00b0C) e grelha em ferro fundido Porta com 4 vidros Capacidade: 71 litros brutos Classifica\u00e7\u00e3o: A","og_url":"https:\/\/www.teka.com\/pt-pt\/produto\/steakmaster-lite_111000073\/","og_site_name":"Teka Portugal","twitter_card":"summary_large_image","schema":{"@context":"https:\/\/schema.org","@graph":[{"@type":"WebPage","@id":"https:\/\/www.teka.com\/pt-pt\/produto\/steakmaster-lite_111000073\/","url":"https:\/\/www.teka.com\/pt-pt\/produto\/steakmaster-lite_111000073\/","name":"Cozinha Fornos, SteakMaster Lite | Teka","isPartOf":{"@id":"https:\/\/www.teka.com\/pt-pt\/#website"},"datePublished":"2026-04-26T12:16:28+00:00","breadcrumb":{"@id":"https:\/\/www.teka.com\/pt-pt\/produto\/steakmaster-lite_111000073\/#breadcrumb"},"inLanguage":"pt-PT","potentialAction":[{"@type":"ReadAction","target":["https:\/\/www.teka.com\/pt-pt\/produto\/steakmaster-lite_111000073\/"]}]},{"@type":"BreadcrumbList","@id":"https:\/\/www.teka.com\/pt-pt\/produto\/steakmaster-lite_111000073\/#breadcrumb","itemListElement":[{"@type":"ListItem","position":1,"name":"Home","item":"https:\/\/www.teka.com\/pt-pt\/"},{"@type":"ListItem","position":2,"name":"SteakMaster Lite"}]},{"@type":"WebSite","@id":"https:\/\/www.teka.com\/pt-pt\/#website","url":"https:\/\/www.teka.com\/pt-pt\/","name":"Teka Portugal","description":"","potentialAction":[{"@type":"SearchAction","target":{"@type":"EntryPoint","urlTemplate":"https:\/\/www.teka.com\/pt-pt\/?s={search_term_string}"},"query-input":{"@type":"PropertyValueSpecification","valueRequired":true,"valueName":"search_term_string"}}],"inLanguage":"pt-PT"}]}},"_links":{"self":[{"href":"https:\/\/www.teka.com\/pt-pt\/wp-json\/wp\/v2\/product\/124585","targetHints":{"allow":["GET"]}}],"collection":[{"href":"https:\/\/www.teka.com\/pt-pt\/wp-json\/wp\/v2\/product"}],"about":[{"href":"https:\/\/www.teka.com\/pt-pt\/wp-json\/wp\/v2\/types\/product"}],"wp:attachment":[{"href":"https:\/\/www.teka.com\/pt-pt\/wp-json\/wp\/v2\/media?parent=124585"}],"wp:term":[{"taxonomy":"product_cat","embeddable":true,"href":"https:\/\/www.teka.com\/pt-pt\/wp-json\/wp\/v2\/product_cat?post=124585"},{"taxonomy":"product_cleaning_system","embeddable":true,"href":"https:\/\/www.teka.com\/pt-pt\/wp-json\/wp\/v2\/product_cleaning_system?post=124585"},{"taxonomy":"product_edition","embeddable":true,"href":"https:\/\/www.teka.com\/pt-pt\/wp-json\/wp\/v2\/product_edition?post=124585"},{"taxonomy":"product_3rd_basket","embeddable":true,"href":"https:\/\/www.teka.com\/pt-pt\/wp-json\/wp\/v2\/product_3rd_basket?post=124585"},{"taxonomy":"product_drawers","embeddable":true,"href":"https:\/\/www.teka.com\/pt-pt\/wp-json\/wp\/v2\/product_drawers?post=124585"},{"taxonomy":"product_type_of_installation","embeddable":true,"href":"https:\/\/www.teka.com\/pt-pt\/wp-json\/wp\/v2\/product_type_of_installation?post=124585"},{"taxonomy":"product_serie","embeddable":true,"href":"https:\/\/www.teka.com\/pt-pt\/wp-json\/wp\/v2\/product_serie?post=124585"},{"taxonomy":"product_features","embeddable":true,"href":"https:\/\/www.teka.com\/pt-pt\/wp-json\/wp\/v2\/product_features?post=124585"},{"taxonomy":"finishes","embeddable":true,"href":"https:\/\/www.teka.com\/pt-pt\/wp-json\/wp\/v2\/finishes?post=124585"},{"taxonomy":"product_bundles","embeddable":true,"href":"https:\/\/www.teka.com\/pt-pt\/wp-json\/wp\/v2\/product_bundles?post=124585"},{"taxonomy":"product_energy_efficiency","embeddable":true,"href":"https:\/\/www.teka.com\/pt-pt\/wp-json\/wp\/v2\/product_energy_efficiency?post=124585"},{"taxonomy":"product_video_training","embeddable":true,"href":"https:\/\/www.teka.com\/pt-pt\/wp-json\/wp\/v2\/product_video_training?post=124585"}],"curies":[{"name":"wp","href":"https:\/\/api.w.org\/{rel}","templated":true}]}}