{"id":124607,"date":"2026-04-07T20:49:47","date_gmt":"2026-04-07T20:49:47","guid":{"rendered":"https:\/\/teka.com\/en-int\/sommelier-rvi-30097-gbk_113600012"},"modified":"2026-04-04T12:08:13","modified_gmt":"2026-04-04T01:08:13","slug":"sommelier-rvi-30097-gbk_113600012","status":"publish","type":"product","link":"https:\/\/www.teka.com\/pt-pt\/produto\/sommelier-rvi-30097-gbk_113600012\/","title":{"rendered":"Sommelier RVI 30097 GBK"},"content":{"rendered":"<ul>\n<li>Garrafeira de integra\u00e7\u00e3o<\/li>\n<li>93 garrafas<\/li>\n<li>Temperatura ajust\u00e1vel:<\/li>\n<li>3 zonas de temperatura ajust\u00e1veis (5-18\u00baC;5-10\u00baC e 10-18\u00baC)<\/li>\n<li>9 + 1 prateleiras de madeira<\/li>\n<li>Capacidade: 246 litros l\u00edquidos<\/li>\n<\/ul>\n","protected":false},"featured_media":0,"parent":0,"template":"","product_cat":[423035],"product_cleaning_system":[],"product_edition":[],"product_3rd_basket":[],"product_drawers":[],"product_type_of_installation":[422185],"product_serie":[],"product_features":[],"finishes":[],"product_bundles":[],"product_energy_efficiency":[],"product_video_training":[],"class_list":["post-124607","product","type-product","status-publish","hentry","product_cat-garrafeiras","usp-winecoolers-01","usp-winecoolers-03","usp-winecoolers-04","usp-winecoolers-05","usp-winecoolers-06","usp-winecoolers-07","usp-winecoolers-08","usp-winecoolers-09","usp-winecoolers-10","color-vidro-preto","product_ambient-winecoolers-02","product_icons-led","product_icons-motor-inverter","product_type_of_installation-integracao"],"acf":[],"yoast_head":"<!-- This site is optimized with the Yoast SEO plugin v27.2 - https:\/\/yoast.com\/product\/yoast-seo-wordpress\/ -->\n<title>Sommelier RVI 30097 GBK | Teka Portugal<\/title>\n<meta name=\"robots\" content=\"index, follow, max-snippet:-1, max-image-preview:large, max-video-preview:-1\" \/>\n<link rel=\"canonical\" href=\"https:\/\/www.teka.com\/pt-pt\/produto\/sommelier-rvi-30097-gbk_113600012\/\" \/>\n<meta property=\"og:locale\" content=\"pt_PT\" \/>\n<meta property=\"og:type\" content=\"article\" \/>\n<meta property=\"og:title\" content=\"Sommelier RVI 30097 GBK | Teka Portugal\" \/>\n<meta property=\"og:description\" content=\"Garrafeira de integra\u00e7\u00e3o 93 garrafas Temperatura ajust\u00e1vel: 3 zonas de temperatura ajust\u00e1veis (5-18\u00baC;5-10\u00baC e 10-18\u00baC) 9 + 1 prateleiras de madeira Capacidade: 246 litros l\u00edquidos\" \/>\n<meta property=\"og:url\" content=\"https:\/\/www.teka.com\/pt-pt\/produto\/sommelier-rvi-30097-gbk_113600012\/\" \/>\n<meta property=\"og:site_name\" content=\"Teka Portugal\" \/>\n<meta name=\"twitter:card\" content=\"summary_large_image\" \/>\n<script type=\"application\/ld+json\" class=\"yoast-schema-graph\">{\"@context\":\"https:\/\/schema.org\",\"@graph\":[{\"@type\":\"WebPage\",\"@id\":\"https:\/\/www.teka.com\/pt-pt\/produto\/sommelier-rvi-30097-gbk_113600012\/\",\"url\":\"https:\/\/www.teka.com\/pt-pt\/produto\/sommelier-rvi-30097-gbk_113600012\/\",\"name\":\"Sommelier RVI 30097 GBK | Teka Portugal\",\"isPartOf\":{\"@id\":\"https:\/\/www.teka.com\/pt-pt\/#website\"},\"datePublished\":\"2026-04-07T20:49:47+00:00\",\"breadcrumb\":{\"@id\":\"https:\/\/www.teka.com\/pt-pt\/produto\/sommelier-rvi-30097-gbk_113600012\/#breadcrumb\"},\"inLanguage\":\"pt-PT\",\"potentialAction\":[{\"@type\":\"ReadAction\",\"target\":[\"https:\/\/www.teka.com\/pt-pt\/produto\/sommelier-rvi-30097-gbk_113600012\/\"]}]},{\"@type\":\"BreadcrumbList\",\"@id\":\"https:\/\/www.teka.com\/pt-pt\/produto\/sommelier-rvi-30097-gbk_113600012\/#breadcrumb\",\"itemListElement\":[{\"@type\":\"ListItem\",\"position\":1,\"name\":\"Home\",\"item\":\"https:\/\/www.teka.com\/pt-pt\/\"},{\"@type\":\"ListItem\",\"position\":2,\"name\":\"Sommelier RVI 30097 GBK\"}]},{\"@type\":\"WebSite\",\"@id\":\"https:\/\/www.teka.com\/pt-pt\/#website\",\"url\":\"https:\/\/www.teka.com\/pt-pt\/\",\"name\":\"Teka Portugal\",\"description\":\"\",\"potentialAction\":[{\"@type\":\"SearchAction\",\"target\":{\"@type\":\"EntryPoint\",\"urlTemplate\":\"https:\/\/www.teka.com\/pt-pt\/?s={search_term_string}\"},\"query-input\":{\"@type\":\"PropertyValueSpecification\",\"valueRequired\":true,\"valueName\":\"search_term_string\"}}],\"inLanguage\":\"pt-PT\"}]}<\/script>\n<!-- \/ Yoast SEO plugin. -->","yoast_head_json":{"title":"Sommelier RVI 30097 GBK | Teka Portugal","robots":{"index":"index","follow":"follow","max-snippet":"max-snippet:-1","max-image-preview":"max-image-preview:large","max-video-preview":"max-video-preview:-1"},"canonical":"https:\/\/www.teka.com\/pt-pt\/produto\/sommelier-rvi-30097-gbk_113600012\/","og_locale":"pt_PT","og_type":"article","og_title":"Sommelier RVI 30097 GBK | Teka Portugal","og_description":"Garrafeira de integra\u00e7\u00e3o 93 garrafas Temperatura ajust\u00e1vel: 3 zonas de temperatura ajust\u00e1veis (5-18\u00baC;5-10\u00baC e 10-18\u00baC) 9 + 1 prateleiras de madeira Capacidade: 246 litros l\u00edquidos","og_url":"https:\/\/www.teka.com\/pt-pt\/produto\/sommelier-rvi-30097-gbk_113600012\/","og_site_name":"Teka Portugal","twitter_card":"summary_large_image","schema":{"@context":"https:\/\/schema.org","@graph":[{"@type":"WebPage","@id":"https:\/\/www.teka.com\/pt-pt\/produto\/sommelier-rvi-30097-gbk_113600012\/","url":"https:\/\/www.teka.com\/pt-pt\/produto\/sommelier-rvi-30097-gbk_113600012\/","name":"Sommelier RVI 30097 GBK | Teka Portugal","isPartOf":{"@id":"https:\/\/www.teka.com\/pt-pt\/#website"},"datePublished":"2026-04-07T20:49:47+00:00","breadcrumb":{"@id":"https:\/\/www.teka.com\/pt-pt\/produto\/sommelier-rvi-30097-gbk_113600012\/#breadcrumb"},"inLanguage":"pt-PT","potentialAction":[{"@type":"ReadAction","target":["https:\/\/www.teka.com\/pt-pt\/produto\/sommelier-rvi-30097-gbk_113600012\/"]}]},{"@type":"BreadcrumbList","@id":"https:\/\/www.teka.com\/pt-pt\/produto\/sommelier-rvi-30097-gbk_113600012\/#breadcrumb","itemListElement":[{"@type":"ListItem","position":1,"name":"Home","item":"https:\/\/www.teka.com\/pt-pt\/"},{"@type":"ListItem","position":2,"name":"Sommelier RVI 30097 GBK"}]},{"@type":"WebSite","@id":"https:\/\/www.teka.com\/pt-pt\/#website","url":"https:\/\/www.teka.com\/pt-pt\/","name":"Teka Portugal","description":"","potentialAction":[{"@type":"SearchAction","target":{"@type":"EntryPoint","urlTemplate":"https:\/\/www.teka.com\/pt-pt\/?s={search_term_string}"},"query-input":{"@type":"PropertyValueSpecification","valueRequired":true,"valueName":"search_term_string"}}],"inLanguage":"pt-PT"}]}},"_links":{"self":[{"href":"https:\/\/www.teka.com\/pt-pt\/wp-json\/wp\/v2\/product\/124607","targetHints":{"allow":["GET"]}}],"collection":[{"href":"https:\/\/www.teka.com\/pt-pt\/wp-json\/wp\/v2\/product"}],"about":[{"href":"https:\/\/www.teka.com\/pt-pt\/wp-json\/wp\/v2\/types\/product"}],"wp:attachment":[{"href":"https:\/\/www.teka.com\/pt-pt\/wp-json\/wp\/v2\/media?parent=124607"}],"wp:term":[{"taxonomy":"product_cat","embeddable":true,"href":"https:\/\/www.teka.com\/pt-pt\/wp-json\/wp\/v2\/product_cat?post=124607"},{"taxonomy":"product_cleaning_system","embeddable":true,"href":"https:\/\/www.teka.com\/pt-pt\/wp-json\/wp\/v2\/product_cleaning_system?post=124607"},{"taxonomy":"product_edition","embeddable":true,"href":"https:\/\/www.teka.com\/pt-pt\/wp-json\/wp\/v2\/product_edition?post=124607"},{"taxonomy":"product_3rd_basket","embeddable":true,"href":"https:\/\/www.teka.com\/pt-pt\/wp-json\/wp\/v2\/product_3rd_basket?post=124607"},{"taxonomy":"product_drawers","embeddable":true,"href":"https:\/\/www.teka.com\/pt-pt\/wp-json\/wp\/v2\/product_drawers?post=124607"},{"taxonomy":"product_type_of_installation","embeddable":true,"href":"https:\/\/www.teka.com\/pt-pt\/wp-json\/wp\/v2\/product_type_of_installation?post=124607"},{"taxonomy":"product_serie","embeddable":true,"href":"https:\/\/www.teka.com\/pt-pt\/wp-json\/wp\/v2\/product_serie?post=124607"},{"taxonomy":"product_features","embeddable":true,"href":"https:\/\/www.teka.com\/pt-pt\/wp-json\/wp\/v2\/product_features?post=124607"},{"taxonomy":"finishes","embeddable":true,"href":"https:\/\/www.teka.com\/pt-pt\/wp-json\/wp\/v2\/finishes?post=124607"},{"taxonomy":"product_bundles","embeddable":true,"href":"https:\/\/www.teka.com\/pt-pt\/wp-json\/wp\/v2\/product_bundles?post=124607"},{"taxonomy":"product_energy_efficiency","embeddable":true,"href":"https:\/\/www.teka.com\/pt-pt\/wp-json\/wp\/v2\/product_energy_efficiency?post=124607"},{"taxonomy":"product_video_training","embeddable":true,"href":"https:\/\/www.teka.com\/pt-pt\/wp-json\/wp\/v2\/product_video_training?post=124607"}],"curies":[{"name":"wp","href":"https:\/\/api.w.org\/{rel}","templated":true}]}}