{"id":125189,"date":"2026-05-08T14:17:55","date_gmt":"2026-05-08T14:17:55","guid":{"rendered":"https:\/\/teka.com\/en-int\/ibf-95-g1-mst-bm_112500061"},"modified":"2026-05-07T06:48:18","modified_gmt":"2026-05-07T07:48:18","slug":"ibf-95-g1-mst-bm_112500061","status":"publish","type":"product","link":"https:\/\/www.teka.com\/pt-pt\/produto\/ibf-95-g1-mst-bm_112500061\/","title":{"rendered":"IBF 95-G1 MST BM"},"content":{"rendered":"<ul>\n<li>MasterSense<\/li>\n<li>Flex com sistema Slide Cooking<\/li>\n<li>Modelo sem aro exterior. 90 cm largura<\/li>\n<li>Touch Control MultiSlider c\/ bloqueio<\/li>\n<li>7 combina\u00e7\u00f5es de cozinhado: 1 flex (228x400mm) + 1 slide flex + 2 (228x200mm) +1 (\u00d8 320-180 mm) + 1 (\u00d8215mm) + 1 (\u00d8150mm)<\/li>\n<li>8 fun\u00e7\u00f5es diretas de cozinhado<\/li>\n<li>Fun\u00e7\u00e3o Power Plus<\/li>\n<li>Stop &amp; Go<\/li>\n<li>Pot\u00eancia 10.800 W<\/li>\n<\/ul>\n","protected":false},"featured_media":0,"parent":0,"template":"","product_cat":[3061],"product_cleaning_system":[],"product_edition":[],"product_3rd_basket":[],"product_drawers":[],"product_type_of_installation":[],"product_serie":[],"product_features":[422193,422194,422195,422196,422197,422215,422223,422224,422225,422226,422227],"finishes":[],"product_bundles":[],"product_energy_efficiency":[],"product_video_training":[],"class_list":["post-125189","product","type-product","status-publish","hentry","product_cat-placas","usp-infinityg1-01","usp-infinityg1-02","usp-infinityg1-03","usp-infinityg1-14","usp-infinityg1-15","usp-cookinglovers-13","color-black-matt","product_type_of_appliance-inducao","product_icons-flex","product_icons-autolock","product_icons-easy-installation","product_icons-multislider","product_icons-power","product_icons-power-plus","product_icons-super-zone","product_features-quick-boiling","product_features-keep-warm","product_features-flex","product_features-simmering","product_features-melting","product_features-slidecooking","product_features-grilling","product_features-pan-frying","product_features-deep-fry","product_features-confit","product_features-poach"],"acf":[],"yoast_head":"<!-- This site is optimized with the Yoast SEO plugin v27.5 - https:\/\/yoast.com\/product\/yoast-seo-wordpress\/ -->\n<title>Cozinha placas IBF 95-G1 MST BM | Teka<\/title>\n<meta name=\"robots\" content=\"index, follow, max-snippet:-1, max-image-preview:large, max-video-preview:-1\" \/>\n<link rel=\"canonical\" href=\"https:\/\/www.teka.com\/pt-pt\/produto\/ibf-95-g1-mst-bm_112500061\/\" \/>\n<meta property=\"og:locale\" content=\"pt_PT\" \/>\n<meta property=\"og:type\" content=\"article\" \/>\n<meta property=\"og:title\" content=\"Cozinha placas IBF 95-G1 MST BM | Teka\" \/>\n<meta property=\"og:description\" content=\"MasterSense Flex com sistema Slide Cooking Modelo sem aro exterior. 90 cm largura Touch Control MultiSlider c\/ bloqueio 7 combina\u00e7\u00f5es de cozinhado: 1 flex (228x400mm) + 1 slide flex + 2 (228x200mm) +1 (\u00d8 320-180 mm) + 1 (\u00d8215mm) + 1 (\u00d8150mm) 8 fun\u00e7\u00f5es diretas de cozinhado Fun\u00e7\u00e3o Power Plus Stop &amp; Go Pot\u00eancia 10.800 [&hellip;]\" \/>\n<meta property=\"og:url\" content=\"https:\/\/www.teka.com\/pt-pt\/produto\/ibf-95-g1-mst-bm_112500061\/\" \/>\n<meta property=\"og:site_name\" content=\"Teka Portugal\" \/>\n<meta name=\"twitter:card\" content=\"summary_large_image\" \/>\n<script type=\"application\/ld+json\" class=\"yoast-schema-graph\">{\"@context\":\"https:\\\/\\\/schema.org\",\"@graph\":[{\"@type\":\"WebPage\",\"@id\":\"https:\\\/\\\/www.teka.com\\\/pt-pt\\\/produto\\\/ibf-95-g1-mst-bm_112500061\\\/\",\"url\":\"https:\\\/\\\/www.teka.com\\\/pt-pt\\\/produto\\\/ibf-95-g1-mst-bm_112500061\\\/\",\"name\":\"Cozinha placas IBF 95-G1 MST BM | Teka\",\"isPartOf\":{\"@id\":\"https:\\\/\\\/www.teka.com\\\/pt-pt\\\/#website\"},\"datePublished\":\"2026-05-08T14:17:55+00:00\",\"breadcrumb\":{\"@id\":\"https:\\\/\\\/www.teka.com\\\/pt-pt\\\/produto\\\/ibf-95-g1-mst-bm_112500061\\\/#breadcrumb\"},\"inLanguage\":\"pt-PT\",\"potentialAction\":[{\"@type\":\"ReadAction\",\"target\":[\"https:\\\/\\\/www.teka.com\\\/pt-pt\\\/produto\\\/ibf-95-g1-mst-bm_112500061\\\/\"]}]},{\"@type\":\"BreadcrumbList\",\"@id\":\"https:\\\/\\\/www.teka.com\\\/pt-pt\\\/produto\\\/ibf-95-g1-mst-bm_112500061\\\/#breadcrumb\",\"itemListElement\":[{\"@type\":\"ListItem\",\"position\":1,\"name\":\"Home\",\"item\":\"https:\\\/\\\/www.teka.com\\\/pt-pt\\\/\"},{\"@type\":\"ListItem\",\"position\":2,\"name\":\"IBF 95-G1 MST BM\"}]},{\"@type\":\"WebSite\",\"@id\":\"https:\\\/\\\/www.teka.com\\\/pt-pt\\\/#website\",\"url\":\"https:\\\/\\\/www.teka.com\\\/pt-pt\\\/\",\"name\":\"Teka Portugal\",\"description\":\"\",\"potentialAction\":[{\"@type\":\"SearchAction\",\"target\":{\"@type\":\"EntryPoint\",\"urlTemplate\":\"https:\\\/\\\/www.teka.com\\\/pt-pt\\\/?s={search_term_string}\"},\"query-input\":{\"@type\":\"PropertyValueSpecification\",\"valueRequired\":true,\"valueName\":\"search_term_string\"}}],\"inLanguage\":\"pt-PT\"}]}<\/script>\n<!-- \/ Yoast SEO plugin. -->","yoast_head_json":{"title":"Cozinha placas IBF 95-G1 MST BM | Teka","robots":{"index":"index","follow":"follow","max-snippet":"max-snippet:-1","max-image-preview":"max-image-preview:large","max-video-preview":"max-video-preview:-1"},"canonical":"https:\/\/www.teka.com\/pt-pt\/produto\/ibf-95-g1-mst-bm_112500061\/","og_locale":"pt_PT","og_type":"article","og_title":"Cozinha placas IBF 95-G1 MST BM | Teka","og_description":"MasterSense Flex com sistema Slide Cooking Modelo sem aro exterior. 90 cm largura Touch Control MultiSlider c\/ bloqueio 7 combina\u00e7\u00f5es de cozinhado: 1 flex (228x400mm) + 1 slide flex + 2 (228x200mm) +1 (\u00d8 320-180 mm) + 1 (\u00d8215mm) + 1 (\u00d8150mm) 8 fun\u00e7\u00f5es diretas de cozinhado Fun\u00e7\u00e3o Power Plus Stop &amp; Go Pot\u00eancia 10.800 [&hellip;]","og_url":"https:\/\/www.teka.com\/pt-pt\/produto\/ibf-95-g1-mst-bm_112500061\/","og_site_name":"Teka Portugal","twitter_card":"summary_large_image","schema":{"@context":"https:\/\/schema.org","@graph":[{"@type":"WebPage","@id":"https:\/\/www.teka.com\/pt-pt\/produto\/ibf-95-g1-mst-bm_112500061\/","url":"https:\/\/www.teka.com\/pt-pt\/produto\/ibf-95-g1-mst-bm_112500061\/","name":"Cozinha placas IBF 95-G1 MST BM | Teka","isPartOf":{"@id":"https:\/\/www.teka.com\/pt-pt\/#website"},"datePublished":"2026-05-08T14:17:55+00:00","breadcrumb":{"@id":"https:\/\/www.teka.com\/pt-pt\/produto\/ibf-95-g1-mst-bm_112500061\/#breadcrumb"},"inLanguage":"pt-PT","potentialAction":[{"@type":"ReadAction","target":["https:\/\/www.teka.com\/pt-pt\/produto\/ibf-95-g1-mst-bm_112500061\/"]}]},{"@type":"BreadcrumbList","@id":"https:\/\/www.teka.com\/pt-pt\/produto\/ibf-95-g1-mst-bm_112500061\/#breadcrumb","itemListElement":[{"@type":"ListItem","position":1,"name":"Home","item":"https:\/\/www.teka.com\/pt-pt\/"},{"@type":"ListItem","position":2,"name":"IBF 95-G1 MST BM"}]},{"@type":"WebSite","@id":"https:\/\/www.teka.com\/pt-pt\/#website","url":"https:\/\/www.teka.com\/pt-pt\/","name":"Teka Portugal","description":"","potentialAction":[{"@type":"SearchAction","target":{"@type":"EntryPoint","urlTemplate":"https:\/\/www.teka.com\/pt-pt\/?s={search_term_string}"},"query-input":{"@type":"PropertyValueSpecification","valueRequired":true,"valueName":"search_term_string"}}],"inLanguage":"pt-PT"}]}},"_links":{"self":[{"href":"https:\/\/www.teka.com\/pt-pt\/wp-json\/wp\/v2\/product\/125189","targetHints":{"allow":["GET"]}}],"collection":[{"href":"https:\/\/www.teka.com\/pt-pt\/wp-json\/wp\/v2\/product"}],"about":[{"href":"https:\/\/www.teka.com\/pt-pt\/wp-json\/wp\/v2\/types\/product"}],"wp:attachment":[{"href":"https:\/\/www.teka.com\/pt-pt\/wp-json\/wp\/v2\/media?parent=125189"}],"wp:term":[{"taxonomy":"product_cat","embeddable":true,"href":"https:\/\/www.teka.com\/pt-pt\/wp-json\/wp\/v2\/product_cat?post=125189"},{"taxonomy":"product_cleaning_system","embeddable":true,"href":"https:\/\/www.teka.com\/pt-pt\/wp-json\/wp\/v2\/product_cleaning_system?post=125189"},{"taxonomy":"product_edition","embeddable":true,"href":"https:\/\/www.teka.com\/pt-pt\/wp-json\/wp\/v2\/product_edition?post=125189"},{"taxonomy":"product_3rd_basket","embeddable":true,"href":"https:\/\/www.teka.com\/pt-pt\/wp-json\/wp\/v2\/product_3rd_basket?post=125189"},{"taxonomy":"product_drawers","embeddable":true,"href":"https:\/\/www.teka.com\/pt-pt\/wp-json\/wp\/v2\/product_drawers?post=125189"},{"taxonomy":"product_type_of_installation","embeddable":true,"href":"https:\/\/www.teka.com\/pt-pt\/wp-json\/wp\/v2\/product_type_of_installation?post=125189"},{"taxonomy":"product_serie","embeddable":true,"href":"https:\/\/www.teka.com\/pt-pt\/wp-json\/wp\/v2\/product_serie?post=125189"},{"taxonomy":"product_features","embeddable":true,"href":"https:\/\/www.teka.com\/pt-pt\/wp-json\/wp\/v2\/product_features?post=125189"},{"taxonomy":"finishes","embeddable":true,"href":"https:\/\/www.teka.com\/pt-pt\/wp-json\/wp\/v2\/finishes?post=125189"},{"taxonomy":"product_bundles","embeddable":true,"href":"https:\/\/www.teka.com\/pt-pt\/wp-json\/wp\/v2\/product_bundles?post=125189"},{"taxonomy":"product_energy_efficiency","embeddable":true,"href":"https:\/\/www.teka.com\/pt-pt\/wp-json\/wp\/v2\/product_energy_efficiency?post=125189"},{"taxonomy":"product_video_training","embeddable":true,"href":"https:\/\/www.teka.com\/pt-pt\/wp-json\/wp\/v2\/product_video_training?post=125189"}],"curies":[{"name":"wp","href":"https:\/\/api.w.org\/{rel}","templated":true}]}}