{"id":125190,"date":"2026-04-26T18:46:54","date_gmt":"2026-04-26T18:46:54","guid":{"rendered":"https:\/\/teka.com\/en-int\/dvi-98-g1-eos-bm_112930071"},"modified":"2026-03-14T08:42:14","modified_gmt":"2026-03-14T09:42:14","slug":"dvi-98-g1-eos-bm_112930071","status":"publish","type":"product","link":"https:\/\/www.teka.com\/pt-pt\/produto\/dvi-98-g1-eos-bm_112930071\/","title":{"rendered":"DVI 98-G1 EOS BM"},"content":{"rendered":"<ul>\n<li>Decorativa vertical. 90 cm largura<\/li>\n<li>Aspira\u00e7\u00e3o Dual<\/li>\n<li>Comandos eletr\u00f3nicos retroiluminados<\/li>\n<li>3 velocidades + 1 intensiva<\/li>\n<li>Funcionamento temporizado<\/li>\n<li>2 l\u00e2mpadas LED<\/li>\n<li>Abertura pneum\u00e1tica<\/li>\n<li>Motor ECOPOWER<\/li>\n<li>Extra\u00e7\u00e3o min. 232 m3\/h &#8211; int. 726 m3\/h<\/li>\n<li>Fun\u00e7\u00e3o Fresh Air<\/li>\n<li>Bandeja interna de recolha de condensados<\/li>\n<li>N\u00edvel de pot\u00eancia sonora: min. 47 dBA &#8211; m\u00e1x. 60 dBA<\/li>\n<li>Indicador luminoso de satura\u00e7\u00e3o de filtros<\/li>\n<li>Possibilidade de funcionamento em recircula\u00e7\u00e3o<\/li>\n<li>Possibilidade de instala\u00e7\u00e3o sem cobretubos<\/li>\n<\/ul>\n","protected":false},"featured_media":0,"parent":0,"template":"","product_cat":[3064],"product_cleaning_system":[],"product_edition":[],"product_3rd_basket":[],"product_drawers":[],"product_type_of_installation":[],"product_serie":[],"product_features":[],"finishes":[],"product_bundles":[],"product_energy_efficiency":[422897],"product_video_training":[],"class_list":["post-125190","product","type-product","status-publish","hentry","product_cat-exaustores","usp-infinityg1-01","usp-infinityg1-02","usp-infinityg1-03","usp-infinityg1-11","usp-infinityg1-12","usp-infinityg1-13","usp-cookinglovers-01","color-black-matt","product_type_of_appliance-decorativas","product_ambient-infinityg1","product_icons-freshair","product_icons-led","product_icons-perimeter-extraction","product_icons-stop-delay-timer","product_energy_efficiency-a-plus-icon"],"acf":[],"yoast_head":"<!-- This site is optimized with the Yoast SEO plugin v27.5 - https:\/\/yoast.com\/product\/yoast-seo-wordpress\/ -->\n<title>Cozinha Exaustores, DVI 98-G1 EOS BM | Teka<\/title>\n<meta name=\"robots\" content=\"index, follow, max-snippet:-1, max-image-preview:large, max-video-preview:-1\" \/>\n<link rel=\"canonical\" href=\"https:\/\/www.teka.com\/pt-pt\/produto\/dvi-98-g1-eos-bm_112930071\/\" \/>\n<meta property=\"og:locale\" content=\"pt_PT\" \/>\n<meta property=\"og:type\" content=\"article\" \/>\n<meta property=\"og:title\" content=\"Cozinha Exaustores, DVI 98-G1 EOS BM | Teka\" \/>\n<meta property=\"og:description\" content=\"Decorativa vertical. 90 cm largura Aspira\u00e7\u00e3o Dual Comandos eletr\u00f3nicos retroiluminados 3 velocidades + 1 intensiva Funcionamento temporizado 2 l\u00e2mpadas LED Abertura pneum\u00e1tica Motor ECOPOWER Extra\u00e7\u00e3o min. 232 m3\/h &#8211; int. 726 m3\/h Fun\u00e7\u00e3o Fresh Air Bandeja interna de recolha de condensados N\u00edvel de pot\u00eancia sonora: min. 47 dBA &#8211; m\u00e1x. 60 dBA Indicador luminoso de [&hellip;]\" \/>\n<meta property=\"og:url\" content=\"https:\/\/www.teka.com\/pt-pt\/produto\/dvi-98-g1-eos-bm_112930071\/\" \/>\n<meta property=\"og:site_name\" content=\"Teka Portugal\" \/>\n<meta name=\"twitter:card\" content=\"summary_large_image\" \/>\n<script type=\"application\/ld+json\" class=\"yoast-schema-graph\">{\"@context\":\"https:\\\/\\\/schema.org\",\"@graph\":[{\"@type\":\"WebPage\",\"@id\":\"https:\\\/\\\/www.teka.com\\\/pt-pt\\\/produto\\\/dvi-98-g1-eos-bm_112930071\\\/\",\"url\":\"https:\\\/\\\/www.teka.com\\\/pt-pt\\\/produto\\\/dvi-98-g1-eos-bm_112930071\\\/\",\"name\":\"Cozinha Exaustores, DVI 98-G1 EOS BM | Teka\",\"isPartOf\":{\"@id\":\"https:\\\/\\\/www.teka.com\\\/pt-pt\\\/#website\"},\"datePublished\":\"2026-04-26T18:46:54+00:00\",\"breadcrumb\":{\"@id\":\"https:\\\/\\\/www.teka.com\\\/pt-pt\\\/produto\\\/dvi-98-g1-eos-bm_112930071\\\/#breadcrumb\"},\"inLanguage\":\"pt-PT\",\"potentialAction\":[{\"@type\":\"ReadAction\",\"target\":[\"https:\\\/\\\/www.teka.com\\\/pt-pt\\\/produto\\\/dvi-98-g1-eos-bm_112930071\\\/\"]}]},{\"@type\":\"BreadcrumbList\",\"@id\":\"https:\\\/\\\/www.teka.com\\\/pt-pt\\\/produto\\\/dvi-98-g1-eos-bm_112930071\\\/#breadcrumb\",\"itemListElement\":[{\"@type\":\"ListItem\",\"position\":1,\"name\":\"Home\",\"item\":\"https:\\\/\\\/www.teka.com\\\/pt-pt\\\/\"},{\"@type\":\"ListItem\",\"position\":2,\"name\":\"DVI 98-G1 EOS BM\"}]},{\"@type\":\"WebSite\",\"@id\":\"https:\\\/\\\/www.teka.com\\\/pt-pt\\\/#website\",\"url\":\"https:\\\/\\\/www.teka.com\\\/pt-pt\\\/\",\"name\":\"Teka Portugal\",\"description\":\"\",\"potentialAction\":[{\"@type\":\"SearchAction\",\"target\":{\"@type\":\"EntryPoint\",\"urlTemplate\":\"https:\\\/\\\/www.teka.com\\\/pt-pt\\\/?s={search_term_string}\"},\"query-input\":{\"@type\":\"PropertyValueSpecification\",\"valueRequired\":true,\"valueName\":\"search_term_string\"}}],\"inLanguage\":\"pt-PT\"}]}<\/script>\n<!-- \/ Yoast SEO plugin. -->","yoast_head_json":{"title":"Cozinha Exaustores, DVI 98-G1 EOS BM | Teka","robots":{"index":"index","follow":"follow","max-snippet":"max-snippet:-1","max-image-preview":"max-image-preview:large","max-video-preview":"max-video-preview:-1"},"canonical":"https:\/\/www.teka.com\/pt-pt\/produto\/dvi-98-g1-eos-bm_112930071\/","og_locale":"pt_PT","og_type":"article","og_title":"Cozinha Exaustores, DVI 98-G1 EOS BM | Teka","og_description":"Decorativa vertical. 90 cm largura Aspira\u00e7\u00e3o Dual Comandos eletr\u00f3nicos retroiluminados 3 velocidades + 1 intensiva Funcionamento temporizado 2 l\u00e2mpadas LED Abertura pneum\u00e1tica Motor ECOPOWER Extra\u00e7\u00e3o min. 232 m3\/h &#8211; int. 726 m3\/h Fun\u00e7\u00e3o Fresh Air Bandeja interna de recolha de condensados N\u00edvel de pot\u00eancia sonora: min. 47 dBA &#8211; m\u00e1x. 60 dBA Indicador luminoso de [&hellip;]","og_url":"https:\/\/www.teka.com\/pt-pt\/produto\/dvi-98-g1-eos-bm_112930071\/","og_site_name":"Teka Portugal","twitter_card":"summary_large_image","schema":{"@context":"https:\/\/schema.org","@graph":[{"@type":"WebPage","@id":"https:\/\/www.teka.com\/pt-pt\/produto\/dvi-98-g1-eos-bm_112930071\/","url":"https:\/\/www.teka.com\/pt-pt\/produto\/dvi-98-g1-eos-bm_112930071\/","name":"Cozinha Exaustores, DVI 98-G1 EOS BM | Teka","isPartOf":{"@id":"https:\/\/www.teka.com\/pt-pt\/#website"},"datePublished":"2026-04-26T18:46:54+00:00","breadcrumb":{"@id":"https:\/\/www.teka.com\/pt-pt\/produto\/dvi-98-g1-eos-bm_112930071\/#breadcrumb"},"inLanguage":"pt-PT","potentialAction":[{"@type":"ReadAction","target":["https:\/\/www.teka.com\/pt-pt\/produto\/dvi-98-g1-eos-bm_112930071\/"]}]},{"@type":"BreadcrumbList","@id":"https:\/\/www.teka.com\/pt-pt\/produto\/dvi-98-g1-eos-bm_112930071\/#breadcrumb","itemListElement":[{"@type":"ListItem","position":1,"name":"Home","item":"https:\/\/www.teka.com\/pt-pt\/"},{"@type":"ListItem","position":2,"name":"DVI 98-G1 EOS BM"}]},{"@type":"WebSite","@id":"https:\/\/www.teka.com\/pt-pt\/#website","url":"https:\/\/www.teka.com\/pt-pt\/","name":"Teka Portugal","description":"","potentialAction":[{"@type":"SearchAction","target":{"@type":"EntryPoint","urlTemplate":"https:\/\/www.teka.com\/pt-pt\/?s={search_term_string}"},"query-input":{"@type":"PropertyValueSpecification","valueRequired":true,"valueName":"search_term_string"}}],"inLanguage":"pt-PT"}]}},"_links":{"self":[{"href":"https:\/\/www.teka.com\/pt-pt\/wp-json\/wp\/v2\/product\/125190","targetHints":{"allow":["GET"]}}],"collection":[{"href":"https:\/\/www.teka.com\/pt-pt\/wp-json\/wp\/v2\/product"}],"about":[{"href":"https:\/\/www.teka.com\/pt-pt\/wp-json\/wp\/v2\/types\/product"}],"wp:attachment":[{"href":"https:\/\/www.teka.com\/pt-pt\/wp-json\/wp\/v2\/media?parent=125190"}],"wp:term":[{"taxonomy":"product_cat","embeddable":true,"href":"https:\/\/www.teka.com\/pt-pt\/wp-json\/wp\/v2\/product_cat?post=125190"},{"taxonomy":"product_cleaning_system","embeddable":true,"href":"https:\/\/www.teka.com\/pt-pt\/wp-json\/wp\/v2\/product_cleaning_system?post=125190"},{"taxonomy":"product_edition","embeddable":true,"href":"https:\/\/www.teka.com\/pt-pt\/wp-json\/wp\/v2\/product_edition?post=125190"},{"taxonomy":"product_3rd_basket","embeddable":true,"href":"https:\/\/www.teka.com\/pt-pt\/wp-json\/wp\/v2\/product_3rd_basket?post=125190"},{"taxonomy":"product_drawers","embeddable":true,"href":"https:\/\/www.teka.com\/pt-pt\/wp-json\/wp\/v2\/product_drawers?post=125190"},{"taxonomy":"product_type_of_installation","embeddable":true,"href":"https:\/\/www.teka.com\/pt-pt\/wp-json\/wp\/v2\/product_type_of_installation?post=125190"},{"taxonomy":"product_serie","embeddable":true,"href":"https:\/\/www.teka.com\/pt-pt\/wp-json\/wp\/v2\/product_serie?post=125190"},{"taxonomy":"product_features","embeddable":true,"href":"https:\/\/www.teka.com\/pt-pt\/wp-json\/wp\/v2\/product_features?post=125190"},{"taxonomy":"finishes","embeddable":true,"href":"https:\/\/www.teka.com\/pt-pt\/wp-json\/wp\/v2\/finishes?post=125190"},{"taxonomy":"product_bundles","embeddable":true,"href":"https:\/\/www.teka.com\/pt-pt\/wp-json\/wp\/v2\/product_bundles?post=125190"},{"taxonomy":"product_energy_efficiency","embeddable":true,"href":"https:\/\/www.teka.com\/pt-pt\/wp-json\/wp\/v2\/product_energy_efficiency?post=125190"},{"taxonomy":"product_video_training","embeddable":true,"href":"https:\/\/www.teka.com\/pt-pt\/wp-json\/wp\/v2\/product_video_training?post=125190"}],"curies":[{"name":"wp","href":"https:\/\/api.w.org\/{rel}","templated":true}]}}